{"id":6488,"date":"2024-07-04T13:45:11","date_gmt":"2024-07-04T05:45:11","guid":{"rendered":"https:\/\/zojopackaging.com\/?page_id=6488"},"modified":"2024-07-06T15:18:14","modified_gmt":"2024-07-06T07:18:14","slug":"privacy-policy","status":"publish","type":"page","link":"https:\/\/zojopackaging.com\/de\/privacy-policy\/","title":{"rendered":"Datenschutzbestimmungen"},"content":{"rendered":"<h1 class=\"wp-block-heading\" style=\"text-align: left;\">Datenschutzbestimmungen<\/h1>\n\n\n\n<p>Ihre Privatsph\u00e4re ist uns wichtig. Zojoprint respektiert Ihre Privatsph\u00e4re und h\u00e4lt sich an alle geltenden Gesetze und Vorschriften in Bezug auf pers\u00f6nliche Daten, die wir \u00fcber Sie sammeln, auch \u00fcber unsere Website,&nbsp;<em><a href=\"https:\/\/zojopackaging.com\/de\/\">https:\/\/zojopackaging.com<\/a><\/em> und andere Websites, die wir besitzen und betreiben.<\/p>\n\n\n\n<p>Diese Politik wird am 23. Februar 2023 aktualisiert.<\/p>\n\n\n\n<h2 class=\"wp-block-heading\">Gesammelte Informationen<\/h2>\n\n\n\n<p>Zu den von uns erfassten Informationen geh\u00f6ren sowohl Informationen, die Sie uns bewusst und aktiv zur Verf\u00fcgung stellen, wenn Sie unsere Dienste und Werbeaktionen nutzen oder daran teilnehmen, als auch Informationen, die von Ihren Ger\u00e4ten im Zuge des Zugriffs auf unsere Produkte und Dienste automatisch gesendet werden.<\/p>\n\n\n\n<h2 class=\"wp-block-heading\">Protokolldaten<\/h2>\n\n\n\n<p>Wenn Sie unsere Website besuchen, k\u00f6nnen unsere Server automatisch die von Ihrem Webbrowser bereitgestellten Standarddaten aufzeichnen. Dazu geh\u00f6ren die IP-Adresse Ihres Ger\u00e4ts, der Typ und die Version Ihres Browsers, die von Ihnen besuchten Seiten, die Uhrzeit und das Datum Ihres Besuchs, die auf jeder Seite verbrachte Zeit, andere Details \u00fcber Ihren Besuch sowie technische Details, die in Verbindung mit etwaigen Fehlern auftreten.<\/p>\n\n\n\n<p>Bitte beachten Sie, dass diese Informationen zwar f\u00fcr sich genommen nicht pers\u00f6nlich identifizierbar sind, dass es aber m\u00f6glich sein kann, sie mit anderen Daten zu kombinieren, um einzelne Personen zu identifizieren.<\/p>\n\n\n\n<h2 class=\"wp-block-heading\">Pers\u00f6nliche Informationen<\/h2>\n\n\n\n<p>Wir k\u00f6nnen nach pers\u00f6nlichen Informationen fragen, die eine oder mehrere der folgenden Angaben enthalten k\u00f6nnen:<\/p>\n\n\n\n<ul class=\"wp-block-list\">\n<li>Name<\/li>\n\n\n\n<li>E-Mail<\/li>\n\n\n\n<li>Name des Unternehmens<\/li>\n\n\n\n<li>Rufnummer<\/li>\n<\/ul>\n\n\n\n<h2 class=\"wp-block-heading\">Legitime Gr\u00fcnde f\u00fcr die Verarbeitung Ihrer pers\u00f6nlichen Daten<\/h2>\n\n\n\n<p>Wir erheben und verwenden Ihre personenbezogenen Daten nur, wenn wir einen legitimen Grund daf\u00fcr haben, dies zu tun. In diesem Fall erheben wir nur personenbezogene Daten, die vern\u00fcnftigerweise notwendig sind, um Ihnen unsere Dienstleistungen anzubieten.<\/p>\n\n\n\n<h2 class=\"wp-block-heading\">Sammlung und Verwendung von Informationen<\/h2>\n\n\n\n<p>Wir k\u00f6nnen personenbezogene Daten von Ihnen erheben, wenn Sie eine der folgenden Aktionen auf unserer Website durchf\u00fchren:<\/p>\n\n\n\n<ul class=\"wp-block-list\">\n<li>Verwenden Sie ein mobiles Ger\u00e4t oder einen Webbrowser, um auf unsere Inhalte zuzugreifen<\/li>\n\n\n\n<li>Kontaktieren Sie uns per E-Mail, \u00fcber soziale Medien oder \u00fcber \u00e4hnliche Technologien<\/li>\n\n\n\n<li>Wenn Sie uns in den sozialen Medien erw\u00e4hnen<\/li>\n<\/ul>\n\n\n\n<p>Wir sind berechtigt, Daten f\u00fcr die folgenden Zwecke zu erheben, zu speichern, zu verwenden und offenzulegen, wobei personenbezogene Daten nicht in einer Weise weiterverarbeitet werden, die mit diesen Zwecken unvereinbar ist:<\/p>\n\n\n\n<p>Wir sind berechtigt, Daten f\u00fcr die folgenden Zwecke zu erheben, zu speichern, zu verwenden und offenzulegen, wobei personenbezogene Daten nicht in einer Weise weiterverarbeitet werden, die mit diesen Zwecken unvereinbar ist:<\/p>\n\n\n\n<ul class=\"wp-block-list\">\n<li>damit Sie unsere Website individuell und pers\u00f6nlich gestalten k\u00f6nnen<\/li>\n\n\n\n<li>f\u00fcr Analysen, Marktforschung und Gesch\u00e4ftsentwicklung, einschlie\u00dflich des Betriebs und der Verbesserung unserer Website, der zugeh\u00f6rigen Anwendungen und der zugeh\u00f6rigen Social-Media-Plattformen<\/li>\n<\/ul>\n\n\n\n<p>Bitte beachten Sie, dass wir Informationen, die wir \u00fcber Sie sammeln, mit allgemeinen Informationen oder Forschungsdaten kombinieren k\u00f6nnen, die wir von anderen vertrauensw\u00fcrdigen Quellen erhalten.<\/p>\n\n\n\n<h2 class=\"wp-block-heading\">Sicherheit Ihrer pers\u00f6nlichen Daten<\/h2>\n\n\n\n<p>Wenn wir personenbezogene Daten erfassen und verarbeiten und solange wir diese Daten aufbewahren, sch\u00fctzen wir sie mit wirtschaftlich vertretbaren Mitteln, um Verlust und Diebstahl sowie unbefugten Zugriff, Offenlegung, Kopieren, Verwendung oder \u00c4nderung zu verhindern.<\/p>\n\n\n\n<p>Obwohl wir unser Bestes tun, um die pers\u00f6nlichen Daten, die Sie uns zur Verf\u00fcgung stellen, zu sch\u00fctzen, weisen wir darauf hin, dass keine Methode der elektronischen \u00dcbertragung oder Speicherung 100% sicher ist, und niemand kann absolute Datensicherheit garantieren. Wir werden die auf uns anwendbaren Gesetze in Bezug auf jede Datenverletzung einhalten.<\/p>\n\n\n\n<p>Sie sind verantwortlich f\u00fcr die Wahl des Passworts und dessen allgemeine Sicherheitsst\u00e4rke, um die Sicherheit Ihrer eigenen Daten im Rahmen unserer Dienste zu gew\u00e4hrleisten.<\/p>\n\n\n\n<h4 class=\"wp-block-heading\">Wie lange wir Ihre pers\u00f6nlichen Informationen aufbewahren<\/h4>\n\n\n\n<p>Wir bewahren Ihre pers\u00f6nlichen Daten nur so lange auf, wie wir sie ben\u00f6tigen. Dieser Zeitraum h\u00e4ngt davon ab, wof\u00fcr wir Ihre Daten in \u00dcbereinstimmung mit dieser Datenschutzrichtlinie verwenden. Wenn Ihre pers\u00f6nlichen Daten nicht mehr ben\u00f6tigt werden, l\u00f6schen wir sie oder anonymisieren sie, indem wir alle Details entfernen, die Sie identifizieren.<\/p>\n\n\n\n<p>Falls erforderlich, k\u00f6nnen wir Ihre personenbezogenen Daten jedoch aufbewahren, um einer gesetzlichen, buchhalterischen oder berichtspflichtigen Verpflichtung nachzukommen, oder f\u00fcr Archivierungszwecke im \u00f6ffentlichen Interesse, wissenschaftliche oder historische Forschungszwecke oder statistische Zwecke.<\/p>\n\n\n\n<h3 class=\"wp-block-heading\">Datenschutz f\u00fcr Kinder<\/h3>\n\n\n\n<p>Unsere Produkte und Dienstleistungen richten sich nicht direkt an Kinder unter 13 Jahren, und wir erfassen nicht wissentlich pers\u00f6nliche Daten von Kindern unter 13 Jahren.<\/p>\n\n\n\n<h2 class=\"wp-block-heading\">Internationale \u00dcbermittlung von pers\u00f6nlichen Daten<\/h2>\n\n\n\n<p>Die von uns erfassten personenbezogenen Daten werden dort gespeichert und\/oder verarbeitet, wo wir oder unsere Partner, verbundenen Unternehmen und Drittanbieter Einrichtungen unterhalten. Bitte beachten Sie, dass die Orte, an denen wir Ihre personenbezogenen Daten speichern, verarbeiten oder \u00fcbertragen, m\u00f6glicherweise nicht denselben Datenschutzgesetzen unterliegen wie das Land, in dem Sie die Daten urspr\u00fcnglich bereitgestellt haben. Wenn wir Ihre personenbezogenen Daten an Dritte in anderen L\u00e4ndern weitergeben, (i) f\u00fchren wir diese \u00dcbertragungen in \u00dcbereinstimmung mit den Anforderungen des geltenden Rechts durch und (ii) sch\u00fctzen wir die \u00fcbertragenen personenbezogenen Daten in \u00dcbereinstimmung mit dieser Datenschutzrichtlinie.<\/p>\n\n\n\n<h2 class=\"wp-block-heading\">Ihre Rechte und die Kontrolle Ihrer pers\u00f6nlichen Daten<\/h2>\n\n\n\n<p>Sie haben jederzeit das Recht, uns personenbezogene Daten vorzuenthalten, wobei wir davon ausgehen, dass Ihre Nutzung unserer Website dadurch beeintr\u00e4chtigt werden kann. Wir werden Sie nicht diskriminieren, wenn Sie eines Ihrer Rechte in Bezug auf Ihre personenbezogenen Daten wahrnehmen. Wenn Sie uns personenbezogene Daten zur Verf\u00fcgung stellen, erkl\u00e4ren Sie sich damit einverstanden, dass wir diese in \u00dcbereinstimmung mit dieser Datenschutzrichtlinie sammeln, aufbewahren, verwenden und weitergeben. Sie haben das Recht, Einzelheiten zu allen personenbezogenen Daten, die wir \u00fcber Sie gespeichert haben, anzufordern.<\/p>\n\n\n\n<p>Wenn wir personenbezogene Daten \u00fcber Sie von einer dritten Partei erhalten, werden wir diese gem\u00e4\u00df dieser Datenschutzrichtlinie sch\u00fctzen. Wenn Sie ein Dritter sind, der uns personenbezogene Daten \u00fcber eine andere Person zur Verf\u00fcgung stellt, sichern Sie zu, dass Sie das Einverst\u00e4ndnis dieser Person haben, die personenbezogenen Daten an uns weiterzugeben.<\/p>\n\n\n\n<p>Wenn Sie zuvor zugestimmt haben, dass wir Ihre personenbezogenen Daten f\u00fcr Direktmarketingzwecke verwenden, k\u00f6nnen Sie Ihre Meinung jederzeit \u00e4ndern. Wir bieten Ihnen die M\u00f6glichkeit, sich aus unserer E-Mail-Datenbank auszutragen oder sich von Mitteilungen abzumelden. Bitte beachten Sie, dass wir m\u00f6glicherweise bestimmte Informationen von Ihnen anfordern m\u00fcssen, um Ihre Identit\u00e4t zu best\u00e4tigen.<\/p>\n\n\n\n<p>Wenn Sie der Meinung sind, dass Informationen, die wir \u00fcber Sie gespeichert haben, ungenau, veraltet, unvollst\u00e4ndig, irrelevant oder irref\u00fchrend sind, wenden Sie sich bitte an uns unter Verwendung der in dieser Datenschutzrichtlinie angegebenen Details. Wir werden angemessene Schritte unternehmen, um alle Informationen zu korrigieren, die sich als ungenau, unvollst\u00e4ndig, irref\u00fchrend oder veraltet erweisen.<\/p>\n\n\n\n<p>Wenn Sie der Meinung sind, dass wir gegen ein einschl\u00e4giges Datenschutzgesetz versto\u00dfen haben, und eine Beschwerde einreichen m\u00f6chten, wenden Sie sich bitte unter Verwendung der nachstehenden Angaben an uns und teilen Sie uns alle Einzelheiten zu dem angeblichen Versto\u00df mit. Wir werden Ihre Beschwerde umgehend untersuchen und Ihnen schriftlich antworten und Ihnen das Ergebnis unserer Untersuchung sowie die Schritte mitteilen, die wir unternehmen werden, um Ihre Beschwerde zu bearbeiten. Sie haben auch das Recht, sich im Zusammenhang mit Ihrer Beschwerde an eine Aufsichtsbeh\u00f6rde oder eine Datenschutzbeh\u00f6rde zu wenden.<\/p>\n\n\n\n<h2 class=\"wp-block-heading\">Verwendung von Cookies<\/h2>\n\n\n\n<p>Wir verwenden \"Cookies\", um Informationen \u00fcber Sie und Ihre Aktivit\u00e4ten auf unserer Website zu sammeln. Ein Cookie ist ein kleiner Datensatz, den unsere Website auf Ihrem Computer speichert und bei jedem Besuch abruft, damit wir verstehen k\u00f6nnen, wie Sie unsere Website nutzen. Auf diese Weise k\u00f6nnen wir Ihnen Inhalte anbieten, die auf den von Ihnen angegebenen Pr\u00e4ferenzen basieren.<\/p>\n\n\n\n<h2 class=\"wp-block-heading\">Die Grenzen unserer Politik<\/h2>\n\n\n\n<p>Unsere Website kann Links zu externen Websites enthalten, die nicht von uns betrieben werden. Bitte beachten Sie, dass wir keine Kontrolle \u00fcber den Inhalt und die Richtlinien dieser Seiten haben und keine Verantwortung oder Haftung f\u00fcr deren Datenschutzpraktiken \u00fcbernehmen k\u00f6nnen.<\/p>\n\n\n\n<h2 class=\"wp-block-heading\">\u00c4nderungen an dieser Politik<\/h2>\n\n\n\n<p>Es liegt in unserem Ermessen, unsere Datenschutzrichtlinie zu \u00e4ndern, um Aktualisierungen unserer Gesch\u00e4ftsprozesse, aktuelle akzeptable Praktiken oder gesetzliche oder beh\u00f6rdliche \u00c4nderungen zu ber\u00fccksichtigen. Wenn wir uns entscheiden, diese Datenschutzrichtlinie zu \u00e4ndern, werden wir die \u00c4nderungen hier unter demselben Link ver\u00f6ffentlichen, \u00fcber den Sie auf diese Datenschutzrichtlinie zugreifen.<\/p>\n\n\n\n<p>Falls gesetzlich vorgeschrieben, holen wir Ihr Einverst\u00e4ndnis ein oder geben Ihnen die M\u00f6glichkeit, sich f\u00fcr oder gegen eine neue Verwendung Ihrer personenbezogenen Daten zu entscheiden.<\/p>\n\n\n\n<h2 class=\"wp-block-heading\">Kontakt<\/h2>\n\n\n\n<p>Wenn Sie Fragen oder Bedenken in Bezug auf Ihre Privatsph\u00e4re haben, k\u00f6nnen Sie uns unter den folgenden Angaben kontaktieren:<\/p>\n\n\n\n<p><a href=\"mailto:info@zojoprint.com\">info@zojoprint.com<\/a><\/p>","protected":false},"excerpt":{"rendered":"<p>Privacy Policy Your privacy is important to us. It is Zojoprint\u2019s policy to respect your privacy and comply with any applicable law and regulation regarding any personal information we may collect about you, including across our website,&nbsp;https:\/\/zojopackaging.com and other sites we own and operate. This policy is updated at 23 February 2023. Information We Collect [&hellip;]<\/p>\n","protected":false},"author":1,"featured_media":0,"parent":0,"menu_order":0,"comment_status":"closed","ping_status":"closed","template":"","meta":{"footnotes":""},"class_list":["post-6488","page","type-page","status-publish","hentry"],"_links":{"self":[{"href":"https:\/\/zojopackaging.com\/de\/wp-json\/wp\/v2\/pages\/6488","targetHints":{"allow":["GET"]}}],"collection":[{"href":"https:\/\/zojopackaging.com\/de\/wp-json\/wp\/v2\/pages"}],"about":[{"href":"https:\/\/zojopackaging.com\/de\/wp-json\/wp\/v2\/types\/page"}],"author":[{"embeddable":true,"href":"https:\/\/zojopackaging.com\/de\/wp-json\/wp\/v2\/users\/1"}],"replies":[{"embeddable":true,"href":"https:\/\/zojopackaging.com\/de\/wp-json\/wp\/v2\/comments?post=6488"}],"version-history":[{"count":11,"href":"https:\/\/zojopackaging.com\/de\/wp-json\/wp\/v2\/pages\/6488\/revisions"}],"predecessor-version":[{"id":6632,"href":"https:\/\/zojopackaging.com\/de\/wp-json\/wp\/v2\/pages\/6488\/revisions\/6632"}],"wp:attachment":[{"href":"https:\/\/zojopackaging.com\/de\/wp-json\/wp\/v2\/media?parent=6488"}],"curies":[{"name":"wp","href":"https:\/\/api.w.org\/{rel}","templated":true}]}}