{"id":897,"date":"2023-11-24T00:01:11","date_gmt":"2023-11-23T16:01:11","guid":{"rendered":"https:\/\/zojopackaging.com\/?page_id=897"},"modified":"2024-05-15T23:37:30","modified_gmt":"2024-05-15T15:37:30","slug":"packaging-box-manufacturing-process","status":"publish","type":"page","link":"https:\/\/zojopackaging.com\/de\/packaging-box-manufacturing-process\/","title":{"rendered":"Herstellungsverfahren f\u00fcr Verpackungsboxen"},"content":{"rendered":"<div data-elementor-type=\"wp-page\" data-elementor-id=\"897\" class=\"elementor elementor-897\" data-elementor-post-type=\"page\">\n\t\t\t\t<div class=\"elementor-element elementor-element-0ffa265 e-flex e-con-boxed e-con e-parent\" data-id=\"0ffa265\" data-element_type=\"container\" data-e-type=\"container\" data-settings=\"{&quot;background_background&quot;:&quot;classic&quot;}\">\n\t\t\t\t\t<div class=\"e-con-inner\">\n\t\t\t\t<div class=\"elementor-element elementor-element-62abf0e elementor-widget elementor-widget-woocommerce-breadcrumb\" data-id=\"62abf0e\" data-element_type=\"widget\" data-e-type=\"widget\" data-widget_type=\"woocommerce-breadcrumb.default\">\n\t\t\t\t<div class=\"elementor-widget-container\">\n\t\t\t\t\t<nav class=\"woocommerce-breadcrumb\" aria-label=\"Breadcrumb\" data-no-translation=\"\" data-trp-gettext=\"\">Startseite<\/nav>\t\t\t\t<\/div>\n\t\t\t\t<\/div>\n\t\t\t\t\t<\/div>\n\t\t\t\t<\/div>\n\t\t<div class=\"elementor-element elementor-element-7ee81d9 e-con-full e-flex e-con e-parent\" data-id=\"7ee81d9\" data-element_type=\"container\" data-e-type=\"container\" data-settings=\"{&quot;background_background&quot;:&quot;classic&quot;}\">\n\t\t\t\t<div class=\"elementor-element elementor-element-a8be8f9 hd-title elementor-widget elementor-widget-heading\" data-id=\"a8be8f9\" data-element_type=\"widget\" data-e-type=\"widget\" data-widget_type=\"heading.default\">\n\t\t\t\t<div class=\"elementor-widget-container\">\n\t\t\t\t\t<h1 class=\"elementor-heading-title elementor-size-default\">Herstellungsverfahren f\u00fcr Verpackungsboxen<\/h1>\t\t\t\t<\/div>\n\t\t\t\t<\/div>\n\t\t\t\t<div class=\"elementor-element elementor-element-59072c8 elementor-widget-divider--view-line elementor-widget elementor-widget-divider\" data-id=\"59072c8\" data-element_type=\"widget\" data-e-type=\"widget\" data-widget_type=\"divider.default\">\n\t\t\t\t<div class=\"elementor-widget-container\">\n\t\t\t\t\t\t\t<div class=\"elementor-divider\">\n\t\t\t<span class=\"elementor-divider-separator\">\n\t\t\t\t\t\t<\/span>\n\t\t<\/div>\n\t\t\t\t\t\t<\/div>\n\t\t\t\t<\/div>\n\t\t\t\t<div class=\"elementor-element elementor-element-506007a elementor-widget__width-initial elementor-widget elementor-widget-video\" data-id=\"506007a\" data-element_type=\"widget\" data-e-type=\"widget\" data-settings=\"{&quot;youtube_url&quot;:&quot;https:\\\/\\\/www.youtube.com\\\/watch?v=6JlO25DoCUc&quot;,&quot;autoplay&quot;:&quot;yes&quot;,&quot;video_type&quot;:&quot;youtube&quot;,&quot;controls&quot;:&quot;yes&quot;}\" data-widget_type=\"video.default\">\n\t\t\t\t<div class=\"elementor-widget-container\">\n\t\t\t\t\t\t\t<div class=\"elementor-wrapper elementor-open-inline\">\n\t\t\t<div class=\"elementor-video\"><\/div>\t\t<\/div>\n\t\t\t\t\t\t<\/div>\n\t\t\t\t<\/div>\n\t\t\t\t<\/div>\n\t\t<div class=\"elementor-element elementor-element-566103f e-flex e-con-boxed e-con e-parent\" data-id=\"566103f\" data-element_type=\"container\" data-e-type=\"container\">\n\t\t\t\t\t<div class=\"e-con-inner\">\n\t\t\t\t<div class=\"elementor-element elementor-element-b666dc2 elementor-widget__width-auto elementor-widget elementor-widget-image\" data-id=\"b666dc2\" data-element_type=\"widget\" data-e-type=\"widget\" data-widget_type=\"image.default\">\n\t\t\t\t<div class=\"elementor-widget-container\">\n\t\t\t\t\t\t\t\t\t\t\t\t\t\t\t<img fetchpriority=\"high\" decoding=\"async\" width=\"1737\" height=\"2560\" src=\"https:\/\/zojopackaging.com\/wp-content\/uploads\/2024\/03\/\u751f\u4ea7\u6d41\u7a0b-scaled.jpg\" class=\"attachment-full size-full wp-image-4963\" alt=\"Produktionsprozess\" srcset=\"https:\/\/zojopackaging.com\/wp-content\/uploads\/2024\/03\/\u751f\u4ea7\u6d41\u7a0b-scaled.jpg 1737w, https:\/\/zojopackaging.com\/wp-content\/uploads\/2024\/03\/\u751f\u4ea7\u6d41\u7a0b-204x300.jpg 204w, https:\/\/zojopackaging.com\/wp-content\/uploads\/2024\/03\/\u751f\u4ea7\u6d41\u7a0b-699x1030.jpg 699w, https:\/\/zojopackaging.com\/wp-content\/uploads\/2024\/03\/\u751f\u4ea7\u6d41\u7a0b-768x1132.jpg 768w, https:\/\/zojopackaging.com\/wp-content\/uploads\/2024\/03\/\u751f\u4ea7\u6d41\u7a0b-1042x1536.jpg 1042w, https:\/\/zojopackaging.com\/wp-content\/uploads\/2024\/03\/\u751f\u4ea7\u6d41\u7a0b-1389x2048.jpg 1389w, https:\/\/zojopackaging.com\/wp-content\/uploads\/2024\/03\/\u751f\u4ea7\u6d41\u7a0b-600x884.jpg 600w\" sizes=\"(max-width: 1737px) 100vw, 1737px\" title=\"\">\t\t\t\t\t\t\t\t\t\t\t\t\t\t\t<\/div>\n\t\t\t\t<\/div>\n\t\t\t\t\t<\/div>\n\t\t\t\t<\/div>\n\t\t<div class=\"elementor-element elementor-element-80f2626 e-flex e-con-boxed e-con e-parent\" data-id=\"80f2626\" data-element_type=\"container\" data-e-type=\"container\">\n\t\t\t\t\t<div class=\"e-con-inner\">\n\t\t\t\t<div class=\"elementor-element elementor-element-f7818c0 elementor-widget__width-inherit elementor-widget-mobile__width-inherit elementor-widget elementor-widget-text-editor\" data-id=\"f7818c0\" data-element_type=\"widget\" data-e-type=\"widget\" data-widget_type=\"text-editor.default\">\n\t\t\t\t<div class=\"elementor-widget-container\">\n\t\t\t\t\t\t\t\t\t<ul><li><strong>Gestaltung<\/strong>: Der Prozess beginnt mit dem Entwurf der Verpackungsschachtel. Dazu geh\u00f6rt die Erstellung eines Entwurfs, der die Abmessungen, die Struktur, das Material und alle grafischen Gestaltungselemente der Schachtel festlegt.<\/li>\n<li><strong>Auswahl des Materials<\/strong>: Nach Fertigstellung des Entwurfs werden die geeigneten Materialien f\u00fcr die Herstellung der Schachtel ausgew\u00e4hlt. Zu den g\u00e4ngigen Materialien f\u00fcr Verpackungskartons geh\u00f6ren Karton, Wellpappe, Pappe und Kunststoff.<\/li>\n<li><strong>Schneiden<\/strong>: Das ausgew\u00e4hlte Material wird dann mit Hilfe von Schneidemaschinen in die gew\u00fcnschte Form und Gr\u00f6\u00dfe geschnitten. Der Pr\u00e4zisionszuschnitt ist unerl\u00e4sslich, um sicherzustellen, dass die Teile bei der Montage genau zusammenpassen.<\/li>\n<li><strong>Drucken<\/strong>: Wenn der Verpackungskarton ein Branding, eine Beschriftung oder grafische Elemente erfordert, wird er einem Druckverfahren unterzogen. Dabei k\u00f6nnen Techniken wie Offsetdruck, Digitaldruck oder Siebdruck zum Einsatz kommen.<\/li>\n<li><strong>Falten und Kleben<\/strong>: Die zugeschnittenen Teile der Verpackungsschachtel werden entlang der Falzlinien gefaltet, um die Schachtelstruktur zu bilden. An den entsprechenden Stellen wird Klebstoff aufgetragen, und der Karton wird dann zusammengeklebt, damit er seine Form beh\u00e4lt.<\/li>\n<li><strong>Stanzen<\/strong>: In manchen F\u00e4llen muss die Verpackungsschachtel zus\u00e4tzlich individuell gestaltet werden, z. B. mit Fenstern, Griffen oder einzigartigen Formen. Dies wird durch ein Stanzverfahren erreicht, bei dem das Material in bestimmte Formen geschnitten wird.<\/li>\n<li><strong>Qualit\u00e4tskontrolle<\/strong>: W\u00e4hrend des gesamten Produktionsprozesses werden Qualit\u00e4tskontrollen durchgef\u00fchrt, um sicherzustellen, dass die Schachteln die vorgegebenen Anforderungen erf\u00fcllen. Dies kann die Ma\u00dfhaltigkeit, die Druckqualit\u00e4t, die strukturelle Integrit\u00e4t und das allgemeine Erscheinungsbild betreffen.<\/li>\n<li><strong>Verpackung und Versand<\/strong>: Nachdem die Verpackungskartons die Qualit\u00e4tskontrolle durchlaufen haben, werden sie f\u00fcr den Versand an die Kunden oder Vertriebszentren in gr\u00f6\u00dfere Beh\u00e4lter gepackt.<\/li>\n<\/ul>\t\t\t\t\t\t\t\t<\/div>\n\t\t\t\t<\/div>\n\t\t\t\t\t<\/div>\n\t\t\t\t<\/div>\n\t\t\t\t<\/div>","protected":false},"excerpt":{"rendered":"<p>Packaging Box Manufacturing Process Design: The process begins with the design of the packaging box. This involves creating a blueprint that specifies the dimensions, structure, material, and any graphic design elements of the box. Material selection: Once the design is finalized, the appropriate materials are selected for the production of the box. Common materials used [&hellip;]<\/p>\n","protected":false},"author":1,"featured_media":0,"parent":0,"menu_order":0,"comment_status":"closed","ping_status":"closed","template":"","meta":{"footnotes":""},"class_list":["post-897","page","type-page","status-publish","hentry"],"_links":{"self":[{"href":"https:\/\/zojopackaging.com\/de\/wp-json\/wp\/v2\/pages\/897","targetHints":{"allow":["GET"]}}],"collection":[{"href":"https:\/\/zojopackaging.com\/de\/wp-json\/wp\/v2\/pages"}],"about":[{"href":"https:\/\/zojopackaging.com\/de\/wp-json\/wp\/v2\/types\/page"}],"author":[{"embeddable":true,"href":"https:\/\/zojopackaging.com\/de\/wp-json\/wp\/v2\/users\/1"}],"replies":[{"embeddable":true,"href":"https:\/\/zojopackaging.com\/de\/wp-json\/wp\/v2\/comments?post=897"}],"version-history":[{"count":77,"href":"https:\/\/zojopackaging.com\/de\/wp-json\/wp\/v2\/pages\/897\/revisions"}],"predecessor-version":[{"id":5044,"href":"https:\/\/zojopackaging.com\/de\/wp-json\/wp\/v2\/pages\/897\/revisions\/5044"}],"wp:attachment":[{"href":"https:\/\/zojopackaging.com\/de\/wp-json\/wp\/v2\/media?parent=897"}],"curies":[{"name":"wp","href":"https:\/\/api.w.org\/{rel}","templated":true}]}}