{"id":10001,"date":"2025-04-04T14:38:24","date_gmt":"2025-04-04T06:38:24","guid":{"rendered":"https:\/\/zojopackaging.com\/?post_type=product&#038;p=10001"},"modified":"2025-04-04T15:05:50","modified_gmt":"2025-04-04T07:05:50","slug":"custom-skin-care-drawer-box-cosmetic-carton-folding-packaging","status":"publish","type":"product","link":"https:\/\/zojopackaging.com\/de\/product\/custom-skin-care-drawer-box-cosmetic-carton-folding-packaging\/","title":{"rendered":"Kundenspezifische Hautpflege Schubladenbox Kosmetikkarton Faltverpackung"},"content":{"rendered":"<h3 id=\"-1-folding-drawer-gift-box-\"><strong>1. Faltbare Schublade Geschenkbox<\/strong><\/h3>\n<p>Die faltbare Schubladen-Geschenkbox nimmt ein innovatives strukturelles Design an, das effektiv das Ziel der Kostenkontrolle erreicht und gleichzeitig die hochwertige Textur der Geschenkbox beibeh\u00e4lt.<\/p>\n<h3 id=\"-2-single-powder-card-material-\"><strong>2. Einzelne Pulverkarte Material<\/strong><\/h3>\n<p>Unser Single-Powder-Card-Material wird als High-End-Qualit\u00e4t positioniert, mit einer zarten und glatten Oberfl\u00e4che, starker Druckanpassungsf\u00e4higkeit und kann klare und helle Farbeffekte pr\u00e4sentieren.<\/p>\n<h3 id=\"-3-environmentally-friendly-and-recyclable-materials-\"><strong>3. Umweltfreundliche und recycelbare Materialien<\/strong><\/h3>\n<p>Das Produkt besteht aus umweltfreundlichen und wiederverwertbaren Materialien, ist nach dem FSC-Forstzertifizierungssystem zertifiziert und entspricht in vollem Umfang den internationalen Umweltstandards.<\/p>\n<h3 id=\"-4-surface-processing-solutions-\"><strong>4. L\u00f6sungen f\u00fcr die Oberfl\u00e4chenbearbeitung<\/strong><\/h3>\n<p>Die L\u00f6sungen f\u00fcr die Oberfl\u00e4chenbearbeitung sind vielf\u00e4ltig und k\u00f6nnen individuell angepasst werden, wie z. B. Hei\u00dfpr\u00e4gung, partielle UV-Beschichtung, Pr\u00e4gung, Hohlschliff usw.<\/p>\n<h3 id=\"-5-zojo-print-industry-reputation-\"><strong>5. ZOJO Druckindustrie Ruf<\/strong><\/h3>\n<p>Als professioneller Dienstleister f\u00fcr die individuelle Gestaltung von Papierverpackungen genie\u00dft ZOJO Print einen ausgezeichneten Ruf in der Branche, sowohl auf dem inl\u00e4ndischen als auch auf dem ausl\u00e4ndischen Markt.<\/p>\n<h3 id=\"-6-senior-design-team-\"><strong>6. Leitendes Designteam<\/strong><\/h3>\n<p>Wir verf\u00fcgen \u00fcber ein erfahrenes Designteam, das sich intensiv an der kreativen Umsetzung der Marke beteiligen kann, um die genaue Umsetzung des Designkonzepts zu gew\u00e4hrleisten.<\/p>\n<h3 id=\"-7-professional-packaging-technology-consultant-team-\"><strong>7. Professionelles Beraterteam Verpackungstechnik<\/strong><\/h3>\n<p>Das professionelle Beraterteam f\u00fcr Verpackungstechnik wird die optimale Verpackungsl\u00f6sung auf der Grundlage der Produkteigenschaften ma\u00dfschneidern.<\/p>","protected":false},"excerpt":{"rendered":"<p><strong>ZOJO Print | Experte f\u00fcr ma\u00dfgeschneiderte Hautpflege-Faltschachteln - mit innovativem Design den neuen H\u00f6hepunkt der Sch\u00f6nheit interpretieren<\/strong><\/p>\n<p>Im Bereich der Hautpflegeverpackungen sollte das Design nicht nur einen \u00e4sthetischen Wert haben, sondern auch die Funktionalit\u00e4t, den Umweltschutz und die Kosteneffizienz mit einbeziehen. ZOJO Print ist seit 16 Jahren in der Branche t\u00e4tig und konzentriert sich darauf, hochwertige Kosmetikmarken mit innovativen und kommerziell wettbewerbsf\u00e4higen Faltschachtell\u00f6sungen auszustatten.<\/p>","protected":false},"featured_media":10007,"template":"","meta":[],"product_brand":[],"product_cat":[30,390,31,426],"product_tag":[1322,817,1321],"class_list":{"0":"post-10001","1":"product","2":"type-product","3":"status-publish","4":"has-post-thumbnail","6":"product_cat-by-industry","7":"product_cat-custom-cosmetics-boxes","8":"product_cat-paper-box-style","9":"product_cat-paper-drawer-boxes","10":"product_tag-carton-folding-packaging","11":"product_tag-custom-box","12":"product_tag-skin-care-drawer-box","14":"first","15":"instock","16":"shipping-taxable","17":"product-type-grouped"},"_links":{"self":[{"href":"https:\/\/zojopackaging.com\/de\/wp-json\/wp\/v2\/product\/10001","targetHints":{"allow":["GET"]}}],"collection":[{"href":"https:\/\/zojopackaging.com\/de\/wp-json\/wp\/v2\/product"}],"about":[{"href":"https:\/\/zojopackaging.com\/de\/wp-json\/wp\/v2\/types\/product"}],"version-history":[{"count":1,"href":"https:\/\/zojopackaging.com\/de\/wp-json\/wp\/v2\/product\/10001\/revisions"}],"predecessor-version":[{"id":10016,"href":"https:\/\/zojopackaging.com\/de\/wp-json\/wp\/v2\/product\/10001\/revisions\/10016"}],"wp:featuredmedia":[{"embeddable":true,"href":"https:\/\/zojopackaging.com\/de\/wp-json\/wp\/v2\/media\/10007"}],"wp:attachment":[{"href":"https:\/\/zojopackaging.com\/de\/wp-json\/wp\/v2\/media?parent=10001"}],"wp:term":[{"taxonomy":"product_brand","embeddable":true,"href":"https:\/\/zojopackaging.com\/de\/wp-json\/wp\/v2\/product_brand?post=10001"},{"taxonomy":"product_cat","embeddable":true,"href":"https:\/\/zojopackaging.com\/de\/wp-json\/wp\/v2\/product_cat?post=10001"},{"taxonomy":"product_tag","embeddable":true,"href":"https:\/\/zojopackaging.com\/de\/wp-json\/wp\/v2\/product_tag?post=10001"}],"curies":[{"name":"wp","href":"https:\/\/api.w.org\/{rel}","templated":true}]}}