{"id":10009,"date":"2025-04-04T14:44:34","date_gmt":"2025-04-04T06:44:34","guid":{"rendered":"https:\/\/zojopackaging.com\/?post_type=product&#038;p=10009"},"modified":"2025-04-04T15:06:02","modified_gmt":"2025-04-04T07:06:02","slug":"custom-luxury-cosmetic-skin-care-face-cream-packaging-boxes","status":"publish","type":"product","link":"https:\/\/zojopackaging.com\/de\/product\/custom-luxury-cosmetic-skin-care-face-cream-packaging-boxes\/","title":{"rendered":"Kundenspezifische Luxuskosmetik Hautpflege Gesichtscreme Verpackungen Boxen"},"content":{"rendered":"<h2 id=\"-customized-luxury-cosmetic-skin-care-cream-packaging-box-product-description-\"><strong>Ma\u00dfgeschneiderte Luxus Kosmetik Hautpflege Creme Verpackung Boxen<\/strong><\/h2>\n<h2 id=\"-i-box-structure-and-material-design-\"><strong>1. Kastenstruktur und Materialdesign<\/strong><\/h2>\n<ol>\n<li><strong>Classic Top und Bottom Cover Box<\/strong>\u00a0Mit einer geteilten oberen und unteren Deckelstruktur ohne kompliziertes \u00d6ffnungs- und Schlie\u00dfdesign verbindet sie Funktionalit\u00e4t mit einfacher \u00c4sthetik. Die Schachtel \u00f6ffnet und schlie\u00dft sich reibungslos, mit einer Materialausnutzung von mehr als 95%, wodurch die Verschwendung von Abf\u00e4llen reduziert wird, und unter Verwendung von Graukarton oder wei\u00dfem Karton hoher Dichte, um sicherzustellen, dass die Schachtel knackig, umweltfreundlich und langlebig ist.<\/li>\n<li><strong>Zur\u00fcckhaltende Luxus-Textur<\/strong>\u00a0Die Hauptfarbe ist tiefschwarz, und die Oberfl\u00e4che besteht aus mattem Spezialpapier oder Laminiertechnik, mit lokalen Hei\u00dfpr\u00e4gungen\/hei\u00dfen Silberlinien oder Markenlogos, um ein ruhiges und hochwertiges visuelles Erlebnis zu vermitteln. Die Oberfl\u00e4che der Schachtel kann mit gepr\u00e4gten Texturen (z. B. Kunstleder- oder Marmorstruktur) versehen werden, um den dreidimensionalen Eindruck und die Wiedererkennung zu verbessern.<\/li>\n<\/ol>\n<h2 id=\"-second-customized-technology-and-brand-presentation-\"><strong>2. Ma\u00dfgeschneiderte Technik und Markenpr\u00e4sentation<\/strong><\/h2>\n<ol>\n<li><strong>Allround-Drucktechnik<\/strong><\/li>\n<li><strong>Hei\u00dfpr\u00e4gen<\/strong>: Logo, Markenname oder dekorative Elemente werden mit 24-kar\u00e4tiger Gold-\/Silberfolie gepr\u00e4gt, um das Gef\u00fchl von Luxus zu verst\u00e4rken;<\/li>\n<li><strong>UV-Pr\u00e4gung<\/strong>: Lokale Muster oder Texte werden durch die UV-Beschichtung zu einem dreidimensionalen Touch geformt, um den visuellen Fokus zu verst\u00e4rken;<\/li>\n<li><strong>Gepr\u00e4gte Technik<\/strong>: Ma\u00dfgeschneiderte, exklusive Texturen (z. B. geometrische Linien, nat\u00fcrliche Texturen) verleihen der Verpackung ein einzigartiges taktiles Ged\u00e4chtnis.<\/li>\n<li><strong>Flexible Anpassung an mehrere Kategorien<\/strong>\u00a0Die Gr\u00f6\u00dfe der Box kann individuell angepasst werden (Referenzbereich: L\u00e4nge 10-30cm \u00d7 Breite 8-25cm \u00d7 H\u00f6he 5-15cm), geeignet f\u00fcr Cremes, Parf\u00fcms, Duftkerzen, hochwertige Tees und andere Kategorien. Das Futter kann mit abgestimmt werden:<\/li>\n<li><strong>EVA-Schwammrille<\/strong>: Befestigen Sie das Produkt genau, damit es beim Transport nicht wackelt;<\/li>\n<li><strong>Beflockte Innenschale<\/strong>: Schwarzes oder goldenes Beflockungsmaterial, um das Gef\u00fchl der Zeremonie beim \u00d6ffnen der Schachtel zu verst\u00e4rken;<\/li>\n<li><strong>Halterung aus transparentem Acryl<\/strong>: Hervorhebung des Aussehens des Produkts, geeignet f\u00fcr Display-Geschenk-Boxen.<\/li>\n<\/ol>\n<h2 id=\"-iii-supply-chain-guarantee-and-quality-commitment-\"><strong>3. Garantie der Lieferkette und Qualit\u00e4tsverpflichtung<\/strong><\/h2>\n<ol>\n<li><strong>Quelle Fabrik Vorteil<\/strong>\u00a0Auf der Grundlage von 16 Jahren Produktionserfahrung haben wir ein integriertes Lieferkettensystem aufgebaut, das vom Entwurf \u00fcber die Materialauswahl und die Produktion bis hin zur Qualit\u00e4tskontrolle reicht:<\/li>\n<li><strong>Optimierung der Kosten<\/strong>: Gro\u00dffl\u00e4chige Beschaffung von Rohstoffen zur Senkung der Kosten pro Schachtel;<\/li>\n<li><strong>Strenge Qualit\u00e4tskontrolle<\/strong>: Fehlerkontrolle innerhalb von \u00b10,5 mm, kein Verzug beim Gie\u00dfen, keine Oberfl\u00e4chenfehler;<\/li>\n<li><strong>Schnelle Lieferung<\/strong>: Unterst\u00fctzung von 500 St\u00fcck Mindestbestellmenge, 7-14 Tage bis zur Fertigstellung des Korrekturabzugs f\u00fcr die Massenproduktion.<\/li>\n<\/ol>\n<h2 id=\"-iv-design-service-and-brand-empowerment-\"><strong>4. Design Service und Markenbef\u00e4higung<\/strong><\/h2>\n<ol>\n<li><strong>Exklusive Unterst\u00fctzung bei der Anpassung<\/strong><\/li>\n<li><strong>Design-Zusammenarbeit<\/strong>: Erstellen Sie 3D-Modellierungszeichnungen und physische Proofs, um eine genaue Umsetzung der Designeffekte zu gew\u00e4hrleisten;<\/li>\n<li><strong>Integration der Markengeschichte<\/strong>: Vermittlung des Kernwerts des Produkts durch das KV-Design der Verpackung (z. B. vergoldete Elemente, Zeitthemen);<\/li>\n<li><strong>Umweltzertifizierung<\/strong>: Wahlweise FSC-zertifiziertes Papier oder abbaubare Materialien, im Einklang mit dem Konzept des nachhaltigen Brandings.<\/li>\n<\/ol>\n<p><strong>Anwendbare Szenarien<\/strong>: Geschenkboxen f\u00fcr hochwertige Hautpflegeprodukte bei der Erstver\u00f6ffentlichung, limitierte Festtagssets, Verpackungen mit Co-Branding der Marke usw.<\/p>\n<p><strong>Prozess der Zusammenarbeit<\/strong>Kommunikation \u00fcber die Nachfrage \u2192 Entwurfsvorschlag \u2192 Best\u00e4tigung des Korrekturabzugs \u2192 Massenproduktion \u2192 Qualit\u00e4tskontrolle und Lieferung.<\/p>\n<p>Durch die Ausgewogenheit von minimalistischer Struktur und exquisiten Details wird diese Serie von Verpackungskartons der Marke helfen, sich mit der visuellen Sprache von \"Luxus in Low-Key\" in den K\u00f6pfen der High-End-Konsumenten festzusetzen.<\/p>","protected":false},"excerpt":{"rendered":"<p>Unsere Kosmetikverpackungen vereinen Funktionalit\u00e4t und \u00c4sthetik, was die Wettbewerbsf\u00e4higkeit der Marke und das Verbrauchererlebnis effektiv verbessern kann. Erstens, was den Schutz betrifft, werden f\u00fcr die Verpackungen hochwertige Materialien verwendet, und die versiegelte Struktur und das lichtdichte Design verl\u00e4ngern die Haltbarkeit von Kosmetika und reduzieren Transportverluste. Zweitens, in Bezug auf die visuelle Attraktivit\u00e4t, minimalistische Linien oder nat\u00fcrliche \u00e4sthetische Elemente.<\/p>","protected":false},"featured_media":10010,"template":"","meta":[],"product_brand":[],"product_cat":[30,390,425,31],"product_tag":[1323,1324,1060],"class_list":{"0":"post-10009","1":"product","2":"type-product","3":"status-publish","4":"has-post-thumbnail","6":"product_cat-by-industry","7":"product_cat-custom-cosmetics-boxes","8":"product_cat-lid-and-base-gift-box","9":"product_cat-paper-box-style","10":"product_tag-cosmetic-packaging-boxes","11":"product_tag-custom-face-cream-packaging","12":"product_tag-skin-care-packaging-boxes","14":"first","15":"instock","16":"shipping-taxable","17":"product-type-grouped"},"_links":{"self":[{"href":"https:\/\/zojopackaging.com\/de\/wp-json\/wp\/v2\/product\/10009","targetHints":{"allow":["GET"]}}],"collection":[{"href":"https:\/\/zojopackaging.com\/de\/wp-json\/wp\/v2\/product"}],"about":[{"href":"https:\/\/zojopackaging.com\/de\/wp-json\/wp\/v2\/types\/product"}],"version-history":[{"count":1,"href":"https:\/\/zojopackaging.com\/de\/wp-json\/wp\/v2\/product\/10009\/revisions"}],"predecessor-version":[{"id":10017,"href":"https:\/\/zojopackaging.com\/de\/wp-json\/wp\/v2\/product\/10009\/revisions\/10017"}],"wp:featuredmedia":[{"embeddable":true,"href":"https:\/\/zojopackaging.com\/de\/wp-json\/wp\/v2\/media\/10010"}],"wp:attachment":[{"href":"https:\/\/zojopackaging.com\/de\/wp-json\/wp\/v2\/media?parent=10009"}],"wp:term":[{"taxonomy":"product_brand","embeddable":true,"href":"https:\/\/zojopackaging.com\/de\/wp-json\/wp\/v2\/product_brand?post=10009"},{"taxonomy":"product_cat","embeddable":true,"href":"https:\/\/zojopackaging.com\/de\/wp-json\/wp\/v2\/product_cat?post=10009"},{"taxonomy":"product_tag","embeddable":true,"href":"https:\/\/zojopackaging.com\/de\/wp-json\/wp\/v2\/product_tag?post=10009"}],"curies":[{"name":"wp","href":"https:\/\/api.w.org\/{rel}","templated":true}]}}