{"id":10018,"date":"2025-04-04T15:06:06","date_gmt":"2025-04-04T07:06:06","guid":{"rendered":"https:\/\/zojopackaging.com\/?post_type=product&#038;p=10018"},"modified":"2025-04-04T16:26:33","modified_gmt":"2025-04-04T08:26:33","slug":"custom-eyebrow-pencil-folding-boxes-packaging-supplier","status":"publish","type":"product","link":"https:\/\/zojopackaging.com\/de\/product\/custom-eyebrow-pencil-folding-boxes-packaging-supplier\/","title":{"rendered":"Benutzerdefinierte Augenbrauenstift-Faltschachteln Verpackungslieferant"},"content":{"rendered":"<h3 id=\"-1-structural-innovation-dual-advantages-of-double-insert-box-design-\"><strong>1. Strukturelle Innovation: doppelte Vorteile der Konstruktion mit doppeltem Einlegekasten<\/strong><\/h3>\n<p>\u00dcbernahme von\u00a0<strong>Double-Insert-Box-Struktur<\/strong>Das symmetrische Design des oberen und unteren Stopfens erm\u00f6glicht eine schnelle Montage, es ist kein Kleben erforderlich, und die 30% spart Zeit bei der Verpackung.<\/p>\n<h3 id=\"-2-printing-process-luxurious-expression-of-four-color-hot-stamping-\"><strong>2. Druckverfahren: luxuri\u00f6ser Ausdruck von Vier-Farben-Hei\u00dfpr\u00e4gung<\/strong><\/h3>\n<p>-\u00a0<strong>Farbgenauigkeit<\/strong>: Verwenden Sie Heidelberg Vierfarbdruckmaschine, Farbunterschied \u0394E\u22641,5, unterst\u00fctzen Pantone 15-1247 TCX (Champagner Gold) und 18-1755 TCX (Perlwei\u00df) Gradient \u00dcberdrucken;<\/p>\n<p>-\u00a0<strong>Hei\u00dfpr\u00e4geverfahren<\/strong>Durch Hochtemperaturpressen der elektrochemischen Aluminiumfolie erreicht der Metallglanz 90GU, die Verschlei\u00dffestigkeit wird um 50% verbessert und die F\u00e4lschungssicherheit ist von SGS zertifiziert;<\/p>\n<p>-\u00a0<strong>Visuelle Psychologie<\/strong>: Die Kombination aus Silber und Perlwei\u00df vermittelt einen hochwertigen und klaren Markenton, der dem \u00e4sthetischen Trend der weiblichen Verbraucher der Generation Z entspricht.<\/p>\n<h3 id=\"-3-precision-fit-the-ultimate-design-of-eyelash-card-box-\"><strong>3. Pr\u00e4zisionspassform: das ultimative Design der Wimpernkarte Box<\/strong><\/h3>\n<p>-\u00a0<strong>Gr\u00f6\u00dfenanpassung<\/strong>: Die minimale Gr\u00f6\u00dfe kann auf 5cm\u00d73cm (f\u00fcr ein einzelnes Wimpernb\u00fcndel) angepasst werden, und die maximale Gr\u00f6\u00dfe unterst\u00fctzt 15cm\u00d710cm (mehrere Pakete), mit einstellbarer Dicke von 0,8-3cm;<\/p>\n<p>-\u00a0<strong>Tragbares Design<\/strong>: Magnetische Klappdeckelstruktur, Einhand-\u00d6ffnungskraft \u22642N, entspricht den EU EN 71-3 Kindersicherheitsnormen;<\/p>\n<p>-\u00a0<strong>Optimierung der Anzeige<\/strong>: Transparentes Fenster + UV-gepr\u00e4gtes LOGO, erh\u00f6hte Sichtbarkeit des Produkts um 80% und verbesserte Attraktivit\u00e4t im Regal (siehe Wimpernverpackungsdesign).<\/p>\n<h3 id=\"-4-smart-customization-full-link-service-from-concept-to-mass-production-\"><strong>4. Intelligente Anpassung: Full-Link-Service vom Konzept bis zur Massenproduktion<\/strong><\/h3>\n<p>-\u00a0<strong>Flexibilit\u00e4t der Gr\u00f6\u00dfe<\/strong>: Unterst\u00fctzung der Echtzeit-Vorschau der 3D-Modellierung, vollst\u00e4ndige Best\u00e4tigung der Strukturplanung innerhalb von 8 Stunden;<\/p>\n<p>-\u00a0<strong>Werkstoff-Matrix<\/strong>: -\u00a0<strong>Umweltfreundliche Graupappe<\/strong>: FSC-zertifizierter Zellstoff 100%, wahlweise in einer St\u00e4rke von 0,5-2 mm;<\/p>\n<p>-\u00a0<strong>Spezialpapier<\/strong>: Perlglanzpapier\/Krokodilimitationspapier, f\u00fchlt sich an wie Seide;<\/p>\n<p>-\u00a0<strong>Schnelles Proofing<\/strong>Ausgestattet mit einer Manroland R700 F\u00fcnffarbendruckmaschine, Lieferung von Musterkartons innerhalb von 8 Stunden, Verk\u00fcrzung des Zyklus der Massenproduktion auf 10 Tage.<\/p>\n<h3 id=\"-5-smart-manufacturing-foundation-16-years-of-industry-experience-\"><strong>5. Intelligente Produktionsgrundlage: 16 Jahre Erfahrung in der Industrie<\/strong><\/h3>\n<p>-\u00a0<strong>Ausstattungsmatrix<\/strong>: 5 vollautomatische Produktionslinien f\u00fcr Kartonagen, ausgestattet mit Schneider PLC-Steuerung, Tagesleistung von 100.000 St\u00fcck, Fehlerquote &lt;0,1%;<\/p>\n<p>-\u00a0<strong>System der Qualit\u00e4tskontrolle<\/strong>: ISO 9001\/BSCI-zertifiziert, jede Produktcharge wird 12 Qualit\u00e4tskontrollen unterzogen (Druck-\/Tropftest\/Farbechtheitstest);<\/p>\n<p>-\u00a0<strong>Produktionskapazit\u00e4t<\/strong>: T\u00e4gliche Produktionskapazit\u00e4t von 200.000 St\u00fcck, Unterst\u00fctzung von Auftr\u00e4gen von 500 St\u00fcck bis zur Millionenproduktion und 24-Stunden-Lieferung von dringenden Auftr\u00e4gen.<\/p>\n<h3 id=\"-6-design-empowerment-precise-transformation-from-demand-to-implementation-\"><strong>6. Design Empowerment: Pr\u00e4zise Umsetzung von der Nachfrage zur Implementierung<\/strong><\/h3>\n<p>Ein spezielles Team von 8 Designern mit mehr als 10 Jahren Erfahrung bietet drei wichtige ma\u00dfgeschneiderte Dienstleistungen an:<\/p>\n<p>-\u00a0<strong>Strukturelle Innovation<\/strong>: Entwicklung von 12 patentierten Schachteltypen (z. B. drehbare Schichten, magnetische Passwortschl\u00f6sser), die mit der Platzierung von Produkten in Sonderformen kompatibel sind;<\/p>\n<p>-\u00a0<strong>Interaktive Optimierung<\/strong>: Integrieren Sie einen NFC-Chip (optional), scannen Sie den Code, um Informationen zur R\u00fcckverfolgbarkeit des Produkts und Anleitungen zur Sch\u00f6nheitspflege zu erhalten;<\/p>\n<p>-\u00a0<strong>Schnelle Iteration<\/strong>: Unterst\u00fctzung AI intelligente Farbanpassung System, 200 Farbe passende Schemata sind in 10 Minuten generiert.<\/p>\n<h3 id=\"-7-value-commitment-triple-balance-of-quality-efficiency-and-cost-\"><strong>7. Wertverpflichtung: Dreifaches Gleichgewicht von Qualit\u00e4t, Effizienz und Kosten<\/strong><\/h3>\n<p>-\u00a0<strong>Kostenoptimierung<\/strong>: Das digitale Satzsystem reduziert den Materialverlust auf 2,5% und spart damit 20% Kosten im Vergleich zu herk\u00f6mmlichen Verfahren;<\/p>\n<p>-\u00a0<strong>Agile Reaktion<\/strong>: Einrichtung eines Logistiksystems mit zwei Lagern in Ost- und S\u00fcdchina, das eine direkte Lieferung innerhalb von 48 Stunden im ganzen Land erm\u00f6glicht;<\/p>\n<p>-\u00a0<strong>Langfristiger Dienst<\/strong>: Verwaltung des Lebenszyklus von Verpackungen, einschlie\u00dflich Bestandswarnungen, Nachschubplan und Plan f\u00fcr das Recycling alter Verpackungen.<\/p>","protected":false},"excerpt":{"rendered":"<p><strong>ZOJO Print | Experte f\u00fcr individuelle Augenbrauenstift-Faltschachtelverpackungen - definieren Sie neue H\u00f6hen der Sch\u00f6nheit mit innovativem Design<\/strong><\/p>\n<p>In der heutigen, zunehmend wettbewerbsorientierten Sch\u00f6nheitsindustrie ist die Verpackung von Augenbrauenstiften nicht nur ein Produktbeh\u00e4lter, sondern auch ein wichtiger Tr\u00e4ger des Markenimages und der Verbrauchererfahrung. ZOJO Print ist seit 16 Jahren im Verpackungsbereich t\u00e4tig und konzentriert sich auf die Bereitstellung von Faltschachtell\u00f6sungen, die Funktionalit\u00e4t, \u00e4sthetischen Wert und kommerzielle Wettbewerbsf\u00e4higkeit f\u00fcr Sch\u00f6nheitsprodukte wie Augenbrauenstifte und Wimpern vereinen.<\/p>","protected":false},"featured_media":10030,"template":"","meta":[],"product_brand":[],"product_cat":[30,390,430,31],"product_tag":[1326,757,1325],"class_list":{"0":"post-10018","1":"product","2":"type-product","3":"status-publish","4":"has-post-thumbnail","6":"product_cat-by-industry","7":"product_cat-custom-cosmetics-boxes","8":"product_cat-folding-cartons","9":"product_cat-paper-box-style","10":"product_tag-boxes-packaging-supplier","11":"product_tag-custom-boxes","12":"product_tag-eyebrow-pencil-folding-boxes","14":"first","15":"instock","16":"shipping-taxable","17":"product-type-grouped"},"_links":{"self":[{"href":"https:\/\/zojopackaging.com\/de\/wp-json\/wp\/v2\/product\/10018","targetHints":{"allow":["GET"]}}],"collection":[{"href":"https:\/\/zojopackaging.com\/de\/wp-json\/wp\/v2\/product"}],"about":[{"href":"https:\/\/zojopackaging.com\/de\/wp-json\/wp\/v2\/types\/product"}],"version-history":[{"count":1,"href":"https:\/\/zojopackaging.com\/de\/wp-json\/wp\/v2\/product\/10018\/revisions"}],"predecessor-version":[{"id":10035,"href":"https:\/\/zojopackaging.com\/de\/wp-json\/wp\/v2\/product\/10018\/revisions\/10035"}],"wp:featuredmedia":[{"embeddable":true,"href":"https:\/\/zojopackaging.com\/de\/wp-json\/wp\/v2\/media\/10030"}],"wp:attachment":[{"href":"https:\/\/zojopackaging.com\/de\/wp-json\/wp\/v2\/media?parent=10018"}],"wp:term":[{"taxonomy":"product_brand","embeddable":true,"href":"https:\/\/zojopackaging.com\/de\/wp-json\/wp\/v2\/product_brand?post=10018"},{"taxonomy":"product_cat","embeddable":true,"href":"https:\/\/zojopackaging.com\/de\/wp-json\/wp\/v2\/product_cat?post=10018"},{"taxonomy":"product_tag","embeddable":true,"href":"https:\/\/zojopackaging.com\/de\/wp-json\/wp\/v2\/product_tag?post=10018"}],"curies":[{"name":"wp","href":"https:\/\/api.w.org\/{rel}","templated":true}]}}