{"id":10033,"date":"2025-04-04T15:16:35","date_gmt":"2025-04-04T07:16:35","guid":{"rendered":"https:\/\/zojopackaging.com\/?post_type=product&#038;p=10033"},"modified":"2025-04-04T15:25:19","modified_gmt":"2025-04-04T07:25:19","slug":"premium-customize-fragrance-perfume-gift-boxes-wholesale","status":"publish","type":"product","link":"https:\/\/zojopackaging.com\/de\/product\/premium-customize-fragrance-perfume-gift-boxes-wholesale\/","title":{"rendered":"Premium-Duft Duft Parf\u00fcm Geschenk-Boxen Gro\u00dfhandel anpassen"},"content":{"rendered":"<h2 id=\"-high-end-customized-perfume-gift-box-wholesale-\"><strong>Hochwertige kundenspezifische Parf\u00fcm-Geschenk-Box Gro\u00dfhandel<\/strong><\/h2>\n<h2 id=\"-1-environmentally-friendly-materials-quality-assurance-\"><strong>1. Umweltvertr\u00e4gliche Materialien, Qualit\u00e4tssicherung<\/strong><\/h2>\n<ul>\n<li><strong>Kombination aus Graukarton und gestrichenem Papier<\/strong>: 2,0 mm dicke Graupappe und 157 g gestrichenes Papier werden kombiniert. Die Graupappe wird aus erneuerbarem Zellstoff hergestellt, der langlebig ist und die Umweltstandards erf\u00fcllt;<\/li>\n<\/ul>\n<h2 id=\"-2-brand-customization-process-highlighting-uniqueness-\"><strong>2. Prozess der Markenanpassung, Hervorhebung der Einzigartigkeit<\/strong><\/h2>\n<ul>\n<li><strong>Logo-Prozess-Upgrade<\/strong>: Unterst\u00fctzt Hei\u00dfpr\u00e4gung, Pr\u00e4gung, lokale UV-Bestrahlung und andere Prozessanpassungen:<\/li>\n<li><strong>Hei\u00dfpr\u00e4gung\/Hei\u00dfsilber<\/strong>: Metallischer Glanz st\u00e4rkt das Markenlogo und eignet sich f\u00fcr die Positionierung von Unternehmen im oberen Preissegment;<\/li>\n<li><strong>3D-Pr\u00e4gung<\/strong>: Die dreidimensionale Ber\u00fchrung erh\u00f6ht die visuelle Ebene und schafft ein taktiles Erlebnis der Luxusklasse;<\/li>\n<li><strong>Lokale UV<\/strong>: Der Lack deckt die wichtigsten Muster ab, verbessert die lokale Helligkeit und den Bewuchsschutz und passt sich dem trendigen Design an.<\/li>\n<li><strong>Pr\u00e4zise Gr\u00f6\u00dfenanpassung<\/strong>: Wir passen den Schachteltyp an die vom Kunden angegebenen Spezifikationen des Parf\u00fcmflakons an (z. B. H\u00f6he, Durchmesser und besondere Form), um sicherzustellen, dass die Auskleidung und der Flakonk\u00f6rper nahtlos zusammenpassen, wobei sowohl die \u00c4sthetik als auch die Praktikabilit\u00e4t ber\u00fccksichtigt werden.<\/li>\n<\/ul>\n<h2 id=\"-three-scientific-protection-design-worry-free-transportation-\"><strong>3. Wissenschaftlicher Schutzentwurf, sorgenfreier Transport<\/strong><\/h2>\n<ul>\n<li><strong>Stanztechnik f\u00fcr EVA-Futter<\/strong>: Durch die Verwendung von hochdichtem EVA-Material schneidet die CNC-Maschine die Rille in der Form der Parf\u00fcmflasche pr\u00e4zise aus, um einen 360\u00b0-Pufferschutz, Sto\u00df- und Druckfestigkeit zu erreichen und das Risiko von Sch\u00e4den durch Ersch\u00fctterungen beim Transport zu vermeiden.<\/li>\n<li><strong>Optimierung der Kopf- und Erdkastenstruktur<\/strong>: Die obere und die untere Schachtel sind getrennt, lassen sich bequem \u00f6ffnen und schlie\u00dfen und sind gut verschlossen, was f\u00fcr den Verbraucher bequem zu benutzen und zu lagern ist.<\/li>\n<\/ul>\n<h2 id=\"-four-one-stop-service-full-process-control-\"><strong>4. Service aus einer Hand, volle Prozesskontrolle<\/strong><\/h2>\n<ul>\n<li><strong>Nahtlose Verbindung vom Entwurf bis zur Lieferung<\/strong>:<\/li>\n<li><strong>Kreative Gestaltung<\/strong>: Ein professionelles Team liefert 3D-Renderings, Materialauswahl und Verfahrensvorschl\u00e4ge;<\/li>\n<li><strong>Flexible Produktion<\/strong>: Unterst\u00fctzung von Kleinserien-Versuchsproduktionen bis hin zu Gro\u00dfserienauftr\u00e4gen, 5-15 Tage schnelle Lieferung (je nach Komplexit\u00e4t des Prozesses);<\/li>\n<li><strong>Globale Logistik<\/strong>: Seetransport, Lufttransport und spezielle Autolieferungen, die den grenz\u00fcberschreitenden elektronischen Handel, Offline-Schalter und andere Szenarien abdecken.<\/li>\n<li><strong>Garantie der Qualit\u00e4tszertifizierung<\/strong>: ISO-Qualit\u00e4tsmanagement- und Umweltschutzzertifizierung, um sicherzustellen, dass die Produkte den internationalen Exportnormen entsprechen, und um die Ausstellung von Rechnungen mit Mehrwertsteuer zu unterst\u00fctzen.<\/li>\n<\/ul>\n<h2 id=\"-v-brand-value-added-services-to-help-break-through-the-market-\"><strong>5. Marken-Mehrwertdienste, um dem Markt zum Durchbruch zu verhelfen<\/strong><\/h2>\n<ul>\n<li><strong>Positionierung der Differenzierung<\/strong>: Steigerung des Produkt-Premiums durch ma\u00dfgeschneiderte Verpackungen, um Verbrauchergruppen anzusprechen, die auf Umweltschutz und ein hochwertiges Erlebnis Wert legen;<\/li>\n<li><strong>Datenunterst\u00fctzung<\/strong>: Bereitstellung von Trendanalysen f\u00fcr den Verpackungsmarkt und von Referenzen f\u00fcr Wettbewerbsprodukte, um Marken bei der richtigen Positionierung zu helfen.<\/li>\n<\/ul>","protected":false},"excerpt":{"rendered":"<p>\u2705\u00a0<strong>16 Jahre Branchenerfahrung<\/strong>: Mehr als 3.000 Marken aus den Bereichen Parf\u00fcm, Sch\u00f6nheit, Luxusg\u00fcter und anderen Bereichen werden bedient;<br \/>\n\u2705\u00a0<strong>L\u00f6sung zur Kostenoptimierung<\/strong>: Gro\u00dffl\u00e4chige Beschaffung und effiziente Produktionskette zur Senkung der St\u00fcckkosten;<br \/>\n\u2705\u00a0<strong>Unbeschwertes Engagement nach dem Verkauf<\/strong>: Kostenloser Nachschub oder Nacharbeit bei Verlusten aufgrund von Qualit\u00e4tsproblemen.<\/p>","protected":false},"featured_media":10040,"template":"","meta":[],"product_brand":[],"product_cat":[30,417,425,31],"product_tag":[764,912,540,1058],"class_list":{"0":"post-10033","1":"product","2":"type-product","3":"status-publish","4":"has-post-thumbnail","6":"product_cat-by-industry","7":"product_cat-custom-perfume-boxes-by-industry","8":"product_cat-lid-and-base-gift-box","9":"product_cat-paper-box-style","10":"product_tag-custom-perfume-gift-boxes","11":"product_tag-fragrance-box","12":"product_tag-perfume-boxes-wholesale","13":"product_tag-perfume-packaging","15":"first","16":"instock","17":"shipping-taxable","18":"product-type-grouped"},"_links":{"self":[{"href":"https:\/\/zojopackaging.com\/de\/wp-json\/wp\/v2\/product\/10033","targetHints":{"allow":["GET"]}}],"collection":[{"href":"https:\/\/zojopackaging.com\/de\/wp-json\/wp\/v2\/product"}],"about":[{"href":"https:\/\/zojopackaging.com\/de\/wp-json\/wp\/v2\/types\/product"}],"version-history":[{"count":1,"href":"https:\/\/zojopackaging.com\/de\/wp-json\/wp\/v2\/product\/10033\/revisions"}],"predecessor-version":[{"id":10042,"href":"https:\/\/zojopackaging.com\/de\/wp-json\/wp\/v2\/product\/10033\/revisions\/10042"}],"wp:featuredmedia":[{"embeddable":true,"href":"https:\/\/zojopackaging.com\/de\/wp-json\/wp\/v2\/media\/10040"}],"wp:attachment":[{"href":"https:\/\/zojopackaging.com\/de\/wp-json\/wp\/v2\/media?parent=10033"}],"wp:term":[{"taxonomy":"product_brand","embeddable":true,"href":"https:\/\/zojopackaging.com\/de\/wp-json\/wp\/v2\/product_brand?post=10033"},{"taxonomy":"product_cat","embeddable":true,"href":"https:\/\/zojopackaging.com\/de\/wp-json\/wp\/v2\/product_cat?post=10033"},{"taxonomy":"product_tag","embeddable":true,"href":"https:\/\/zojopackaging.com\/de\/wp-json\/wp\/v2\/product_tag?post=10033"}],"curies":[{"name":"wp","href":"https:\/\/api.w.org\/{rel}","templated":true}]}}