{"id":10043,"date":"2025-04-04T15:25:32","date_gmt":"2025-04-04T07:25:32","guid":{"rendered":"https:\/\/zojopackaging.com\/?post_type=product&#038;p=10043"},"modified":"2025-04-04T15:34:29","modified_gmt":"2025-04-04T07:34:29","slug":"jade-roller-stone-mailing-face-roller-and-guasha-set-box","status":"publish","type":"product","link":"https:\/\/zojopackaging.com\/de\/product\/jade-roller-stone-mailing-face-roller-and-guasha-set-box\/","title":{"rendered":"Jade Roller Stein Mailing Gesicht Roller und Guasha Set Box"},"content":{"rendered":"<h2 id=\"jade-roller-gua-sha-gift-box-product-description\">Jade Roller Stein Mailing Gesicht Roller und Guasha Set Box<\/h2>\n<h2 id=\"-1-environmentally-friendly-materials-and-high-end-craftsmanship-\"><strong>1. Umweltvertr\u00e4gliche Materialien und hochwertige Handwerkskunst<\/strong><\/h2>\n<p>Dieser ausziehbare Geschenkkarton ist hergestellt aus\u00a0<strong>157g gestrichenes Papier<\/strong>\u00a0und\u00a0<strong>1200g einseitig wei\u00dfer Graukarton<\/strong>die sowohl umweltfreundlich als auch sch\u00f6n ist. Die Oberfl\u00e4che des beschichteten Papiers ist glatt und empfindlich, geeignet f\u00fcr hochpr\u00e4zisen Druck, und mit der steifen Struktur der Graupappe, kann es effektiv die internen Produkte vor Transportsch\u00e4den zu sch\u00fctzen. Die Box K\u00f6rper unterst\u00fctzt\u00a0<strong>Pr\u00e4gung, Pr\u00e4gung, Hei\u00dfpr\u00e4gung, UV-Lackierung<\/strong>\u00a0und andere Verarbeitungen. Zum Beispiel kann das Markenlogo durch Hei\u00dfpr\u00e4gung eine metallische Textur und einen dreidimensionalen Effekt erhalten, und eine UV-Beschichtung kann die Verschlei\u00dffestigkeit und den Glanz verbessern.<\/p>\n<h2 id=\"-2-simple-design-and-blank-art-\"><strong>2. Einfaches Design und leere Kunst<\/strong><\/h2>\n<p>Das Futter der Geschenkbox besteht aus\u00a0<strong>reinwei\u00dfes umweltfreundliches Material<\/strong>die den schlichten Farbton des \u00c4u\u00dferen aufgreift und die orientalische \u00c4sthetik durch\u00a0<strong>Blankodruckmuster<\/strong>. Dieses Design hebt nicht nur die edle Textur der nat\u00fcrlichen Jade des Produkts hervor, sondern schafft auch ein eindringliches Auspackerlebnis f\u00fcr die Verbraucher, das eine emotionale Resonanz mit der Markenkultur hervorruft.<\/p>\n<h2 id=\"-3-deep-customization-and-brand-empowerment-\"><strong>3. Intensive Anpassung und St\u00e4rkung der Marke<\/strong><\/h2>\n<p>Unterst\u00fctzung der personalisierten Anpassung des gesamten Prozesses:<\/p>\n<ul>\n<li><strong>Visuelle Gestaltung<\/strong>: Anpassbare Bilder, Texte und Markenfarben zur Anpassung an unterschiedliche Marktpositionen (z. B. moderne Schlichtheit oder chinesische Eleganz).<\/li>\n<li><strong>Funktionserweiterung<\/strong>: Bereitstellung von\u00a0<strong>verschiedene Spezifikationen und Gr\u00f6\u00dfen<\/strong>\u00a0(z. B. Roller + Schabbrett-Set oder Kombination mit Rollerflasche), um den Bedarf an Sch\u00f6nheitswerkzeugen, Werbegeschenken, Weihnachtsgeschenken und anderen Szenarien zu decken.<\/li>\n<li><strong>Handwerkliche Kombination<\/strong>: Zum Beispiel wird das Hei\u00dfpr\u00e4gelogo mit der gepr\u00e4gten Jadetextur kombiniert, um die Verbindung des Produkts mit nat\u00fcrlichen Materialien zu verst\u00e4rken.<\/li>\n<\/ul>\n<h2 id=\"-4-high-end-retail-experience-\"><strong>4. Hochwertiges Einzelhandelserlebnis<\/strong><\/h2>\n<p>Das Design der ausziehbaren Box\u00f6ffnung verleiht dem Produkt ein\u00a0<strong>Sinn f\u00fcr Rituale und W\u00fcrde<\/strong>die den Verpackungsanforderungen von Luxusg\u00fctern, hochwertigem E-Commerce und Abonnementdiensten gerecht wird. Die Jadewalze, das Abstreifbrett und die Gebrauchsanweisung k\u00f6nnen schichtweise in der Schachtel angebracht werden, mit B\u00e4ndern oder individuellen Karten, um die \u00dcberraschung der Kunden beim Auspacken zu erh\u00f6hen.<\/p>\n<h2 id=\"-5-production-strength-and-quality-assurance-\"><strong>5. Produktionsst\u00e4rke und Qualit\u00e4tssicherung<\/strong><\/h2>\n<p>Verlassen Sie sich auf\u00a0<strong>5320 Quadratmeter moderne Werkstatt<\/strong>\u00a0und ein strenges Qualit\u00e4tssicherungssystem sorgen f\u00fcr eine genaue Ausf\u00fchrung jeder Verbindung:<\/p>\n<ul>\n<li><strong>Kontrolle des Rohmaterials<\/strong>: W\u00e4hlen Sie FSC-zertifiziertes umweltfreundliches Papier, das den grenz\u00fcberschreitenden Exportstandards entspricht.<\/li>\n<li><strong>Prozess-Standard<\/strong>: Die ISO9001-Zertifizierung f\u00fcr das Qualit\u00e4tsmanagement gew\u00e4hrleistet einwandfreie Hei\u00dfpr\u00e4gung, UV- und andere Prozesse.<\/li>\n<li><strong>Effizienz der Lieferung<\/strong>: Unterst\u00fctzung von Kleinserien-Versuchsproduktion und Gro\u00dfserien-Anpassung, 7-15 Tage schnelle Lieferung, Abdeckung der globalen Logistikanforderungen.<\/li>\n<\/ul>\n<h2 id=\"-6-application-scenarios-and-market-adaptability-\"><strong>6. Anwendungsszenarien und Marktanpassungsf\u00e4higkeit<\/strong><\/h2>\n<ul>\n<li><strong>Sch\u00f6nheitsindustrie<\/strong>: Als nat\u00fcrliches Jade-Sch\u00f6nheitsset hebt es Verkaufsargumente wie \"Pulverkristall f\u00f6rdert die Blutzirkulation\" und \"Entgiftung und Sch\u00f6nheit durch Schaben\" hervor.<\/li>\n<li><strong>Geschenkemarkt<\/strong>: Geeignet f\u00fcr Feste, Gesch\u00e4fts- und Sozialgeschenke und kann mit Firmenlogos und Segensw\u00fcnschen versehen werden.<\/li>\n<li><strong>Grenz\u00fcberschreitender elektronischer Handel<\/strong>: Erf\u00fcllen Sie die Anforderungen von Amazon, unabh\u00e4ngigen Sendern und anderen Plattformen an die Sch\u00f6nheit und Zweckm\u00e4\u00dfigkeit der Verpackung.<\/li>\n<\/ul>\n<h2 id=\"-7-service-commitment-\"><strong>7. Dienstverpflichtung<\/strong><\/h2>\n<p>Vom Entwurf bis zur Lieferung bieten wir L\u00f6sungen aus einer Hand:<\/p>\n<ul>\n<li><strong>Kostenloses Proofing<\/strong>: Physische Muster werden innerhalb von 3-5 Arbeitstagen zur Verf\u00fcgung gestellt, und die Produktion beginnt, nachdem die Details best\u00e4tigt wurden.<\/li>\n<li><strong>Globale Logistik<\/strong>: Wir unterst\u00fctzen mehrere Kan\u00e4le wie DHL und Seetransport und stellen Exportzollerkl\u00e4rungsdokumente bereit.<\/li>\n<li><strong>After-Sales-Unterst\u00fctzung<\/strong>: Bedingungslose Nachbesserung oder R\u00fcckerstattung bei Qualit\u00e4tsproblemen zum Schutz der Kundenrechte.<\/li>\n<\/ul>\n<p><strong>Kontakt<\/strong>: Holen Sie sich sofort exklusive Verpackungsl\u00f6sungen, damit Ihre Jade-Beauty-Tools die weltweiten Verbraucher auf beeindruckende Weise erreichen!<\/p>","protected":false},"excerpt":{"rendered":"<ul>\n<li><strong>Kulturelles Empowerment<\/strong>: Einbeziehung traditioneller kultureller Elemente wie \"Jade-Sch\u00f6nheit\" und \"Chinesische Medizin Gua Sha\" zur Aufwertung der Produktgeschichte.<\/li>\n<li><strong>Optimierung der Kosten<\/strong>: Gro\u00dfe Menge und guter Preis, Mindestbestellmenge ab 500 St\u00fcck, Unterst\u00fctzung von gemischten Chargenanpassungen.<\/li>\n<li><strong>Nachhaltigkeit<\/strong>: Verwendung abbaubarer Materialien, um dem Umweltschutztrend auf dem europ\u00e4ischen und amerikanischen Markt zu entsprechen.<\/li>\n<\/ul>","protected":false},"featured_media":10047,"template":"","meta":[],"product_brand":[],"product_cat":[30,390,31,426],"product_tag":[1327,1328,1329],"class_list":{"0":"post-10043","1":"product","2":"type-product","3":"status-publish","4":"has-post-thumbnail","6":"product_cat-by-industry","7":"product_cat-custom-cosmetics-boxes","8":"product_cat-paper-box-style","9":"product_cat-paper-drawer-boxes","10":"product_tag-jade-roller-set-box","11":"product_tag-jade-stone-roller-box","12":"product_tag-roller-and-guasha-set-box","14":"first","15":"instock","16":"shipping-taxable","17":"product-type-grouped"},"_links":{"self":[{"href":"https:\/\/zojopackaging.com\/de\/wp-json\/wp\/v2\/product\/10043","targetHints":{"allow":["GET"]}}],"collection":[{"href":"https:\/\/zojopackaging.com\/de\/wp-json\/wp\/v2\/product"}],"about":[{"href":"https:\/\/zojopackaging.com\/de\/wp-json\/wp\/v2\/types\/product"}],"version-history":[{"count":1,"href":"https:\/\/zojopackaging.com\/de\/wp-json\/wp\/v2\/product\/10043\/revisions"}],"predecessor-version":[{"id":10050,"href":"https:\/\/zojopackaging.com\/de\/wp-json\/wp\/v2\/product\/10043\/revisions\/10050"}],"wp:featuredmedia":[{"embeddable":true,"href":"https:\/\/zojopackaging.com\/de\/wp-json\/wp\/v2\/media\/10047"}],"wp:attachment":[{"href":"https:\/\/zojopackaging.com\/de\/wp-json\/wp\/v2\/media?parent=10043"}],"wp:term":[{"taxonomy":"product_brand","embeddable":true,"href":"https:\/\/zojopackaging.com\/de\/wp-json\/wp\/v2\/product_brand?post=10043"},{"taxonomy":"product_cat","embeddable":true,"href":"https:\/\/zojopackaging.com\/de\/wp-json\/wp\/v2\/product_cat?post=10043"},{"taxonomy":"product_tag","embeddable":true,"href":"https:\/\/zojopackaging.com\/de\/wp-json\/wp\/v2\/product_tag?post=10043"}],"curies":[{"name":"wp","href":"https:\/\/api.w.org\/{rel}","templated":true}]}}