{"id":10051,"date":"2025-04-04T15:34:43","date_gmt":"2025-04-04T07:34:43","guid":{"rendered":"https:\/\/zojopackaging.com\/?post_type=product&#038;p=10051"},"modified":"2025-04-04T16:01:30","modified_gmt":"2025-04-04T08:01:30","slug":"rainbow-a5-deep-holographic-magnetic-collapsible-shiny-box","status":"publish","type":"product","link":"https:\/\/zojopackaging.com\/de\/product\/rainbow-a5-deep-holographic-magnetic-collapsible-shiny-box\/","title":{"rendered":"Regenbogen A5 tief holographische magnetische klappbare gl\u00e4nzende Box"},"content":{"rendered":"<h2 id=\"-1-minimalist-dynamic-aesthetics-visual-narrative-of-holographic-iridescent-purple-\"><strong>1. Minimalistische dynamische \u00c4sthetik: visuelle Erz\u00e4hlung von holographisch irisierendem Violett<\/strong><\/h2>\n<p>Basierend auf\u00a0<strong>Beschichtungstechnologie auf Nanoebene<\/strong>die\u00a0<strong>Mehrschichtige Interferenzbeschichtung<\/strong>\u00a0komprimiert das Regenbogenfarbspektrum zu einem einzigartigen \"schillernden violetten\" Hauptton. Bei Lichteinfall zeigt die Oberfl\u00e4che einen holografischen, dynamischen Glanz, der allm\u00e4hlich von dunkelviolett zu blaugr\u00fcn wechselt und so den Flie\u00dfeffekt des Polarlichts simuliert. Das Geh\u00e4use der Box besteht aus\u00a0<strong>Laser-Kaltpr\u00e4getechnik<\/strong>und integriert mikrogeschnitzte Texturen in minimalistische Linien. Bei statischer Betrachtung ist er so tief wie ein Amethyst, und bei dynamischem Licht und Schatten zeigt er einen mehrstufigen Lichthof, der zum geheimnisvollen und interaktiven Ausdruck von High-End-Marken passt.<\/p>\n<h2 id=\"-2-highly-customized-full-dimensional-adaptation-solution-\"><strong>2. Hochgradig individuell: volldimensionale Anpassungsl\u00f6sung<\/strong><\/h2>\n<ul>\n<li><strong>Art und Gr\u00f6\u00dfe der Box<\/strong>: Unterst\u00fctzt A5-Standardformat (148\u00d7210mm) und Nicht-Standard-Anpassung, Dicke einstellbar Bereich 0,5-5mm;<\/li>\n<li><strong>Auswahl des Materials<\/strong>: Wir bieten BOPET (umweltfreundlich und recycelbar), mattes\/gl\u00e4nzendes PVC, Metallverbundfolie und andere Optionen;<\/li>\n<li><strong>Oberfl\u00e4chentechnik<\/strong>: Kompatibel mit holografischer Hei\u00dfpr\u00e4gung, 3D-Wolkenfolienpr\u00e4gung, f\u00e4lschungssicherer Lasercodierung usw., z. B. kann es die gleiche\u00a0<strong>Mikrotext-Gravur-Tiefdrucktechnik<\/strong>\u00a0von Moutai zur Verbesserung des F\u00e4lschungsschutzes;<\/li>\n<li><strong>Farbsystem<\/strong>: Zus\u00e4tzlich zu irisierendem Ultraviolett unterst\u00fctzt es die Pantone-Spot-Farbanpassung und erzielt metallische Textur- oder Gradienteneffekte durch\u00a0<strong>Magnetron-Sputter-Beschichtung<\/strong>.<\/li>\n<\/ul>\n<h2 id=\"-3-smart-manufacturing-service-16-years-of-one-stop-solution-\"><strong>3. Intelligenter Fertigungsservice: 16 Jahre L\u00f6sung aus einer Hand<\/strong><\/h2>\n<p>Verlassen Sie sich auf\u00a0<strong>16 Jahre Erfahrung mit der Anpassung von Verpackungen<\/strong>Wir bieten umfassende Dienstleistungen vom Entwurf bis zur Lieferung der Massenproduktion:<\/p>\n<ul>\n<li><strong>Unterst\u00fctzung bei der Gestaltung<\/strong>: Durch die Kombination von AI-Modellierung und manuellem Proofing k\u00f6nnen wir innerhalb von 72 Stunden 3D-Renderings und physische Musterkartons erstellen;<\/li>\n<li><strong>Produktionsgarantie<\/strong>: Durch den Einsatz einer vollautomatischen Stanzmaschine und einer magnetischen Positionieranlage wird eine Genauigkeit von \u00b10,1 mm erreicht;<\/li>\n<li><strong>Optimierung der Logistik<\/strong>: Die faltbare Verpackungsl\u00f6sung erh\u00f6ht die Ladekapazit\u00e4t eines einzelnen Fahrzeugs um 300%.<\/li>\n<\/ul>\n<h2 id=\"-technical-parameters-\"><strong>Technische Parameter<\/strong><\/h2>\n<table>\n<thead>\n<tr>\n<th>Projekt<\/th>\n<th>Parameter<\/th>\n<\/tr>\n<\/thead>\n<tbody>\n<tr>\n<td>Magnetische Kraft<\/td>\n<td>3-5N (anpassbar 8N milit\u00e4rische Qualit\u00e4t)<\/td>\n<\/tr>\n<tr>\n<td>Das gefaltete Leben<\/td>\n<td>\u2265200 Mal (ASTM D4169-Test)<\/td>\n<\/tr>\n<tr>\n<td>Umweltzertifizierung<\/td>\n<td>RoHS\/REACH\/FSC-Zertifizierung<\/td>\n<\/tr>\n<\/tbody>\n<\/table>\n<p>Dieser Verpackungskarton definiert die Form und die funktionalen Grenzen von High-End-Verpackungen neu mit dem Konzept der\u00a0<strong>Technologie, die die \u00c4sthetik st\u00e4rkt<\/strong>. Es ist nicht nur ein Produktbeh\u00e4lter, sondern auch ein k\u00fcnstlerischer Tr\u00e4ger der Markenerz\u00e4hlung.<\/p>","protected":false},"excerpt":{"rendered":"<p>1. Diese Verpackungsschachtel basiert auf einer minimalistischen \u00c4sthetik, die eine visuelle Erz\u00e4hlung des Regenbogenglanzbeh\u00e4lters von statisch bis dynamisch, von einzeln bis interaktiv darstellt.<br \/>\n2. Das Regenbogenfarbspektrum wird durch die Beschichtungstechnologie auf Nanoebene in den lila Hauptton komprimiert, wodurch ein einzigartiges \"Iris-Lila\"-Ph\u00e4nomen entsteht, das sich sehr gut f\u00fcr Verpackungskartons von High-End-Produkten eignet<br \/>\n3. Die Box Art, Gr\u00f6\u00dfe, Farbe, Material und Oberfl\u00e4che Druck kann sehr individuell sein, um Ihre Regenbogen A5 tief holographische magnetische faltbare gl\u00e4nzende Verpackung passen<br \/>\n4. 16 Jahre Verpackungsanpassungsservice, spezialisiert auf Produktionsdesign und -betrieb, vom Design \u00fcber die Produktion bis zum Transport, alles aus einer Hand!<\/p>","protected":false},"featured_media":10053,"template":"","meta":[],"product_brand":[],"product_cat":[30,390,31,426],"product_tag":[1327,1328,1329],"class_list":{"0":"post-10051","1":"product","2":"type-product","3":"status-publish","4":"has-post-thumbnail","6":"product_cat-by-industry","7":"product_cat-custom-cosmetics-boxes","8":"product_cat-paper-box-style","9":"product_cat-paper-drawer-boxes","10":"product_tag-jade-roller-set-box","11":"product_tag-jade-stone-roller-box","12":"product_tag-roller-and-guasha-set-box","14":"first","15":"instock","16":"shipping-taxable","17":"product-type-grouped"},"_links":{"self":[{"href":"https:\/\/zojopackaging.com\/de\/wp-json\/wp\/v2\/product\/10051","targetHints":{"allow":["GET"]}}],"collection":[{"href":"https:\/\/zojopackaging.com\/de\/wp-json\/wp\/v2\/product"}],"about":[{"href":"https:\/\/zojopackaging.com\/de\/wp-json\/wp\/v2\/types\/product"}],"version-history":[{"count":1,"href":"https:\/\/zojopackaging.com\/de\/wp-json\/wp\/v2\/product\/10051\/revisions"}],"predecessor-version":[{"id":10065,"href":"https:\/\/zojopackaging.com\/de\/wp-json\/wp\/v2\/product\/10051\/revisions\/10065"}],"wp:featuredmedia":[{"embeddable":true,"href":"https:\/\/zojopackaging.com\/de\/wp-json\/wp\/v2\/media\/10053"}],"wp:attachment":[{"href":"https:\/\/zojopackaging.com\/de\/wp-json\/wp\/v2\/media?parent=10051"}],"wp:term":[{"taxonomy":"product_brand","embeddable":true,"href":"https:\/\/zojopackaging.com\/de\/wp-json\/wp\/v2\/product_brand?post=10051"},{"taxonomy":"product_cat","embeddable":true,"href":"https:\/\/zojopackaging.com\/de\/wp-json\/wp\/v2\/product_cat?post=10051"},{"taxonomy":"product_tag","embeddable":true,"href":"https:\/\/zojopackaging.com\/de\/wp-json\/wp\/v2\/product_tag?post=10051"}],"curies":[{"name":"wp","href":"https:\/\/api.w.org\/{rel}","templated":true}]}}