{"id":10066,"date":"2025-04-04T16:02:38","date_gmt":"2025-04-04T08:02:38","guid":{"rendered":"https:\/\/zojopackaging.com\/?post_type=product&#038;p=10066"},"modified":"2025-04-04T16:47:10","modified_gmt":"2025-04-04T08:47:10","slug":"custom-perfume-packaging-kraft-paper-tubes-boxes-wholesale","status":"publish","type":"product","link":"https:\/\/zojopackaging.com\/de\/product\/custom-perfume-packaging-kraft-paper-tubes-boxes-wholesale\/","title":{"rendered":"Benutzerdefinierte Parf\u00fcm Verpackung Kraftpapier R\u00f6hren Boxen Gro\u00dfhandel"},"content":{"rendered":"<h2 id=\"-customized-perfume-packaging-kraft-paper-tube-box-wholesale-products-\"><strong>Kundenspezifische Parf\u00fcm Verpackung Kraft Papier Tube Box Gro\u00dfhandel Produkte<\/strong><\/h2>\n<h2 id=\"1-multi-functional-applicability-\">1.\u00a0<strong>Multifunktionale Anwendbarkeit<\/strong><\/h2>\n<ul>\n<li>Geeignet f\u00fcr Parf\u00fcm, Kerzen, Kaffeebohnen, Tee, Hautpflegeprodukte und andere vielf\u00e4ltige Produktverpackungen. Der Innenraum kann in Tiefe und Durchmesser individuell angepasst werden, um sich verschiedenen Produktgr\u00f6\u00dfen anzupassen.<\/li>\n<\/ul>\n<h2 id=\"2-flexible-customization-service-\">2.\u00a0<strong>Flexibler Anpassungsservice<\/strong><\/h2>\n<ul>\n<li>Wir bieten eine umfassende Prozessunterst\u00fctzung vom Proofing eines einzelnen St\u00fccks bis zur Massenproduktion ohne Mengenbeschr\u00e4nkung, um die Bed\u00fcrfnisse von Start-up-Marken bis hin zu Gro\u00dfunternehmen zu erf\u00fcllen.<\/li>\n<li>Unterst\u00fctzung von Bild-, Text- und Farbanpassungen, 3D-Designvorschau und Best\u00e4tigung von Mustern, um sicherzustellen, dass das fertige Produkt den Erwartungen entspricht.<\/li>\n<\/ul>\n<h2 id=\"-production-process-and-quality-assurance-\"><strong>Produktionsprozess und Qualit\u00e4tssicherung<\/strong><\/h2>\n<ul>\n<li><strong>Strenges Qualit\u00e4tskontrollsystem<\/strong>: Die Fabrik verf\u00fcgt \u00fcber eine 5.320 Quadratmeter gro\u00dfe, standardisierte Werkstatt mit einer vollautomatischen Produktionslinie. Von der Materialauswahl bis zur Verpackung des Endprodukts hat das Werk die ISO-Qualit\u00e4tszertifizierung erhalten, um zu gew\u00e4hrleisten, dass in jeder Phase keine Fehler auftreten.<\/li>\n<li><strong>Service aus einer Hand<\/strong>: Das Team mit 16-j\u00e4hriger Branchenerfahrung bietet umfassende Prozessunterst\u00fctzung f\u00fcr Design, Produktion und Logistik, einen 7\u00d724-Stunden-Kundenservice und l\u00f6st verschiedene Anforderungen von der Zeichnungsoptimierung bis zur Transportverfolgung.<\/li>\n<\/ul>\n<h2 id=\"-application-scenarios-\"><strong>Anwendungsszenarien<\/strong><\/h2>\n<ul>\n<li><strong>Werbegeschenke<\/strong>: hochwertige Parf\u00fcm-Geschenkboxen, Duftsets in limitierter Auflage.<\/li>\n<li><strong>Einzelhandelsverpackungen<\/strong>: Teedosen, Vorratsdosen f\u00fcr Kaffeebohnen, Beh\u00e4lter f\u00fcr Hautpflegeprodukte.<\/li>\n<li><strong>Anpassung der Marke<\/strong>: Geschenke f\u00fcr Firmenveranstaltungen, Verpackungen in limitierter Auflage f\u00fcr den Urlaub.<\/li>\n<\/ul>\n<h2 id=\"-service-commitment-\"><strong>Verpflichtung zur Dienstleistung<\/strong><\/h2>\n<ul>\n<li><strong>Schnelle Lieferung<\/strong>Die Massenproduktion wird innerhalb von 7-15 Tagen nach der Musterbest\u00e4tigung abgeschlossen sein und unterst\u00fctzt die weltweite Logistik (Land\/Luft\/See).<\/li>\n<li><strong>Garantie nach dem Verkauf<\/strong>: Ersatzteilservice bei Besch\u00e4digung und lebenslange technische Beratung.<\/li>\n<\/ul>\n<p><strong>Kontakt<\/strong>\u00a0Starten Sie jetzt mit exklusivem Verpackungsdesign und interpretieren Sie den Markenwert mit Details! Bieten Sie kostenlose Designberatung und Kostenvoranschl\u00e4ge an, damit sich Ihre Produkte auf dem Markt abheben.<\/p>\n<blockquote><p><em>\"Vom Design bis zur Auslieferung machen wir die Verpackung zur Sprache der Marke\".<\/em><\/p><\/blockquote>","protected":false},"excerpt":{"rendered":"<p>Unsere umweltfreundliche und recycelbare Kraftpapierschachtel wurde f\u00fcr hochwertige Parf\u00fcm- und Duftprodukte entwickelt und eignet sich auch f\u00fcr die Verpackung einer Vielzahl von exquisiten Produkten wie Kerzen, Kaffeebohnen, Tee, Kosmetika usw. Sie besteht aus nat\u00fcrlichem braunem Kraftpapier mit einer glatten und zarten Oberfl\u00e4che, die nicht nur eine nat\u00fcrliche und einfache Sch\u00f6nheit aufweist, sondern auch dem modernen Umweltschutzkonzept entspricht. Das standardm\u00e4\u00dfige zylindrische Design ist mit einem gleichfarbigen Verschlussdeckel versehen, der \u00d6ffnungsrand ist flach, und der Innenraum ist ger\u00e4umig, so dass eine Vielzahl von Produktspezifikationen untergebracht werden kann, was sowohl die Dichtigkeit als auch die \u00c4sthetik gew\u00e4hrleistet.<\/p>","protected":false},"featured_media":10072,"template":"","meta":[],"product_brand":[],"product_cat":[30,417,31,429],"product_tag":[1334,1058,521],"class_list":{"0":"post-10066","1":"product","2":"type-product","3":"status-publish","4":"has-post-thumbnail","6":"product_cat-by-industry","7":"product_cat-custom-perfume-boxes-by-industry","8":"product_cat-paper-box-style","9":"product_cat-paper-tube-boxes","10":"product_tag-perfume-kraft-packaging","11":"product_tag-perfume-packaging","12":"product_tag-perfume-paper-tubes","14":"first","15":"instock","16":"shipping-taxable","17":"product-type-grouped"},"_links":{"self":[{"href":"https:\/\/zojopackaging.com\/de\/wp-json\/wp\/v2\/product\/10066","targetHints":{"allow":["GET"]}}],"collection":[{"href":"https:\/\/zojopackaging.com\/de\/wp-json\/wp\/v2\/product"}],"about":[{"href":"https:\/\/zojopackaging.com\/de\/wp-json\/wp\/v2\/types\/product"}],"version-history":[{"count":1,"href":"https:\/\/zojopackaging.com\/de\/wp-json\/wp\/v2\/product\/10066\/revisions"}],"predecessor-version":[{"id":10081,"href":"https:\/\/zojopackaging.com\/de\/wp-json\/wp\/v2\/product\/10066\/revisions\/10081"}],"wp:featuredmedia":[{"embeddable":true,"href":"https:\/\/zojopackaging.com\/de\/wp-json\/wp\/v2\/media\/10072"}],"wp:attachment":[{"href":"https:\/\/zojopackaging.com\/de\/wp-json\/wp\/v2\/media?parent=10066"}],"wp:term":[{"taxonomy":"product_brand","embeddable":true,"href":"https:\/\/zojopackaging.com\/de\/wp-json\/wp\/v2\/product_brand?post=10066"},{"taxonomy":"product_cat","embeddable":true,"href":"https:\/\/zojopackaging.com\/de\/wp-json\/wp\/v2\/product_cat?post=10066"},{"taxonomy":"product_tag","embeddable":true,"href":"https:\/\/zojopackaging.com\/de\/wp-json\/wp\/v2\/product_tag?post=10066"}],"curies":[{"name":"wp","href":"https:\/\/api.w.org\/{rel}","templated":true}]}}