{"id":10073,"date":"2025-04-04T16:21:22","date_gmt":"2025-04-04T08:21:22","guid":{"rendered":"https:\/\/zojopackaging.com\/?post_type=product&#038;p=10073"},"modified":"2025-04-04T16:25:35","modified_gmt":"2025-04-04T08:25:35","slug":"custom-cmyk-printing-folding-cardboard-box-paper-perfume-boxes","status":"publish","type":"product","link":"https:\/\/zojopackaging.com\/de\/product\/custom-cmyk-printing-folding-cardboard-box-paper-perfume-boxes\/","title":{"rendered":"Benutzerdefinierte CMYK Druck Faltkarton Box Papier Parf\u00fcm Boxen"},"content":{"rendered":"<h3 id=\"-1-structural-innovation-visual-revolution-of-double-insert-box-\"><strong>1. Strukturelle Innovation: visuelle Revolution der Doppeleinschubbox<\/strong><\/h3>\n<p>Die Struktur des Doppelkartons ist stabil und kann das Produkt sch\u00fctzen. Sie ist leicht zu \u00f6ffnen und zu schlie\u00dfen und kann innerhalb von 0,5 Sekunden ge\u00f6ffnet und geschlossen werden. Diese Struktur kann die Sendung verteilen und Platz sparen, vor allem angesichts der wachsenden internationalen Logistik Fracht, die eine Menge Kosten f\u00fcr Unternehmen spart<\/p>\n<h3 id=\"-2-color-psychology-advanced-expression-of-minimalist-design-\"><strong>2. Farbpsychologie: fortschrittlicher Ausdruck des minimalistischen Designs<\/strong><\/h3>\n<p><strong>Auswahl der Farbe<\/strong>: Die Hauptfarbe ist Perlwei\u00df, mit leuchtendem Orange als Rahmen und dem Parf\u00fcmmuster in der Mitte, um einen visuellen Kontrast zu bilden. Durch den Pr\u00e4zisionsdruck mit 1200 dpi wird eine visuelle Klarheit auf Nanoniveau erreicht.<\/p>\n<h3 id=\"-3-process-empowerment-artistic-fusion-of-spot-color-printing-and-surface-treatment-\"><strong>3. Prozessbef\u00e4higung: k\u00fcnstlerische Verschmelzung von Sonderfarbdruck und Oberfl\u00e4chenbehandlung<\/strong><\/h3>\n<p>-\u00a0<strong>Schmuckfarbendruck<\/strong>: Mit Heidelberg Sechs-Farben-Druckmaschine, Farbunterschied \u0394E\u22641,2, Unterst\u00fctzung Pantone Sonderfarbe \u00dcberdrucken, Farbs\u00e4ttigung um 40% erh\u00f6ht; -\u00a0<strong>Hei\u00dfpr\u00e4geverfahren<\/strong>: Ros\u00e9gold\/Champagnergold, kundenspezifische Farbkarte, Metallic-Glanz bis zu 90GU, Verschlei\u00dffestigkeit nach ISO 2838 getestet; -\u00a0<strong>Gepr\u00e4gte Pr\u00e4gung<\/strong>: 0,3 mm dreidimensionale Blumenpr\u00e4gung, taktile Klarheit durch 50% erh\u00f6ht, Anti-F\u00e4lschungs-Leistung erreicht internationale Zertifizierungsstandards; -\u00a0<strong>Auswahl des Materials<\/strong>: 350g schwere Einzelpulverkarte, Oberfl\u00e4chenrauheit Ra\u22641,2\u03bcm, verbesserte Druckanpassungsf\u00e4higkeit durch 30%.<\/p>\n<h3 id=\"-4-logistics-optimization-cost-reduction-and-efficiency-improvement-through-flat-design-\"><strong>4. Logistikoptimierung: Kostensenkung und Effizienzsteigerung durch flache Bauweise<\/strong><\/h3>\n<p>-\u00a0<strong>Raumnutzung<\/strong>: Die flache Bauweise erh\u00f6ht die Ladeeffizienz um 70% und senkt die Transportkosten um 25%; -\u00a0<strong>Umweltzertifizierung<\/strong>: Alle Materialien sind FSC-zertifiziert und entsprechen den REACH-Vorschriften der EU; -\u00a0<strong>Intelligente Verpackung<\/strong>: Die faltbare Auskleidung wird verwendet, um das Volumen der leeren Schachtel um 60% zu reduzieren, was dazu beitr\u00e4gt, das Ziel der Kohlenstoffneutralit\u00e4t zu erreichen.<\/p>\n<h3 id=\"-5-functional-design-refined-solution-for-lining-system-\"><strong>5. Funktionelles Design: verfeinerte L\u00f6sung f\u00fcr das Auskleidungssystem<\/strong><\/h3>\n<p><strong>Interne Kartenstruktur<\/strong>: Umweltfreundliches Wellpapier oder einfache Pulverkartons k\u00f6nnen verwendet werden, um die Funktionen der Fixierung und des Pufferschutzes durch Schneiden, Falten, Knicken usw. zu erreichen.<\/p>\n<h3 id=\"-6-smart-manufacturing-cornerstone-hard-core-support-of-16-years-of-industry-experience-\"><strong>6. Eckpfeiler der intelligenten Fertigung: Hardcore-Unterst\u00fctzung durch 16 Jahre Branchenerfahrung<\/strong><\/h3>\n<p>-\u00a0<strong>Ausstattungsmatrix<\/strong>5 vollautomatische Produktionslinien f\u00fcr Kartenschachteln, ausgestattet mit Schneider PLC-Steuerung, Tagesproduktion von 100.000 St\u00fcck, Fehlerquote &lt;0,1%; -\u00a0<strong>System der Qualit\u00e4tskontrolle<\/strong>: ISO 9001\/BSCI-Zertifizierung, jede Produktcharge wird 12 Qualit\u00e4tskontrollen unterzogen (Druck-\/Tropftests\/Farbechtheitstests); -\u00a0<strong>Produktionskapazit\u00e4t<\/strong>Die t\u00e4gliche Produktionskapazit\u00e4t von 200.000 St\u00fcck unterst\u00fctzt die Massenproduktion von 500 St\u00fcck bis zu einer Million St\u00fcck, und dringende Bestellungen werden innerhalb von 24 Stunden geliefert.<\/p>\n<h3 id=\"-7-design-empowerment-precise-transformation-from-demand-to-implementation-\"><strong>7. Design Empowerment: pr\u00e4zise Umsetzung von der Nachfrage zur Implementierung<\/strong><\/h3>\n<p>Ein spezielles Team von 3 Designern mit mehr als 10 Jahren Erfahrung bietet drei wichtige ma\u00dfgeschneiderte Dienstleistungen an: -\u00a0<strong>Strukturelle Innovation<\/strong>: Entwicklung von 12 patentierten Schachteltypen (z. B. drehbare Schichten, magnetische Passwortschl\u00f6sser), die mit der Platzierung von Produkten in Sonderformen kompatibel sind; -\u00a0<strong>Interaktive Optimierung<\/strong>: Einbetten eines NFC-Chips (optional), Scannen des Codes, um Informationen \u00fcber die R\u00fcckverfolgbarkeit des Produkts und Beauty-Tutorials zu erhalten; -\u00a0<strong>Schnelle Iteration<\/strong>: Unterst\u00fctzung einer Echtzeit-Vorschau der 3D-Modellierung und Best\u00e4tigung des kompletten Entwurfsplans innerhalb von 8 Stunden.<\/p>","protected":false},"excerpt":{"rendered":"<p><strong>ZOJO Print | Experte f\u00fcr ma\u00dfgeschneiderte Parf\u00fcmverpackungen - mit Design die neue \u00c4sthetik des Parf\u00fcms interpretieren<\/strong><\/p>\n<p>In einer Zeit, in der der Wettbewerb auf dem Parf\u00fcmmarkt immer h\u00e4rter wird, ist die Verpackung nicht nur ein Produktbeh\u00e4lter, sondern auch ein Medium f\u00fcr die emotionale Verbindung zwischen Marken und Verbrauchern. ZOJO Print ist seit 16 Jahren im Verpackungsbereich t\u00e4tig und konzentriert sich auf die Bereitstellung von Papierschachtell\u00f6sungen f\u00fcr Parf\u00fcm- und Sch\u00f6nheitsprodukte, die Funktionalit\u00e4t, \u00e4sthetischen Wert und kommerzielle Wettbewerbsf\u00e4higkeit miteinander verbinden.<\/p>","protected":false},"featured_media":10076,"template":"","meta":[],"product_brand":[],"product_cat":[30,417,430,31],"product_tag":[1333,1332,336],"class_list":{"0":"post-10073","1":"product","2":"type-product","3":"status-publish","4":"has-post-thumbnail","6":"product_cat-by-industry","7":"product_cat-custom-perfume-boxes-by-industry","8":"product_cat-folding-cartons","9":"product_cat-paper-box-style","10":"product_tag-cmyk-printing-folding-cardboard-box","11":"product_tag-custom-folding-cardboard-box","12":"product_tag-perfume-boxes","14":"first","15":"instock","16":"shipping-taxable","17":"product-type-grouped"},"_links":{"self":[{"href":"https:\/\/zojopackaging.com\/de\/wp-json\/wp\/v2\/product\/10073","targetHints":{"allow":["GET"]}}],"collection":[{"href":"https:\/\/zojopackaging.com\/de\/wp-json\/wp\/v2\/product"}],"about":[{"href":"https:\/\/zojopackaging.com\/de\/wp-json\/wp\/v2\/types\/product"}],"version-history":[{"count":1,"href":"https:\/\/zojopackaging.com\/de\/wp-json\/wp\/v2\/product\/10073\/revisions"}],"predecessor-version":[{"id":10080,"href":"https:\/\/zojopackaging.com\/de\/wp-json\/wp\/v2\/product\/10073\/revisions\/10080"}],"wp:featuredmedia":[{"embeddable":true,"href":"https:\/\/zojopackaging.com\/de\/wp-json\/wp\/v2\/media\/10076"}],"wp:attachment":[{"href":"https:\/\/zojopackaging.com\/de\/wp-json\/wp\/v2\/media?parent=10073"}],"wp:term":[{"taxonomy":"product_brand","embeddable":true,"href":"https:\/\/zojopackaging.com\/de\/wp-json\/wp\/v2\/product_brand?post=10073"},{"taxonomy":"product_cat","embeddable":true,"href":"https:\/\/zojopackaging.com\/de\/wp-json\/wp\/v2\/product_cat?post=10073"},{"taxonomy":"product_tag","embeddable":true,"href":"https:\/\/zojopackaging.com\/de\/wp-json\/wp\/v2\/product_tag?post=10073"}],"curies":[{"name":"wp","href":"https:\/\/api.w.org\/{rel}","templated":true}]}}