{"id":10082,"date":"2025-04-04T16:35:34","date_gmt":"2025-04-04T08:35:34","guid":{"rendered":"https:\/\/zojopackaging.com\/?post_type=product&#038;p=10082"},"modified":"2025-04-04T16:58:22","modified_gmt":"2025-04-04T08:58:22","slug":"premium-quality-high-quality-custom-soap-boxes-manufacturer","status":"publish","type":"product","link":"https:\/\/zojopackaging.com\/de\/product\/premium-quality-high-quality-custom-soap-boxes-manufacturer\/","title":{"rendered":"Premium Qualit\u00e4t Hochwertige Seifenkisten Hersteller"},"content":{"rendered":"<h2 id=\"-high-quality-custom-soap-box-manufacturer-product-description-\"><strong>Hochwertige individuelle Seifenkiste Hersteller Produktbeschreibung<\/strong><\/h2>\n<p>Als Hersteller mit 16 Jahren professioneller Erfahrung im Verpackungsdesign und in der Produktion sind wir bestrebt, unseren Kunden ma\u00dfgeschneiderte Seifenkistenl\u00f6sungen anzubieten, die Funktionalit\u00e4t, \u00c4sthetik und Umweltschutzkonzepte miteinander verbinden. Mit einer 5.320 Quadratmeter gro\u00dfen, modernen Produktionsst\u00e4tte und einem strengen Qualit\u00e4tsmanagementsystem stellen wir sicher, dass jedes Produkt den branchenf\u00fchrenden Standards entspricht. Im Folgenden finden Sie unsere wichtigsten Produktvorteile und Serviceleistungen:<\/p>\n<h2 id=\"-1-corrugated-paper-material-scientific-buffering-protecting-product-safety-\"><strong>1. Wellpappenmaterial: wissenschaftliche Pufferung, Schutz der Produktsicherheit<\/strong><\/h2>\n<p>Durch die Verwendung einer mehrschichtigen Wellpappenstruktur, die aus einer Zwischenschicht aus gewelltem Kernpapier und flacher Pappe besteht, erh\u00e4lt der Verpackungskarton eine ausgezeichnete Druckfestigkeit und Sto\u00dfd\u00e4mpfung. Die Wabenstruktur kann den Au\u00dfendruck w\u00e4hrend des Transports effektiv zerstreuen, verhindert, dass die Seife durch Extrusion, Zusammensto\u00df oder Vibration besch\u00e4digt wird, und stellt sicher, dass das Produkt von der Fabrik bis in die H\u00e4nde der Verbraucher immer intakt ist.<\/p>\n<h2 id=\"-2-folding-mailer-box-efficient-packaging-convenient-and-environmentally-friendly-\"><strong>2. Faltbare Mailer Box: Effiziente Verpackung, praktisch und umweltfreundlich<\/strong><\/h2>\n<p>Das innovative Faltdesign vereinfacht den Verpackungsprozess, und das Verpacken und Zerlegen kann schnell und ohne Klebstoff oder komplexe Werkzeuge erfolgen. Der Schachtelk\u00f6rper wird im Vorpr\u00e4geverfahren hergestellt, das die Genauigkeit und Stabilit\u00e4t der Formgebung ber\u00fccksichtigt und sich an die Anforderungen der Massenproduktion in der automatisierten Produktionslinie anpasst. Die leichte Bauweise reduziert die Logistikkosten, und die leere Box kann f\u00fcr die Lagerung komprimiert werden, wodurch der ben\u00f6tigte Lagerplatz reduziert wird.<\/p>\n<h2 id=\"-three-soothing-pink-tone-psychological-empowerment-conveying-brand-temperature-\"><strong>3. Beruhigender rosafarbener Ton: psychologisches Empowerment, Vermittlung der Markentemperatur<\/strong><\/h2>\n<p>Die Schachtel ist haupts\u00e4chlich in zartem Rosa gehalten, inspiriert durch den psychologischen \"Rosa-Elefanten-Effekt\" - visuelle Hinweise lindern \u00c4ngste und stimulieren positive Einstellungen. Studien haben gezeigt, dass Rosa eine warme und friedliche Atmosph\u00e4re schafft, die Freude der Verbraucher beim Auspacken steigert und Marken dabei hilft, emotionale Verbindungen aufzubauen.<\/p>\n<h2 id=\"-four-double-sided-printing-process-double-exposure-strengthen-brand-memory-\"><strong>4. Doppelseitiger Druckprozess: doppelte Belichtung, St\u00e4rkung des Markenged\u00e4chtnisses<\/strong><\/h2>\n<p>Die hochaufl\u00f6sende, doppelseitige Drucktechnologie unterst\u00fctzt vollfarbige Logos, Produktinformationen und individuelle Muster. Die Textur wird durch Hei\u00dfpr\u00e4gung, UV-Lokalverglasung und andere Verfahren verbessert, um sicherzustellen, dass die visuellen Elemente der Marke w\u00e4hrend der Regalpr\u00e4sentation und des Transports immer ins Auge fallen. Auf der Vorderseite kann beispielsweise das Verkaufsargument f\u00fcr das Produkt stehen, und auf der R\u00fcckseite k\u00f6nnen Anleitungen oder Umweltschutzerkl\u00e4rungen aufgedruckt werden, um eine doppelte Aufwertung von Funktion und \u00c4sthetik zu erreichen.<\/p>\n<h2 id=\"-v-in-depth-customization-service-flexible-adaptation-exclusive-brand-style-\"><strong>5. Umfassender Anpassungsservice: flexible Anpassung, exklusiver Markenstil<\/strong><\/h2>\n<p>Wir bieten umfassende Anpassungsm\u00f6glichkeiten:<\/p>\n<ul>\n<li><strong>Auswahl des Stils<\/strong>Moderne Minimalistik, nationaler Retro-Trend, Business-Light-Luxus und andere Themen sind verf\u00fcgbar;<\/li>\n<li><strong>Anpassung der Spezifikation<\/strong>: Sie unterst\u00fctzen eine Vielzahl von Gr\u00f6\u00dfen, Schachtelarten (z. B. obere und untere Abdeckungen, Schubladenk\u00e4sten) und Fensterformen;<\/li>\n<li><strong>Personalisierte Elemente<\/strong>: freie Kombination von Bildern, Texten, Farben und sogar interaktiven Strukturen (wie z. B. Puzzle-Geschenkboxen);<\/li>\n<li><strong>Aufwertung der Umwelt<\/strong>: optionale gr\u00fcne Materialien wie Bagasse-Zellstoff und abbaubare Druckfarben im Einklang mit dem ESG-Konzept.<\/li>\n<\/ul>\n<h2 id=\"-six-one-stop-service-worry-free-from-design-to-delivery-\"><strong>6. Service aus einer Hand: Rundum sorglos vom Entwurf bis zur Lieferung<\/strong><\/h2>\n<p>Auf der Grundlage von 16 Jahren Erfahrung in der Branche haben wir ein umfassendes Dienstleistungssystem f\u00fcr Design, Produktion, Qualit\u00e4tskontrolle und Logistik aufgebaut:<\/p>\n<ol>\n<li><strong>Professionelles Designteam<\/strong>: Bereitstellung von 3D-Modellen und physischen Probedrucken entsprechend dem Markenton, um die Umsetzung des Designs zu gew\u00e4hrleisten;<\/li>\n<li><strong>Intelligente Produktion<\/strong>: Einf\u00fchrung einer deutschen Heidelberg-Offsetdruckmaschine und einer automatisierten Stanzanlage, um schnell auf Gro\u00dfauftr\u00e4ge reagieren zu k\u00f6nnen;<\/li>\n<li><strong>Strenge Qualit\u00e4tskontrolle<\/strong>: Bestehen Sie mehr als 20 Tests, wie z. B. Haltbarkeitstest, Wasserdichtigkeitstest, Anti-Aging-Test usw., um die Produktqualit\u00e4t zu gew\u00e4hrleisten;<\/li>\n<li><strong>Globales Logistiknetz<\/strong>: Zusammenarbeit mit f\u00fchrenden Logistikunternehmen, um T\u00fcr-zu-T\u00fcr-Transporte sowie Lager- und Verwahrungsdienste anzubieten.<\/li>\n<\/ol>\n<h2 id=\"-vii-customer-service-commitment-professional-companionship-full-time-escort-\"><strong>7. Engagement im Kundenservice: Professionelle Begleitung, Vollzeit-Escort<\/strong><\/h2>\n<p>Wir praktizieren das Konzept des \"Kundenerfolgs\" und bieten:<\/p>\n<ul>\n<li><strong>24-Stunden-Reaktion<\/strong>: Ein exklusiver Kundendienst verfolgt den Auftragsverlauf und l\u00f6st technische Probleme innerhalb von 48 Stunden;<\/li>\n<li><strong>Flexible Mindestbestellmenge<\/strong>: MOQ 500 St\u00fcck, um die Kosten f\u00fcr Versuch und Irrtum f\u00fcr kleine und mittlere Unternehmen zu reduzieren;<\/li>\n<li><strong>After-Sales-Garantie<\/strong>: Kostenlose Reparatur\/Ersatzlieferung w\u00e4hrend der Garantiezeit, lebenslanger technischer Support.<\/li>\n<\/ul>","protected":false},"excerpt":{"rendered":"<p>Wenn Sie sich f\u00fcr uns entscheiden, entscheiden Sie sich nicht nur f\u00fcr eine Seifenkiste, sondern auch f\u00fcr eine best\u00e4ndige Qualit\u00e4t, Verantwortung f\u00fcr den Umweltschutz und die St\u00e4rkung des Markenwerts. Nehmen Sie jetzt Kontakt mit uns auf, um eine exklusive Individualisierungsreise zu beginnen und die Produktverpackung zum perfekten Tr\u00e4ger Ihrer Markengeschichte werden zu lassen.<\/p>","protected":false},"featured_media":10083,"template":"","meta":[],"product_brand":[],"product_cat":[30,390,31,433],"product_tag":[1306,1337,1338],"class_list":{"0":"post-10082","1":"product","2":"type-product","3":"status-publish","4":"has-post-thumbnail","6":"product_cat-by-industry","7":"product_cat-custom-cosmetics-boxes","8":"product_cat-paper-box-style","9":"product_cat-shipping-mailer-boxes","10":"product_tag-custom-soap-boxes","11":"product_tag-premium-soap-boxes","12":"product_tag-soap-boxes-manufacturer","14":"first","15":"instock","16":"shipping-taxable","17":"product-type-grouped"},"_links":{"self":[{"href":"https:\/\/zojopackaging.com\/de\/wp-json\/wp\/v2\/product\/10082","targetHints":{"allow":["GET"]}}],"collection":[{"href":"https:\/\/zojopackaging.com\/de\/wp-json\/wp\/v2\/product"}],"about":[{"href":"https:\/\/zojopackaging.com\/de\/wp-json\/wp\/v2\/types\/product"}],"version-history":[{"count":1,"href":"https:\/\/zojopackaging.com\/de\/wp-json\/wp\/v2\/product\/10082\/revisions"}],"predecessor-version":[{"id":10098,"href":"https:\/\/zojopackaging.com\/de\/wp-json\/wp\/v2\/product\/10082\/revisions\/10098"}],"wp:featuredmedia":[{"embeddable":true,"href":"https:\/\/zojopackaging.com\/de\/wp-json\/wp\/v2\/media\/10083"}],"wp:attachment":[{"href":"https:\/\/zojopackaging.com\/de\/wp-json\/wp\/v2\/media?parent=10082"}],"wp:term":[{"taxonomy":"product_brand","embeddable":true,"href":"https:\/\/zojopackaging.com\/de\/wp-json\/wp\/v2\/product_brand?post=10082"},{"taxonomy":"product_cat","embeddable":true,"href":"https:\/\/zojopackaging.com\/de\/wp-json\/wp\/v2\/product_cat?post=10082"},{"taxonomy":"product_tag","embeddable":true,"href":"https:\/\/zojopackaging.com\/de\/wp-json\/wp\/v2\/product_tag?post=10082"}],"curies":[{"name":"wp","href":"https:\/\/api.w.org\/{rel}","templated":true}]}}