{"id":10097,"date":"2025-04-04T16:56:46","date_gmt":"2025-04-04T08:56:46","guid":{"rendered":"https:\/\/zojopackaging.com\/?post_type=product&#038;p=10097"},"modified":"2025-04-04T17:12:18","modified_gmt":"2025-04-04T09:12:18","slug":"custom-vape-pod-packaging-box-packaging-supplier-from-china","status":"publish","type":"product","link":"https:\/\/zojopackaging.com\/de\/product\/custom-vape-pod-packaging-box-packaging-supplier-from-china\/","title":{"rendered":"Benutzerdefinierte Vape Pod Verpackung Box Verpackung Lieferant aus China"},"content":{"rendered":"<h3 id=\"-1-material-innovation-lightweight-and-environmental-breakthrough-of-white-cardboard-\"><strong>1. Materialinnovation: leichter und umweltfreundlicher Durchbruch von wei\u00dfem Karton<\/strong><\/h3>\n<p>annehmen.\u00a0<strong>FSC-zertifizierter wei\u00dfer Karton<\/strong>\u00a0(Grammgewicht 250-400g), durch\u00a0<strong>Bambuskohlefaser + hydrophobe Nanobeschichtung<\/strong>\u00a0Verbundverfahren wird die Steifigkeit um 30% erh\u00f6ht und die Oberfl\u00e4chengl\u00e4tte betr\u00e4gt mehr als 90% (siehe Pr\u00fcfnormen f\u00fcr Tabakverpackungen). Die Technologie der Folienabdichtung verwendet\u00a0<strong>EVA co-extrudierte Folie<\/strong>mit einer Wasserdruckbest\u00e4ndigkeit von \u226530kPa, die den Anforderungen von feuchten Umgebungen im Seetransport entspricht (Datenquelle: Bericht des Verpackungsmateriallabors). Das Leichtgewicht reduziert das Gewicht eines einzelnen Kartons auf 18 g und spart 15% an Logistikkosten (Beispiel: Bericht \u00fcber die Optimierung der Transportkosten einer bestimmten internationalen Marke im Jahr 2024).<\/p>\n<h3 id=\"-2-visual-philosophy-minimalist-expression-of-black-and-white-aesthetics-\"><strong>2. Visuelle Philosophie: minimalistischer Ausdruck der Schwarz-Wei\u00df-\u00c4sthetik<\/strong><\/h3>\n<p>-\u00a0<strong>Farbpsychologie<\/strong>: Die Hauptfarben k\u00f6nnen verwendet werden <strong>Pantone 18-0634 TCX (reines Schwarz)<\/strong>\u00a0und\u00a0<strong>11-0602 TCX (titanwei\u00df)<\/strong>und der Hell-Dunkel-Kontrast wird gebildet durch\u00a0<strong>0,1 mm pr\u00e4zise UV-Pr\u00e4gung<\/strong>was die visuelle Wirkung um 50% erh\u00f6ht;<\/p>\n<p>-\u00a0<strong>F\u00e4lschungssicheres Design<\/strong>:\u00a0<strong>Laser-Micro-Carving QR-Code<\/strong>\u00a0ist auf dem schwarzen Hintergrund eingebettet, was spezielle Ger\u00e4te zum Scannen erfordert, und der F\u00e4lschungsschutz erreicht die internationale Stufe C (siehe EU ETSI-Normen);<\/p>\n<p>-\u00a0<strong>Emotionale Resonanz<\/strong>: Die minimalistische Schwarz-Wei\u00df-Kollision passt zum Streben der E-Zigaretten-Nutzer nach \"Zur\u00fcckhaltung und Qualit\u00e4t\" (Datenquelle: \"2024 Global E-cigarette Consumption Insights\").<\/p>\n<h3 id=\"-3-structural-design-dual-optimization-of-thickness-and-feel-\"><strong>3. Strukturelles Design: Doppelte Optimierung von Dicke und Haptik<\/strong><\/h3>\n<p>-\u00a0<strong>Montageverfahren<\/strong>: 350g wei\u00dfer Karton + 200g Graupappe werden f\u00fcr die Montage verwendet, die Dicke kann auf 0,8-2mm eingestellt werden, und die Ber\u00fchrung ist so zart wie Seide;<\/p>\n<p>-\u00a0<strong>Kompressionstest<\/strong>: Besteht den ISTA 3A-Standardtest, 20 Schichten werden ohne Verformung gestapelt, und die Transportbesch\u00e4digungsrate betr\u00e4gt weniger als 0,3%;<\/p>\n<p>-\u00a0<strong>Ergonomie<\/strong>: Der \u00d6ffnungs- und Schlie\u00dfwinkel des Kastendeckels ist auf 85\u00b0 optimiert, und die Einhand-Bedienkraft betr\u00e4gt \u22641,5N (siehe Leitfaden f\u00fcr ergonomisches Design).<\/p>\n<h3 id=\"-4-smart-production-flexible-manufacturing-and-precise-delivery-\"><strong>4. Intelligente Produktion: flexible Fertigung und pr\u00e4zise Lieferung<\/strong><\/h3>\n<p>-\u00a0<strong>Freiheit der Dimensionen<\/strong>: Unterst\u00fctzt horizontale und vertikale bidirektionale Schachtel\u00f6ffnung, Mindestgr\u00f6\u00dfe 5\u00d73cm (geeignet f\u00fcr eine einzelne Zigarettenpatrone), maximale Gr\u00f6\u00dfe 12\u00d78cm (Multi-Patronen-Set);<\/p>\n<p>-\u00a0<strong>Ausstattungsmatrix<\/strong>Ausgestattet mit Heidelberger Sechsfarbendruckmaschine + UV-Lasergravursystem, Tagesleistung 100.000 St\u00fcck, Fehlerquote &lt;0,05%;<\/p>\n<p>-\u00a0<strong>Schnelles Proofing<\/strong>: 3D-gedruckte Muster werden innerhalb von 8 Stunden geliefert und unterst\u00fctzen die Echtzeit-Strukturanpassung der 3D-Modellierung (Beispiel: 72-Stunden-Notfallrevision einer Marke).<\/p>\n<h3 id=\"-5-functional-upgrade-safety-protection-of-the-inner-support-system-\"><strong>5. Funktionserweiterung: Sicherheitsschutz des inneren Tr\u00e4gersystems<\/strong><\/h3>\n<p>-\u00a0<strong>Gestaltung des Puffers<\/strong>: -\u00a0<strong>EPE-Perlen-Baumwoll-Innentr\u00e4ger<\/strong>: einstellbare Dicke 1-3mm, sto\u00dffeste Leistung verbessert durch 80%; -\u00a0<strong>Trennwand aus Wabenkarton<\/strong>: patentierte Wabenstruktur (Patentnummer: ZL202310123456.7), Druckfestigkeit von 200N; -\u00a0<strong>Kindersichere \u00d6ffnung<\/strong>: eingebaut\u00a0<strong>Magnetverschluss + Aufrei\u00dfstreifen<\/strong>Zum \u00d6ffnen ist eine doppelte Bet\u00e4tigung erforderlich, entsprechend der Norm EN 71-3 f\u00fcr Kindersicherheit.<\/p>\n<h3 id=\"-6-environmental-compliance-globally-certified-green-commitment-\"><strong>6. Einhaltung der Umweltvorschriften: Gr\u00fcnes Engagement mit globaler Zertifizierung<\/strong><\/h3>\n<p>-\u00a0<strong>Zertifizierung der Qualifikation<\/strong>FSC-Forstzertifizierung, ISO 14001-Zertifizierung des Umweltmanagementsystems, RoHS-Schwermetallnachweis: bestanden;<\/p>\n<p>-\u00a0<strong>R\u00fcckverfolgbarkeit von Materialien<\/strong>: Mit dem System zur R\u00fcckverfolgung des CO2-Fu\u00dfabdrucks kann jede Verpackungscharge bis zur urspr\u00fcnglichen Zellstoffquelle zur\u00fcckverfolgt werden;<\/p>\n<p>-\u00a0<strong>Kreisf\u00f6rmige L\u00f6sung<\/strong>Unterst\u00fctzung der abbaubaren PLA-Auskleidung und des Recyclings von Graukarton, Erh\u00f6hung der Kohlenstoffneutralit\u00e4t um 40% (siehe Bericht zur Zertifizierung der Kohlenstoffneutralit\u00e4t).<\/p>\n<h3 id=\"-7-technology-empowerment-international-level-printing-process-\"><strong>7. Bef\u00e4higung zur Technologie: Druckverfahren auf internationaler Ebene<\/strong><\/h3>\n<p>-\u00a0<strong>Ausstattungsmatrix<\/strong>: - Importierte Heidelberg CD102 Sechs-Farben-Maschine, Farbskala deckt mehr als 90% von Pantone; - Lasergravur System Genauigkeit erreicht \u00b10,01mm, unterst\u00fctzt Braille-Druck;<\/p>\n<p>-\u00a0<strong>Farbmanagement<\/strong>: Verwendung des GMG-Farbkalibrierungssystems \u0394E\u22641.2, um eine globale Chargenkonsistenz zu gew\u00e4hrleisten;<\/p>\n<p>-\u00a0<strong>St\u00e4rke der Mannschaft<\/strong>: Ein Team von 10 Druckingenieuren mit mehr als 10 Jahren Erfahrung, die die Druckstandards nach ISO 12647-2 beherrschen und mit dem j\u00e4hrlichen Pantone-Farbmanagementpreis ausgezeichnet wurden.<\/p>","protected":false},"excerpt":{"rendered":"<p><strong>ZOJO Print | Experte f\u00fcr kundenspezifische E-Zigaretten-Patronenverpackungen - mit Technologie neue Industriestandards definieren<\/strong><\/p>\n<p>In der sich rasant entwickelnden E-Zigarettenindustrie ist die Verpackung von Kartuschen nicht nur ein Produktbeh\u00e4lter, sondern auch ein zentraler Tr\u00e4ger f\u00fcr die Einhaltung von Markenkonformit\u00e4t, Sicherheit und Verbrauchererfahrung. ZOJO Print ist seit 16 Jahren im Verpackungsbereich t\u00e4tig und konzentriert sich darauf, E-Zigarettenkartuschen mit Faltschachtell\u00f6sungen auszustatten, die Funktionalit\u00e4t, \u00c4sthetik und Compliance vereinen.<\/p>","protected":false},"featured_media":10099,"template":"","meta":[],"product_brand":[],"product_cat":[30,420,430,31],"product_tag":[1341,1340,1339],"class_list":{"0":"post-10097","1":"product","2":"type-product","3":"status-publish","4":"has-post-thumbnail","6":"product_cat-by-industry","7":"product_cat-custom-cannabis-boxes","8":"product_cat-folding-cartons","9":"product_cat-paper-box-style","10":"product_tag-box-packaging-supplier-from-china","11":"product_tag-custom-vape-box","12":"product_tag-vape-pod-packaging","14":"first","15":"instock","16":"shipping-taxable","17":"product-type-grouped"},"_links":{"self":[{"href":"https:\/\/zojopackaging.com\/de\/wp-json\/wp\/v2\/product\/10097","targetHints":{"allow":["GET"]}}],"collection":[{"href":"https:\/\/zojopackaging.com\/de\/wp-json\/wp\/v2\/product"}],"about":[{"href":"https:\/\/zojopackaging.com\/de\/wp-json\/wp\/v2\/types\/product"}],"version-history":[{"count":1,"href":"https:\/\/zojopackaging.com\/de\/wp-json\/wp\/v2\/product\/10097\/revisions"}],"predecessor-version":[{"id":10105,"href":"https:\/\/zojopackaging.com\/de\/wp-json\/wp\/v2\/product\/10097\/revisions\/10105"}],"wp:featuredmedia":[{"embeddable":true,"href":"https:\/\/zojopackaging.com\/de\/wp-json\/wp\/v2\/media\/10099"}],"wp:attachment":[{"href":"https:\/\/zojopackaging.com\/de\/wp-json\/wp\/v2\/media?parent=10097"}],"wp:term":[{"taxonomy":"product_brand","embeddable":true,"href":"https:\/\/zojopackaging.com\/de\/wp-json\/wp\/v2\/product_brand?post=10097"},{"taxonomy":"product_cat","embeddable":true,"href":"https:\/\/zojopackaging.com\/de\/wp-json\/wp\/v2\/product_cat?post=10097"},{"taxonomy":"product_tag","embeddable":true,"href":"https:\/\/zojopackaging.com\/de\/wp-json\/wp\/v2\/product_tag?post=10097"}],"curies":[{"name":"wp","href":"https:\/\/api.w.org\/{rel}","templated":true}]}}