{"id":10114,"date":"2025-04-04T17:20:31","date_gmt":"2025-04-04T09:20:31","guid":{"rendered":"https:\/\/zojopackaging.com\/?post_type=product&#038;p=10114"},"modified":"2025-04-04T17:30:39","modified_gmt":"2025-04-04T09:30:39","slug":"high-quality-irregular-shape-custom-perfume-boxes-wholesale","status":"publish","type":"product","link":"https:\/\/zojopackaging.com\/de\/product\/high-quality-irregular-shape-custom-perfume-boxes-wholesale\/","title":{"rendered":"Hochwertige unregelm\u00e4\u00dfige Form benutzerdefinierte Parf\u00fcm-Boxen Gro\u00dfhandel"},"content":{"rendered":"<h2 id=\"high-end-customized-irregular-flip-top-shaped-perfume-box-product-description\">Hochwertige, kundenspezifische, unregelm\u00e4\u00dfige, klappbare, geformte Parf\u00fcmdose Produktbeschreibung<\/h2>\n<h2 id=\"-i-product-core-highlights-\"><strong>1. Produkt Kern Highlights<\/strong><\/h2>\n<ol>\n<li><strong>Luxuri\u00f6ses visuelles Design<\/strong>\u00a0Diese Parf\u00fcmdose nimmt die klassische kontrastreiche Farbkombination von\u00a0<strong>rotes Spezialpapier<\/strong>\u00a0und\u00a0<strong>schwarze graue Tafel<\/strong>. Die rote Hauptfarbe vermittelt Begeisterung und High-End-Gef\u00fchl, und die zus\u00e4tzliche schwarze Farbe f\u00fcgt Ruhe und geheimnisvolle Temperament. Die Oberfl\u00e4che des Kastenk\u00f6rpers pr\u00e4sentiert das Markenlogo durch\u00a0<strong>Hei\u00dfpr\u00e4geverfahren<\/strong>Die goldenen Linien und das rote Basispapier erg\u00e4nzen sich gegenseitig, was nicht nur den traditionellen klassischen Charme bewahrt, sondern auch die moderne minimalistische \u00c4sthetik unterstreicht. Die unregelm\u00e4\u00dfige Form des Klappdeckels durchbricht die konventionelle symmetrische Struktur, und die\u00a0<strong>schr\u00e4ges \u00d6ffnen und Schlie\u00dfen<\/strong>\u00a0verst\u00e4rkt die optische Wirkung und r\u00fcckt in den Mittelpunkt, sobald die Schachtel ge\u00f6ffnet wird.<\/li>\n<li><strong>Umweltfreundliches und abbaubares Material<\/strong>\u00a0Gem\u00e4\u00df dem Konzept der nachhaltigen Entwicklung besteht der Kofferaufbau aus\u00a0<strong>abbaubare und umweltfreundliche Materialien<\/strong>Die Hauptmaterialien sind FSC-zertifiziertes Spezialpapier und Klebstoffe auf pflanzlicher Basis, wobei sowohl die Festigkeit als auch die Umweltvertr\u00e4glichkeit ber\u00fccksichtigt werden. Das Futter besteht aus schwarzem, recyceltem EVA und\u00a0<strong>schwarzer Flanell<\/strong>Dies stabilisiert nicht nur den Parf\u00fcmflakon (die Abweichung liegt innerhalb von \u00b11 mm), sondern verbessert auch das Gef\u00fchl der Auspackzeremonie durch die sanfte Ber\u00fchrung.<\/li>\n<\/ol>\n<h2 id=\"-ii-innovative-structure-and-user-experience-\"><strong>2. Innovative Struktur und Benutzerfreundlichkeit<\/strong><\/h2>\n<ol>\n<li><strong>Rituelles Er\u00f6ffnungs- und Abschlussdesign<\/strong>\u00a0Die einzigartige\u00a0<strong>schr\u00e4g \u00f6ffnende Kastenstruktur<\/strong>\u00a0verwendet eine 30\u00b0-Schr\u00e4ge, um die Verbraucher zum nat\u00fcrlichen \u00d6ffnen zu f\u00fchren. Der Deckel und die untere Schachtel sind durch magnetische Schnallen pr\u00e4zise miteinander verbunden, und der \u00d6ffnungs- und Schlie\u00dfvorgang ist sanft und elegant. In Kombination mit der weichen Haptik des Samtfutters entsteht ein intensives Erlebnis, als w\u00fcrde man einen Schatz heben. Die Innenschachtel ist als eingebetteter Kartenschlitz konzipiert, der f\u00fcr eine Vielzahl von speziell geformten Parf\u00fcmflaschen geeignet ist, um den sicheren Transport und die Sch\u00f6nheit der Pr\u00e4sentation zu gew\u00e4hrleisten.<\/li>\n<li><strong>Multisensorische interaktive Erfahrung<\/strong><\/li>\n<li><strong>Visuell<\/strong>: Der Kontrast zwischen dem LOGO im Hei\u00dfpr\u00e4geverfahren und dem matten Rot und Schwarz vermittelt einen dezenten Luxus;<\/li>\n<li><strong>Taktile<\/strong>: Die zarte Textur des Spezialpapiers und das Samtfutter bilden ein Gef\u00fchl der \u00dcberlagerung;<\/li>\n<li><strong>Geruchssinn<\/strong>: Die Schachtel kann mit Duftpapier individuell gestaltet werden, und die Kopfnoten, die das Parf\u00fcm widerspiegeln, werden freigegeben, sobald die Schachtel ge\u00f6ffnet wird.<\/li>\n<\/ol>\n<h2 id=\"-iii-customized-service-and-production-guarantee-\"><strong>3. Kundenspezifischer Service und Produktionsgarantie<\/strong><\/h2>\n<ol>\n<li><strong>Unterst\u00fctzung f\u00fcr die vollst\u00e4ndige Anpassung von Links<\/strong><\/li>\n<li><strong>Flexible Gr\u00f6\u00dfe<\/strong>: Je nach der vom Kunden angegebenen Gr\u00f6\u00dfe des Parf\u00fcmflakons (L\u00e4nge \u00d7 Breite \u00d7 H\u00f6he) erstellt der Ingenieur innerhalb von 48 Stunden eine 3D-Modellierung und ein Proofing, wobei verschiedene Schachteltypen wie Deckel- und Bodenschachteln, Schubladenschachteln und speziell geformte Schachteln unterst\u00fctzt werden;<\/li>\n<li><strong>Prozess-Upgrade<\/strong>: Wir bieten mehr als 20 Oberfl\u00e4chenbearbeitungsoptionen wie Hei\u00dfpr\u00e4gung\/Silber, UV-Pr\u00e4gung und Pr\u00e4gung und k\u00f6nnen Zubeh\u00f6r wie Magnete und B\u00e4nder einbetten;<\/li>\n<li><strong>Integration der Marke<\/strong>: Vom LOGO-Design bis zum Verfassen von Verpackungstexten bieten wir eine komplette visuelle VI-Erweiterungsl\u00f6sung. a<\/li>\n<li><strong>Produktionsst\u00e4rke und Qualit\u00e4tskontrolle<\/strong><\/li>\n<li><strong>Ausstattung und Kapazit\u00e4t<\/strong>: Mit vollautomatischen Stanzmaschinen, Heidelberger Druckmaschinen und anderen fortschrittlichen Ausr\u00fcstungen erreicht die Tagesproduktion 10.000 St\u00fcck und unterst\u00fctzt eine Mindestbestellmenge von 1.000 St\u00fcck;<\/li>\n<li><strong>Qualit\u00e4tssicherung<\/strong>: Zertifizierung nach ISO 9001, jede Produktcharge durchl\u00e4uft 12 Qualit\u00e4tskontrollen, der Farbabweichungsfehler ist \u22645%, und die Reklamationsrate liegt seit zehn aufeinanderfolgenden Jahren unter 5%;<\/li>\n<li><strong>Zyklus der Lieferung<\/strong>: 5 Tage f\u00fcr den Korrekturabzug, 7-14 Tage f\u00fcr die Massenproduktion, Unterst\u00fctzung der globalen Logistik und des grenz\u00fcberschreitenden Exports.<\/li>\n<\/ol>\n<h2 id=\"-fourth-application-scenarios-and-market-value-\"><strong>4. Anwendungsszenarien und Marktwert<\/strong><\/h2>\n<ul>\n<li><strong>Hochwertige Geschenke<\/strong>: Geeignet f\u00fcr Luxusparf\u00fcms, Parf\u00fcms in limitierter Auflage, individuelle Gestaltung von Hochzeiten und andere Szenarien;<\/li>\n<li><strong>Marke Premium<\/strong>: Nach Angaben der Industrie kann eine differenzierte Verpackung den Preisaufschlag f\u00fcr ein Produkt um 30%-50% erh\u00f6hen;<\/li>\n<li><strong>Umweltzertifizierung<\/strong>: Erf\u00fcllt die EU-REACH- und die US-FDA-Normen und hilft Marken, die auf Nachhaltigkeit setzen, auf dem europ\u00e4ischen und amerikanischen Markt Fu\u00df zu fassen.<\/li>\n<\/ul>","protected":false},"excerpt":{"rendered":"<ul>\n<li>\u200b<strong>Unverwechselbare Regalpr\u00e4senz.<\/strong>Die unregelm\u00e4\u00dfige Form und der Rot-Gold-Kontrast ziehen Luxusk\u00e4ufer an.<\/li>\n<li>\u200b<strong>Verst\u00e4rkung der Marke.<\/strong>Anpassbare Logos\/Farben st\u00e4rken den Wiedererkennungswert.<\/li>\n<li>\u200b<strong>Dauerhaftigkeit garantiert.<\/strong>Der dicke Karton sch\u00fctzt die zerbrechlichen Parf\u00fcmflaschen w\u00e4hrend des Transports.<\/li>\n<li>\u200b<strong>Massenhafte Einsparungen.<\/strong>Wettbewerbsf\u00e4hige Preise f\u00fcr gro\u00dfe Auftragsmengen ohne Qualit\u00e4tseinbu\u00dfen.<\/li>\n<li>\u200b<strong>Premium Unboxing.<\/strong>Gl\u00e4nzende\/matte Texturen und sicherer Sitz verbessern das Kundenerlebnis.<\/li>\n<\/ul>","protected":false},"featured_media":10116,"template":"","meta":[],"product_brand":[],"product_cat":[30,417,428,31],"product_tag":[225,336,540],"class_list":{"0":"post-10114","1":"product","2":"type-product","3":"status-publish","4":"has-post-thumbnail","6":"product_cat-by-industry","7":"product_cat-custom-perfume-boxes-by-industry","8":"product_cat-irregular-shaped-gift-boxes","9":"product_cat-paper-box-style","10":"product_tag-custom-perfume-boxes","11":"product_tag-perfume-boxes","12":"product_tag-perfume-boxes-wholesale","14":"first","15":"instock","16":"shipping-taxable","17":"product-type-grouped"},"_links":{"self":[{"href":"https:\/\/zojopackaging.com\/de\/wp-json\/wp\/v2\/product\/10114","targetHints":{"allow":["GET"]}}],"collection":[{"href":"https:\/\/zojopackaging.com\/de\/wp-json\/wp\/v2\/product"}],"about":[{"href":"https:\/\/zojopackaging.com\/de\/wp-json\/wp\/v2\/types\/product"}],"version-history":[{"count":1,"href":"https:\/\/zojopackaging.com\/de\/wp-json\/wp\/v2\/product\/10114\/revisions"}],"predecessor-version":[{"id":10121,"href":"https:\/\/zojopackaging.com\/de\/wp-json\/wp\/v2\/product\/10114\/revisions\/10121"}],"wp:featuredmedia":[{"embeddable":true,"href":"https:\/\/zojopackaging.com\/de\/wp-json\/wp\/v2\/media\/10116"}],"wp:attachment":[{"href":"https:\/\/zojopackaging.com\/de\/wp-json\/wp\/v2\/media?parent=10114"}],"wp:term":[{"taxonomy":"product_brand","embeddable":true,"href":"https:\/\/zojopackaging.com\/de\/wp-json\/wp\/v2\/product_brand?post=10114"},{"taxonomy":"product_cat","embeddable":true,"href":"https:\/\/zojopackaging.com\/de\/wp-json\/wp\/v2\/product_cat?post=10114"},{"taxonomy":"product_tag","embeddable":true,"href":"https:\/\/zojopackaging.com\/de\/wp-json\/wp\/v2\/product_tag?post=10114"}],"curies":[{"name":"wp","href":"https:\/\/api.w.org\/{rel}","templated":true}]}}