{"id":10122,"date":"2025-04-04T17:30:47","date_gmt":"2025-04-04T09:30:47","guid":{"rendered":"https:\/\/zojopackaging.com\/?post_type=product&#038;p=10122"},"modified":"2025-04-04T17:48:28","modified_gmt":"2025-04-04T09:48:28","slug":"print-luxury-custom-scented-candle-packaging-boxes-wholesale","status":"publish","type":"product","link":"https:\/\/zojopackaging.com\/de\/product\/print-luxury-custom-scented-candle-packaging-boxes-wholesale\/","title":{"rendered":"Druck Luxus benutzerdefinierte duftende Kerze Verpackung Boxen Gro\u00dfhandel"},"content":{"rendered":"<h2 id=\"-luxury-custom-aromatherapy-candle-packaging-box-wholesale-product-description-\">Druck Luxus benutzerdefinierte duftende Kerze Verpackung Boxen Gro\u00dfhandel<\/h2>\n<h2 id=\"-professional-customization-service-\"><strong>Professioneller Anpassungsservice<\/strong><\/h2>\n<p>Ein erfahrenes technisches Team bietet L\u00f6sungen aus einer Hand:<\/p>\n<ul>\n<li><strong>3D-Rendering-Entwurf<\/strong>: Anpassung der exklusiven Verpackung an den Markenton, einschlie\u00dflich LOGO-Hei\u00dfpr\u00e4gung, Pr\u00e4gung, hohle Fenster\u00f6ffnung und andere Verfahren.<\/li>\n<li><strong>Vollst\u00e4ndige Prozessunterst\u00fctzung<\/strong>: Von der Materialauswahl \u00fcber die Prozessanpassung bis hin zur Korrekturbest\u00e4tigung sorgen wir f\u00fcr die genaue Umsetzung des Designs, um die strengen Anforderungen der High-End-Marke an die Details zu erf\u00fcllen.<\/li>\n<\/ul>\n<h2 id=\"-application-scenarios-and-industry-adaptability-\"><strong>Anwendungsszenarien und industrielle Anpassungsf\u00e4higkeit<\/strong><\/h2>\n<ul>\n<li><strong>Hochwertige Duftmarke<\/strong>: Durch Seidenhei\u00dfpr\u00e4gung, magnetische Schachtelabdeckung und andere Verfahren entstehen luxuri\u00f6se Verpackungen, die dem Temperament des Parfums entsprechen.<\/li>\n<li><strong>Elektronischer Handel und Einzelhandel<\/strong>: Das flache Design optimiert die Lager- und Transporteffizienz, und die Schaufensterauslage verbessert die Sichtbarkeit der Produkte und weckt die Kauflust der Verbraucher.<\/li>\n<li><strong>Geschenkemarkt<\/strong>: Unterst\u00fctzt kreative Designs, wie z.B. Hei\u00dfpr\u00e4ge-Gru\u00dfkartenschlitze und das \u00d6ffnen und Schlie\u00dfen im Buchstil, um den rituellen Sinn und den Sammelwert von Geschenkboxen zu erh\u00f6hen.<\/li>\n<\/ul>\n<h2 id=\"-technology-and-service-guarantee-\"><strong>Technologie- und Servicegarantie<\/strong><\/h2>\n<ul>\n<li><strong>Zehn Jahre Branchenerfahrung<\/strong>: Wir sind im Verpackungsbereich sehr engagiert und bieten Dienstleistungen f\u00fcr High-End-Branchen wie Unterhaltungselektronik und Sch\u00f6nheitspflege an, erfassen Markttrends genau und liefern zukunftsweisende Designvorschl\u00e4ge.<\/li>\n<li><strong>Vollst\u00e4ndige Qualit\u00e4tskontrolle der Links<\/strong>: Verwenden Sie Offsetdrucktechnologie, um eine Druckgenauigkeit von \u22640,02 mm zu gew\u00e4hrleisten, und arbeiten Sie mit ISO-zertifizierten Fabriken zusammen, um die Konsistenz der Serienproduktion sicherzustellen.<\/li>\n<li><strong>Flexible Mindestbestellmenge<\/strong>: Unterst\u00fctzt eine Mindestbestellmenge von 50 St\u00fcck und die schnellste Lieferung in 7 Tagen, was den Bed\u00fcrfnissen kleiner und mittlerer Marken f\u00fcr Probebestellungen und Gro\u00dfeink\u00e4ufe entspricht.<\/li>\n<\/ul>","protected":false},"excerpt":{"rendered":"<ul>\n<li>\u200b<strong>Kindersicheres Design.<\/strong>Sicherer Verschluss + Warnhinweise zur Unfallverh\u00fctung.<\/li>\n<li>\u200b<strong>Luxus-Appeal.<\/strong>Die matte Oberfl\u00e4che und der minimalistische Stil erh\u00f6hen die Markenwahrnehmung.<\/li>\n<li>\u200b<strong>Individuelles Branding.<\/strong>Drucken Sie m\u00fchelos Logos, Farben und Kontaktinformationen.<\/li>\n<li>\u200b<strong>Langlebig und leicht.<\/strong>Sch\u00fctzt Parf\u00fcms, ohne zu beschweren.<\/li>\n<li>\u200b<strong>Kosteng\u00fcnstig.<\/strong>Erschwingliche Mengenpreise f\u00fcr Start-ups und Gro\u00dfh\u00e4ndler.<\/li>\n<\/ul>","protected":false},"featured_media":10123,"template":"","meta":[],"product_brand":[],"product_cat":[30,416,430,31],"product_tag":[468,1345,1344],"class_list":{"0":"post-10122","1":"product","2":"type-product","3":"status-publish","4":"has-post-thumbnail","6":"product_cat-by-industry","7":"product_cat-custom-candle-boxes","8":"product_cat-folding-cartons","9":"product_cat-paper-box-style","10":"product_tag-custom-candle-packaging","11":"product_tag-luxury-candle-packaging-wholesale","12":"product_tag-scented-boxes-wholesale","14":"first","15":"instock","16":"shipping-taxable","17":"product-type-grouped"},"_links":{"self":[{"href":"https:\/\/zojopackaging.com\/de\/wp-json\/wp\/v2\/product\/10122","targetHints":{"allow":["GET"]}}],"collection":[{"href":"https:\/\/zojopackaging.com\/de\/wp-json\/wp\/v2\/product"}],"about":[{"href":"https:\/\/zojopackaging.com\/de\/wp-json\/wp\/v2\/types\/product"}],"version-history":[{"count":1,"href":"https:\/\/zojopackaging.com\/de\/wp-json\/wp\/v2\/product\/10122\/revisions"}],"predecessor-version":[{"id":10129,"href":"https:\/\/zojopackaging.com\/de\/wp-json\/wp\/v2\/product\/10122\/revisions\/10129"}],"wp:featuredmedia":[{"embeddable":true,"href":"https:\/\/zojopackaging.com\/de\/wp-json\/wp\/v2\/media\/10123"}],"wp:attachment":[{"href":"https:\/\/zojopackaging.com\/de\/wp-json\/wp\/v2\/media?parent=10122"}],"wp:term":[{"taxonomy":"product_brand","embeddable":true,"href":"https:\/\/zojopackaging.com\/de\/wp-json\/wp\/v2\/product_brand?post=10122"},{"taxonomy":"product_cat","embeddable":true,"href":"https:\/\/zojopackaging.com\/de\/wp-json\/wp\/v2\/product_cat?post=10122"},{"taxonomy":"product_tag","embeddable":true,"href":"https:\/\/zojopackaging.com\/de\/wp-json\/wp\/v2\/product_tag?post=10122"}],"curies":[{"name":"wp","href":"https:\/\/api.w.org\/{rel}","templated":true}]}}