{"id":10130,"date":"2025-04-04T17:48:38","date_gmt":"2025-04-04T09:48:38","guid":{"rendered":"https:\/\/zojopackaging.com\/?post_type=product&#038;p=10130"},"modified":"2025-04-04T18:05:52","modified_gmt":"2025-04-04T10:05:52","slug":"custom-essential-oil-cardboard-drawer-gift-packaging-box","status":"publish","type":"product","link":"https:\/\/zojopackaging.com\/de\/product\/custom-essential-oil-cardboard-drawer-gift-packaging-box\/","title":{"rendered":"Benutzerdefinierte \u00e4therisches \u00d6l Karton Schublade Geschenk Verpackung Box"},"content":{"rendered":"<h2 id=\"-customized-essential-oil-cardboard-drawer-gift-box-product-description-\"><strong>Individuelles \u00e4therisches \u00d6l Karton Schublade Geschenkbox\u00a0<\/strong><\/h2>\n<h2 id=\"-1-material-and-structural-design-\"><strong>1. Material und struktureller Aufbau<\/strong><\/h2>\n<p>Diese Verpackungsbox f\u00fcr \u00e4therische \u00d6le verwendet\u00a0<strong>157g Doppelkupferpapier auf 1200g hochdichtem Graukarton<\/strong>und verwendet ein mehrschichtiges Verbundverfahren, um eine stabile Schachtel zu schaffen. Das Kernmaterial aus Graupappe wird mit recycelten Fasern gepresst, und die interne transparente graue Struktur sorgt daf\u00fcr, dass der Flachheitsfehler des Kastenk\u00f6rpers \u22640,1 mm ist und die Biegefestigkeit das 1,5-fache des Industriestandards betr\u00e4gt. Die Konstruktion zum \u00d6ffnen und Schlie\u00dfen im Schubladenstil ist mit einer magnetischen Saug-\/Klemmstruktur kombiniert, die mehr als 10.000 \u00d6ffnungs- und Schlie\u00dftests ohne Verformung \u00fcbersteht. Das Geh\u00e4use hat eine Tragf\u00e4higkeit von 1-3 kg und eignet sich f\u00fcr Flaschen mit \u00e4therischen \u00d6len von 10 ml bis 100 ml mit verschiedenen Spezifikationen.<\/p>\n<h2 id=\"-ii-customized-lining-solution-\"><strong>2. Ma\u00dfgeschneiderte Auskleidungsl\u00f6sung<\/strong><\/h2>\n<p>Bereitstellung von\u00a0<strong>Gestanzte EVA-Innenst\u00fctze, Polsterschicht aus Perlbaumwolle, Flockschwamm<\/strong>\u00a0dreistufiges Schutzsystem<\/p>\n<ul>\n<li><strong>EVA-Material<\/strong>Dichte 0,3-0,5g\/cm\u00b3, offene Porosit\u00e4t \u226585%, FDA-zertifiziert f\u00fcr Lebensmittelkontakt<\/li>\n<li><strong>Futter aus Perlbaumwolle<\/strong>Dicke 5-20mm einstellbar, R\u00fcckprallrate \u226590%, absorbiert effektiv die G-Kr\u00e4fte beim Transport<\/li>\n<li><strong>Beflockungsprozess<\/strong>: Mit elektrostatischer Beflockungstechnologie, Beflockungsdichte erreicht 3.000-5.000 Wurzeln\/cm\u00b2, zarte Ber\u00fchrung und rutschfest<\/li>\n<\/ul>\n<h2 id=\"-iii-printing-and-surface-treatment-\"><strong>3. Druck und Oberfl\u00e4chenbehandlung<\/strong><\/h2>\n<p>annehmen.\u00a0<strong>Vierfarbendruck + Laminierverfahren<\/strong>\u00a0um die Farbgenauigkeit der Pantone-Farbkarte \u0394E\u22641,5 zu erreichen:<\/p>\n<ol>\n<li><strong>Vorbehandlung des Substrats<\/strong>: Die Oberfl\u00e4che der Graupappe wird mit Plasma behandelt, und die Tintenhaftung wird durch 40% erh\u00f6ht.<\/li>\n<li><strong>Vierfarbiger Druck<\/strong>: Ausgestattet mit einem 8-Farben-UV-Drucker von Heidelberg, der den Druck von 0,1 mm ultrafeinen Linien unterst\u00fctzt<\/li>\n<li><strong>Laminierverfahren<\/strong>: Es kann eine gl\u00e4nzende\/matte BOPP-Folie gew\u00e4hlt werden, mit einer Verschlei\u00dffestigkeit von H (keine Kratzer nach 5.000 Reibungen)<\/li>\n<\/ol>\n<h2 id=\"-iv-personalized-customization-service-\"><strong>4. Personalisierter Anpassungsservice<\/strong><\/h2>\n<ul>\n<li><strong>Unterst\u00fctzung bei der Gestaltung<\/strong>: 12 L\u00f6sungen f\u00fcr die Oberfl\u00e4chenbehandlung, einschlie\u00dflich 3D-Modellierung, Hei\u00dfpr\u00e4gung, gepr\u00e4gte Textur, usw.<\/li>\n<li><strong>Funktionserweiterung<\/strong>: Kann NFC-Chipkartensteckplatz, LED-Leuchtstreifen und andere intelligente Verpackungsl\u00f6sungen integrieren<\/li>\n<li><strong>Proofing-Zyklus<\/strong>: 48 Stunden f\u00fcr die Lieferung der ersten Version des Musters, Unterst\u00fctzung von 5 kostenlosen Design\u00e4nderungen<\/li>\n<\/ul>\n<h2 id=\"-v-production-guarantee-system-\"><strong>5. System der Produktionsgarantie<\/strong><\/h2>\n<ul>\n<li><strong>Kapazit\u00e4tsskala<\/strong>: Das Werk erstreckt sich \u00fcber eine Fl\u00e4che von 5.320 Quadratmetern, ist mit 9 vollautomatischen Produktionslinien ausgestattet und verf\u00fcgt \u00fcber eine t\u00e4gliche Produktionskapazit\u00e4t von 1.500.000 Sets.<\/li>\n<li><strong>Qualit\u00e4tskontrolle<\/strong>: Zertifiziert nach ISO9001, ausgestattet mit R\u00f6ntgen-Fremdk\u00f6rperdetektor, Pr\u00fcfkammer mit konstanter Temperatur und Luftfeuchtigkeit<\/li>\n<li><strong>F&amp;E-F\u00e4higkeit<\/strong>: 30 professionelle Mitarbeiter halten 12 Verpackungspatente, bieten FEA Finite-Elemente-Struktur-Simulationsanalysen<\/li>\n<\/ul>\n<h2 id=\"-6-environmental-certification-\"><strong>6. Umweltzertifizierung<\/strong><\/h2>\n<ul>\n<li>Graukartonsubstrat hat die FSC-Forstzertifizierung bestanden<\/li>\n<li>Die Tinte entspricht der Schwermetallmigrationsnorm EN71-3<\/li>\n<li>Die gesamte Verpackung ist 100% biologisch abbaubar und recycelbar<\/li>\n<\/ul>\n<h2 id=\"-technical-parameter-quick-reference-table-\"><strong>Schnellreferenztabelle der technischen Parameter<\/strong><\/h2>\n<table>\n<thead>\n<tr>\n<th>Artikel<\/th>\n<th>Standardwert<\/th>\n<\/tr>\n<\/thead>\n<tbody>\n<tr>\n<td>Fehler bei der Boxgr\u00f6\u00dfe<\/td>\n<td>\u00b10,5 mm<\/td>\n<\/tr>\n<tr>\n<td>H\u00f6he der Fallpr\u00fcfung<\/td>\n<td>1,2 m (ISTA 3A-Norm)<\/td>\n<\/tr>\n<tr>\n<td>Toleranzbereich f\u00fcr Luftfeuchtigkeit<\/td>\n<td>30%-85% RH<\/td>\n<\/tr>\n<tr>\n<td>Lieferzyklus<\/td>\n<td>7-15 Arbeitstage<\/td>\n<\/tr>\n<\/tbody>\n<\/table>","protected":false},"excerpt":{"rendered":"<ul>\n<li>\u200b<strong>Von der Natur inspiriertes Design<\/strong>: Sanfte T\u00f6ne und botanische Motive spiegeln Reinheit und Raffinesse wider.<\/li>\n<li>\u200b<strong>Umweltvertr\u00e4gliche Materialien<\/strong>: Recycelbarer, biologisch abbaubarer Karton steht im Einklang mit nachhaltigen Praktiken.<\/li>\n<li>\u200b<strong>Hohe Dauerhaftigkeit<\/strong>: Die verst\u00e4rkte Struktur sch\u00fctzt die \u00d6le w\u00e4hrend der Lagerung und des Transports.<\/li>\n<li>\u200b<strong>Individuelle Flexibilit\u00e4t<\/strong>: Anpassung von Abmessungen, Logos und Text an die Markenidentit\u00e4t.<\/li>\n<li>\u200b<strong>Erstklassige Druckqualit\u00e4t<\/strong>: Knackige Typografie und verblassungsresistente Farben f\u00fcr ein gl\u00e4nzendes Finish.<\/li>\n<\/ul>","protected":false},"featured_media":10133,"template":"","meta":[],"product_brand":[],"product_cat":[30,390,425,31],"product_tag":[1346,1347,1348],"class_list":{"0":"post-10130","1":"product","2":"type-product","3":"status-publish","4":"has-post-thumbnail","6":"product_cat-by-industry","7":"product_cat-custom-cosmetics-boxes","8":"product_cat-lid-and-base-gift-box","9":"product_cat-paper-box-style","10":"product_tag-custom-essential-oil-box","11":"product_tag-essential-oil-drawer-box","12":"product_tag-essential-oil-gift-box","14":"first","15":"instock","16":"shipping-taxable","17":"product-type-grouped"},"_links":{"self":[{"href":"https:\/\/zojopackaging.com\/de\/wp-json\/wp\/v2\/product\/10130","targetHints":{"allow":["GET"]}}],"collection":[{"href":"https:\/\/zojopackaging.com\/de\/wp-json\/wp\/v2\/product"}],"about":[{"href":"https:\/\/zojopackaging.com\/de\/wp-json\/wp\/v2\/types\/product"}],"version-history":[{"count":2,"href":"https:\/\/zojopackaging.com\/de\/wp-json\/wp\/v2\/product\/10130\/revisions"}],"predecessor-version":[{"id":10138,"href":"https:\/\/zojopackaging.com\/de\/wp-json\/wp\/v2\/product\/10130\/revisions\/10138"}],"wp:featuredmedia":[{"embeddable":true,"href":"https:\/\/zojopackaging.com\/de\/wp-json\/wp\/v2\/media\/10133"}],"wp:attachment":[{"href":"https:\/\/zojopackaging.com\/de\/wp-json\/wp\/v2\/media?parent=10130"}],"wp:term":[{"taxonomy":"product_brand","embeddable":true,"href":"https:\/\/zojopackaging.com\/de\/wp-json\/wp\/v2\/product_brand?post=10130"},{"taxonomy":"product_cat","embeddable":true,"href":"https:\/\/zojopackaging.com\/de\/wp-json\/wp\/v2\/product_cat?post=10130"},{"taxonomy":"product_tag","embeddable":true,"href":"https:\/\/zojopackaging.com\/de\/wp-json\/wp\/v2\/product_tag?post=10130"}],"curies":[{"name":"wp","href":"https:\/\/api.w.org\/{rel}","templated":true}]}}