{"id":10139,"date":"2025-04-04T18:06:07","date_gmt":"2025-04-04T10:06:07","guid":{"rendered":"https:\/\/zojopackaging.com\/?post_type=product&#038;p=10139"},"modified":"2025-04-04T18:19:59","modified_gmt":"2025-04-04T10:19:59","slug":"lid-and-base-30ml-perfume-cosmetic-gift-boxes-packaging","status":"publish","type":"product","link":"https:\/\/zojopackaging.com\/de\/product\/lid-and-base-30ml-perfume-cosmetic-gift-boxes-packaging\/","title":{"rendered":"Deckel und Boden 30ml Parf\u00fcm Kosmetik Geschenkboxen Verpackung"},"content":{"rendered":"<h2 id=\"-product-description-of-30ml-perfume-cosmetics-gift-box-with-top-and-bottom-cover-\"><strong>Deckel und Boden 30ml Parf\u00fcm Kosmetik Geschenkboxen Verpackung<\/strong><\/h2>\n<h2 id=\"-design-concept-fusion-of-senses-and-emotions-\"><strong>Design-Konzept: Verschmelzung von Sinnen und Gef\u00fchlen<\/strong><\/h2>\n<ol>\n<li><strong>Visuelle \u00c4sthetik<\/strong>\u00a0Der \u00e4u\u00dfere Karton der Geschenkbox nimmt\u00a0<strong>ziegelrotes Gewebe<\/strong>die mit matter oder gl\u00e4nzender Folientechnik verarbeitet wird, um der Oberfl\u00e4che eine dezente und elegante Textur zu verleihen. Zur gleichen Zeit,\u00a0<strong>Farbkarton-Drucktechnik<\/strong>\u00a0wird verwendet, um k\u00fchne Farbkollisionen (z. B. Korallenorange und T\u00fcrkis) auf dem Innenkarton zu erzielen, die einen visuellen Kontrast von \"au\u00dfen zur\u00fcckhaltend und innen leuchtend\" bilden. Die Struktur des oberen und unteren Deckels und des unteren Kastens birgt Spannung. Der Rand des Kastendeckels nimmt\u00a0<strong>12\u00b0magnetisch kippbarer \u00d6ffnungswinkel<\/strong>Sie simulieren das rituelle Heben des Deckels und wecken so den Entdeckerdrang der Verbraucher.<\/li>\n<li><strong>Taktile Erz\u00e4hlung<\/strong>\u00a0Das Innenfutter besteht aus\u00a0<strong>wei\u00dfe Perlenbaumwolle<\/strong>die den Parf\u00fcmflakon durch hochdichtes R\u00fcckprallmaterial sch\u00fctzt und sich so zart wie Seide anf\u00fchlt. Die Oberfl\u00e4che des Kastenk\u00f6rpers kann\u00a0<strong>gepr\u00e4gte Pr\u00e4getechnik<\/strong>\u00a0oder\u00a0<strong>Kunstleder-Pr\u00e4getechnik<\/strong>So wird beispielsweise das ikonische Muster der Marke auf das ziegelrote Gewebe gepr\u00e4gt, was beim \u00dcberfahren mit den Fingerspitzen ein feines taktiles Feedback ausl\u00f6st und den Erinnerungspunkt an die Marke verst\u00e4rkt.<\/li>\n<\/ol>\n<h2 id=\"-technology-and-customized-services-\"><strong>Technologie und ma\u00dfgeschneiderte Dienstleistungen<\/strong><\/h2>\n<ol>\n<li><strong>Fortschrittliche Drucktechnik<\/strong><\/li>\n<li><strong>Vollfarbiger Druck<\/strong>: Unterst\u00fctzung Pantone Schmuckfarbendruck, genau die Marke wiederherstellen Farbsystem, wie z. B. Ziegelrot kann Pantone 18-1440TX verbrannt Ocker w\u00e4hlen, Hervorhebung der Retro-Luxus.<\/li>\n<li><strong>Besondere Effekte<\/strong>: Bereitstellung von\u00a0<strong>Goldfolie\/Silberfolie-Hei\u00dfpr\u00e4gung<\/strong>\u00a0um ein metallisch gl\u00e4nzendes LOGO zu erstellen, oder verwenden Sie\u00a0<strong>Lokaler UV-Lack<\/strong>\u00a0um wichtige Muster hervorzuheben, wie z. B. den 3D-Effekt des Umrisses des Parf\u00fcmflakons.<\/li>\n<li><strong>Schutzschicht<\/strong>: Der UV-Schutzlack kann die Lebensdauer der gedruckten Farben verl\u00e4ngern und das Verblassen w\u00e4hrend des Transports oder der Lagerung verhindern.<\/li>\n<li><strong>Anpassung der Markengeschichte<\/strong>\u00a0Das Designerteam versteht es, die DNA der Marke in die Verpackungsdetails einzubringen:<\/li>\n<li><strong>Erz\u00e4hlende Mikro-Illustrationen<\/strong>\u00a0k\u00f6nnen auf der Innenseite des Schachteldeckels aufgedruckt werden, z. B. mit Hei\u00dfpr\u00e4gelinien, die die Landschaft des Herstellungsgebiets des Parf\u00fcmrohstoffs darstellen (z. B. die Lavendelfelder in der Provence).<\/li>\n<li>Der untere Kasten verbirgt ein\u00a0<strong>abnehmbare Schleife<\/strong>Die Kapsel ist mit dem Markenslogan oder Schl\u00fcsselw\u00f6rtern des Duftes (z. B. \"Quiet Oriental Woody Tone\") verwoben, die beim Auspacken den Duft der leichten Duftkapsel freisetzen und so eine Verbindung zwischen den f\u00fcnf Sinnen herstellen.<\/li>\n<\/ol>\n<h2 id=\"-production-guarantee-and-sustainability-\"><strong>Produktionsgarantie und Nachhaltigkeit<\/strong><\/h2>\n<ol>\n<li><strong>Skalierte Pr\u00e4zisionsproduktion<\/strong><\/li>\n<li>Die Fabrik hat eine\u00a0<strong>5.320\u33a1 Produktionshalle, die internationalen Standards entspricht<\/strong>Sie ist mit einer vollautomatischen Stanzmaschine und einer Qualit\u00e4tskontrolllinie ausgestattet, um sicherzustellen, dass der Formfehler des oberen und unteren Deckels \u2264 0,3 mm betr\u00e4gt.<\/li>\n<li>\u00dcbernahme von\u00a0<strong>umweltfreundliche Spezialmontagetechnik<\/strong>Das Oberfl\u00e4chenpapier und die Einlage werden mit einem Klebstoff auf Wasserbasis verbunden, der der EU-Umweltzertifizierung REACH entspricht, und der CO2-Fu\u00dfabdruck wird im Vergleich zu herk\u00f6mmlichen Verfahren um 70% reduziert.<\/li>\n<li><strong>Lieferung und Service<\/strong><\/li>\n<li>Unterst\u00fctzung\u00a0<strong>48 Stunden Schnellg\u00e4rung<\/strong>und die digitale Verfolgung des gesamten Prozesses vom Entwurf bis zum fertigen Produkt.<\/li>\n<li>Bereitstellung von\u00a0<strong>modulare Transportl\u00f6sungen<\/strong>Der Geschenkkarton kann in einen flachen Zustand gefaltet werden, was die logistische Verlustrate auf weniger als 0,5% reduziert und eine weltweite Lieferung ohne Besch\u00e4digung gew\u00e4hrleistet.<\/li>\n<\/ol>\n<h2 id=\"-market-value-and-brand-empowerment-\"><strong>Marktwert und Bef\u00e4higung der Marke<\/strong><\/h2>\n<ol>\n<li><strong>Differenzierte Wettbewerbsf\u00e4higkeit<\/strong>\u00a0Diese Verpackungsl\u00f6sung erh\u00f6ht die Kundenbindungsrate um 40% durch\u00a0<strong>\"Er\u00f6ffnungsfeier + sensorische Vertiefung\"<\/strong>\u00a0Entwurf. Zum Beispiel:<\/li>\n<li>Die Farbkollision der Innenschachtel kann mit dem Duft des Parfums assoziiert werden (fruchtiger Duft mit leuchtendem Orange, holziger Duft mit dunklem Gr\u00fcn), was die Produktwahrnehmung verst\u00e4rkt.<\/li>\n<li>Die Geschenkboxen in limitierter Auflage k\u00f6nnen kombiniert werden mit\u00a0<strong>AR interaktive Karten<\/strong>und Sie k\u00f6nnen sich das Interview mit dem Parf\u00fcmeur ansehen, indem Sie das Karosseriemuster der Schachtel scannen, um den Mehrwert der Markenkultur zu erh\u00f6hen.<\/li>\n<li><strong>Kosten-Wirksamkeits-Verh\u00e4ltnis<\/strong>\u00a0Durch die gro\u00df angelegte Produktion sind die Kosten f\u00fcr eine einzelne Box 15%-20% niedriger als der Durchschnittspreis des kundenspezifischen Marktes, und die Premiumfl\u00e4che kann 300% erreichen.<\/li>\n<\/ol>","protected":false},"excerpt":{"rendered":"<p>Diese weltumspannende Parf\u00fcm-Geschenkbox verwendet das\u00a0<strong>\"Die visuelle Wirkung ist die Oberfl\u00e4che, die emotionale Resonanz der Kern\".<\/strong>\u00a0Designphilosophie, um die Einzigartigkeit der Marke in ein greifbares Kundenerlebnis zu verwandeln. Vom ruhigen und eleganten Ziegelrot bis zur dramatischen Farbkollision auf der Innenschachtel, von den luxuri\u00f6sen Details der Goldfolien-Hei\u00dfpr\u00e4gung bis zum ultimativen Schutz der Perlenbaumwolle - jedes Design dient dazu, den Markenwert zu vermitteln und den Umsatz zu steigern.<\/p>","protected":false},"featured_media":10145,"template":"","meta":[],"product_brand":[],"product_cat":[30,390,417,425,31],"product_tag":[1349,1350,339],"class_list":{"0":"post-10139","1":"product","2":"type-product","3":"status-publish","4":"has-post-thumbnail","6":"product_cat-by-industry","7":"product_cat-custom-cosmetics-boxes","8":"product_cat-custom-perfume-boxes-by-industry","9":"product_cat-lid-and-base-gift-box","10":"product_cat-paper-box-style","11":"product_tag-30ml-perfume-boxes","12":"product_tag-lid-and-base-perfume-boxes","13":"product_tag-perfume-gift-boxes","15":"first","16":"instock","17":"shipping-taxable","18":"product-type-grouped"},"_links":{"self":[{"href":"https:\/\/zojopackaging.com\/de\/wp-json\/wp\/v2\/product\/10139","targetHints":{"allow":["GET"]}}],"collection":[{"href":"https:\/\/zojopackaging.com\/de\/wp-json\/wp\/v2\/product"}],"about":[{"href":"https:\/\/zojopackaging.com\/de\/wp-json\/wp\/v2\/types\/product"}],"version-history":[{"count":2,"href":"https:\/\/zojopackaging.com\/de\/wp-json\/wp\/v2\/product\/10139\/revisions"}],"predecessor-version":[{"id":10147,"href":"https:\/\/zojopackaging.com\/de\/wp-json\/wp\/v2\/product\/10139\/revisions\/10147"}],"wp:featuredmedia":[{"embeddable":true,"href":"https:\/\/zojopackaging.com\/de\/wp-json\/wp\/v2\/media\/10145"}],"wp:attachment":[{"href":"https:\/\/zojopackaging.com\/de\/wp-json\/wp\/v2\/media?parent=10139"}],"wp:term":[{"taxonomy":"product_brand","embeddable":true,"href":"https:\/\/zojopackaging.com\/de\/wp-json\/wp\/v2\/product_brand?post=10139"},{"taxonomy":"product_cat","embeddable":true,"href":"https:\/\/zojopackaging.com\/de\/wp-json\/wp\/v2\/product_cat?post=10139"},{"taxonomy":"product_tag","embeddable":true,"href":"https:\/\/zojopackaging.com\/de\/wp-json\/wp\/v2\/product_tag?post=10139"}],"curies":[{"name":"wp","href":"https:\/\/api.w.org\/{rel}","templated":true}]}}