{"id":10148,"date":"2025-04-04T18:20:18","date_gmt":"2025-04-04T10:20:18","guid":{"rendered":"https:\/\/zojopackaging.com\/?post_type=product&#038;p=10148"},"modified":"2025-04-04T18:34:51","modified_gmt":"2025-04-04T10:34:51","slug":"custom-perfume-cosmetics-clamshell-flip-top-gift-box-factory","status":"publish","type":"product","link":"https:\/\/zojopackaging.com\/de\/product\/custom-perfume-cosmetics-clamshell-flip-top-gift-box-factory\/","title":{"rendered":"Benutzerdefinierte Parf\u00fcm Kosmetik Clamshell Flip Top Geschenk Box Fabrik"},"content":{"rendered":"<h2 id=\"customized-perfume-cosmetic-flip-gift-box-product-description\">Benutzerdefinierte Parf\u00fcm Kosmetik Clamshell Flip Top Geschenk Box Fabrik<\/h2>\n<h2><strong>1. Werkstoff <\/strong>Klappdeckelschachteln<strong>Stabil und langlebig, unterstreicht die Markentextur<\/strong><\/h2>\n<ul>\n<li><strong>Handwerkliche Verarbeitung der Oberfl\u00e4che<\/strong>: 120g wei\u00dfes Spezialpapier wird auf 1200g hochfeste Graupappe geklebt, um sicherzustellen, dass die Schachtel gerade ist und eine hohe Druckbest\u00e4ndigkeit aufweist. F\u00fcr die Graupappe wird einheimische Vollgraupappe verwendet, die eine einheitliche Faserstruktur aufweist, biegefest und umweltfreundlich ist und die FSC-Zertifizierungsstandards erf\u00fcllt. Das exklusive Logo des Kunden wird auf die Oberfl\u00e4che gepr\u00e4gt, und der konkave und konvexe dreidimensionale Effekt wird durch Pr\u00e4zisionsformen erzielt, um die haptische und visuelle Schichtung zu verbessern.<\/li>\n<\/ul>\n<h2 id=\"-2-lining-design-protection-and-beauty-\"><strong>2. Futterdesign: Schutz und Sch\u00f6nheit<\/strong><\/h2>\n<ul>\n<li><strong>Struktur der Auskleidung<\/strong>: Die innere Schicht ist mit 350g blauem Karton beklebt, der mit kundenspezifischem EVA-Schaumstoff (Dicke von 1,5-3,0mm w\u00e4hlbar) kombiniert ist, und eine Pufferschicht wird durch Stanzen und Laminieren gebildet. EVA-Material hat eine ausgezeichnete Sto\u00dffestigkeit und kann St\u00f6\u00dfe w\u00e4hrend des Transports absorbieren. Die magnetische Struktur wurde genau berechnet, und der Positionierungsfehler betr\u00e4gt weniger als 0,5 mm. Die Verbraucher k\u00f6nnen das Produkt schnell mit einer Hand erreichen. Gleichzeitig ist das transparente Fenster in der Box praktisch, um die Informationen des Parf\u00fcmflakons anzuzeigen.<\/li>\n<\/ul>\n<h2 id=\"-3-customized-service-flexible-adaptation-to-customer-needs-\"><strong>3. Ma\u00dfgeschneiderter Service: flexible Anpassung an Kundenbed\u00fcrfnisse<\/strong><\/h2>\n<ul>\n<li><strong>Anpassung von Gr\u00f6\u00dfe und Material<\/strong>: Unterst\u00fctzt die Gr\u00f6\u00dfenanpassung von verschiedenen Produkten wie Zigaretten, Kosmetika und Parf\u00fcms. Es kann die Dicke der Graupappe (1,5-4,0 mm), das Gewicht des Spezialpapiers (80-300 g) und die Struktur des Futters (z. B. Seidenbezug, matte Behandlung) einstellen.<\/li>\n<li><strong>Innovation gestalten<\/strong>: Ein professionelles Designerteam bietet einen Eins-zu-eins-Service und kombiniert den Markenton, um einen einfachen oder luxuri\u00f6sen Stil zu entwerfen. Mit interaktiven AR-Mustern, abbaubaren Materialien oder der Optimierung der Struktur zur Verringerung des Verpackungsvolumens lassen sich beispielsweise Leichtbau- und Umweltschutzziele erreichen.<\/li>\n<\/ul>\n<h2 id=\"-4-production-strength-and-quality-assurance-\"><strong>4. Produktionsst\u00e4rke und Qualit\u00e4tssicherung<\/strong><\/h2>\n<ul>\n<li><strong>Moderne Produktionslinie<\/strong>: Das Werk verf\u00fcgt \u00fcber eine 5.320 Quadratmeter gro\u00dfe, standardisierte Werkstatt mit vollautomatischen Stanzmaschinen, Hei\u00dfpr\u00e4gemaschinen und EVA-Schaumstoffproduktionslinien mit einer t\u00e4glichen Produktionskapazit\u00e4t von 100.000 St\u00fcck. Die automatisierte Montagelinie wird zur \u00dcberwachung der Produktionsdaten in Echtzeit durch das SCADA-System verwendet, um sicherzustellen, dass die verlustfreie Verpackungsrate 99,8% erreicht.<\/li>\n<li><strong>System der Qualit\u00e4tskontrolle<\/strong>: Vom Eingang der Rohstoffe bis zur Auslieferung der fertigen Produkte werden 21 Qualit\u00e4tskontrollen durchgef\u00fchrt, darunter wichtige Indikatortests wie der Feuchtigkeitsgehalt von Graukarton (\u22648%), die Hei\u00dfpr\u00e4gehaftung (3M-Klebebandtest) und die magnetische Saugf\u00e4higkeit (\u2265100.000-maliges \u00d6ffnen und Schlie\u00dfen).<\/li>\n<\/ul>\n<h2 id=\"-5-cases-and-customer-value-\"><strong>5. F\u00e4lle und Kundennutzen<\/strong><\/h2>\n<ul>\n<li><strong>Erfolgreicher Fall<\/strong>: Gestaltung einer Flip-Top-Geschenkbox f\u00fcr eine hochwertige Parf\u00fcmmarke unter Verwendung von mattwei\u00dfem Karton und goldener Hei\u00dfpr\u00e4getechnik, wobei das Innenfutter aus blauem EVA-Samt besteht. Nach der Markteinf\u00fchrung des Produkts stieg die Wiederkaufsrate der Kunden um 30%, und die Anzahl der Transportsch\u00e4den sank auf weniger als 0,5%.<\/li>\n<li><strong>Engagement f\u00fcr die Umwelt<\/strong>: Bereitstellung von biologisch abbaubarer Graupappe und Druckoptionen auf Wasserbasis, die den EU-Umweltnormen entsprechen und den Marken helfen, das Konzept der nachhaltigen Entwicklung umzusetzen.<\/li>\n<\/ul>","protected":false},"excerpt":{"rendered":"<ul>\n<li>\u200b<strong>Erstklassige \u00e4sthetische Anmutung<\/strong>- Erh\u00f6ht die Markenwahrnehmung mit gepr\u00e4gten Akzenten und klaren Linien.<\/li>\n<li>\u200b<strong>Langlebig und umweltfreundlich<\/strong>- Das robuste, recycelbare Material ist verschlei\u00dffest.<\/li>\n<li>\u200b<strong>Individuelle Markenintegration<\/strong>- Nahtlose Pr\u00e4sentation von Logos oder Werbebotschaften.<\/li>\n<li>\u200b<strong>Effizienz bei Gro\u00dfauftr\u00e4gen<\/strong>- Optimiert f\u00fcr kostensparende Gro\u00dfhandelslogistik.<\/li>\n<li>\u200b<strong>Universal-Flaschenpassung<\/strong>- Die verstellbaren F\u00e4cher bieten Platz f\u00fcr verschiedene Parf\u00fcmgr\u00f6\u00dfen.<\/li>\n<\/ul>","protected":false},"featured_media":10151,"template":"","meta":[],"product_brand":[],"product_cat":[30,417,424,31],"product_tag":[1353,1351,1352],"class_list":{"0":"post-10148","1":"product","2":"type-product","3":"status-publish","4":"has-post-thumbnail","6":"product_cat-by-industry","7":"product_cat-custom-perfume-boxes-by-industry","8":"product_cat-magnetic-closure-boxes","9":"product_cat-paper-box-style","10":"product_tag-cosmetics-gift-box-factory","11":"product_tag-perfume-clamshell-box","12":"product_tag-perfume-flip-top-gift-box","14":"first","15":"instock","16":"shipping-taxable","17":"product-type-grouped"},"_links":{"self":[{"href":"https:\/\/zojopackaging.com\/de\/wp-json\/wp\/v2\/product\/10148","targetHints":{"allow":["GET"]}}],"collection":[{"href":"https:\/\/zojopackaging.com\/de\/wp-json\/wp\/v2\/product"}],"about":[{"href":"https:\/\/zojopackaging.com\/de\/wp-json\/wp\/v2\/types\/product"}],"version-history":[{"count":1,"href":"https:\/\/zojopackaging.com\/de\/wp-json\/wp\/v2\/product\/10148\/revisions"}],"predecessor-version":[{"id":10155,"href":"https:\/\/zojopackaging.com\/de\/wp-json\/wp\/v2\/product\/10148\/revisions\/10155"}],"wp:featuredmedia":[{"embeddable":true,"href":"https:\/\/zojopackaging.com\/de\/wp-json\/wp\/v2\/media\/10151"}],"wp:attachment":[{"href":"https:\/\/zojopackaging.com\/de\/wp-json\/wp\/v2\/media?parent=10148"}],"wp:term":[{"taxonomy":"product_brand","embeddable":true,"href":"https:\/\/zojopackaging.com\/de\/wp-json\/wp\/v2\/product_brand?post=10148"},{"taxonomy":"product_cat","embeddable":true,"href":"https:\/\/zojopackaging.com\/de\/wp-json\/wp\/v2\/product_cat?post=10148"},{"taxonomy":"product_tag","embeddable":true,"href":"https:\/\/zojopackaging.com\/de\/wp-json\/wp\/v2\/product_tag?post=10148"}],"curies":[{"name":"wp","href":"https:\/\/api.w.org\/{rel}","templated":true}]}}