{"id":10156,"date":"2025-04-04T18:34:59","date_gmt":"2025-04-04T10:34:59","guid":{"rendered":"https:\/\/zojopackaging.com\/?post_type=product&#038;p=10156"},"modified":"2025-04-04T18:49:42","modified_gmt":"2025-04-04T10:49:42","slug":"custom-perfume-rigid-boxes-with-magnetic-closure-wholesale","status":"publish","type":"product","link":"https:\/\/zojopackaging.com\/de\/product\/custom-perfume-rigid-boxes-with-magnetic-closure-wholesale\/","title":{"rendered":"Benutzerdefinierte Parf\u00fcm starren Boxen mit magnetischen Verschluss Gro\u00dfhandel"},"content":{"rendered":"<h2 id=\"customized-perfume-hard-box-with-magnetic-seal-wholesale-product-description\">Kundenspezifische Parf\u00fcm Hartbox mit Magnetverschluss Gro\u00dfhandel Produktbeschreibung<\/h2>\n<h2 id=\"1-material-and-structure-\">1.\u00a0<strong>Material und Struktur<\/strong><\/h2>\n<ul>\n<li>Verwenden Sie\u00a0<strong>157g C2S gestrichenes Kunstdruckpapier (Doppelkupferpapier)<\/strong>\u00a0mit\u00a0<strong>1200g Hartpappe (Hartpappe)<\/strong>\u00a0um sicherzustellen, dass der Kofferaufbau sowohl sch\u00f6n als auch druckbest\u00e4ndig ist.<\/li>\n<li><strong>Oberfl\u00e4chentechnik<\/strong>: Matte Folienbehandlung, zarte und weiche Ber\u00fchrung, die ein unaufdringliches Gef\u00fchl von Luxus vermittelt, im Einklang mit dem einfachen und eleganten Ton der Marke.<\/li>\n<\/ul>\n<h2 id=\"2-appearance-design-\">2.\u00a0<strong>Gestaltung des Erscheinungsbildes<\/strong><\/h2>\n<ul>\n<li><strong>Klassische Farbanpassung<\/strong>: Das Geh\u00e4use ist klassisch schwarz, mit goldenen Siebdruck-Schriften oder Hei\u00dfpr\u00e4getechnik, die einen scharfen visuellen Kontrast bilden und das elegante Temperament hervorheben.<\/li>\n<li><strong>Magnetische Flip-Cover-Struktur<\/strong>: Imitation Buch-Stil \u00f6ffnen und schlie\u00dfen Design, magnetische Adsorption ist pr\u00e4zise und stabil, und der Moment des \u00d6ffnens der Box ist voll von Ritual.<\/li>\n<\/ul>\n<h2 id=\"3-internal-protection-and-decoration-\">3.\u00a0<strong>Interner Schutz und Dekoration<\/strong><\/h2>\n<ul>\n<li><strong>Material des Innenfutters<\/strong>: Goldenes Seidenfutter, glatt und reibungsarm, kann nicht nur die Parf\u00fcmflasche fixieren, um ein Sch\u00fctteln zu verhindern, sondern auch die visuelle Wirkung beim \u00d6ffnen der Box verbessern.<\/li>\n<li><strong>Ma\u00dfgeschneiderter Raum<\/strong>: Erm\u00f6glicht die Anpassung der Farbe des Innenfutters und des Layouts (z. B. der Trennf\u00e4cher) an die Anforderungen verschiedener Parf\u00fcmflaschengr\u00f6\u00dfen und -formen.<\/li>\n<\/ul>\n<h2 id=\"4-production-and-service-advantages-\">4.\u00a0<strong>Vorteile bei Produktion und Service<\/strong><\/h2>\n<ul>\n<li><strong>Flexible Anpassung<\/strong>: Unterst\u00fctzt die individuelle Anpassung des Schachteltyps, der Farbe (z. B. Schmuckfarbendruck) und der Oberfl\u00e4chentechnologie (UV, Hei\u00dfpr\u00e4gung, Pr\u00e4gung usw.), mit einer Mindestbestellmenge von\u00a0<strong>500 St\u00fcck<\/strong>, um den Bedarf an Gro\u00dfeink\u00e4ufen und exklusiven Markenprodukten zu decken.<\/li>\n<li><strong>Unterst\u00fctzung bei der Gestaltung<\/strong>: Ausgestattet mit einem professionellen Designteam, das\u00a0<strong>3D-Modell-Vorschau-Service<\/strong>Mit Hilfe von KI-Tools lassen sich schnell Modellrenderings erstellen, was die Designpr\u00fcfung und -implementierung beschleunigt.<\/li>\n<\/ul>\n<h2 id=\"5-production-and-quality-control-\">5.\u00a0<strong>Produktion und Qualit\u00e4tskontrolle<\/strong><\/h2>\n<ul>\n<li><strong>Fortschrittliche Ausr\u00fcstung<\/strong>: Einsatz von vollautomatischen Druckmaschinen und Stanzmaschinen, um die Druckgenauigkeit und die Konsistenz der Schachtel zu gew\u00e4hrleisten.<\/li>\n<li><strong>Normen f\u00fcr die Qualit\u00e4tskontrolle<\/strong>: Der Fehler wird streng kontrolliert innerhalb\u00a0<strong>\u00b10,3mm<\/strong>Die Qualit\u00e4t des Endprodukts wird durch eine mehrstufige Probenahme gew\u00e4hrleistet.<\/li>\n<\/ul>\n<h2 id=\"6-logistics-and-after-sales-\">6.\u00a0<strong>Logistik und After-Sales<\/strong><\/h2>\n<ul>\n<li><strong>Globale Zustellung<\/strong>: Unterst\u00fctzt Logistikkooperationen wie YTO, STO und SF Express, und die speziell f\u00fcr den grenz\u00fcberschreitenden Export vorgesehene Verpackung kann an die internationalen Transportanforderungen angepasst werden.<\/li>\n<li><strong>Engagement nach dem Verkauf<\/strong>: Bereitstellung von\u00a0<strong>15 Tage bedingungslose R\u00fcckgabe und Umtausch<\/strong>\u00a0und\u00a0<strong>Echtheitsgarantie<\/strong>\u00a0um die Sorgen der Kunden zu l\u00f6sen.<\/li>\n<\/ul>\n<h2 id=\"-cooperation-process-\"><strong>Prozess der Zusammenarbeit<\/strong><\/h2>\n<ol>\n<li><strong>Kommunikation der Anforderungen<\/strong>: Stellen Sie uns einen Entwurf zur Verf\u00fcgung oder beschreiben Sie die Anforderungen, und wir werden Ihnen innerhalb von 3 Tagen ein 3D-Modell und ein Angebot erstellen.<\/li>\n<li><strong>Best\u00e4tigung der Korrekturen<\/strong>: Stellen Sie kostenlos 1-2 \u00c4nderungsmuster zur Verf\u00fcgung, um sicherzustellen, dass die Angaben korrekt sind.<\/li>\n<li><strong>Massenproduktion<\/strong>: Lieferung innerhalb von 7-14 Arbeitstagen nach der Best\u00e4tigung, Unterst\u00fctzung von Batch-Versand.<\/li>\n<\/ol>","protected":false},"excerpt":{"rendered":"<ul>\n<li><strong>Anzeige der Marke<\/strong>: Anwendbar f\u00fcr die Verpackung von Luxusparf\u00fcms, hochwertigen Kosmetika und anderen Produkten, und st\u00e4rken das hochwertige Image der Marke durch magnetisches Flip-Cover-Design und matte Folientechnologie.<\/li>\n<li><strong>Weihnachtsgeschenkbox<\/strong>: Es kann mit Zubeh\u00f6r wie B\u00e4ndern und Gru\u00dfkarten mit Goldpr\u00e4gung kombiniert werden, um Geschenkboxen in limitierter Auflage zu gestalten.<\/li>\n<li><strong>Fallbeispiel<\/strong>: Wir haben eine ma\u00dfgeschneiderte\u00a0<strong>schwarze matte magnetische Geschenkbox<\/strong>\u00a0f\u00fcr eine internationale Marke, gef\u00fcttert mit goldenem Seidenstoff und mit gepr\u00e4gtem LOGO.<\/li>\n<\/ul>","protected":false},"featured_media":10158,"template":"","meta":[],"product_brand":[],"product_cat":[30,417,424,31],"product_tag":[225,1355,1354],"class_list":{"0":"post-10156","1":"product","2":"type-product","3":"status-publish","4":"has-post-thumbnail","6":"product_cat-by-industry","7":"product_cat-custom-perfume-boxes-by-industry","8":"product_cat-magnetic-closure-boxes","9":"product_cat-paper-box-style","10":"product_tag-custom-perfume-boxes","11":"product_tag-magnetic-closure-perfume-boxes","12":"product_tag-perfume-rigid-boxes","14":"first","15":"instock","16":"shipping-taxable","17":"product-type-grouped"},"_links":{"self":[{"href":"https:\/\/zojopackaging.com\/de\/wp-json\/wp\/v2\/product\/10156","targetHints":{"allow":["GET"]}}],"collection":[{"href":"https:\/\/zojopackaging.com\/de\/wp-json\/wp\/v2\/product"}],"about":[{"href":"https:\/\/zojopackaging.com\/de\/wp-json\/wp\/v2\/types\/product"}],"version-history":[{"count":1,"href":"https:\/\/zojopackaging.com\/de\/wp-json\/wp\/v2\/product\/10156\/revisions"}],"predecessor-version":[{"id":10163,"href":"https:\/\/zojopackaging.com\/de\/wp-json\/wp\/v2\/product\/10156\/revisions\/10163"}],"wp:featuredmedia":[{"embeddable":true,"href":"https:\/\/zojopackaging.com\/de\/wp-json\/wp\/v2\/media\/10158"}],"wp:attachment":[{"href":"https:\/\/zojopackaging.com\/de\/wp-json\/wp\/v2\/media?parent=10156"}],"wp:term":[{"taxonomy":"product_brand","embeddable":true,"href":"https:\/\/zojopackaging.com\/de\/wp-json\/wp\/v2\/product_brand?post=10156"},{"taxonomy":"product_cat","embeddable":true,"href":"https:\/\/zojopackaging.com\/de\/wp-json\/wp\/v2\/product_cat?post=10156"},{"taxonomy":"product_tag","embeddable":true,"href":"https:\/\/zojopackaging.com\/de\/wp-json\/wp\/v2\/product_tag?post=10156"}],"curies":[{"name":"wp","href":"https:\/\/api.w.org\/{rel}","templated":true}]}}