{"id":10164,"date":"2025-04-04T18:49:54","date_gmt":"2025-04-04T10:49:54","guid":{"rendered":"https:\/\/zojopackaging.com\/?post_type=product&#038;p=10164"},"modified":"2025-04-04T18:59:45","modified_gmt":"2025-04-04T10:59:45","slug":"customizable-luxury-perfume-watch-boxes-with-handle","status":"publish","type":"product","link":"https:\/\/zojopackaging.com\/de\/product\/customizable-luxury-perfume-watch-boxes-with-handle\/","title":{"rendered":"Anpassbare Luxus-Parf\u00fcm-Uhrenboxen mit Griff"},"content":{"rendered":"<h2 id=\"-i-core-features-of-the-product-\"><strong>1. Hauptmerkmale des Produkts<\/strong><\/h2>\n<ol>\n<li><strong>Innovative Materialkombination, die Kunst und Zweckm\u00e4\u00dfigkeit verbindet<\/strong>\u00a0Die Oberfl\u00e4chenschicht besteht aus 157 g gestrichenem C2S-Kunstdruckpapier und 1200 g Hartkarton. Das Verbundverfahren sorgt f\u00fcr Druck- und Sto\u00dffestigkeit (Druckfestigkeit von mehr als 50 kg) und verleiht der Schachtel einen zarten Griff und eine matte Textur. Die Oberfl\u00e4che des Kunstpapiers kann mit einer gepr\u00e4gten Textur oder einem Siebdruckmuster versehen werden. In Kombination mit der starren Unterst\u00fctzung des Kartons wird sichergestellt, dass er sich w\u00e4hrend des Transports nicht verformt und die visuelle Pr\u00e4sentation k\u00fcnstlerisch hochwertig ist.<\/li>\n<li><strong>Design zur visuellen Aufwertung der Marke<\/strong><\/li>\n<li><strong>Hauptfarbe<\/strong>: Basierend auf dem blauen Macaron-Farbsystem wird die Farbe mit Hilfe der Pantone-Farbkarte genau angepasst, um ein weiches und hochwertiges Gef\u00fchl zu vermitteln.<\/li>\n<li><strong>LOGO-Verfahren<\/strong>: Die elektrochemische Aluminium-Hei\u00dfpr\u00e4gung in Spiegelqualit\u00e4t wird mit der deutschen Heidelberg-Hei\u00dfpr\u00e4geeinheit durchgef\u00fchrt. Der Lichtbrechungsindex betr\u00e4gt mehr als 85%, und ein flie\u00dfender metallischer Glanz kann unter dynamischem Licht und Schatten gebildet werden, was die Markenerkennung erheblich verbessert.<\/li>\n<\/ol>\n<h2 id=\"-ii-lining-and-structural-optimization-\"><strong>2. Auskleidung und strukturelle Optimierung<\/strong><\/h2>\n<ol>\n<li><strong>Ma\u00dfgeschneiderte Auskleidungsl\u00f6sung<\/strong><\/li>\n<li><strong>Auswahl des Materials<\/strong>: EVA-Futter (sto\u00dffest, antistatisch) oder Schwammfutter (weiche Polsterung) ist vorhanden, und die Form kann genau nach der Gr\u00f6\u00dfe der Parf\u00fcmflasche\/Uhr ge\u00f6ffnet werden, um das Produkt vor St\u00f6\u00dfen zu sch\u00fctzen.<\/li>\n<li><strong>System zur Farbabstimmung<\/strong>: Die Verkleidung unterst\u00fctzt das Morandi-Farbsystem (z. B. Graupulver, Dunstblau), und die Farbe mit geringer S\u00e4ttigung wird durch das matte UV-Lackierverfahren erreicht, das einen harmonischen Kontrast zur Hauptfarbe des Au\u00dfenbereichs bildet.<\/li>\n<li><strong>Patentierte Struktur der Himmels- und Erdbox<\/strong><\/li>\n<li><strong>Komfort beim \u00d6ffnen<\/strong>: Die \"Himmel-bedeckenden-Boden\" Split-Design angenommen wird, und die \u00d6ffnung und Schlie\u00dfung Winkel ist \u226590\u00b0, die leicht genommen und mit einer Hand setzen werden kann.<\/li>\n<li><strong>Dichtungsleistung<\/strong>: Nach dem Verschlie\u00dfen des Kofferk\u00f6rpers wird dieser durch einen Magnetsauger und eine Schnalle doppelt verriegelt. Er ist staub- und feuchtigkeitsbest\u00e4ndig und entspricht den internationalen Transportstandards (ISTA 3A Test bestanden).<\/li>\n<\/ol>\n<h2 id=\"-iii-personalized-customization-service-\"><strong>3. Personalisierter Anpassungsservice<\/strong><\/h2>\n<ol>\n<li><strong>Kompatibilit\u00e4t von Parf\u00fcmflaschen<\/strong>\u00a0Unterst\u00fctzt die individuelle Anpassung von Parf\u00fcmflaschen mit verschiedenen Spezifikationen von 10 ml bis 100 ml, einschlie\u00dflich spezieller Anforderungen wie Glasflaschen mit besonderen Formen und Metalld\u00fcsen. Der Futterschlitz kann an zylindrische, quadratische oder kundenspezifische Schnittformen angepasst werden.<\/li>\n<li><strong>Optionen zur Prozess-Erweiterung<\/strong><\/li>\n<li><strong>Oberfl\u00e4chenbehandlung<\/strong>: Optionale Pr\u00e4gung, lokale UV-Bestrahlung, Siebdruck und andere Verfahren, wie z. B. UV-Lackierung mit Sternenhimmel-Effekt oder 3D-Stereorelief.<\/li>\n<li><strong>Design des Griffs<\/strong>: Der Griff besteht aus umweltfreundlichem PU-Leder, das mit einem harten PP-Skelett ummantelt ist. Er liegt gut in der Hand, ist bis zu 5 kg belastbar und kann mit einem Markenlogo versehen werden.<\/li>\n<\/ol>\n<h2 id=\"-iv-production-and-quality-control-guarantee-\"><strong>4. Garantie f\u00fcr Produktion und Qualit\u00e4tskontrolle<\/strong><\/h2>\n<ol>\n<li><strong>Intelligentes Produktionssystem<\/strong><\/li>\n<li><strong>Ausr\u00fcstung<\/strong>: Ausgestattet mit einer deutschen Heidelberg CX 102 Sechsfarben-Druckmaschine, die einen Pr\u00e4zisionspunktdruck von 0,1 mm unterst\u00fctzt; die vollautomatische Stanzlinie erreicht einen Stanzfehler von \u00b10,3 mm.<\/li>\n<li><strong>Qualit\u00e4tskontrolle<\/strong>: Das Zertifizierungssystem nach ISO 9001 hat bestanden, die Qualit\u00e4tspr\u00fcfung des gesamten Prozesses (Eingang der Rohstoffe ins Lager \u2192 Ausgang der fertigen Produkte aus dem Werk) deckt 12 Prozesse ab, und die Produktqualifikationsrate betr\u00e4gt 99,98%.<\/li>\n<li><strong>Entwurfsreaktionsgeschwindigkeit<\/strong>\u00a0Designer verwenden parametrische Modellierungssoftware (z. B. Rhino+Grasshopper), um innerhalb von 48 Stunden 3D-Renderings und physische Proofs zu erstellen, die virtuelle AR-Anzeige zu unterst\u00fctzen und die Entscheidungsfindung der Kunden zu beschleunigen.<\/li>\n<\/ol>\n<h2 id=\"-v-application-scenarios-and-added-value-\"><strong>5. Anwendungsszenarien und zus\u00e4tzlicher Nutzen<\/strong><\/h2>\n<ul>\n<li><strong>Anwendbare Felder<\/strong>Luxusparf\u00fcm-Geschenkboxen, hochwertige Uhrenverpackungen, limitierte Auflage, gemeinsame Personalisierung.<\/li>\n<li><strong>Umweltzertifizierung<\/strong>: Das Material entspricht den FSC-Standards, die Recyclingrate betr\u00e4gt 95% und es unterst\u00fctzt die R\u00fcckverfolgbarkeit des CO2-Fu\u00dfabdrucks.<\/li>\n<\/ul>\n<p><strong>Anpassungsprozess<\/strong>Kommunikation der Nachfrage \u2192 3D-Modellierung \u2192 Best\u00e4tigung des Korrekturabzugs \u2192 Massenproduktion (Mindestbestellmenge 500 St\u00fcck, Unterst\u00fctzung von Eilauftr\u00e4gen).<\/p>","protected":false},"excerpt":{"rendered":"<p>\u2705<strong>Luxus-Appeal.<\/strong>Steigern Sie den wahrgenommenen Wert mit minimalistischem, markengerechtem Design.<br \/>\n\u2705<strong>Gesamteffizienz.<\/strong>Optimiert f\u00fcr schnelle Montage und kosteng\u00fcnstigen Versand.<br \/>\n\u2705<strong>Ma\u00dfgeschneiderte Anpassung.<\/strong>F\u00fcgen Sie Logos, Text oder einzigartige Farbakzente hinzu.<br \/>\n\u2705<strong>Schutz.<\/strong>Verst\u00e4rkte Kanten sch\u00fctzen vor Transportsch\u00e4den.<br \/>\n\u2705<strong>Vielseitigkeit.<\/strong>Ideal f\u00fcr Parfums, Uhren oder luxuri\u00f6se Geschenksets.<\/p>","protected":false},"featured_media":10170,"template":"","meta":[],"product_brand":[],"product_cat":[30,413,417,425,31],"product_tag":[1357,1356,1358],"class_list":{"0":"post-10164","1":"product","2":"type-product","3":"status-publish","4":"has-post-thumbnail","6":"product_cat-by-industry","7":"product_cat-consumer-electronics-boxes","8":"product_cat-custom-perfume-boxes-by-industry","9":"product_cat-lid-and-base-gift-box","10":"product_cat-paper-box-style","11":"product_tag-customizable-watch-boxes","12":"product_tag-luxury-perfume-boxes","13":"product_tag-watch-boxes-with-handle","15":"first","16":"instock","17":"shipping-taxable","18":"product-type-grouped"},"_links":{"self":[{"href":"https:\/\/zojopackaging.com\/de\/wp-json\/wp\/v2\/product\/10164","targetHints":{"allow":["GET"]}}],"collection":[{"href":"https:\/\/zojopackaging.com\/de\/wp-json\/wp\/v2\/product"}],"about":[{"href":"https:\/\/zojopackaging.com\/de\/wp-json\/wp\/v2\/types\/product"}],"version-history":[{"count":1,"href":"https:\/\/zojopackaging.com\/de\/wp-json\/wp\/v2\/product\/10164\/revisions"}],"predecessor-version":[{"id":10171,"href":"https:\/\/zojopackaging.com\/de\/wp-json\/wp\/v2\/product\/10164\/revisions\/10171"}],"wp:featuredmedia":[{"embeddable":true,"href":"https:\/\/zojopackaging.com\/de\/wp-json\/wp\/v2\/media\/10170"}],"wp:attachment":[{"href":"https:\/\/zojopackaging.com\/de\/wp-json\/wp\/v2\/media?parent=10164"}],"wp:term":[{"taxonomy":"product_brand","embeddable":true,"href":"https:\/\/zojopackaging.com\/de\/wp-json\/wp\/v2\/product_brand?post=10164"},{"taxonomy":"product_cat","embeddable":true,"href":"https:\/\/zojopackaging.com\/de\/wp-json\/wp\/v2\/product_cat?post=10164"},{"taxonomy":"product_tag","embeddable":true,"href":"https:\/\/zojopackaging.com\/de\/wp-json\/wp\/v2\/product_tag?post=10164"}],"curies":[{"name":"wp","href":"https:\/\/api.w.org\/{rel}","templated":true}]}}