{"id":10172,"date":"2025-04-05T14:18:29","date_gmt":"2025-04-05T06:18:29","guid":{"rendered":"https:\/\/zojopackaging.com\/?post_type=product&#038;p=10172"},"modified":"2025-04-05T14:26:25","modified_gmt":"2025-04-05T06:26:25","slug":"custom-luxury-perfume-drawer-box-and-bag-gift-box-sets","status":"publish","type":"product","link":"https:\/\/zojopackaging.com\/de\/product\/custom-luxury-perfume-drawer-box-and-bag-gift-box-sets\/","title":{"rendered":"Benutzerdefinierte Luxus-Parf\u00fcm-Schublade Box und Tasche - Geschenk-Box-Sets"},"content":{"rendered":"<h3 id=\"-1-structural-innovation-double-protection-of-special-paper-gray-board-\"><strong>1. Strukturelle Innovation: doppelter Schutz aus Spezialpapier + Graupappe<\/strong><\/h3>\n<p>Die Annahme einer zusammengesetzten Struktur von\u00a0<strong>120g schweres Spezialpapier<\/strong>\u00a0(Oberfl\u00e4chenrauhigkeit Ra\u22640,8\u03bcm) und\u00a0<strong>1200g Graupappe<\/strong>Durch Pr\u00e4zisionsstanzen und Kaltpressen wird die Druckfestigkeit des Kastenk\u00f6rpers auf \u2265350N erh\u00f6ht (siehe ISO 12048 Teststandard), und die Transportbesch\u00e4digungsrate betr\u00e4gt weniger als 0,3%. Die Graukartonauskleidung besteht aus Wabenkarton, der die seismische Leistung um 80% verbessert, w\u00e4hrend die Dicke des Kartons im ausgeklappten Zustand nur 1\/3 der Dicke im geschlossenen Zustand betr\u00e4gt und die Ausnutzung des Logistikraums um 70% optimiert wird (Fall: Bericht zur Optimierung des Seetransports einer Luxusparf\u00fcmmarke im Jahr 2024).<\/p>\n<h3 id=\"-2-visual-narrative-the-collision-of-gray-aesthetics-and-hot-stamping-technology-\"><strong>2. Visuelle Erz\u00e4hlung: die Kollision von grauer \u00c4sthetik und Hei\u00dfpr\u00e4getechnik<\/strong><\/h3>\n<p>-\u00a0<strong>Farbsystem<\/strong>: Die Hauptfarbe ist\u00a0<strong>Pantone 18-1445 TCX (antikgrau)<\/strong>, die mit\u00a0<strong>15-3717 TCX (perlwei\u00df)<\/strong>\u00a0um einen visuellen Kontrast zu bilden, und ein 0,1 mm breiter Farbverlauf wird durch hochpr\u00e4zisen Druck mit 1200 dpi erreicht; -\u00a0<strong>Bef\u00e4higung zur Marke<\/strong>: Das LOGO nimmt die\u00a0<strong>Rotgold-Hei\u00dfpr\u00e4getechnik<\/strong>mit einem Metallglanz von 90GU, einer nach ISO 2838 gepr\u00fcften Verschlei\u00dffestigkeit und einer um 50% erh\u00f6hten taktilen Klarheit; -\u00a0<strong>Licht- und Schattenkunst<\/strong>: Der Rand des Deckels ist mit einer 0,3 mm dicken Lasergravur versehen, die bei Lichtbrechung dynamische Licht- und Schatteneffekte erzeugt, die zur geheimnisvollen Note der hochwertigen D\u00fcfte passen.<\/p>\n<h3 id=\"-3-lining-system-luxurious-care-in-black-and-gray-colors-\"><strong>3. Futtersystem: luxuri\u00f6se Pflege in den Farben schwarz und grau<\/strong><\/h3>\n<p>-\u00a0<strong>Auswahl des Materials<\/strong>: -\u00a0<strong>EVA-Futter<\/strong>: 3mm Dicke, Shore-H\u00e4rte 60A, Stauchh\u00e4rte \u226595%, geeignet f\u00fcr die Befestigung von Parf\u00fcmflaschen in Sonderform; -\u00a0<strong>Auskleidung mit Schwamm<\/strong>: Polyurethan hoher Dichte, Dichte \u226545kg\/m\u00b3, sto\u00dffestes Verhalten, ISTA 3A Zertifizierung; -\u00a0<strong>Stil Uniform<\/strong>Die matte Folie auf der Oberfl\u00e4che des Innenfutters, die sich seidig anf\u00fchlt, \u00fcberlagert sich mit dem Innenfutter aus Graukarton und verst\u00e4rkt das Gef\u00fchl beim \u00d6ffnen der Schachtel.<\/p>\n<h3 id=\"-4-pull-out-design-balance-between-ritual-and-practicality-\"><strong>4. Auszugsdesign: Gleichgewicht zwischen Ritual und Zweckm\u00e4\u00dfigkeit<\/strong><\/h3>\n<p>-\u00a0<strong>Strukturelle Optimierung<\/strong>: Adoptieren Sie\u00a0<strong>dreiteilige ger\u00e4uscharme Gleitschiene<\/strong>Eingebautes Kugellager aus rostfreiem Stahl, erh\u00f6hte Auszugsleichtigkeit durch 60%, Einhand-Bet\u00e4tigungskraft \u22641,5N; -\u00a0<strong>Garantie der Versiegelung<\/strong>: Der Geh\u00e4usek\u00f6rper und der Geh\u00e4usedeckel nehmen\u00a0<strong>Magnetische Ansaugung + Zunge mit doppelter Verriegelung<\/strong>Die Luftdichtheitspr\u00fcfung ergibt eine Leckrate von &lt;0,05 ml\/min, was den Normen f\u00fcr den Lufttransport entspricht; -\u00a0<strong>Interaktive Gestaltung<\/strong>: Der \u00d6ffnungswinkel ist auf 85\u00b0 optimiert, mit eingebauter LED-Lichtleiste (optional), die sofort beim \u00d6ffnen der Box eine sanfte Lichtatmosph\u00e4re erzeugt, um das Benutzererlebnis zu verbessern.<\/p>\n<h3 id=\"-5-specification-adaptation-full-scenario-capacity-solution-\"><strong>5. Anpassung der Spezifikation: Kapazit\u00e4tsl\u00f6sung f\u00fcr das gesamte Szenario<\/strong><\/h3>\n<p>-\u00a0<strong>Kompatibilit\u00e4t der Flaschentypen<\/strong>: unterst\u00fctzt Parf\u00fcmflaschen mit einem Durchmesser von 15-45mm und einer H\u00f6he von 50-150mm, die kleinste eignet sich f\u00fcr 10ml Reagenzgl\u00e4ser und die gr\u00f6\u00dfte kann 100ml speziell geformte Parf\u00fcmflaschen aufnehmen; -\u00a0<strong>Erweiterung des Prozesses<\/strong>: -\u00a0<strong>Oberfl\u00e4chenbehandlung<\/strong>: lokales UV-Relief, Lasergravur, Perlglanzbeschichtung; -\u00a0<strong>Zus\u00e4tzliche Funktionen<\/strong>Integrierte Temperatur- und Feuchtigkeitssensoren (optional), R\u00fcckverfolgbarkeit durch NFC-Chipcode-Scanning<\/p>\n<h3 id=\"-6-matching-paper-bag-the-ultimate-solution-for-light-luxury-and-portability-\"><strong>6. Passende Papiert\u00fcte: die ultimative L\u00f6sung f\u00fcr leichten Luxus und Tragbarkeit<\/strong><\/h3>\n<p>-\u00a0<strong>Werkstoff-Matrix<\/strong>: -\u00a0<strong>\u00c4u\u00dferer Beutel<\/strong>: 300g wei\u00dfer Karton + 20\u03bcm PET-Beschichtung, Rei\u00dffestigkeit \u226550N; -\u00a0<strong>Innenfutter<\/strong>: 50g Vliesstoff + Beflockung, Ber\u00fchrungsfeinheit Ra\u22640,4\u03bcm; -\u00a0<strong>Details zur Gestaltung<\/strong>: Die Tasche Mund nimmt magnetische Schnalle + Griff integrierte Design, Tragf\u00e4higkeit \u22652kg, und die tragbare Gr\u00f6\u00dfe kann angepasst werden (mindestens 18\u00d712cm).<\/p>\n<h3 id=\"-7-smart-manufacturing-cornerstone-16-years-of-industry-experience-\"><strong>7. Eckpfeiler der intelligenten Fertigung: 16 Jahre Branchenerfahrung<\/strong><\/h3>\n<p>-\u00a0<strong>Ausstattungsmatrix<\/strong>: Ausgestattet mit deutschem Heidelberg-Sechsfarbendruckwerk (Farbunterschied \u0394E\u22640,8), vollautomatischer Stanzanlage (Pr\u00e4zision \u00b10,1mm), Tagesproduktionskapazit\u00e4t von 100.000 St\u00fcck; -\u00a0<strong>System der Qualit\u00e4tskontrolle<\/strong>: ISO 9001\/BRCGS-Zertifizierung, jede Produktcharge wird 12 Qualit\u00e4tskontrollen unterzogen (Druck-\/Tropftests\/Farbechtheitstests), und die Qualifikationsrate betr\u00e4gt 99,98%; -\u00a0<strong>Agile Reaktion<\/strong>: Das Team f\u00fcr parametrische Modellierung fertigt innerhalb von 48 Stunden 3D-Renderings und Proofs an und unterst\u00fctzt die Anpassung von Kleinserien (Mindestbestellmenge: 500 St\u00fcck).<\/p>","protected":false},"excerpt":{"rendered":"<p><strong>ZOJO Print | Customized Luxus Parf\u00fcm Schublade Box und Tasche - Geschenk-Box-Set: Perfekte Verschmelzung von Kunst und Funktion<\/strong><\/p>\n<p>Auf dem Markt f\u00fcr hochwertige Parf\u00fcms und D\u00fcfte ist die Verpackung nicht nur ein Beh\u00e4ltnis f\u00fcr das Produkt, sondern auch ein zentraler Tr\u00e4ger des Markentons, der Benutzererfahrung und der emotionalen Bindung. ZOJO Print ist seit 16 Jahren in der Branche t\u00e4tig und konzentriert sich darauf, Luxusparf\u00fcmmarken mit Schubladenboxen und Beutelsets zu versorgen, die k\u00fcnstlerischen Wert, Funktionalit\u00e4t und kommerzielle Wettbewerbsf\u00e4higkeit verbinden.<\/p>","protected":false},"featured_media":10174,"template":"","meta":[],"product_brand":[],"product_cat":[30,417,432,31,426],"product_tag":[1359,1361,1360],"class_list":{"0":"post-10172","1":"product","2":"type-product","3":"status-publish","4":"has-post-thumbnail","6":"product_cat-by-industry","7":"product_cat-custom-perfume-boxes-by-industry","8":"product_cat-pape-gift-bags","9":"product_cat-paper-box-style","10":"product_cat-paper-drawer-boxes","11":"product_tag-custom-box-and-bag","12":"product_tag-gift-box-sets","13":"product_tag-perfume-drawer-box-and-bag","15":"first","16":"instock","17":"shipping-taxable","18":"product-type-grouped"},"_links":{"self":[{"href":"https:\/\/zojopackaging.com\/de\/wp-json\/wp\/v2\/product\/10172","targetHints":{"allow":["GET"]}}],"collection":[{"href":"https:\/\/zojopackaging.com\/de\/wp-json\/wp\/v2\/product"}],"about":[{"href":"https:\/\/zojopackaging.com\/de\/wp-json\/wp\/v2\/types\/product"}],"version-history":[{"count":1,"href":"https:\/\/zojopackaging.com\/de\/wp-json\/wp\/v2\/product\/10172\/revisions"}],"predecessor-version":[{"id":10180,"href":"https:\/\/zojopackaging.com\/de\/wp-json\/wp\/v2\/product\/10172\/revisions\/10180"}],"wp:featuredmedia":[{"embeddable":true,"href":"https:\/\/zojopackaging.com\/de\/wp-json\/wp\/v2\/media\/10174"}],"wp:attachment":[{"href":"https:\/\/zojopackaging.com\/de\/wp-json\/wp\/v2\/media?parent=10172"}],"wp:term":[{"taxonomy":"product_brand","embeddable":true,"href":"https:\/\/zojopackaging.com\/de\/wp-json\/wp\/v2\/product_brand?post=10172"},{"taxonomy":"product_cat","embeddable":true,"href":"https:\/\/zojopackaging.com\/de\/wp-json\/wp\/v2\/product_cat?post=10172"},{"taxonomy":"product_tag","embeddable":true,"href":"https:\/\/zojopackaging.com\/de\/wp-json\/wp\/v2\/product_tag?post=10172"}],"curies":[{"name":"wp","href":"https:\/\/api.w.org\/{rel}","templated":true}]}}