{"id":10190,"date":"2025-04-05T14:35:34","date_gmt":"2025-04-05T06:35:34","guid":{"rendered":"https:\/\/zojopackaging.com\/?post_type=product&#038;p=10190"},"modified":"2025-04-05T14:44:05","modified_gmt":"2025-04-05T06:44:05","slug":"custom-wholesale-perfume-slide-out-boxes-packaging-supplier","status":"publish","type":"product","link":"https:\/\/zojopackaging.com\/de\/product\/custom-wholesale-perfume-slide-out-boxes-packaging-supplier\/","title":{"rendered":"Benutzerdefinierte Gro\u00dfhandel Parf\u00fcm Slide-out-Boxen Verpackung Lieferant"},"content":{"rendered":"<h3 id=\"-1-material-innovation-double-protection-of-coated-paper-gray-board-\"><strong>1. Materialinnovation: doppelter Schutz aus beschichtetem Papier + Graupappe<\/strong><\/h3>\n<p>Die Annahme einer zusammengesetzten Struktur von\u00a0<strong>157g hochgewichtiges gestrichenes Papier<\/strong>\u00a0(Oberfl\u00e4chenrauhigkeit Ra\u22640,6\u03bcm) und\u00a0<strong>1200g Graupappe<\/strong>Durch Pr\u00e4zisionsstanzen und Kaltpressen ist die Druckfestigkeit der Schachtel \u2265280N (Referenz ISO 12048 Teststandard), und die Transportbesch\u00e4digungsrate betr\u00e4gt weniger als 0,5%. Die Oberfl\u00e4chengl\u00e4tte des beschichteten Papiers ist mehr als 90% (ISO 8791), und mit\u00a0<strong>nano-hydrophobe Beschichtung<\/strong>Mit 60% wird die Wasserdichtigkeit durch die Folie hindurch verbessert, so dass die Anforderungen an feuchte Umgebungen beim Seetransport erf\u00fcllt werden (Datenquelle: Laborbericht \u00fcber Verpackungsmaterial).<\/p>\n<h3 id=\"-2-structural-design-the-sense-of-ceremony-and-practicality-of-sliding-out-the-box-\"><strong>2. Strukturelles Design: der Sinn der Zeremonie und die Zweckm\u00e4\u00dfigkeit des Herausschiebens der Box<\/strong><\/h3>\n<p>-\u00a0<strong>Garantie der Versiegelung<\/strong>: den Dosenk\u00f6rper und den Dosendeckel annehmen\u00a0<strong>Magnetische Ansaugung + Zunge mit doppelter Verriegelung<\/strong>Die Luftdichtheitspr\u00fcfung ergab eine Leckrate von weniger als 0,05 ml\/min, was den Normen f\u00fcr den Lufttransport entspricht;<\/p>\n<p>-\u00a0<strong>Interaktive Gestaltung<\/strong>: Der \u00d6ffnungswinkel ist auf 85\u00b0 optimiert, mit einer eingebauten LED-Lichtleiste (optional), die beim \u00d6ffnen der Box eine sanfte Lichtatmosph\u00e4re erzeugt und so das Benutzererlebnis verbessert.<\/p>\n<h3 id=\"-3-visual-narrative-minimalist-aesthetics-and-brand-empowerment-\"><strong>3. Visuelle Erz\u00e4hlung: Minimalistische \u00c4sthetik und St\u00e4rkung der Marke<\/strong><\/h3>\n<p>-\u00a0<strong>Farbe System<\/strong>: -\u00a0<strong>Schwarzer Modestil<\/strong>: Mit geometrischen Schnittmustern wird Pantone 18-1755 TCX (Vibrant Red) als letzter Schliff verwendet, um einen avantgardistischen Kunstsinn zu vermitteln;<\/p>\n<p>-\u00a0<strong>Beige Luxury Style<\/strong>: Mit Pantone 16-5938 TCX (Antique Yellow) als Basis, \u00fcberlagert von 0,3 mm gro\u00dfen lasergravierten Mustern, die klassische Eleganz interpretieren;<\/p>\n<p>-\u00a0<strong>Markenlogo<\/strong>: Der Schriftzug \"PERFUME\" ist in der Mitte der Schachtel mit Hilfe der Ros\u00e9gold-Pr\u00e4getechnik hei\u00dfgepr\u00e4gt, der metallische Glanz erreicht 90GU, und die taktile Klarheit wird um 50% erh\u00f6ht.<\/p>\n<h3 id=\"-4-lining-system-refined-protection-with-multi-material-adaptation-\"><strong>4. Auskleidungssystem: verfeinerter Schutz mit Multimaterialanpassung<\/strong><\/h3>\n<p>-\u00a0<strong>EVA-Futter<\/strong>: 3mm Dicke, Shore-H\u00e4rte 60A, Druckfestigkeit \u2265 95%, geeignet f\u00fcr die Befestigung von speziell geformten Parf\u00fcmflaschen;<\/p>\n<p>-\u00a0<strong>Schwamm\/PEP<\/strong>Hochdichtes Polyurethan (Dichte \u2265 45 kg\/m\u00b3), die Sto\u00dffestigkeit ist nach ISTA 3A zertifiziert;<\/p>\n<p>-\u00a0<strong>Ma\u00dfgeschneiderte Erweiterung<\/strong>Unterst\u00fctzt EPE, Beflockung und andere Materialien und kann personalisierte Auskleidungen ausstanzen (Mindestanpassung \u03a615mm Parf\u00fcmflasche).<\/p>\n<h3 id=\"-5-all-round-customization-seamless-adaptation-from-function-to-aesthetics-\"><strong>5. Allround-Anpassung: nahtlose Anpassung von der Funktion bis zur \u00c4sthetik<\/strong><\/h3>\n<p>-\u00a0<strong>Flexibilit\u00e4t der Gr\u00f6\u00dfe<\/strong>Unterst\u00fctzt die vollst\u00e4ndige Anpassung von L\u00e4nge 80-150mm, Breite 50-100mm, H\u00f6he 30-80mm;<\/p>\n<p>-\u00a0<strong>Funktionserweiterung<\/strong>Eingebauter Temperatur- und Feuchtigkeitssensor (optional), NFC-Chip zum Scannen der R\u00fcckverfolgbarkeit (kompatibel mit der Norm ISO 18000-63);<\/p>\n<p>-\u00a0<strong>Prozess-Kombination<\/strong>8 Oberfl\u00e4chenbehandlungsverfahren wie lokale UV-Bestrahlung, Siebdruck, Hei\u00dfpr\u00e4gung usw. sind optional.<\/p>\n<h3 id=\"-6-design-empowerment-trend-insight-and-agile-implementation-\"><strong>6. Design Empowerment: Trends erkennen und agil umsetzen<\/strong><\/h3>\n<p>Ein spezielles Team von 10 Senior Designern bietet drei ma\u00dfgeschneiderte Dienstleistungen an:<\/p>\n<p>-\u00a0<strong>Trendvorhersage<\/strong>: Ver\u00f6ffentlichung des \"Fragrance Packaging Color Trend Report\" in jedem Quartal, der die j\u00e4hrlich von Pantone ver\u00f6ffentlichten beliebten Farben und Materialinnovationen enth\u00e4lt;<\/p>\n<p>-\u00a0<strong>3D-Visualisierung<\/strong>: Ausgabe parametrischer 3D-Modelle (Genauigkeit \u00b10,1 mm) innerhalb von 48 Stunden, Unterst\u00fctzung der virtuellen AR-Vorschau;<\/p>\n<p>-\u00a0<strong>Kulturelle Erm\u00e4chtigung<\/strong>: Integrieren Sie den neuen chinesischen Stil, Cyberpunk und andere Stile, bieten Sie mehr als 200 Musterbibliotheken und passen Sie sich an verschiedene M\u00e4rkte wie Europa, Amerika und S\u00fcdostasien an.<\/p>\n<h3 id=\"-7-smart-manufacturing-foundation-16-years-of-industry-experience-\"><strong>7. Grundlage f\u00fcr eine intelligente Fertigung: 16 Jahre Erfahrung in der Industrie<\/strong><\/h3>\n<p>-\u00a0<strong>Ausstattungsmatrix<\/strong>Ausstattung mit deutschem Heidelberg-Sechsfarbendruckwerk (Farbunterschied \u0394E\u22640,8), vollautomatische Stanzlinie (Genauigkeit \u00b10,1 mm), t\u00e4gliche Produktionskapazit\u00e4t von 100.000 St\u00fcck;<\/p>\n<p>-\u00a0<strong>System der Qualit\u00e4tskontrolle<\/strong>: ISO 9001\/BRCGS-zertifiziert, jede Produktpartie wird 12 Qualit\u00e4tskontrollen unterzogen (Druck-\/Tropftests\/Farbechtheitstests), und die Qualifikationsrate betr\u00e4gt 99,98%;<\/p>\n<p>-\u00a0<strong>Agile Reaktion<\/strong>: 36-Stunden-Lieferung dringender Bestellungen (Beispiel: 100.000 St\u00fcck dringender Bestellungen f\u00fcr eine bestimmte Marke im Jahr 2024), Unterst\u00fctzung der individuellen Anpassung von Kleinserien (Mindestbestellmenge 500 St\u00fcck).<\/p>","protected":false},"excerpt":{"rendered":"<p><strong>ZOJO Print | Experte f\u00fcr ma\u00dfgeschneiderte Gro\u00dfhandels-Parf\u00fcmauszugsschachteln - Interpretation von Duft\u00e4sthetik mit innovativem Design<\/strong><\/p>\n<p>Im Bereich der hochwertigen Parf\u00fcmverpackungen sind Ausziehschachteln zum zentralen Tr\u00e4ger f\u00fcr Marken geworden, um Produktpr\u00e4mien mit ihrer einzigartigen interaktiven Erfahrung und visuellen Spannung aufzuwerten. ZOJO Print ist seit 16 Jahren in der Branche t\u00e4tig und konzentriert sich darauf, Parf\u00fcmmarken mit Ausziehboxen zu versorgen, die Funktionalit\u00e4t, Kunstfertigkeit und kommerziellen Wert miteinander verbinden.<\/p>","protected":false},"featured_media":10192,"template":"","meta":[],"product_brand":[],"product_cat":[30,417,31,426],"product_tag":[1365,1366,1367],"class_list":{"0":"post-10190","1":"product","2":"type-product","3":"status-publish","4":"has-post-thumbnail","6":"product_cat-by-industry","7":"product_cat-custom-perfume-boxes-by-industry","8":"product_cat-paper-box-style","9":"product_cat-paper-drawer-boxes","10":"product_tag-custom-perfume-slide-out-boxes","11":"product_tag-packaging-supplier","12":"product_tag-wholesale-perfume-slide-out-boxes","14":"first","15":"instock","16":"shipping-taxable","17":"product-type-grouped"},"_links":{"self":[{"href":"https:\/\/zojopackaging.com\/de\/wp-json\/wp\/v2\/product\/10190","targetHints":{"allow":["GET"]}}],"collection":[{"href":"https:\/\/zojopackaging.com\/de\/wp-json\/wp\/v2\/product"}],"about":[{"href":"https:\/\/zojopackaging.com\/de\/wp-json\/wp\/v2\/types\/product"}],"version-history":[{"count":1,"href":"https:\/\/zojopackaging.com\/de\/wp-json\/wp\/v2\/product\/10190\/revisions"}],"predecessor-version":[{"id":10198,"href":"https:\/\/zojopackaging.com\/de\/wp-json\/wp\/v2\/product\/10190\/revisions\/10198"}],"wp:featuredmedia":[{"embeddable":true,"href":"https:\/\/zojopackaging.com\/de\/wp-json\/wp\/v2\/media\/10192"}],"wp:attachment":[{"href":"https:\/\/zojopackaging.com\/de\/wp-json\/wp\/v2\/media?parent=10190"}],"wp:term":[{"taxonomy":"product_brand","embeddable":true,"href":"https:\/\/zojopackaging.com\/de\/wp-json\/wp\/v2\/product_brand?post=10190"},{"taxonomy":"product_cat","embeddable":true,"href":"https:\/\/zojopackaging.com\/de\/wp-json\/wp\/v2\/product_cat?post=10190"},{"taxonomy":"product_tag","embeddable":true,"href":"https:\/\/zojopackaging.com\/de\/wp-json\/wp\/v2\/product_tag?post=10190"}],"curies":[{"name":"wp","href":"https:\/\/api.w.org\/{rel}","templated":true}]}}