{"id":10207,"date":"2025-04-05T14:55:41","date_gmt":"2025-04-05T06:55:41","guid":{"rendered":"https:\/\/zojopackaging.com\/?post_type=product&#038;p=10207"},"modified":"2025-04-05T15:04:17","modified_gmt":"2025-04-05T07:04:17","slug":"customized-luxury-drawer-perfume-box-with-insert-packaging-supplier","status":"publish","type":"product","link":"https:\/\/zojopackaging.com\/de\/product\/customized-luxury-drawer-perfume-box-with-insert-packaging-supplier\/","title":{"rendered":"Customized Luxus Schublade Parf\u00fcm Box mit Einsatz Verpackung Lieferant"},"content":{"rendered":"<h3 id=\"-1-material-innovation-the-perfect-balance-between-environmental-protection-and-protection-\"><strong>1. Materialinnovation: das perfekte Gleichgewicht zwischen Umweltschutz und Schutz<\/strong><\/h3>\n<p>Die Annahme einer zusammengesetzten Struktur von\u00a0<strong>157g hochgewichtiges gestrichenes Papier<\/strong>\u00a0(Oberfl\u00e4chenrauhigkeit Ra\u22640,6\u03bcm) und\u00a0<strong>1200g Graupappe<\/strong>Der Farbverlauf von 0,1 mm wird durch das deutsche Heidelberg Sechsfarbdruckwerk erreicht, und die Rei\u00dffestigkeit wird auf 50 N erh\u00f6ht (Referenz ISO 1924 Standard) mit\u00a0<strong>nano-hydrophobe Beschichtung<\/strong>. Die Graukartonauskleidung besteht aus Wabenkarton und hat die ISTA 3A-Zertifizierung bestanden. Die Transportschadenquote betr\u00e4gt weniger als 0,3% (Datenquelle: Laborbericht 2024 Verpackungsmaterial).<\/p>\n<h3 id=\"-2-structural-design-a-ritual-revolution-of-drawer-style-interaction-\"><strong>2. Strukturelles Design: eine rituelle Revolution der Interaktion zwischen Schublade und Stil<\/strong><\/h3>\n<p>-\u00a0<strong>Garantie der Versiegelung<\/strong>Doppelter Schutz durch Magnetverschluss und Silikondichtungsstreifen, Luftdichtheitspr\u00fcfung mit einer Leckrate von &lt;0,02 ml\/min, entsprechend den Normen f\u00fcr den Lufttransport;<\/p>\n<p>-\u00a0<strong>Patentierte Konstruktion<\/strong>Original \"Suspended Buffer Layer\", automatische Ausl\u00f6sung der sto\u00dffesten Airbag-Struktur w\u00e4hrend des Ziehvorgangs, Reduzierung der Transportverlustrate um 40% (Beispiel: Versanddaten einer Top-Luxusmarke im Jahr 2024).<\/p>\n<h3 id=\"-3-visual-narrative-minimalist-aesthetics-and-brand-empowerment-\"><strong>3. Visuelle Erz\u00e4hlung: Minimalistische \u00c4sthetik und St\u00e4rkung der Marke<\/strong><\/h3>\n<p>-\u00a0<strong>Farbe System<\/strong>: -\u00a0<strong>Reines Wei\u00df<\/strong>\u00a0(Pantone 11-0601 TCX) wird als Basis verwendet, um ein Gef\u00fchl von Reinheit und Hochwertigkeit zu vermitteln;<\/p>\n<p>-\u00a0<strong>Dunkelgr\u00fcn gestreift<\/strong>\u00a0(Pantone 18-5938 TCX) symbolisiert Natur und Professionalit\u00e4t, gepaart mit\u00a0<strong>Ros\u00e9gold-Pr\u00e4gung<\/strong>mit einem taktilen Glanzgrad von 90GU;<\/p>\n<p>- <strong>Visuelle Ebene<\/strong>: Vierfarbendruck + partielles UV-Verfahren, funktionelle Verkaufsargumente werden in dreidimensionalem Relief dargestellt, und die Effizienz der Informations\u00fcbertragung wird durch 50% erh\u00f6ht.<\/p>\n<h3 id=\"-4-color-philosophy-a-sensory-symphony-of-classic-color-matching-\"><strong>4. Farbphilosophie: eine sinnliche Symphonie der klassischen Farbabstimmung<\/strong><\/h3>\n<p>-\u00a0<strong>Wei\u00df-Gold-Kontrast<\/strong>durch Pantone-Farbkarte + Schmuckfarbendruck, der Farbunterschied \u0394E\u22641,2, die Breite der goldenen Linie ist auf 0,3 mm genau und bildet einen visuellen Fokus;<\/p>\n<p>-\u00a0<strong>Dunkelgr\u00fcnes Empowerment<\/strong>: Durch die Verwendung von lebensmittelechtem Graukarton und der Beflockungstechnologie ist die Haptik wie Seide, was der hochwertigen Positionierung des Produkts entspricht.\u00a0<strong>\"Ewiges Reich\"<\/strong>\u00a0Serie (Referenzfall: eine Marken-Geschenkbox wurde 2024 mit dem Red Dot Design Award ausgezeichnet).<\/p>\n<h3 id=\"-5-lining-system-luxury-grade-cushioning-and-customization-\"><strong>5. Futtersystem: luxuri\u00f6se Polsterung und Anpassung<\/strong><\/h3>\n<p>-\u00a0<strong>Wei\u00dfes Futter<\/strong>: 300 g ultraweicher Kurzpl\u00fcsch, Oberfl\u00e4chendichte \u22655000 F\u00e4den\/cm\u00b2, Reibungskoeffizient \u22640,15, Kratzfestigkeit nach ISO 4649 gepr\u00fcft;<\/p>\n<p>-\u00a0<strong>EVA-Erweiterung<\/strong>: tr\u00e4gt 3-5 Schichten von anpassbaren EVA-F\u00e4chern (Dicke 1-2mm), geeignet f\u00fcr die Befestigung von speziell geformten Parf\u00fcmflaschen (siehe Suchergebnisse);<\/p>\n<p>-\u00a0<strong>Funktionserweiterung<\/strong>Eingebautes Temperatur- und Feuchtigkeitssensor-Etikett (Genauigkeit \u00b10,5\u2103), NFC-Chip zum Scannen der R\u00fcckverfolgbarkeit (kompatibel mit der Norm ISO 18000-63).<\/p>\n<h3 id=\"-6-full-process-customization-agile-implementation-from-concept-to-mass-production-\"><strong>6. Vollst\u00e4ndige Prozessanpassung: Agile Umsetzung vom Konzept bis zur Massenproduktion<\/strong><\/h3>\n<p>-\u00a0<strong>Kreative Dienstleistungen<\/strong>: Bereitstellung von 3D-Modellierung und virtueller AR-Vorschau sowie Ausgabe parametrischer Renderings innerhalb von 48 Stunden (Beispiel: 100.000 St\u00fcck dringender Bestellungen f\u00fcr eine bestimmte Marke wurden innerhalb von 36 Stunden geliefert);<\/p>\n<p>-\u00a0<strong>Prozess-Kombination<\/strong>: 8 Oberfl\u00e4chenbehandlungsverfahren wie lokale UV-Bestrahlung, Siebdruck und Hei\u00dfpr\u00e4gung sind optional;<\/p>\n<p>-\u00a0<strong>Globale Einhaltung<\/strong>: Das Team kennt die EU-Norm EN 71-3, die US-Norm ASTM D4169 und andere Normen zur Gew\u00e4hrleistung der Verpackungssicherheit.<\/p>\n<h3 id=\"-7-smart-manufacturing-foundation-16-years-of-industry-experience-\"><strong>7. Grundlage f\u00fcr eine intelligente Fertigung: 16 Jahre Erfahrung in der Industrie<\/strong><\/h3>\n<p>-\u00a0<strong>Ausstattungsmatrix<\/strong>: Ausgestattet mit deutschem Heidelberg-Sechsfarbendruckwerk (Farbunterschied \u0394E\u22640,5), vollautomatischer Stanzlinie (Pr\u00e4zision \u00b10,05 mm), Tagesproduktionskapazit\u00e4t von 150.000 St\u00fcck;<\/p>\n<p>-\u00a0<strong>System der Qualit\u00e4tskontrolle<\/strong>: Zertifizierung nach ISO 9001\/BRCGS, jede Produktcharge wird 18 Qualit\u00e4tspr\u00fcfungen unterzogen (einschlie\u00dflich Falltest\/Farbechtheitstest\/Magnetd\u00e4mpfungstest), und die Qualifikationsrate betr\u00e4gt 99,99%;<\/p>\n<p>-\u00a0<strong>Agile Reaktion<\/strong>24-Stunden-Lieferung von dringenden Bestellungen (Beispiel: 100.000 dringende Bestellungen f\u00fcr eine Top-Luxusmarke im Jahr 2024), Unterst\u00fctzung von Kleinserienanfertigungen (Mindestbestellmenge 300 St\u00fcck).<\/p>\n<p><strong>Lassen Sie jedes \u00d6ffnen einer Schublade zu einem rituellen Ausdruck des Markenwerts werden.<\/strong><\/p>","protected":false},"excerpt":{"rendered":"<p><strong>ZOJO Print | Ma\u00dfgeschneiderte Luxus-Schubladen-Parf\u00fcmschachtel und Einleger-Verpackung - Interpretation der Luxus-\u00c4sthetik von Parf\u00fcm mit elegantem Design<\/strong><\/p>\n<p>Im Bereich der hochwertigen Parf\u00fcmverpackungen sind Geschenkboxen im Schubladenstil zum zentralen Tr\u00e4ger f\u00fcr Marken geworden, um Produktpr\u00e4mien mit ihrer einzigartigen interaktiven Erfahrung und visuellen Spannung aufzuwerten. ZOJO Print ist seit 16 Jahren in der Branche t\u00e4tig und konzentriert sich auf die Bereitstellung von luxuri\u00f6sen Schubladen-Geschenkboxen mit Funktionalit\u00e4t, Kunstfertigkeit und kommerziellem Wert f\u00fcr Luxusparf\u00fcmmarken.<\/p>","protected":false},"featured_media":10209,"template":"","meta":[],"product_brand":[],"product_cat":[30,417,31,426],"product_tag":[1369,1366,1370],"class_list":{"0":"post-10207","1":"product","2":"type-product","3":"status-publish","4":"has-post-thumbnail","6":"product_cat-by-industry","7":"product_cat-custom-perfume-boxes-by-industry","8":"product_cat-paper-box-style","9":"product_cat-paper-drawer-boxes","10":"product_tag-custom-drawer-box","11":"product_tag-packaging-supplier","12":"product_tag-perfume-box-with-insert","14":"first","15":"instock","16":"shipping-taxable","17":"product-type-grouped"},"_links":{"self":[{"href":"https:\/\/zojopackaging.com\/de\/wp-json\/wp\/v2\/product\/10207","targetHints":{"allow":["GET"]}}],"collection":[{"href":"https:\/\/zojopackaging.com\/de\/wp-json\/wp\/v2\/product"}],"about":[{"href":"https:\/\/zojopackaging.com\/de\/wp-json\/wp\/v2\/types\/product"}],"version-history":[{"count":1,"href":"https:\/\/zojopackaging.com\/de\/wp-json\/wp\/v2\/product\/10207\/revisions"}],"predecessor-version":[{"id":10214,"href":"https:\/\/zojopackaging.com\/de\/wp-json\/wp\/v2\/product\/10207\/revisions\/10214"}],"wp:featuredmedia":[{"embeddable":true,"href":"https:\/\/zojopackaging.com\/de\/wp-json\/wp\/v2\/media\/10209"}],"wp:attachment":[{"href":"https:\/\/zojopackaging.com\/de\/wp-json\/wp\/v2\/media?parent=10207"}],"wp:term":[{"taxonomy":"product_brand","embeddable":true,"href":"https:\/\/zojopackaging.com\/de\/wp-json\/wp\/v2\/product_brand?post=10207"},{"taxonomy":"product_cat","embeddable":true,"href":"https:\/\/zojopackaging.com\/de\/wp-json\/wp\/v2\/product_cat?post=10207"},{"taxonomy":"product_tag","embeddable":true,"href":"https:\/\/zojopackaging.com\/de\/wp-json\/wp\/v2\/product_tag?post=10207"}],"curies":[{"name":"wp","href":"https:\/\/api.w.org\/{rel}","templated":true}]}}