{"id":10239,"date":"2025-04-05T15:41:20","date_gmt":"2025-04-05T07:41:20","guid":{"rendered":"https:\/\/zojopackaging.com\/?post_type=product&#038;p=10239"},"modified":"2025-04-05T16:03:28","modified_gmt":"2025-04-05T08:03:28","slug":"customized-pre-roll-cigarette-boxes-fast-delivery-cardboard-box","status":"publish","type":"product","link":"https:\/\/zojopackaging.com\/de\/product\/customized-pre-roll-cigarette-boxes-fast-delivery-cardboard-box\/","title":{"rendered":"Customized Pre Roll Zigarettenschachteln Schnelle Lieferung Karton Box"},"content":{"rendered":"<h3 id=\"-1-structural-innovation-the-minimalist-philosophy-of-opening-and-closing-cigarette-boxes-\"><strong>1. Strukturelle Innovation: die minimalistische Philosophie des \u00d6ffnens und Schlie\u00dfens von Zigarettenschachteln<\/strong><\/h3>\n<p>\u00dcbernahme von\u00a0<strong>0,8 mm dickes kaltgewalztes Stahlblech zum Stanzen von Formen<\/strong>betr\u00e4gt der Gleichm\u00e4\u00dfigkeitsfehler der Kastenwanddicke \u22640,1 mm.\u00a0<strong>3 Sekunden ultraschnelles \u00d6ffnen und Schlie\u00dfen<\/strong>\u00a0(gemessene \u00d6ffnungskraft \u22641,2N). In Anlehnung an das Designkonzept von hochwertigen Uhrenkronen ist die\u00a0<strong>System der doppelten Versicherungsschnalle<\/strong>\u00a0ist ein innovativer Zusatz, der zum \u00d6ffnen eine Zugkraft von mehr als 2,5 N erfordert (in \u00dcbereinstimmung mit den ISO 13857-Kindersicherheitsstandards), und die Transportbesch\u00e4digungsrate betr\u00e4gt weniger als 0,3% (Datenquelle: 2024 packaging material laboratory report).<\/p>\n<h3 id=\"-2-visual-narrative-scenario-based-customized-printing-technology-\"><strong>2. Visuelle Erz\u00e4hlung: Szenariobasierte ma\u00dfgeschneiderte Drucktechnologie<\/strong><\/h3>\n<p>-\u00a0<strong>Pantone-Schmuckfarbenabstimmung<\/strong>: Die deutsche Heidelberg Sechs-Farben-Druckeinheit erreicht eine \u00dcberdruckgenauigkeit von 0,05 mm (\u0394E\u22641,2) und unterst\u00fctzt Pantone 19-3939 TCX (Royal Blue) + Rose Gold Pr\u00e4geverfahren;<\/p>\n<p>-\u00a0<strong>Dynamische visuelle Gestaltung<\/strong>: Durch ein lokales UV-Pr\u00e4geverfahren (H\u00f6he 0,3 mm) wird die Tabakpflanzenszene in ein taktiles 3D-Diagramm umgewandelt, und die Informations\u00fcbertragungseffizienz wird um 50% erh\u00f6ht.<\/p>\n<h3 id=\"-3-modeling-breakthrough-industrial-expression-of-geometric-aesthetics-\"><strong>3. Modellierung des Durchbruchs: Industrieller Ausdruck geometrischer \u00c4sthetik<\/strong><\/h3>\n<p>-\u00a0<strong>Strukturelle Innovation<\/strong>: Die traditionelle zylindrische Form wird durchbrochen, indem die\u00a0<strong>Goldener Schnitt<\/strong>Das Geh\u00e4use ist in einem Winkel von 12\u00b0 geneigt und passt sich der ergonomischen Griffkurve an.\u00a0<strong>Patentiertes Design<\/strong>: Mit dem Patent f\u00fcr die \"sto\u00dfd\u00e4mpfende Wabenstruktur\" wurde die Druckfestigkeit um 80% erh\u00f6ht und die ISTA 3A Transportpr\u00fcfung bestanden.<\/p>\n<h3 id=\"-4-environmental-commitment-forest-certification-system-material-\"><strong>4. Umweltverpflichtung: Material des Forstzertifizierungssystems<\/strong><\/h3>\n<p>-\u00a0<strong>Auswahl des Materials<\/strong>: FSC-zertifizierte 1200g Graupappe + 350g wei\u00dfe Pappe Verbundstruktur, Formaldehyd-Emission \u22640,01mg\/m\u00b3 (SGS-Test-Zertifizierung);<\/p>\n<p>-\u00a0<strong>Sicherheitsprozess<\/strong>Oberfl\u00e4chenbehandlung mit Lack auf Wasserbasis (VOC-Gehalt \u226450g\/L), FDA-Zertifizierung f\u00fcr Lebensmittelkontakt.<\/p>\n<h3 id=\"-5-brand-empowerment-luxury-customization-service-\"><strong>5. St\u00e4rkung der Marke: luxuri\u00f6ser Anpassungsservice<\/strong><\/h3>\n<p>Das \"Tobacco Aesthetics Research Institute\", das sich aus 12 leitenden Verpackungsdesignern zusammensetzt, bietet drei zentrale Dienstleistungen an:<\/p>\n<p>-\u00a0<strong>Markengen-Implantation<\/strong>: Lasergravur LOGO (Genauigkeit \u00b10,02mm) + Hei\u00dfpr\u00e4gung Pr\u00e4gung (Dicke 0,3mm) kombiniertes Verfahren;<\/p>\n<p>-\u00a0<strong>Intelligente Erweiterung<\/strong>NFC-Chip-Implantation (gem\u00e4\u00df ISO 14443), Temperatur- und Feuchtigkeitssensoren (Genauigkeit \u00b10,5\u2103).<\/p>\n<h3 id=\"-6-texture-revolution-matt-lamination-process-\"><strong>6. Textur-Revolution: Mattes Laminierverfahren<\/strong><\/h3>\n<p>-\u00a0<strong>Oberfl\u00e4chenbehandlung<\/strong>: Verwendung einer ma\u00dfgeschneiderten matten PET-Laminierung von Henkel (Glanz \u226415GU), Reibungskoeffizient \u22640,15, Kratzfestigkeit bis zu 4H (Bleistifth\u00e4rtetest); -\u00a0<strong>Taktile Optimierung<\/strong>: Die Oberfl\u00e4che ist mikromattiert (Ra\u22640,8\u03bcm), die Ber\u00fchrung ist zart wie Seide, und die R\u00fcckst\u00e4nde von Fingerabdr\u00fccken sind um 90% reduziert.<\/p>\n<h3 id=\"-7-agile-smart-manufacturing-72-hour-ultra-fast-delivery-system-\"><strong>7. Agile intelligente Fertigung: 72-Stunden-System f\u00fcr ultraschnelle Lieferung<\/strong><\/h3>\n<p>-\u00a0<strong>Intelligente Produktionsbasis<\/strong>: Eine intelligente Fabrik mit einer Fl\u00e4che von 15.000 Quadratmetern, ausgestattet mit einer deutschen BHS-F\u00fcnflagen-Kartonanlage (Fahrgeschwindigkeit \u2265 200m\/min);<\/p>\n<p>-\u00a0<strong>Qualit\u00e4tskontrolle Standard<\/strong>: Zertifizierung nach ISO 9001\/BRCGS, jede Charge durchl\u00e4uft 12 Qualit\u00e4tskontrollen (einschlie\u00dflich Fall-\/Vibrations-\/Falltests), die Erfolgsquote liegt bei 99,99%;<\/p>\n<p>-\u00a0<strong>Schnelle Antwort<\/strong>: Unterst\u00fctzung von Kleinserien (Mindestbestellmenge 300 St\u00fcck), 72-Stunden-Schnellpr\u00fcfung und 48-Stunden-Lieferung f\u00fcr dringende Bestellungen.<\/p>\n<p><strong>Lassen Sie jede Verpackung zu einer visuellen Erkl\u00e4rung der technischen St\u00e4rke der Marke werden.<\/strong><\/p>","protected":false},"excerpt":{"rendered":"<p><strong>ZOJO Print | Customized Pre-roll Zigarettenschachtel schnelle Lieferung Kartonschachtel - der neue Ma\u00dfstab f\u00fcr Tabakverpackungen mit industrieller \u00c4sthetik und agiler Fertigung<\/strong><\/p>\n<p>Auf dem Markt f\u00fcr hochwertige Tabakwaren ist die Verpackung nicht nur ein Produktbeh\u00e4lter, sondern auch der zentrale Tr\u00e4ger des Markentons und der emotionalen Bindung des Verbrauchers. ZOJO Print hat sich intensiv mit Tabakverpackungen besch\u00e4ftigt und eine Kartonl\u00f6sung entwickelt, die Funktionalit\u00e4t, Kunstfertigkeit und flexible Lieferung auf der Grundlage der Merkmale von Pre-Roll-Zigaretten kombiniert.<\/p>","protected":false},"featured_media":10252,"template":"","meta":[],"product_brand":[],"product_cat":[30,420,430,31],"product_tag":[1378,1380,1379],"class_list":{"0":"post-10239","1":"product","2":"type-product","3":"status-publish","4":"has-post-thumbnail","6":"product_cat-by-industry","7":"product_cat-custom-cannabis-boxes","8":"product_cat-folding-cartons","9":"product_cat-paper-box-style","10":"product_tag-customized-pre-roll-box","11":"product_tag-fast-delivery-cardboard-box","12":"product_tag-pre-roll-cigarette-boxes","14":"first","15":"instock","16":"shipping-taxable","17":"product-type-grouped"},"_links":{"self":[{"href":"https:\/\/zojopackaging.com\/de\/wp-json\/wp\/v2\/product\/10239","targetHints":{"allow":["GET"]}}],"collection":[{"href":"https:\/\/zojopackaging.com\/de\/wp-json\/wp\/v2\/product"}],"about":[{"href":"https:\/\/zojopackaging.com\/de\/wp-json\/wp\/v2\/types\/product"}],"version-history":[{"count":1,"href":"https:\/\/zojopackaging.com\/de\/wp-json\/wp\/v2\/product\/10239\/revisions"}],"predecessor-version":[{"id":10240,"href":"https:\/\/zojopackaging.com\/de\/wp-json\/wp\/v2\/product\/10239\/revisions\/10240"}],"wp:featuredmedia":[{"embeddable":true,"href":"https:\/\/zojopackaging.com\/de\/wp-json\/wp\/v2\/media\/10252"}],"wp:attachment":[{"href":"https:\/\/zojopackaging.com\/de\/wp-json\/wp\/v2\/media?parent=10239"}],"wp:term":[{"taxonomy":"product_brand","embeddable":true,"href":"https:\/\/zojopackaging.com\/de\/wp-json\/wp\/v2\/product_brand?post=10239"},{"taxonomy":"product_cat","embeddable":true,"href":"https:\/\/zojopackaging.com\/de\/wp-json\/wp\/v2\/product_cat?post=10239"},{"taxonomy":"product_tag","embeddable":true,"href":"https:\/\/zojopackaging.com\/de\/wp-json\/wp\/v2\/product_tag?post=10239"}],"curies":[{"name":"wp","href":"https:\/\/api.w.org\/{rel}","templated":true}]}}