{"id":10446,"date":"2025-06-04T15:03:01","date_gmt":"2025-06-04T07:03:01","guid":{"rendered":"https:\/\/zojopackaging.com\/?post_type=product&#038;p=10446"},"modified":"2025-06-04T16:22:11","modified_gmt":"2025-06-04T08:22:11","slug":"empty-luxury-magnetic-closure-eyeshadow-blusher-palettes-box","status":"publish","type":"product","link":"https:\/\/zojopackaging.com\/de\/product\/empty-luxury-magnetic-closure-eyeshadow-blusher-palettes-box\/","title":{"rendered":"Leere Luxus Magnetverschluss Lidschatten Blusher Paletten Box"},"content":{"rendered":"<p><strong>Fantastischer und extravaganter magnetischer Schminkkasten\u00a0<\/strong>wurde f\u00fcr charmante Markennamen entwickelt, die ein exzellentes Make-up-Erlebnis und ein hochwertiges Verpackungsdesign anstreben. Es ist nicht nur ein Beh\u00e4lter, sondern auch eine au\u00dfergew\u00f6hnliche B\u00fchne f\u00fcr Ihre Premium-Make-up-Produkte, die funktionale Merkmale mit einem aufwendigen Erscheinungsbild verbindet, um ein bemerkenswertes Auspack- und Nutzungserlebnis f\u00fcr Kunden zu schaffen.<\/p>\n<h2 id=\"1-classic-form-functional-design-\">1.\u00a0<strong>Klassische Form, funktionelles Design:\u00a0<\/strong>.<\/h2>\n<ul>\n<li>annehmen.\u00a0<strong>traditionelle rechteckige Flip-Top-Box\u00a0<\/strong>. Die Linien sind glatt und routiniert, die Seiten sind klar, und das Gesamtbild ist klimatisch und best\u00e4ndig, was den visuellen Standards einer \u00e4sthetischen Mainstream-Produktverpackung entspricht.<\/li>\n<li>Der Rahmen ist sicher und langlebig, was f\u00fcr die regelm\u00e4\u00dfige Anzeige im Einzelhandel praktisch ist, um die Wirkung des Bildschirms optimal zu nutzen. Sein kleiner K\u00f6rper ist auch sehr m\u00fchelos f\u00fcr Kunden zu tragen, Shop und speichern t\u00e4glich, und schnell Retusche Make-up jederzeit und \u00fcberall.<\/li>\n<\/ul>\n<h2 id=\"2-magnificent-opening-box-mirror-reflection-\">2.\u00a0<strong>Pr\u00e4chtige \u00d6ffnungsbox, Spiegelung:\u00a0<\/strong>.<\/h2>\n<ul>\n<li>In dem Moment, in dem der Deckel ge\u00f6ffnet wird,\u00a0<strong>eine riesige Fl\u00e4che mit eingebetteten High-Definition-Spiegeln\u00a0<\/strong>erscheint sofort und nimmt die zentrale Position des Deckels ein. Der Spiegel hat eine hohe Klarheit und eine hervorragende Seitenverarbeitung, die ein hervorragendes Nutzungserlebnis \u00e4hnlich wie bei einem speziellen Schminkspiegel bietet.<\/li>\n<li>Dieser Stil steigert die Leichtigkeit und Zufriedenheit der Benutzer bei der Make-up-Auffrischung und der Farbpr\u00fcfung erheblich und verbindet auf perfekte Weise n\u00fctzliche Funktionen (sofortige Pr\u00fcfung des Make-ups, genaue T\u00f6nung) mit visuellem Vergn\u00fcgen (offener Raum, Steigerung der Artikelqualit\u00e4t).<\/li>\n<\/ul>\n<h2 id=\"3-difficult-substrate-impressive-structure-\">3.\u00a0<strong>Schwieriger Untergrund, beeindruckende Struktur:\u00a0<\/strong>.<\/h2>\n<ul>\n<li>Der Text des Produkts besteht aus\u00a0<strong>ausgew\u00e4hlter hochwertiger schwerer Karton\u00a0<\/strong>. Es hat ausgezeichnete\u00a0<strong>Dichtheit und St\u00fctzleistung\u00a0<\/strong>und bietet einen starken strukturellen Schutz.<\/li>\n<li>Er h\u00e4lt Vibrationen, St\u00f6\u00dfen beim Transport und Zusammenst\u00f6\u00dfen im t\u00e4glichen Gebrauch stand und garantiert, dass empfindliche Make-up-Produkte wie Augenschatten und Sp\u00fclung gesch\u00fctzt sind.<\/li>\n<li>Zugleich ist hochdichter Karton\u00a0<strong>ein geeignetes Substrat f\u00fcr\u00a0<\/strong>Erzielung anspruchsvoller Oberfl\u00e4cheneffekte (wie z. B. feine warme Markierungen, gl\u00e4nzende Laminierung, lokale UV-Bestrahlung, Touch Movie usw.), die der Produktverpackung\u00a0<strong>hochwertiges Erscheinungsbild\u00a0<\/strong>, solide und best\u00e4ndig im Anschlag, und visuell aufwendig.<\/li>\n<\/ul>\n<h2 id=\"4-captivating-shade-emotional-resonance-\">4.\u00a0<strong>Fesselnder Farbton, emotionale Resonanz:\u00a0<\/strong>.<\/h2>\n<ul>\n<li>Der Hauptfarbton des Verpackungsk\u00f6rpers nimmt die\u00a0<strong>ein lebhaftes und leuchtendes Rosa\u00a0<\/strong>. Diese Farbvariante hat einen starken\u00a0<strong>\u00e4sthetische Wirkung und Markenbekanntheit\u00a0<\/strong>die im Regal schnell Aufmerksamkeit erregen und das Interesse der Verbraucher wecken k\u00f6nnen.<\/li>\n<li>Sie entsprechen genau den \u00e4sthetischen W\u00fcnschen der weiblichen Zielgruppe nach Liebe, Sanftheit und Vitalit\u00e4t, stimulieren psychologische Schwingungen und erzeugen eine starke Markenwirkung.<\/li>\n<\/ul>\n<h2 id=\"5-versatile-modification-unique-satisfaction-\">5.\u00a0<strong>Vielseitige Modifikation, einzigartige Zufriedenheit:\u00a0<\/strong>.<\/h2>\n<ul>\n<li>Wir geben\u00a0<strong>sehr vielseitige personalisierte Dienstleistungen\u00a0<\/strong>. Ob es die Box Dimension (Anpassung an die Spezifikationen und die Anzahl Ihrer Augen Dunkelheit und b\u00fcndig), die innere Aufteilung Layout (magnetische Ansaugung \/ Kunststoff-Tablett oder spezifische Teiler), oder die magnetische Verschluss Stil (magnetische Z\u00e4higkeit, Oberfl\u00e4chentherapie), Paket-Struktur-Informationen (wie Futter, Befestigung Position), k\u00f6nnen speziell nach Ihren personalisiert werden\u00a0<strong>Details zu Produktanforderungen und Markenton\u00a0<\/strong>.<\/li>\n<li>Einzigartiges Design, damit Ihr einzigartiges Produkt perfekt zur Geltung kommt.<\/li>\n<\/ul>\n<h2 id=\"6-speed-wins-one-action-faster-\">6.\u00a0<strong>Geschwindigkeit gewinnt, eine Aktion schneller:\u00a0<\/strong>.<\/h2>\n<ul>\n<li>Speziell eingef\u00fchrt\u00a0<strong>\"1-Stunden-Schnellkurs\"\u00a0<\/strong>. Nach Erhalt Ihrer Stilunterlagen oder Bed\u00fcrfnisse, versichern wir Ihnen\u00a0<strong>Verpackungsbeispiele innerhalb von 1 Stunde anbieten\u00a0<\/strong>.<\/li>\n<li>Diese L\u00f6sung zielt darauf ab\u00a0<strong>schnelle Best\u00e4tigung der Designwirkung (Farbe, Material, Verfahren, Rahmen)\u00a0<\/strong>Sie verk\u00fcrzen den Zyklus der Produktpr\u00fcfung, -anpassung und -verifizierung erheblich und bieten eine solide Ausf\u00fchrungssicherheit f\u00fcr sofortige Auftragsanforderungen oder Marktstrategien, die schnelle Entscheidungen erfordern,\u00a0<strong>die Geschwindigkeit der Markteinf\u00fchrung neuer Produkte und die Reaktionsf\u00e4higkeit auf dem Markt deutlich zu verbessern\u00a0<\/strong>.<\/li>\n<\/ul>\n<h2 id=\"7-craftsmanship-inheritance-quality-control-\">7.\u00a0<strong>Handwerkliches Erbe, Qualit\u00e4tskontrolle:\u00a0<\/strong>.<\/h2>\n<ul>\n<li>Je nach der umfassenden Erfahrung der Fabrik, die sie in der\u00a0<strong>Produktverpackung und Druckindustrie seit vielen Jahren\u00a0<\/strong>und\u00a0<strong>ausgereiftes und stabiles System von Produktionsverfahren\u00a0<\/strong>.<\/li>\n<li>Wir haben ein tiefes Verst\u00e4ndnis f\u00fcr alle Ihre anspruchsvollen Bed\u00fcrfnisse in Bezug auf\u00a0<strong>Hochwertige Charme-Verpackungen\u00a0<\/strong>- von der strengen Materialauswahl \u00fcber die charmante Handwerkskunst bis hin zur strengen Qualit\u00e4tssicherung.<\/li>\n<li><strong>Hervorragende Produktionsf\u00e4higkeiten sind die wichtigste Grundlage f\u00fcr die Entwicklung der besten Qualit\u00e4t von YaoSe - High-End Empty Box.\u00a0<\/strong>Jeder Artikel verk\u00f6rpert unser st\u00e4ndiges Streben nach Kompetenz und hoher Qualit\u00e4t.<\/li>\n<\/ul>\n<p><strong>YaoSe - Hochwertige leere Platte Magnetverschluss Make-up-Box\u00a0<\/strong>mit seiner sch\u00f6nen Verarbeitung, seinem humanen Stil, seinem fesselnden Erscheinungsbild und seinen effizienten Modifizierungsdiensten widmet sich der Aufgabe, Ihre starke Unterst\u00fctzung bei der Herstellung hochwertiger Produkte zu werden. W\u00e4hlen Sie uns, w\u00e4hlen Sie die hervorragende Einheit von Geschwindigkeit, hohe Qualit\u00e4t und High-End.<\/p>\n<h2 id=\"product-core-advantage-summary-table-\">\u00dcbersichtstabelle \u00fcber die wichtigsten Produktvorteile.<\/h2>\n<table>\n<thead>\n<tr>\n<th>Funktionsmessung<\/th>\n<th>Zentrale Leistungspunkte<\/th>\n<th>Verk\u00f6rperung des Wertes<\/th>\n<\/tr>\n<\/thead>\n<tbody>\n<tr>\n<td><strong>Merkmal und Stil<\/strong><\/td>\n<td><strong>1. Klassische rechteckige Muschelschalenbox<\/strong><\/td>\n<td>\u00c4sthetisch ansprechend, gro\u00dfz\u00fcgig und sinnvoll; leicht zu zeigen, mitzunehmen und aufzubewahren.<\/td>\n<\/tr>\n<tr>\n<td><\/td>\n<td><strong>2. Gro\u00dfer Standort hochaufl\u00f6sender eingebetteter Spiegel<\/strong><\/td>\n<td>Verbessern Sie die Kundenerfahrung, Make-up und Farbtonpr\u00fcfung ist au\u00dferordentlich m\u00fchelos; sinnvoll und wundersch\u00f6n.<\/td>\n<\/tr>\n<tr>\n<td><strong>Material und Struktur<\/strong><\/td>\n<td><strong>3. Ausgew\u00e4hlter schwieriger Kartonk\u00f6rper<\/strong><\/td>\n<td>Au\u00dfergew\u00f6hnliche Dichtigkeit und Unterst\u00fctzung, Anti-Extrusions-Verzerrung; Schutz der Sicherheit von Gegenst\u00e4nden im Inneren.<\/td>\n<\/tr>\n<tr>\n<td><\/td>\n<td><\/td>\n<td>Tadellos bringen anspruchsvolle Oberfl\u00e4che moderne Technologie, beeindruckende Textur, glamour\u00f6sen Touch.<\/td>\n<\/tr>\n<tr>\n<td><strong>Aussehen und Anerkennung<\/strong><\/td>\n<td><strong>4. Intensive rosa Anwendung<\/strong><\/td>\n<td>Solide \u00e4sthetische Wirkung; hoher Bekanntheitsgrad; entspricht den W\u00fcnschen der weiblichen Zielgruppe.<\/td>\n<\/tr>\n<tr>\n<td><strong>L\u00f6sung und Hilfe<\/strong><\/td>\n<td><strong>5. Sehr individuelle Heilmittel<\/strong><\/td>\n<td>Gr\u00f6\u00dfe, Struktur, Innenformat, Magnetverschluss und Verarbeitung k\u00f6nnen auf die jeweiligen Bed\u00fcrfnisse zugeschnitten werden.<\/td>\n<\/tr>\n<tr>\n<td><\/td>\n<td><strong>6. 1-Stunden-Schnellprobenl\u00f6sung<\/strong><\/td>\n<td>Rasche Best\u00e4tigung der Auswirkungen des Layouts; Verk\u00fcrzung des Entwicklungszyklus; Unterst\u00fctzung von Projekten in Notsituationen; Steigerung der Marktaktionsrate.<\/td>\n<\/tr>\n<tr>\n<td><strong>Herstellung und Qualit\u00e4t<\/strong><\/td>\n<td><strong>7. Jahrelange Branchenerfahrung &amp; ausgereifte und stabile moderne Technologie<\/strong><\/td>\n<td>Wir kennen die Bed\u00fcrfnisse von hochwertigen Produktverpackungen genau; eine ausgereifte, moderne Produktionstechnologie garantiert eine au\u00dfergew\u00f6hnlich hohe Qualit\u00e4t und Distribution.<\/td>\n<\/tr>\n<\/tbody>\n<\/table>","protected":false},"excerpt":{"rendered":"<p>Die Schachtel hat die klassische und praktische Form einer quaderf\u00f6rmigen Muschel. Dieses Design ist ordentlich und elegant, im Einklang mit der Mainstream-\u00c4sthetik von Kosmetikverpackungen, und ist einfach zu zeigen, zu tragen und zu speichern. Nach dem \u00d6ffnen der Schachtel ist ein gro\u00dfer Spiegel enthalten, der die Benutzererfahrung erheblich verbessert und es den Benutzern erleichtert, ihr Make-up aufzufrischen und Farben auszuprobieren. Es ist eine perfekte Kombination aus Praktikabilit\u00e4t und Sch\u00f6nheit. Das Geh\u00e4use der Box ist in einem leuchtenden Pink gehalten. Diese Farbwahl ist sehr auff\u00e4llig und wiedererkennbar, was den \u00e4sthetischen Vorlieben der weiblichen Zielgruppe entgegenkommt.<\/p>","protected":false},"featured_media":10447,"template":"","meta":[],"product_brand":[],"product_cat":[30,390,424,31],"product_tag":[1388,1389,1387],"class_list":{"0":"post-10446","1":"product","2":"type-product","3":"status-publish","4":"has-post-thumbnail","6":"product_cat-by-industry","7":"product_cat-custom-cosmetics-boxes","8":"product_cat-magnetic-closure-boxes","9":"product_cat-paper-box-style","10":"product_tag-blusher-palettes-boxes","11":"product_tag-custom-eyeshadow-blusher-palettes-boxes","12":"product_tag-empty-magnetic-eyeshadow-palette","14":"first","15":"instock","16":"shipping-taxable","17":"product-type-simple"},"_links":{"self":[{"href":"https:\/\/zojopackaging.com\/de\/wp-json\/wp\/v2\/product\/10446","targetHints":{"allow":["GET"]}}],"collection":[{"href":"https:\/\/zojopackaging.com\/de\/wp-json\/wp\/v2\/product"}],"about":[{"href":"https:\/\/zojopackaging.com\/de\/wp-json\/wp\/v2\/types\/product"}],"version-history":[{"count":1,"href":"https:\/\/zojopackaging.com\/de\/wp-json\/wp\/v2\/product\/10446\/revisions"}],"predecessor-version":[{"id":10452,"href":"https:\/\/zojopackaging.com\/de\/wp-json\/wp\/v2\/product\/10446\/revisions\/10452"}],"wp:featuredmedia":[{"embeddable":true,"href":"https:\/\/zojopackaging.com\/de\/wp-json\/wp\/v2\/media\/10447"}],"wp:attachment":[{"href":"https:\/\/zojopackaging.com\/de\/wp-json\/wp\/v2\/media?parent=10446"}],"wp:term":[{"taxonomy":"product_brand","embeddable":true,"href":"https:\/\/zojopackaging.com\/de\/wp-json\/wp\/v2\/product_brand?post=10446"},{"taxonomy":"product_cat","embeddable":true,"href":"https:\/\/zojopackaging.com\/de\/wp-json\/wp\/v2\/product_cat?post=10446"},{"taxonomy":"product_tag","embeddable":true,"href":"https:\/\/zojopackaging.com\/de\/wp-json\/wp\/v2\/product_tag?post=10446"}],"curies":[{"name":"wp","href":"https:\/\/api.w.org\/{rel}","templated":true}]}}