{"id":2434,"date":"2024-03-12T10:15:11","date_gmt":"2024-03-12T02:15:11","guid":{"rendered":"https:\/\/zojopackaging.com\/?post_type=product&#038;p=2434"},"modified":"2025-03-27T21:12:25","modified_gmt":"2025-03-27T13:12:25","slug":"personalized-cigarette-boxes","status":"publish","type":"product","link":"https:\/\/zojopackaging.com\/de\/product\/personalized-cigarette-boxes\/","title":{"rendered":"Cannabis Leere 510 Vape-Patrone Verpackung Gro\u00dfhandel"},"content":{"rendered":"<h1>Cannabis Leere 510 Vape-Patrone Verpackung Gro\u00dfhandel<\/h1>\n<p>Unsere Hersteller sind immer auf der Suche nach personalisierten Vape-Boxen, die einzigartig sind, individuell gestaltet und mit Top-Level-Qualit\u00e4tsstandards bewertet. Wir haben den Bedarf an Tabak in der Gesellschaft und den Trend der stilvollen benutzerdefinierten Boxen erkannt. Raucher sind sehr besorgt \u00fcber die Qualit\u00e4t der Zigarettenschachteln, um Stil zu zeigen und ihre Pers\u00f6nlichkeit zu unterstreichen. Wir wissen, wie wichtig neben der Qualit\u00e4t der Schachteln auch der Stil ist, und deshalb entwerfen wir marktgerechte Zigarettenschachteln, die Ihre Kunden lieben werden.<\/p>\n<h1>Lassen Sie uns Boxen f\u00fcr Sie drucken<\/h1>\n<p>Wir erstellen nicht einfach nur Schachteln und verkaufen sie; wir arbeiten am Design, machen ein 3D-Mock-up und fertigen die Schachteln tats\u00e4chlich aus hochwertigem Karton oder Kraftpapier. In der heutigen Zeit arbeitet jedes Tabakunternehmen Tag und Nacht daran, die Marke durch personalisierte Designelemente, Druckfarben, Logos oder Infografiken zu differenzieren. Bei uns ist das ganz einfach! Senden Sie uns einfach Ihre Designw\u00fcnsche oder lassen Sie uns etwas \u00dcberzeugendes f\u00fcr Sie entwerfen. Wir wissen, wie man marktf\u00fchrende personalisierte Zigarettenschachteln druckt, die Ihren Umsatz innerhalb weniger Tage in die H\u00f6he treiben.<\/p>\n<p>Dar\u00fcber hinaus werden unsere fortschrittlichen Digitaldruckmaschinen von erfahrenen Technikern bedient, so dass beim Druck von individuellen Zigarettenschachteln aus Papier kein Raum f\u00fcr Fehler bleibt. Wir sind stolz darauf, einen neuen Standard f\u00fcr personalisierte Zigarettenschachteln zu setzen, kompetent genug, um der Marke zu helfen, die neuen Dimensionen des Erfolgs zu erschlie\u00dfen.<\/p>\n<h1>Erh\u00e4ltlich in allen Gr\u00f6\u00dfen<\/h1>\n<p>Dank praktischer Erfahrung und Marktforschung sind wir in der Lage, alle Strukturen, Stile und Gr\u00f6\u00dfen von Schachteln zu entwerfen. Deshalb behaupten wir, dass unsere bedruckten, personalisierten Zigarettenschachteln mit den Marketingstrategien der Unternehmen auf h\u00f6chster Ebene \u00fcbereinstimmen, ihnen zu einem Aufschwung verhelfen und schlie\u00dflich Ihrer Marke einen \"Wow\"-Faktor verleihen. Senden Sie uns einfach die Gr\u00f6\u00dfen und genauen Abmessungen, damit wir die Schachteln entsprechend gestalten k\u00f6nnen. Wir sind zuversichtlich, dass Sie keinen Unterschied in unseren Schachteln feststellen k\u00f6nnen und die beiden als perfekte Klone und Kopien voneinander betrachten.<\/p>\n<h1>Wir fertigen Boxen in allen Materialien an<\/h1>\n<p>Einer der wichtigsten Aspekte der Verpackung ist das Material, und einer unserer Wettbewerbsvorteile besteht darin, dass wir die Schachteln aus allen Materialien herstellen k\u00f6nnen, d.h. aus Kraft, Pappe oder anderen. Die personalisierten Zigarettenschachteln aus Karton sind widerstandsf\u00e4hig, robust und werden meist zum Verpacken vieler Zigaretten verwendet. Auf der anderen Seite, die Kraft personalisierte gedruckte Zigarettenschachteln sind leicht, mehr geworfen mit Branding-Elemente, und Farben, und auch biologisch abbaubar.<\/p>\n<h1><strong>Spezifikation<\/strong><\/h1>\n<table width=\"1153\">\n<tbody>\n<tr>\n<td width=\"373\">Abmessungen<\/td>\n<td width=\"373\">Alle kundenspezifischen Gr\u00f6\u00dfen und Formen<\/td>\n<\/tr>\n<tr>\n<td width=\"373\">Drucken<\/td>\n<td width=\"373\">CMYK, PMS, Kein Druck<\/td>\n<\/tr>\n<tr>\n<td width=\"373\">Papierbestand<\/td>\n<td width=\"373\">10pt bis 28pt (60lb bis 400lb) Umweltfreundliches Kraftpapier, E-Welle Wellpappe, Buxkarton, Karton<\/td>\n<\/tr>\n<tr>\n<td width=\"373\">Mengen<\/td>\n<td width=\"373\">500- 500,000<\/td>\n<\/tr>\n<tr>\n<td width=\"373\">Beschichtung<\/td>\n<td width=\"373\">Gl\u00e4nzend, Matt, Spot UV<\/td>\n<\/tr>\n<tr>\n<td width=\"373\">Standard-Prozess<\/td>\n<td width=\"373\">Stanzen, Kleben, Ritzen, Perforieren<\/td>\n<\/tr>\n<tr>\n<td width=\"373\">Optionen<\/td>\n<td width=\"373\">Individueller Fensterausschnitt, Gold-\/Silberfolierung, Pr\u00e4gung, erhabene Tinte, PVC-Blatt.<\/td>\n<\/tr>\n<tr>\n<td width=\"373\">Proof<\/td>\n<td width=\"373\">Flachansicht, 3D Mock-up, Physische Bemusterung (auf Anfrage)<\/td>\n<\/tr>\n<tr>\n<td width=\"373\">Umschlagzeit<\/td>\n<td width=\"373\">7-14 Arbeitstage, Eilauftrag<\/td>\n<\/tr>\n<tr>\n<td width=\"373\">MOQ<\/td>\n<td width=\"373\">500<\/td>\n<\/tr>\n<tr>\n<td width=\"373\">Probezeit<\/td>\n<td width=\"373\">\u00a05 Tage<\/td>\n<\/tr>\n<tr>\n<td width=\"373\">Zahlungsfrist<\/td>\n<td width=\"373\">T\/T, Western Union, Paypal, 30% Anzahlung und 70% Restbetrag vor Versand.<\/td>\n<\/tr>\n<\/tbody>\n<\/table>\n<div class=\"widget block block-static-block\">\n<div class=\"landing-page-section option-bottom\">\n<div class=\"custom-materials-tabs-content container container-adjustment\">\n<div class=\"custom-materials-tab-content active\">\n<div class=\"widget block block-static-block\">\n<div class=\"options-items\">\n<div class=\"flex-grid-row-option\">\n<div class=\"flex-grid-item-option\">\n<div class=\"material-box\">\n<p>&nbsp;<\/p>\n<\/div>\n<\/div>\n<\/div>\n<\/div>\n<p><!---end of option item--><\/p>\n<\/div>\n<\/div>\n<\/div>\n<\/div>\n<\/div>","protected":false},"excerpt":{"rendered":"<p>1. magnetisch verschlie\u00dfbare Box, eingebetteter Magnet zur Vermeidung externer Abnutzung, visuelle Einfachheit, sanfteres \u00d6ffnen und Schlie\u00dfen, hohe Wiederverwendungsrate der Box<br \/>\n2. Die Macaron-Farbgebung reduziert die visuelle Erm\u00fcdung und schafft eine entspannende und heilende Atmosph\u00e4re<br \/>\n3. Kann vollst\u00e4ndig nach Bedarf angepasst werden, um Ihre Cannabis E-Zigarette Verpackung zu passen<\/p>","protected":false},"featured_media":2445,"template":"","meta":[],"product_brand":[],"product_cat":[30,420,424,31],"product_tag":[716,715,593],"class_list":{"0":"post-2434","1":"product","2":"type-product","3":"status-publish","4":"has-post-thumbnail","6":"product_cat-by-industry","7":"product_cat-custom-cannabis-boxes","8":"product_cat-magnetic-closure-boxes","9":"product_cat-paper-box-style","10":"product_tag-cartridge-packaging-wholesale","11":"product_tag-empty-vape-packaging","12":"product_tag-vape-cartridge-packaging","14":"first","15":"instock","16":"shipping-taxable","17":"product-type-grouped"},"_links":{"self":[{"href":"https:\/\/zojopackaging.com\/de\/wp-json\/wp\/v2\/product\/2434","targetHints":{"allow":["GET"]}}],"collection":[{"href":"https:\/\/zojopackaging.com\/de\/wp-json\/wp\/v2\/product"}],"about":[{"href":"https:\/\/zojopackaging.com\/de\/wp-json\/wp\/v2\/types\/product"}],"version-history":[{"count":2,"href":"https:\/\/zojopackaging.com\/de\/wp-json\/wp\/v2\/product\/2434\/revisions"}],"predecessor-version":[{"id":8424,"href":"https:\/\/zojopackaging.com\/de\/wp-json\/wp\/v2\/product\/2434\/revisions\/8424"}],"wp:featuredmedia":[{"embeddable":true,"href":"https:\/\/zojopackaging.com\/de\/wp-json\/wp\/v2\/media\/2445"}],"wp:attachment":[{"href":"https:\/\/zojopackaging.com\/de\/wp-json\/wp\/v2\/media?parent=2434"}],"wp:term":[{"taxonomy":"product_brand","embeddable":true,"href":"https:\/\/zojopackaging.com\/de\/wp-json\/wp\/v2\/product_brand?post=2434"},{"taxonomy":"product_cat","embeddable":true,"href":"https:\/\/zojopackaging.com\/de\/wp-json\/wp\/v2\/product_cat?post=2434"},{"taxonomy":"product_tag","embeddable":true,"href":"https:\/\/zojopackaging.com\/de\/wp-json\/wp\/v2\/product_tag?post=2434"}],"curies":[{"name":"wp","href":"https:\/\/api.w.org\/{rel}","templated":true}]}}