{"id":2469,"date":"2024-03-12T10:57:56","date_gmt":"2024-03-12T02:57:56","guid":{"rendered":"https:\/\/zojopackaging.com\/?post_type=product&#038;p=2469"},"modified":"2025-03-28T16:22:24","modified_gmt":"2025-03-28T08:22:24","slug":"wholesale-e-cigarette-packaging-box","status":"publish","type":"product","link":"https:\/\/zojopackaging.com\/de\/product\/wholesale-e-cigarette-packaging-box\/","title":{"rendered":"Custom Branded Cannabis Marijuana Verpackung Box Gro\u00dfhandel"},"content":{"rendered":"<h1>Custom Branded Cannabis Marijuana Verpackung Box Gro\u00dfhandel<\/h1>\n<p>Unsere kundenspezifischen Markenverpackungen f\u00fcr Cannabis und Marihuana im Gro\u00dfhandel werden mit Pr\u00e4zision und Qualit\u00e4t hergestellt. Hergestellt aus hochwertigen Materialien, bieten sie Haltbarkeit und ein schlankes Aussehen, das ins Auge f\u00e4llt.<\/p>\n<p>Die individuell gebrandete Cannabis-Marihuana-Verpackungsbox ist nicht nur funktional, sondern auch individuell gestaltbar. Sie k\u00f6nnen aus einer Vielzahl von Farben, Mustern und Branding-Optionen w\u00e4hlen, um einen einzigartigen und unverwechselbaren Look zu schaffen, der Ihre Markenidentit\u00e4t widerspiegelt. So k\u00f6nnen Ihre E-Zigarettenprodukte in den Regalen auffallen und die Aufmerksamkeit potenzieller Kunden auf sich ziehen.<\/p>\n<p>Unsere Verpackungsbox ist nicht nur \u00e4sthetisch ansprechend, sondern auch benutzerfreundlich gestaltet. Sie verf\u00fcgt \u00fcber leicht zu \u00f6ffnende Mechanismen und F\u00e4cher f\u00fcr die Organisation von Zubeh\u00f6r, was sowohl f\u00fcr Einzelh\u00e4ndler als auch f\u00fcr Verbraucher ein nahtloses Erlebnis darstellt.<\/p>\n<p>Wenn Sie sich f\u00fcr unser<\/p>\n<p>Wenn Sie sich f\u00fcr eine Cannabis-Marihuana-Verpackungsbox im Gro\u00dfhandel entscheiden, erhalten Sie nicht nur einen Beh\u00e4lter, sondern Sie investieren in ein Marketinginstrument, das Ihre Marke f\u00f6rdert und den wahrgenommenen Wert Ihrer Produkte erh\u00f6ht. Ob Sie ein kleines Unternehmen oder ein Gro\u00dfh\u00e4ndler sind, unsere Gro\u00dfhandelspreise machen es kosteneffektiv, Ihre E-Zigaretten mit Stil und Professionalit\u00e4t zu verpacken.<\/p>\n<p>Verbessern Sie Ihr E-Zigarettengesch\u00e4ft mit unserer hochwertigen Gro\u00dfhandels-E-Zigaretten-Verpackungsbox und geben Sie Ihren Produkten die Pr\u00e4sentation, die sie verdienen.<\/p>\n<h1><strong>Spezifikation<\/strong><\/h1>\n<table style=\"height: 456px;\" width=\"1153\">\n<tbody>\n<tr>\n<td width=\"373\">Abmessungen<\/td>\n<td width=\"373\">Alle kundenspezifischen Gr\u00f6\u00dfen und Formen<\/td>\n<\/tr>\n<tr>\n<td width=\"373\">Drucken<\/td>\n<td width=\"373\">CMYK, PMS, Kein Druck<\/td>\n<\/tr>\n<tr>\n<td width=\"373\">Papierbestand<\/td>\n<td width=\"373\">10pt bis 28pt (60lb bis 400lb) Umweltfreundliches Kraftpapier, E-Welle Wellpappe, Buxkarton, Karton<\/td>\n<\/tr>\n<tr>\n<td width=\"373\">Mengen<\/td>\n<td width=\"373\">500- 500,000<\/td>\n<\/tr>\n<tr>\n<td width=\"373\">Beschichtung<\/td>\n<td width=\"373\">Gl\u00e4nzend, Matt, Spot UV<\/td>\n<\/tr>\n<tr>\n<td width=\"373\">Standard-Prozess<\/td>\n<td width=\"373\">Stanzen, Kleben, Ritzen, Perforieren<\/td>\n<\/tr>\n<tr>\n<td width=\"373\">Optionen<\/td>\n<td width=\"373\">Individueller Fensterausschnitt, Gold-\/Silberfolierung, Pr\u00e4gung, erhabene Tinte, PVC-Blatt.<\/td>\n<\/tr>\n<tr>\n<td width=\"373\">Proof<\/td>\n<td width=\"373\">Flachansicht, 3D Mock-up, Physische Bemusterung (auf Anfrage)<\/td>\n<\/tr>\n<tr>\n<td width=\"373\">Umschlagzeit<\/td>\n<td width=\"373\">7-14 Arbeitstage, Eilauftrag<\/td>\n<\/tr>\n<tr>\n<td width=\"373\">MOQ<\/td>\n<td width=\"373\">500<\/td>\n<\/tr>\n<tr>\n<td width=\"373\">Probezeit<\/td>\n<td width=\"373\">\u00a05 Tage<\/td>\n<\/tr>\n<tr>\n<td width=\"373\">Zahlungsfrist<\/td>\n<td width=\"373\">T\/T, Western Union, Paypal, 30% Anzahlung und 70% Restbetrag vor Versand.<\/td>\n<\/tr>\n<\/tbody>\n<\/table>\n<div class=\"widget block block-static-block\">\n<div class=\"landing-page-section option-bottom\">\n<div class=\"custom-materials-tabs-content container container-adjustment\">\n<div class=\"custom-materials-tab-content active\">\n<div class=\"widget block block-static-block\">\n<div class=\"options-items\">\n<div class=\"flex-grid-row-option\">\n<div class=\"flex-grid-item-option\">\n<div class=\"material-box\">\n<div class=\"material-des\">\n<p>&nbsp;<\/p>\n<\/div>\n<p>&nbsp;<\/p>\n<\/div>\n<\/div>\n<\/div>\n<\/div>\n<p><!---end of option item--><\/p>\n<\/div>\n<\/div>\n<\/div>\n<\/div>\n<\/div>","protected":false},"excerpt":{"rendered":"<p>1. Das Design der Schubladenbox und die gleitende \u00d6ffnung erleichtern dem Benutzer das \u00d6ffnen und Schlie\u00dfen und verbessern das Erlebnis des Auspackens<br \/>\n2. Das Macaron-Farbschema reduziert die visuelle Erm\u00fcdung und schafft eine entspannende und heilende Atmosph\u00e4re<br \/>\n3. Die Oberfl\u00e4che der Box ist klar und ohne Farbunterschiede bedruckt. Es kann Ihre Benutzererfahrung verbessern<\/p>","protected":false},"featured_media":2474,"template":"","meta":[],"product_brand":[],"product_cat":[30,420,31],"product_tag":[824,826,825],"class_list":{"0":"post-2469","1":"product","2":"type-product","3":"status-publish","4":"has-post-thumbnail","6":"product_cat-by-industry","7":"product_cat-custom-cannabis-boxes","8":"product_cat-paper-box-style","9":"product_tag-cannabis-packaging-box","10":"product_tag-custom-cannabis-packaging-box","11":"product_tag-marijuana-packaging-wholesale","13":"first","14":"instock","15":"shipping-taxable","16":"product-type-grouped"},"_links":{"self":[{"href":"https:\/\/zojopackaging.com\/de\/wp-json\/wp\/v2\/product\/2469","targetHints":{"allow":["GET"]}}],"collection":[{"href":"https:\/\/zojopackaging.com\/de\/wp-json\/wp\/v2\/product"}],"about":[{"href":"https:\/\/zojopackaging.com\/de\/wp-json\/wp\/v2\/types\/product"}],"version-history":[{"count":2,"href":"https:\/\/zojopackaging.com\/de\/wp-json\/wp\/v2\/product\/2469\/revisions"}],"predecessor-version":[{"id":8471,"href":"https:\/\/zojopackaging.com\/de\/wp-json\/wp\/v2\/product\/2469\/revisions\/8471"}],"wp:featuredmedia":[{"embeddable":true,"href":"https:\/\/zojopackaging.com\/de\/wp-json\/wp\/v2\/media\/2474"}],"wp:attachment":[{"href":"https:\/\/zojopackaging.com\/de\/wp-json\/wp\/v2\/media?parent=2469"}],"wp:term":[{"taxonomy":"product_brand","embeddable":true,"href":"https:\/\/zojopackaging.com\/de\/wp-json\/wp\/v2\/product_brand?post=2469"},{"taxonomy":"product_cat","embeddable":true,"href":"https:\/\/zojopackaging.com\/de\/wp-json\/wp\/v2\/product_cat?post=2469"},{"taxonomy":"product_tag","embeddable":true,"href":"https:\/\/zojopackaging.com\/de\/wp-json\/wp\/v2\/product_tag?post=2469"}],"curies":[{"name":"wp","href":"https:\/\/api.w.org\/{rel}","templated":true}]}}