{"id":2476,"date":"2024-03-12T11:11:02","date_gmt":"2024-03-12T03:11:02","guid":{"rendered":"https:\/\/zojopackaging.com\/?post_type=product&#038;p=2476"},"modified":"2025-03-28T12:53:50","modified_gmt":"2025-03-28T04:53:50","slug":"customized-e-cigarette-packaging-card-box","status":"publish","type":"product","link":"https:\/\/zojopackaging.com\/de\/product\/customized-e-cigarette-packaging-card-box\/","title":{"rendered":"Benutzerdefinierte Hanf\u00f6l Papier Karton Verpackung Boxen Hersteller"},"content":{"rendered":"<h1>Benutzerdefinierte Hanf\u00f6l Papier Karton Verpackung Boxen Hersteller<\/h1>\n<p>Mit diesen schlichten, aber eleganten Zigarettenschachteln k\u00f6nnen Sie Ihre E-Zigaretten in einem trendigen Stil verpacken und pr\u00e4sentieren. Aus strapazierf\u00e4higem Verpackungsmaterial hergestellt, werden diese wunderbaren Boxen sicher Ihre empfindlichen E-Zigaretten zu transportieren. Ganz gleich, ob Sie Ihre E-Zigaretten an Ihre Kunden oder an Einzelh\u00e4ndler ausliefern m\u00fcssen, diese robusten Schachteln werden Ihnen dabei helfen, sich sicher zu f\u00fchlen. Rufen Sie uns an, um ein g\u00fcnstiges Angebot f\u00fcr diese attraktiven Boxen zu erhalten!<\/p>\n<h1>Holen Sie sich das beste Design Unterst\u00fctzung f\u00fcr benutzerdefinierte Hanf\u00f6l Papier Karton Verpackung Boxen Hersteller!<\/h1>\n<p>Wir bieten Ihnen die vorzeigbarsten individuell bedruckten E-Zigarettenschachteln, die Ihre Marke auf eine ganz neue Ebene bringen. Eine faszinierende Pr\u00e4sentation, die diese Schachteln bieten, wird Ihre E-Zigaretten hoch und sofort verkaufen. Wollten Sie schon immer Ihre eigenen Verpackungen mit Ihrem Markenthema und Ihren Farben entwerfen? Unsere Verpackungsexperten helfen Ihnen gerne, die besten Schachteln zu bekommen! Wir bieten Ihnen die kompetenteste Expertise und Designunterst\u00fctzung, ohne dass Sie eine Geb\u00fchr zahlen m\u00fcssen.<\/p>\n<h1>Die tadellosen individuellen E-Zigarettenschachteln mit Ihrem beeindruckenden Markenlogo<\/h1>\n<p>Bei Zojoprint Packaging tun wir unser Bestes, um Ihre Marke auf dem Markt zu f\u00f6rdern und hervorzuheben. Sie k\u00f6nnen Ihren Markennamen und Ihr Logo auf diese trendigen Schachteln drucken lassen, um Ihr Unternehmen noch breiter zu pr\u00e4sentieren. Seien Sie versichert, dass Sie mit unserer innovativen Offset- und Digitaldrucktechnologie nur die tadellosesten individuellen E-Zigarettenschachteln mit Ihrem beeindruckenden Markenlogo erhalten werden.<\/p>\n<h1><strong>Spezifikation<\/strong><\/h1>\n<div class=\"widget block block-static-block\">\n<div class=\"landing-page-section option-bottom\">\n<div class=\"custom-materials-tabs-content container container-adjustment\">\n<div class=\"custom-materials-tab-content active\">\n<div class=\"widget block block-static-block\">\n<div class=\"options-items\">\n<div class=\"flex-grid-row-option\">\n<div class=\"flex-grid-item-option\">\n<div class=\"material-box\">\n<div class=\"material-des\">\n<table width=\"1070\">\n<tbody>\n<tr>\n<td width=\"373\">Abmessungen<\/td>\n<td width=\"373\">Alle kundenspezifischen Gr\u00f6\u00dfen und Formen<\/td>\n<\/tr>\n<tr>\n<td width=\"373\">MOQ<\/td>\n<td width=\"373\">500St\u00fcck<\/td>\n<\/tr>\n<tr>\n<td width=\"373\">Probezeit<\/td>\n<td width=\"373\">3-5 Tage<\/td>\n<\/tr>\n<tr>\n<td width=\"373\">Standardverfahren<\/td>\n<td width=\"373\">Stanzen, Kleben, Rillen, Perforieren<\/td>\n<\/tr>\n<tr>\n<td width=\"373\">Drucken<\/td>\n<td width=\"373\">Cmyk, pms, kein Druck<\/td>\n<\/tr>\n<tr>\n<td width=\"373\">Option Material<\/td>\n<td width=\"373\">Wei\u00dfes Kartonpapier, gestrichenes Papier, Kunstdruckpapier, Kraftpapier, Elfenbeinkarton, Duplexkarton, Spezialpapier, usw.<\/td>\n<\/tr>\n<tr>\n<td width=\"373\">Oberfl\u00e4chenveredelung<\/td>\n<td width=\"373\">Matt\/Glanz-Laminierung, Spot-UV-Pr\u00e4gung, Pr\u00e4gung, Folienpr\u00e4gung usw.<\/td>\n<\/tr>\n<tr>\n<td width=\"373\">Industrie Verwendung<\/td>\n<td width=\"373\">Kosmetika, Parf\u00fcm, Bekleidung, Schmuck, Tabak, Lebensmittel, Geschenkartikel und Waren des t\u00e4glichen Bedarfs,<\/td>\n<\/tr>\n<tr>\n<td width=\"373\">Qualit\u00e4tskontrolle<\/td>\n<td width=\"373\">Fortschrittliche Ausr\u00fcstung und ein erfahrenes QC-Team \u00fcberpr\u00fcfen Material, Halbfertig- und Fertigprodukte streng in jedem Schritt, bevor<\/td>\n<\/tr>\n<tr>\n<td width=\"373\">Preis<\/td>\n<td width=\"373\">Der Endpreis wird auf Ihr Produkt und die von Ihnen ben\u00f6tigte Menge zugeschnitten<\/td>\n<\/tr>\n<tr>\n<td width=\"373\">Bearbeitungszeit<\/td>\n<td width=\"373\">7-14 Werktage, Eile<\/td>\n<\/tr>\n<tr>\n<td width=\"373\">Papierbestand<\/td>\n<td width=\"373\">10pt bis 28pt (60lb bis 400lb) umweltfreundliches Kraftpapier, E-Welle, Buxkarton, Cardstock<\/td>\n<\/tr>\n<tr>\n<td width=\"373\">Format der Druckvorlage<\/td>\n<td width=\"373\">JPG, PDF, AI, CDR, EPS, GIF....<\/td>\n<\/tr>\n<tr>\n<td width=\"373\">Zubeh\u00f6r<\/td>\n<td width=\"373\">Magnet, Farbband, EVA-Form, Kunststoffschale, Schwamm, PVC\/PET\/PP-Fenster,...<\/td>\n<\/tr>\n<tr>\n<td width=\"373\">Zahlungsfrist<\/td>\n<td width=\"373\">T\/T, Western Union, Paypal, 30% Anzahlung und 70% Restbetrag vor Versand.<\/td>\n<\/tr>\n<\/tbody>\n<\/table>\n<\/div>\n<\/div>\n<\/div>\n<\/div>\n<\/div>\n<\/div>\n<\/div>\n<\/div>\n<\/div>\n<\/div>\n<div class=\"widget block block-static-block\">\n<div class=\"landing-page-section option-bottom\">\n<div class=\"custom-materials-tabs-content container container-adjustment\">\n<div class=\"custom-materials-tab-content active\">\n<div class=\"widget block block-static-block\">\n<div class=\"options-items\">\n<div class=\"flex-grid-row-option\">\n<div class=\"flex-grid-item-option\">\n<div class=\"material-box\">\n<p>&nbsp;<\/p>\n<\/div>\n<\/div>\n<\/div>\n<\/div>\n<p><!---end of option item--><\/p>\n<\/div>\n<\/div>\n<\/div>\n<\/div>\n<\/div>","protected":false},"excerpt":{"rendered":"<p>1. Faltkarton kann f\u00fcr die Lagerung abgeflacht werden, wodurch der Lagerraum reduziert wird; hohe Stapeleffizienz beim Transport, wodurch die Logistikkosten reduziert werden<br \/>\n2. wei\u00dfes Kartonmaterial, glatte und empfindliche Oberfl\u00e4che, umweltfreundlicher Druck<br \/>\n3. Verschiedene Gr\u00f6\u00dfen k\u00f6nnen nach Ihren Produkten angepasst werden, geeignet f\u00fcr verschiedene Cannabis\u00f6l Verpackung Boxen<\/p>","protected":false},"featured_media":2480,"template":"","meta":[],"product_brand":[],"product_cat":[30,420,430,31],"product_tag":[774,772,773],"class_list":{"0":"post-2476","1":"product","2":"type-product","3":"status-publish","4":"has-post-thumbnail","6":"product_cat-by-industry","7":"product_cat-custom-cannabis-boxes","8":"product_cat-folding-cartons","9":"product_cat-paper-box-style","10":"product_tag-custom-hemp-oil-boxes-manufacturer","11":"product_tag-custom-hemp-packaging","12":"product_tag-hemp-oil-boxes","14":"first","15":"instock","16":"shipping-taxable","17":"product-type-grouped"},"_links":{"self":[{"href":"https:\/\/zojopackaging.com\/de\/wp-json\/wp\/v2\/product\/2476","targetHints":{"allow":["GET"]}}],"collection":[{"href":"https:\/\/zojopackaging.com\/de\/wp-json\/wp\/v2\/product"}],"about":[{"href":"https:\/\/zojopackaging.com\/de\/wp-json\/wp\/v2\/types\/product"}],"version-history":[{"count":2,"href":"https:\/\/zojopackaging.com\/de\/wp-json\/wp\/v2\/product\/2476\/revisions"}],"predecessor-version":[{"id":8450,"href":"https:\/\/zojopackaging.com\/de\/wp-json\/wp\/v2\/product\/2476\/revisions\/8450"}],"wp:featuredmedia":[{"embeddable":true,"href":"https:\/\/zojopackaging.com\/de\/wp-json\/wp\/v2\/media\/2480"}],"wp:attachment":[{"href":"https:\/\/zojopackaging.com\/de\/wp-json\/wp\/v2\/media?parent=2476"}],"wp:term":[{"taxonomy":"product_brand","embeddable":true,"href":"https:\/\/zojopackaging.com\/de\/wp-json\/wp\/v2\/product_brand?post=2476"},{"taxonomy":"product_cat","embeddable":true,"href":"https:\/\/zojopackaging.com\/de\/wp-json\/wp\/v2\/product_cat?post=2476"},{"taxonomy":"product_tag","embeddable":true,"href":"https:\/\/zojopackaging.com\/de\/wp-json\/wp\/v2\/product_tag?post=2476"}],"curies":[{"name":"wp","href":"https:\/\/api.w.org\/{rel}","templated":true}]}}