{"id":2526,"date":"2024-03-12T11:46:02","date_gmt":"2024-03-12T03:46:02","guid":{"rendered":"https:\/\/zojopackaging.com\/?post_type=product&#038;p=2526"},"modified":"2025-03-27T21:23:20","modified_gmt":"2025-03-27T13:23:20","slug":"customized-e-cigarette-box","status":"publish","type":"product","link":"https:\/\/zojopackaging.com\/de\/product\/customized-e-cigarette-box\/","title":{"rendered":"Benutzerdefinierte Einweg Dank Vape Pen Verpackung Boxen Gro\u00dfhandel"},"content":{"rendered":"<h1>Benutzerdefinierte Einweg Dank Vape Pen Verpackung Boxen Gro\u00dfhandel<\/h1>\n<p><strong>Einzigartiges Design<\/strong><br \/>\nUnsere individuell gestaltete E-Zigaretten-Box besticht durch ihr elegantes und modernes Design. Der leichtg\u00e4ngige Klappmechanismus verleiht ihr einen Hauch von Raffinesse und erleichtert den stilvollen Zugriff auf Ihre E-Zigarette. Die anpassbaren Optionen erm\u00f6glichen es Ihnen, die Box mit Ihrem Markenlogo, Farben und Mustern zu personalisieren, um sicherzustellen, dass sie im Regal hervorsticht.<br \/>\n<strong>Hochwertige Materialien<\/strong><br \/>\nWir verwenden nur die hochwertigsten Materialien, um Haltbarkeit und Schutz zu gew\u00e4hrleisten. Die Box besteht aus stabilem Karton oder Kunststoff, der Ihre E-Zigarette vor Besch\u00e4digungen w\u00e4hrend des Transports und der Lagerung sch\u00fctzt. Das Innenfutter wurde sorgf\u00e4ltig entworfen, um das Ger\u00e4t sicher an seinem Platz zu halten und jegliche Bewegung oder Kratzer zu verhindern.<br \/>\n<strong>Bequem und kompakt<\/strong><br \/>\nDie kompakte Gr\u00f6\u00dfe der Customized E-Zigarette Flip Box macht es sehr tragbar. Sie k\u00f6nnen sie einfach in Ihre Tasche stecken und Ihre E-Zigaretten mitnehmen, wohin Sie auch gehen. Das Flip-Design bietet auch schnellen und problemlosen Zugang zu Ihrer E-Zigarette, so dass f\u00fcr nahtlose Verdampfen auf dem Sprung.<br \/>\n<strong>F\u00f6rderung der Marke<\/strong><br \/>\nDiese Flipbox ist nicht nur eine Verpackungsl\u00f6sung, sondern auch ein leistungsstarkes Marketinginstrument. Gestalten Sie sie mit Ihrer Markenidentit\u00e4t, um die Sichtbarkeit und Wiedererkennung Ihrer Marke zu erh\u00f6hen. Das einzigartige Design und die pers\u00f6nliche Note werden einen bleibenden Eindruck bei Ihren Kunden hinterlassen und Ihnen helfen, einen treuen Kundenstamm aufzubauen.<br \/>\n<strong>Vielseitige Optionen<\/strong><br \/>\nGanz gleich, ob Sie ein kleines Startup oder eine etablierte Marke sind, wir bieten Ihnen eine breite Palette an Anpassungsm\u00f6glichkeiten, um Ihre spezifischen Anforderungen zu erf\u00fcllen. W\u00e4hlen Sie aus verschiedenen Gr\u00f6\u00dfen, Formen und Oberfl\u00e4chen, um eine Flip-Box zu kreieren, die Ihr E-Zigarettenprodukt perfekt repr\u00e4sentiert.<\/p>\n<p>Werten Sie Ihre E-Zigaretten-Verpackung mit der kundenspezifischen E-Zigaretten-Flip-Box auf und setzen Sie ein deutliches Zeichen auf dem Markt. Kontaktieren Sie uns noch heute, um Ihre einzigartige Verpackungsl\u00f6sung zu erstellen!<\/p>\n<h1><strong>Spezifikation<\/strong><\/h1>\n<div class=\"widget block block-static-block\">\n<div class=\"landing-page-section option-bottom\">\n<div class=\"custom-materials-tabs-content container container-adjustment\">\n<div class=\"custom-materials-tab-content active\">\n<div class=\"widget block block-static-block\">\n<div class=\"options-items\">\n<div class=\"flex-grid-row-option\">\n<div class=\"flex-grid-item-option\">\n<div class=\"material-box\">\n<div class=\"material-des\">\n<table class=\"table table-striped\" width=\"1140\">\n<tbody>\n<tr class=\"firstRow\">\n<td>Abmessungen<\/td>\n<td>Alle kundenspezifischen Gr\u00f6\u00dfen und Formen<\/td>\n<\/tr>\n<tr>\n<td>Drucken<\/td>\n<td>CMYK, PMS, Kein Druck<\/td>\n<\/tr>\n<tr>\n<td>Papierbestand<\/td>\n<td>10pt bis 28pt (60lb bis 400lb) Umweltfreundliches Kraftpapier, E-Welle Wellpappe, Buxkarton, Karton<\/td>\n<\/tr>\n<tr>\n<td>Mengen<\/td>\n<td>500 - 500,000<\/td>\n<\/tr>\n<tr>\n<td>Beschichtung<\/td>\n<td>Gl\u00e4nzend, Matt, Spot UV<\/td>\n<\/tr>\n<tr>\n<td>Standard-Prozess<\/td>\n<td>Stanzen, Kleben, Ritzen, Perforieren<\/td>\n<\/tr>\n<tr>\n<td>Optionen<\/td>\n<td>Individueller Fensterausschnitt, Gold-\/Silberfolierung, Pr\u00e4gung, erhabene Tinte, PVC-Blatt.<\/td>\n<\/tr>\n<tr>\n<td>Proof<\/td>\n<td>Flachansicht, 3D Mock-up, Physische Bemusterung (auf Anfrage)<\/td>\n<\/tr>\n<tr>\n<td>Umschlagzeit<\/td>\n<td>7-14 Arbeitstage, Eilauftrag<\/td>\n<\/tr>\n<tr>\n<td>MOQ<\/td>\n<td>500<\/td>\n<\/tr>\n<\/tbody>\n<\/table>\n<\/div>\n<p>&nbsp;<\/p>\n<\/div>\n<\/div>\n<\/div>\n<\/div>\n<p><!---end of option item--><\/p>\n<\/div>\n<\/div>\n<\/div>\n<\/div>\n<\/div>","protected":false},"excerpt":{"rendered":"<p>1. Kindersicheres Design, um zu verhindern, dass Kinder es versehentlich verschlucken, aber Erwachsene k\u00f6nnen es leicht \u00f6ffnen<br \/>\n2. Verschiedene Gr\u00f6\u00dfen k\u00f6nnen nach Ihren Produkten angepasst werden, geeignet f\u00fcr die Verpackung von verschiedenen Arten von Cannabis vape<br \/>\n3. Cannabis Verpackung Anpassung Fabrik, kostenlose Proben, k\u00f6nnen Sie mit dem niedrigsten Preis und schnellste Lieferzeit bieten<\/p>","protected":false},"featured_media":6464,"template":"","meta":[],"product_brand":[],"product_cat":[30,431,420,31],"product_tag":[719,717,718],"class_list":{"0":"post-2526","1":"product","2":"type-product","3":"status-publish","4":"has-post-thumbnail","6":"product_cat-by-industry","7":"product_cat-child-resistant-packaging","8":"product_cat-custom-cannabis-boxes","9":"product_cat-paper-box-style","10":"product_tag-dank-vape-packaging-boxes","11":"product_tag-disposable-vape-packaging","12":"product_tag-vape-pen-packaging","14":"first","15":"instock","16":"shipping-taxable","17":"product-type-grouped"},"_links":{"self":[{"href":"https:\/\/zojopackaging.com\/de\/wp-json\/wp\/v2\/product\/2526","targetHints":{"allow":["GET"]}}],"collection":[{"href":"https:\/\/zojopackaging.com\/de\/wp-json\/wp\/v2\/product"}],"about":[{"href":"https:\/\/zojopackaging.com\/de\/wp-json\/wp\/v2\/types\/product"}],"version-history":[{"count":2,"href":"https:\/\/zojopackaging.com\/de\/wp-json\/wp\/v2\/product\/2526\/revisions"}],"predecessor-version":[{"id":8425,"href":"https:\/\/zojopackaging.com\/de\/wp-json\/wp\/v2\/product\/2526\/revisions\/8425"}],"wp:featuredmedia":[{"embeddable":true,"href":"https:\/\/zojopackaging.com\/de\/wp-json\/wp\/v2\/media\/6464"}],"wp:attachment":[{"href":"https:\/\/zojopackaging.com\/de\/wp-json\/wp\/v2\/media?parent=2526"}],"wp:term":[{"taxonomy":"product_brand","embeddable":true,"href":"https:\/\/zojopackaging.com\/de\/wp-json\/wp\/v2\/product_brand?post=2526"},{"taxonomy":"product_cat","embeddable":true,"href":"https:\/\/zojopackaging.com\/de\/wp-json\/wp\/v2\/product_cat?post=2526"},{"taxonomy":"product_tag","embeddable":true,"href":"https:\/\/zojopackaging.com\/de\/wp-json\/wp\/v2\/product_tag?post=2526"}],"curies":[{"name":"wp","href":"https:\/\/api.w.org\/{rel}","templated":true}]}}