{"id":2539,"date":"2024-03-12T11:50:20","date_gmt":"2024-03-12T03:50:20","guid":{"rendered":"https:\/\/zojopackaging.com\/?post_type=product&#038;p=2539"},"modified":"2025-03-28T14:15:29","modified_gmt":"2025-03-28T06:15:29","slug":"custom-e-cigarette-drawer-packaging-boxes","status":"publish","type":"product","link":"https:\/\/zojopackaging.com\/de\/product\/custom-e-cigarette-drawer-packaging-boxes\/","title":{"rendered":"Premium Custom Child Proof Vape Verpackung Boxen Gro\u00dfhandel"},"content":{"rendered":"<h1>Premium Custom Child Proof Vape Verpackung Boxen Gro\u00dfhandel<\/h1>\n<p>hochwertige, kindersichere Vape-Verpackungsboxen f\u00fcr den Gro\u00dfhandel - eine anspruchsvolle und funktionelle Verpackungsl\u00f6sung f\u00fcr Ihre E-Zigarettenprodukte.<\/p>\n<p>Das Innere der Schubladen-Papierbox ist sorgf\u00e4ltig verarbeitet, um einen passgenauen Sitz f\u00fcr Ihr Nackenband und Ihr Zubeh\u00f6r zu gew\u00e4hrleisten. Sie bietet hervorragenden Schutz und bewahrt Ihre Produkte w\u00e4hrend der Lagerung und des Transports vor Sch\u00e4den.<\/p>\n<p>Unsere ma\u00dfgefertigten Vape-Schubladen-Papierschachteln sind aus hochwertigen Materialien hergestellt, die Langlebigkeit und ein luxuri\u00f6ses Gef\u00fchl garantieren. Sie sind nicht einfach nur eine Verpackung, sie sind eine Erweiterung der Qualit\u00e4t und des Engagements Ihrer Marke.<\/p>\n<p>Ganz gleich, ob Sie eine neue Vape-Linie auf den Markt bringen oder Ihre bestehende Verpackung aufwerten m\u00f6chten, unsere individuellen Schubladenboxen sind die perfekte Wahl. Heben Sie sich auf dem Markt ab und bieten Sie Ihren Kunden ein unvergessliches Auspackerlebnis.<\/p>\n<p>W\u00e4hlen Sie individuelle Vape-Schubladen-Papierschachteln und heben Sie Ihre Marke auf ein neues Niveau.<\/p>\n<h1><strong>Spezifikation<\/strong><\/h1>\n<table style=\"height: 456px;\" width=\"1153\">\n<tbody>\n<tr>\n<td width=\"373\">Abmessungen<\/td>\n<td width=\"373\">Alle kundenspezifischen Gr\u00f6\u00dfen und Formen<\/td>\n<\/tr>\n<tr>\n<td width=\"373\">Drucken<\/td>\n<td width=\"373\">CMYK, PMS, Kein Druck<\/td>\n<\/tr>\n<tr>\n<td width=\"373\">Papierbestand<\/td>\n<td width=\"373\">10pt bis 28pt (60lb bis 400lb) Umweltfreundliches Kraftpapier, E-Welle Wellpappe, Buxkarton, Karton<\/td>\n<\/tr>\n<tr>\n<td width=\"373\">Mengen<\/td>\n<td width=\"373\">500- 500,000<\/td>\n<\/tr>\n<tr>\n<td width=\"373\">Beschichtung<\/td>\n<td width=\"373\">Gl\u00e4nzend, Matt, Spot UV<\/td>\n<\/tr>\n<tr>\n<td width=\"373\">Standard-Prozess<\/td>\n<td width=\"373\">Stanzen, Kleben, Ritzen, Perforieren<\/td>\n<\/tr>\n<tr>\n<td width=\"373\">Optionen<\/td>\n<td width=\"373\">Individueller Fensterausschnitt, Gold-\/Silberfolierung, Pr\u00e4gung, erhabene Tinte, PVC-Blatt.<\/td>\n<\/tr>\n<tr>\n<td width=\"373\">Proof<\/td>\n<td width=\"373\">Flachansicht, 3D Mock-up, Physische Bemusterung (auf Anfrage)<\/td>\n<\/tr>\n<tr>\n<td width=\"373\">Umschlagzeit<\/td>\n<td width=\"373\">7-14 Arbeitstage, Eilauftrag<\/td>\n<\/tr>\n<tr>\n<td width=\"373\">MOQ<\/td>\n<td width=\"373\">500<\/td>\n<\/tr>\n<tr>\n<td width=\"373\">Probezeit<\/td>\n<td width=\"373\">\u00a05 Tage<\/td>\n<\/tr>\n<tr>\n<td width=\"373\">Zahlungsfrist<\/td>\n<td width=\"373\">T\/T, Western Union, Paypal, 30% Anzahlung und 70% Restbetrag vor Versand.<\/td>\n<\/tr>\n<\/tbody>\n<\/table>\n<div class=\"widget block block-static-block\">\n<div class=\"landing-page-section option-bottom\">\n<div class=\"custom-materials-tabs-content container container-adjustment\">\n<div class=\"custom-materials-tab-content active\">\n<div class=\"widget block block-static-block\">\n<div class=\"options-items\">\n<div class=\"flex-grid-row-option\">\n<div class=\"flex-grid-item-option\">\n<div class=\"material-box\">\n<div class=\"material-des\">\n<p>&nbsp;<\/p>\n<\/div>\n<p>&nbsp;<\/p>\n<\/div>\n<\/div>\n<\/div>\n<\/div>\n<p><!---end of option item--><\/p>\n<\/div>\n<\/div>\n<\/div>\n<\/div>\n<\/div>","protected":false},"excerpt":{"rendered":"<p>1. Kindersicheres Design, um zu verhindern, dass Kinder es versehentlich verschlucken, aber Erwachsene k\u00f6nnen es leicht \u00f6ffnen<br \/>\n2. Das Fensterdesign erm\u00f6glicht es den Kunden, Ihre Vape-Produkte intuitiver zu sehen, was die Kommunikationskosten reduzieren kann<br \/>\n3. Verschiedene Gr\u00f6\u00dfen k\u00f6nnen nach Ihren Produkten angepasst werden, geeignet f\u00fcr alle Arten von Cannabis vape Verpackung<\/p>","protected":false},"featured_media":6384,"template":"","meta":[],"product_brand":[],"product_cat":[30,431,420,31],"product_tag":[792,793,595],"class_list":{"0":"post-2539","1":"product","2":"type-product","3":"status-publish","4":"has-post-thumbnail","6":"product_cat-by-industry","7":"product_cat-child-resistant-packaging","8":"product_cat-custom-cannabis-boxes","9":"product_cat-paper-box-style","10":"product_tag-child-proof-vape-packaging","11":"product_tag-premium-vape-packaging","12":"product_tag-vape-packaging-wholesale","14":"first","15":"instock","16":"shipping-taxable","17":"product-type-grouped"},"_links":{"self":[{"href":"https:\/\/zojopackaging.com\/de\/wp-json\/wp\/v2\/product\/2539","targetHints":{"allow":["GET"]}}],"collection":[{"href":"https:\/\/zojopackaging.com\/de\/wp-json\/wp\/v2\/product"}],"about":[{"href":"https:\/\/zojopackaging.com\/de\/wp-json\/wp\/v2\/types\/product"}],"version-history":[{"count":2,"href":"https:\/\/zojopackaging.com\/de\/wp-json\/wp\/v2\/product\/2539\/revisions"}],"predecessor-version":[{"id":8458,"href":"https:\/\/zojopackaging.com\/de\/wp-json\/wp\/v2\/product\/2539\/revisions\/8458"}],"wp:featuredmedia":[{"embeddable":true,"href":"https:\/\/zojopackaging.com\/de\/wp-json\/wp\/v2\/media\/6384"}],"wp:attachment":[{"href":"https:\/\/zojopackaging.com\/de\/wp-json\/wp\/v2\/media?parent=2539"}],"wp:term":[{"taxonomy":"product_brand","embeddable":true,"href":"https:\/\/zojopackaging.com\/de\/wp-json\/wp\/v2\/product_brand?post=2539"},{"taxonomy":"product_cat","embeddable":true,"href":"https:\/\/zojopackaging.com\/de\/wp-json\/wp\/v2\/product_cat?post=2539"},{"taxonomy":"product_tag","embeddable":true,"href":"https:\/\/zojopackaging.com\/de\/wp-json\/wp\/v2\/product_tag?post=2539"}],"curies":[{"name":"wp","href":"https:\/\/api.w.org\/{rel}","templated":true}]}}