{"id":2571,"date":"2024-03-12T13:47:23","date_gmt":"2024-03-12T05:47:23","guid":{"rendered":"https:\/\/zojopackaging.com\/?post_type=product&#038;p=2571"},"modified":"2025-03-24T18:34:31","modified_gmt":"2025-03-24T10:34:31","slug":"custom-pre-roll-packaging","status":"publish","type":"product","link":"https:\/\/zojopackaging.com\/de\/product\/custom-pre-roll-packaging\/","title":{"rendered":"Benutzerdefinierte Cannabis Pre Roll Joints Verpackung Boxen Lieferungen"},"content":{"rendered":"<h1>Custom Cannabis Pre Roll Joints Verpackung Boxen LieferungenCustom Pre Roll Verpackung<\/h1>\n<p><a href=\"https:\/\/zojopackaging.com\/de\/produkt-kategorie\/cannabis-boxes\/\">Kundenspezifische Vorverpackungen<\/a> ist eine spezielle Verpackungsmethode f\u00fcr vorgerollte <a href=\"https:\/\/zojoprint.en.alibaba.com\/productgrouplist-941131925\/Child_Resistant_Packaging_Box.html\" target=\"_blank\" rel=\"noopener\">Cannabisprodukte<\/a>Mit der Legalisierung und Kommerzialisierung der Cannabisindustrie erlebt der Bereich einen raschen Wandel und Innovation.<a href=\"https:\/\/zojopackaging.com\/de\/produkt-kategorie\/cannabis-boxes\/\">Vorverpackungen f\u00fcr Rollen<\/a> haben eine F\u00fclle von kundenspezifischen Optionen, einschlie\u00dflich einer Vielzahl von Formen, Designs, Gr\u00f6\u00dfen, Farben, kindersicher und gestanzt usw., Diese Optionen erm\u00f6glichen es ihnen, nicht nur Produkte zu sch\u00fctzen, sondern auch das Markenimage zu verbessern und die Aufmerksamkeit der Verbraucher zu erregen.<\/p>\n<h3><a href=\"https:\/\/zojopackaging.com\/de\/produkt-kategorie\/cannabis-boxes\/\">Kundenspezifische Vorverpackungen<\/a> h\u00e4lt mit den Markttrends Schritt<\/h3>\n<p>Die Cannabisbranche ist ein dynamischer Markt, der sich st\u00e4ndig weiterentwickelt, wobei sich die Vorlieben der Verbraucher und die regulatorischen Rahmenbedingungen in rasantem Tempo \u00e4ndern.Daher ist in einem \u00fcberf\u00fcllten Markt ein einzigartiges Verpackungsdesign unerl\u00e4sslich. Eine gut gestaltete Verpackung kann das Benutzererlebnis verbessern,Individuelle Verpackungen helfen Cannabismarken dabei, eine einzigartige Identit\u00e4t zu schaffen und Kundenbindung aufzubauen.zojopackaging.us Wir bieten umfassende <a href=\"https:\/\/zojopackaging.com\/de\/produkt-kategorie\/cannabis-boxes\/\">ma\u00dfgeschneiderte Pre-Roll-Verpackungen<\/a> L\u00f6sungen auf der Grundlage Ihrer Produktspezifikationen und Marktbed\u00fcrfnisse, die Ihrer Marke eine einzigartige Marktpositionierung erm\u00f6glichen und gleichzeitig die Produktqualit\u00e4t und -sicherheit gew\u00e4hrleisten, damit sich Ihre Marke in einem hart umk\u00e4mpften Markt abheben kann.<\/p>\n<h3>Benutzerdefinierte Pre Roll Box Verpackung&amp;Drucken<\/h3>\n<p>Wir verf\u00fcgen \u00fcber ein professionelles Team, das regelm\u00e4\u00dfig Marktforschungen durchf\u00fchrt, um Ver\u00e4nderungen im Verbraucherverhalten und in den Verbraucherpr\u00e4ferenzen zu analysieren, und haben ein tiefes Verst\u00e4ndnis und Echtzeit-Einblicke in die g\u00e4ngigen Trends in der Verpackungsdruckindustrie.Wir stellen sicher, dass unsere Kunden die neuesten Designs und Technologien nutzen k\u00f6nnen, um ihre Produktverpackungen zu verbessern.Wir verwenden die neueste Drucktechnologie, um sicherzustellen, dass die Druckqualit\u00e4t der Verpackungen dem h\u00f6chsten Standard entspricht, wie z. B. bei Vorratsdosen. Es kann Ihrer Marke helfen, sich auf dem Markt abzuheben.<\/p>\n<p>&nbsp;<\/p>\n<p><strong>Spezifikation<\/strong><\/p>\n<table style=\"height: 456px;\" width=\"1153\">\n<tbody>\n<tr>\n<td width=\"373\">Abmessungen<\/td>\n<td width=\"373\">Alle kundenspezifischen Gr\u00f6\u00dfen und Formen<\/td>\n<\/tr>\n<tr>\n<td width=\"373\">Drucken<\/td>\n<td width=\"373\">CMYK, PMS, Kein Druck<\/td>\n<\/tr>\n<tr>\n<td width=\"373\">Papierbestand<\/td>\n<td width=\"373\">10pt bis 28pt (60lb bis 400lb) Umweltfreundliches Kraftpapier, E-Welle Wellpappe, Buxkarton, Karton<\/td>\n<\/tr>\n<tr>\n<td width=\"373\">Mengen<\/td>\n<td width=\"373\">500- 500,000<\/td>\n<\/tr>\n<tr>\n<td width=\"373\">Beschichtung<\/td>\n<td width=\"373\">Gl\u00e4nzend, Matt, Spot UV<\/td>\n<\/tr>\n<tr>\n<td width=\"373\">Standard-Prozess<\/td>\n<td width=\"373\">Stanzen, Kleben, Ritzen, Perforieren<\/td>\n<\/tr>\n<tr>\n<td width=\"373\">Optionen<\/td>\n<td width=\"373\">Individueller Fensterausschnitt, Gold-\/Silberfolierung, Pr\u00e4gung, erhabene Tinte, PVC-Blatt.<\/td>\n<\/tr>\n<tr>\n<td width=\"373\">Proof<\/td>\n<td width=\"373\">Flachansicht, 3D Mock-up, Physische Bemusterung (auf Anfrage)<\/td>\n<\/tr>\n<tr>\n<td width=\"373\">Umschlagzeit<\/td>\n<td width=\"373\">7-14 Arbeitstage, Eilauftrag<\/td>\n<\/tr>\n<tr>\n<td width=\"373\">MOQ<\/td>\n<td width=\"373\">500<\/td>\n<\/tr>\n<tr>\n<td width=\"373\">Probezeit<\/td>\n<td width=\"373\">\u00a05 Tage<\/td>\n<\/tr>\n<tr>\n<td width=\"373\">Zahlungsfrist<\/td>\n<td width=\"373\">T\/T, Western Union, Paypal, 30% Anzahlung und 70% Restbetrag vor Versand.<\/td>\n<\/tr>\n<\/tbody>\n<\/table>\n<div class=\"widget block block-static-block\">\n<div class=\"landing-page-section option-bottom\">\n<div class=\"custom-materials-tabs-content container container-adjustment\">\n<div class=\"custom-materials-tab-content active\">\n<div class=\"widget block block-static-block\">\n<div class=\"options-items\">\n<div class=\"flex-grid-row-option\">\n<div class=\"flex-grid-item-option\">\n<div class=\"material-box\">\n<div class=\"material-des\">\n<p>&nbsp;<\/p>\n<\/div>\n<p>&nbsp;<\/p>\n<\/div>\n<\/div>\n<\/div>\n<\/div>\n<p><!---end of option item--><\/p>\n<\/div>\n<\/div>\n<\/div>\n<\/div>\n<\/div>","protected":false},"excerpt":{"rendered":"<ul>\n<li>MOQ: 500 St\u00fcck<\/li>\n<li>Lieferzeit:7-14 Arbeitstage, Eilauftrag<\/li>\n<li>Ma\u00dfgeschneidert in den Abmessungen (Durchmesser x H\u00f6he)<\/li>\n<li>Kundenspezifischer Druck<\/li>\n<li>Umweltfreundlich, recycelbar und plastikfrei<\/li>\n<li>Preis\uff1aDer Endpreis wird auf Ihr Produkt und die von Ihnen ben\u00f6tigte Menge zugeschnitten<\/li>\n<\/ul>","protected":false},"featured_media":6462,"template":"","meta":[],"product_brand":[],"product_cat":[30,431,420,31,426],"product_tag":[584,585,586],"class_list":{"0":"post-2571","1":"product","2":"type-product","3":"status-publish","4":"has-post-thumbnail","6":"product_cat-by-industry","7":"product_cat-child-resistant-packaging","8":"product_cat-custom-cannabis-boxes","9":"product_cat-paper-box-style","10":"product_cat-paper-drawer-boxes","11":"product_tag-cannabis-pre-roll-packaging","12":"product_tag-pre-roll-boxes","13":"product_tag-pre-roll-packaging-supplies","15":"first","16":"instock","17":"shipping-taxable","18":"product-type-grouped"},"_links":{"self":[{"href":"https:\/\/zojopackaging.com\/de\/wp-json\/wp\/v2\/product\/2571","targetHints":{"allow":["GET"]}}],"collection":[{"href":"https:\/\/zojopackaging.com\/de\/wp-json\/wp\/v2\/product"}],"about":[{"href":"https:\/\/zojopackaging.com\/de\/wp-json\/wp\/v2\/types\/product"}],"version-history":[{"count":2,"href":"https:\/\/zojopackaging.com\/de\/wp-json\/wp\/v2\/product\/2571\/revisions"}],"predecessor-version":[{"id":8115,"href":"https:\/\/zojopackaging.com\/de\/wp-json\/wp\/v2\/product\/2571\/revisions\/8115"}],"wp:featuredmedia":[{"embeddable":true,"href":"https:\/\/zojopackaging.com\/de\/wp-json\/wp\/v2\/media\/6462"}],"wp:attachment":[{"href":"https:\/\/zojopackaging.com\/de\/wp-json\/wp\/v2\/media?parent=2571"}],"wp:term":[{"taxonomy":"product_brand","embeddable":true,"href":"https:\/\/zojopackaging.com\/de\/wp-json\/wp\/v2\/product_brand?post=2571"},{"taxonomy":"product_cat","embeddable":true,"href":"https:\/\/zojopackaging.com\/de\/wp-json\/wp\/v2\/product_cat?post=2571"},{"taxonomy":"product_tag","embeddable":true,"href":"https:\/\/zojopackaging.com\/de\/wp-json\/wp\/v2\/product_tag?post=2571"}],"curies":[{"name":"wp","href":"https:\/\/api.w.org\/{rel}","templated":true}]}}