{"id":2585,"date":"2024-03-12T13:59:15","date_gmt":"2024-03-12T05:59:15","guid":{"rendered":"https:\/\/zojopackaging.com\/?post_type=product&#038;p=2585"},"modified":"2025-03-28T14:40:18","modified_gmt":"2025-03-28T06:40:18","slug":"customized-e-cigarette-packaging-box","status":"publish","type":"product","link":"https:\/\/zojopackaging.com\/de\/product\/customized-e-cigarette-packaging-box\/","title":{"rendered":"Individuell bedruckte kindersichere Vape-Patronen-Verpackungsbox"},"content":{"rendered":"<h1>Individuell bedruckte kindersichere Vape-Patronen-Verpackungsbox<\/h1>\n<div>Vape-Boxen ben\u00f6tigen eine Verpackung, in der die empfindlichen Gegenst\u00e4nde sicher aufbewahrt werden und die die Aufmerksamkeit der Kunden auf den ersten Blick auf sich ziehen kann.<\/div>\n<div>Sie bestehen aus einem Zerst\u00e4uber, einer Batterie, einem Mundst\u00fcck und einem E-Liquid. Aufgrund des zunehmenden Suchtpotenzials des Geschmacks und der Tatsache, dass es sich heutzutage um eine Stilikone handelt, legt jedes Tabakunternehmen gro\u00dfen Wert auf seine Marke und seine Schachteln. Sie k\u00f6nnen es sich nicht leisten, die farbenfrohe und attraktive Pappschachtel zu ignorieren. Verbessern Sie Ihr Vaping-Erlebnis mit unserer hochwertigen, individuell gestalteten Vape Packaging Box. Unsere mit Pr\u00e4zision und Sorgfalt gefertigte Verpackungsl\u00f6sung bietet eine stilvolle und funktionelle M\u00f6glichkeit zur Aufbewahrung und zum Transport Ihrer E-Zigaretten.<\/div>\n<div>\n<ul>\n<li>Engagiertes Support-Team<\/li>\n<li>Kostenloses Angebot erhalten<\/li>\n<li>100% kundenspezifisch<\/li>\n<li>unser Produktvideo ansehen<\/li>\n<li>100% Kundenzufriedenheit<\/li>\n<li>Kostenlose Probenahme<\/li>\n<li>Langlebige Konstruktion mit zwei Enden und doppeltem Boden<\/li>\n<li>Verwendung f\u00fcr kreative und dekorative Arbeiten<\/li>\n<\/ul>\n<\/div>\n<div class=\"widget block block-static-block\">\n<div class=\"landing-page-section option-bottom\">\n<div class=\"custom-materials-tabs-content container container-adjustment\">\n<div class=\"custom-materials-tab-content active\">\n<div class=\"widget block block-static-block\">\n<div class=\"options-items\">\n<div class=\"flex-grid-row-option\">\n<div class=\"flex-grid-item-option\">\n<div class=\"material-box\">\n<div class=\"material-des\">\n<h1><strong>Spezifikation<\/strong><\/h1>\n<table style=\"height: 456px;\" width=\"1153\">\n<tbody>\n<tr>\n<td width=\"373\">Abmessungen<\/td>\n<td width=\"373\">Alle kundenspezifischen Gr\u00f6\u00dfen und Formen<\/td>\n<\/tr>\n<tr>\n<td width=\"373\">Drucken<\/td>\n<td width=\"373\">CMYK, PMS, Kein Druck<\/td>\n<\/tr>\n<tr>\n<td width=\"373\">Papierbestand<\/td>\n<td width=\"373\">10pt bis 28pt (60lb bis 400lb) Umweltfreundliches Kraftpapier, E-Welle Wellpappe, Buxkarton, Karton<\/td>\n<\/tr>\n<tr>\n<td width=\"373\">Mengen<\/td>\n<td width=\"373\">500- 500,000<\/td>\n<\/tr>\n<tr>\n<td width=\"373\">Beschichtung<\/td>\n<td width=\"373\">Gl\u00e4nzend, Matt, Spot UV<\/td>\n<\/tr>\n<tr>\n<td width=\"373\">Standard-Prozess<\/td>\n<td width=\"373\">Stanzen, Kleben, Ritzen, Perforieren<\/td>\n<\/tr>\n<tr>\n<td width=\"373\">Optionen<\/td>\n<td width=\"373\">Individueller Fensterausschnitt, Gold-\/Silberfolierung, Pr\u00e4gung, erhabene Tinte, PVC-Blatt.<\/td>\n<\/tr>\n<tr>\n<td width=\"373\">Proof<\/td>\n<td width=\"373\">Flachansicht, 3D Mock-up, Physische Bemusterung (auf Anfrage)<\/td>\n<\/tr>\n<tr>\n<td width=\"373\">Umschlagzeit<\/td>\n<td width=\"373\">7-14 Arbeitstage, Eilauftrag<\/td>\n<\/tr>\n<tr>\n<td width=\"373\">MOQ<\/td>\n<td width=\"373\">500<\/td>\n<\/tr>\n<tr>\n<td width=\"373\">Probezeit<\/td>\n<td width=\"373\">\u00a05 Tage<\/td>\n<\/tr>\n<tr>\n<td width=\"373\">Zahlungsfrist<\/td>\n<td width=\"373\">T\/T, Western Union, Paypal, 30% Anzahlung und 70% Restbetrag vor Versand.<\/td>\n<\/tr>\n<\/tbody>\n<\/table>\n<\/div>\n<p>&nbsp;<\/p>\n<\/div>\n<\/div>\n<\/div>\n<\/div>\n<p><!---end of option item--><\/p>\n<\/div>\n<\/div>\n<\/div>\n<\/div>\n<\/div>","protected":false},"excerpt":{"rendered":"<p>1. Spot-UV-Lackierung kann in wenigen Sekunden vollst\u00e4ndig ausgeh\u00e4rtet werden, was die Trocknungszeit erheblich verk\u00fcrzt, den kontinuierlichen Druck und die Nachbearbeitung unterst\u00fctzt und die Produktionseffizienz erheblich verbessert<br \/>\n2. Kindersicheres Design, um zu verhindern, dass Kinder es versehentlich verschlucken, aber Erwachsene k\u00f6nnen es leicht \u00f6ffnen<br \/>\n3. Verschiedene Gr\u00f6\u00dfen k\u00f6nnen nach Ihrem Produkt angepasst werden, geeignet f\u00fcr alle Arten von Cannabis E-Zigarette Verpackung<\/p>","protected":false},"featured_media":6118,"template":"","meta":[],"product_brand":[],"product_cat":[30,431,420,31],"product_tag":[803,594,802],"class_list":{"0":"post-2585","1":"product","2":"type-product","3":"status-publish","4":"has-post-thumbnail","6":"product_cat-by-industry","7":"product_cat-child-resistant-packaging","8":"product_cat-custom-cannabis-boxes","9":"product_cat-paper-box-style","10":"product_tag-child-resistant-cartridge-packaging","11":"product_tag-custom-vape-packaging","12":"product_tag-vape-cartridge-packaging-box","14":"first","15":"instock","16":"shipping-taxable","17":"product-type-grouped"},"_links":{"self":[{"href":"https:\/\/zojopackaging.com\/de\/wp-json\/wp\/v2\/product\/2585","targetHints":{"allow":["GET"]}}],"collection":[{"href":"https:\/\/zojopackaging.com\/de\/wp-json\/wp\/v2\/product"}],"about":[{"href":"https:\/\/zojopackaging.com\/de\/wp-json\/wp\/v2\/types\/product"}],"version-history":[{"count":2,"href":"https:\/\/zojopackaging.com\/de\/wp-json\/wp\/v2\/product\/2585\/revisions"}],"predecessor-version":[{"id":8462,"href":"https:\/\/zojopackaging.com\/de\/wp-json\/wp\/v2\/product\/2585\/revisions\/8462"}],"wp:featuredmedia":[{"embeddable":true,"href":"https:\/\/zojopackaging.com\/de\/wp-json\/wp\/v2\/media\/6118"}],"wp:attachment":[{"href":"https:\/\/zojopackaging.com\/de\/wp-json\/wp\/v2\/media?parent=2585"}],"wp:term":[{"taxonomy":"product_brand","embeddable":true,"href":"https:\/\/zojopackaging.com\/de\/wp-json\/wp\/v2\/product_brand?post=2585"},{"taxonomy":"product_cat","embeddable":true,"href":"https:\/\/zojopackaging.com\/de\/wp-json\/wp\/v2\/product_cat?post=2585"},{"taxonomy":"product_tag","embeddable":true,"href":"https:\/\/zojopackaging.com\/de\/wp-json\/wp\/v2\/product_tag?post=2585"}],"curies":[{"name":"wp","href":"https:\/\/api.w.org\/{rel}","templated":true}]}}