{"id":2612,"date":"2024-03-12T14:51:34","date_gmt":"2024-03-12T06:51:34","guid":{"rendered":"https:\/\/zojopackaging.com\/?post_type=product&#038;p=2612"},"modified":"2025-03-28T16:37:20","modified_gmt":"2025-03-28T08:37:20","slug":"pink-e-cigarette-packaging-card-box","status":"publish","type":"product","link":"https:\/\/zojopackaging.com\/de\/product\/pink-e-cigarette-packaging-card-box\/","title":{"rendered":"Benutzerdefinierte Vape Liquid Pen Marihuana Essbare Verpackung Box Fabrik"},"content":{"rendered":"<h1>Benutzerdefinierte Vape Liquid Pen Marihuana Essbare Verpackung Box Fabrik<\/h1>\n<p>Die rosafarbene Verpackungsschachtel f\u00fcr Marihuana ist eine stilvolle und funktionelle L\u00f6sung f\u00fcr die attraktive Aufbewahrung und Pr\u00e4sentation von elektronischen Zigaretten. Diese Verpackungsbox ist mit einem femininen Touch entworfen, mit einem weichen rosa Farbe, die eine zarte und elegante \u00c4sthetik anspricht.<\/p>\n<p>Die Kartenbox ist aus hochwertigen Materialien gefertigt, die Langlebigkeit und Schutz f\u00fcr die elektronischen Zigaretten im Inneren gew\u00e4hrleisten. Die robuste Konstruktion der Box hilft, den Inhalt w\u00e4hrend der Lagerung und des Transports sicher zu halten.<\/p>\n<p>Das Design der Verpackungsschachtel ist schlank und modern, mit einem sauberen und minimalistischen Look, der die allgemeine Attraktivit\u00e4t der elektronischen Zigaretten erg\u00e4nzt. Die rosa Farbe verleiht ihr einen Hauch von Raffinesse und Charme, so dass sie in den Regalen der Gesch\u00e4fte oder als Geschenk auff\u00e4llt.<\/p>\n<p>Die Box ist kompakt und leicht, so dass die Nutzer ihre elektronischen Zigaretten bequem transportieren und aufbewahren k\u00f6nnen. Die Kartenbox bietet ein sicheres Geh\u00e4use f\u00fcr die E-Zigaretten und h\u00e4lt sie organisiert und vor \u00e4u\u00dferen Einfl\u00fcssen gesch\u00fctzt.<\/p>\n<h1><strong>Spezifikation<\/strong><\/h1>\n<table style=\"height: 456px;\" width=\"1153\">\n<tbody>\n<tr>\n<td width=\"373\">Abmessungen<\/td>\n<td width=\"373\">Alle kundenspezifischen Gr\u00f6\u00dfen und Formen<\/td>\n<\/tr>\n<tr>\n<td width=\"373\">Drucken<\/td>\n<td width=\"373\">CMYK, PMS, Kein Druck<\/td>\n<\/tr>\n<tr>\n<td width=\"373\">Papierbestand<\/td>\n<td width=\"373\">10pt bis 28pt (60lb bis 400lb) Umweltfreundliches Kraftpapier, E-Welle Wellpappe, Buxkarton, Karton<\/td>\n<\/tr>\n<tr>\n<td width=\"373\">Mengen<\/td>\n<td width=\"373\">500- 500,000<\/td>\n<\/tr>\n<tr>\n<td width=\"373\">Beschichtung<\/td>\n<td width=\"373\">Gl\u00e4nzend, Matt, Spot UV<\/td>\n<\/tr>\n<tr>\n<td width=\"373\">Standard-Prozess<\/td>\n<td width=\"373\">Stanzen, Kleben, Ritzen, Perforieren<\/td>\n<\/tr>\n<tr>\n<td width=\"373\">Optionen<\/td>\n<td width=\"373\">Individueller Fensterausschnitt, Gold-\/Silberfolierung, Pr\u00e4gung, erhabene Tinte, PVC-Blatt.<\/td>\n<\/tr>\n<tr>\n<td width=\"373\">Proof<\/td>\n<td width=\"373\">Flachansicht, 3D Mock-up, Physische Bemusterung (auf Anfrage)<\/td>\n<\/tr>\n<tr>\n<td width=\"373\">Umschlagzeit<\/td>\n<td width=\"373\">7-14 Arbeitstage, Eilauftrag<\/td>\n<\/tr>\n<tr>\n<td width=\"373\">MOQ<\/td>\n<td width=\"373\">500<\/td>\n<\/tr>\n<tr>\n<td width=\"373\">Probezeit<\/td>\n<td width=\"373\">\u00a05 Tage<\/td>\n<\/tr>\n<tr>\n<td width=\"373\">Zahlungsfrist<\/td>\n<td width=\"373\">T\/T, Western Union, Paypal, 30% Anzahlung und 70% Restbetrag vor Versand.<\/td>\n<\/tr>\n<\/tbody>\n<\/table>\n<div class=\"widget block block-static-block\">\n<div class=\"landing-page-section option-bottom\">\n<div class=\"custom-materials-tabs-content container container-adjustment\">\n<div class=\"custom-materials-tab-content active\">\n<div class=\"widget block block-static-block\">\n<div class=\"options-items\">\n<div class=\"flex-grid-row-option\">\n<div class=\"flex-grid-item-option\">\n<div class=\"material-box\">\n<div class=\"material-des\">\n<p>&nbsp;<\/p>\n<\/div>\n<p>&nbsp;<\/p>\n<\/div>\n<\/div>\n<\/div>\n<\/div>\n<p><!---end of option item--><\/p>\n<\/div>\n<\/div>\n<\/div>\n<\/div>\n<\/div>","protected":false},"excerpt":{"rendered":"<p>1. Hergestellt aus wei\u00dfem Karton, mit glatter und empfindlicher Oberfl\u00e4che und umweltfreundlichem Druck<br \/>\n2. Faltkartons k\u00f6nnen f\u00fcr die Lagerung abgeflacht werden, was die Lagerfl\u00e4che reduziert; hohe Stapelf\u00e4higkeit beim Transport, was die Logistikkosten reduziert.<br \/>\n3. Verschiedene Gr\u00f6\u00dfen k\u00f6nnen nach Ihren Produkten angepasst werden, geeignet f\u00fcr die Verpackung von verschiedenen Produkten<\/p>","protected":false},"featured_media":2622,"template":"","meta":[],"product_brand":[],"product_cat":[30,420,430,31],"product_tag":[830,831,718],"class_list":{"0":"post-2612","1":"product","2":"type-product","3":"status-publish","4":"has-post-thumbnail","6":"product_cat-by-industry","7":"product_cat-custom-cannabis-boxes","8":"product_cat-folding-cartons","9":"product_cat-paper-box-style","10":"product_tag-custom-vape-liquid-packaging","11":"product_tag-marijuana-edible-packaging","12":"product_tag-vape-pen-packaging","14":"first","15":"instock","16":"shipping-taxable","17":"product-type-grouped"},"_links":{"self":[{"href":"https:\/\/zojopackaging.com\/de\/wp-json\/wp\/v2\/product\/2612","targetHints":{"allow":["GET"]}}],"collection":[{"href":"https:\/\/zojopackaging.com\/de\/wp-json\/wp\/v2\/product"}],"about":[{"href":"https:\/\/zojopackaging.com\/de\/wp-json\/wp\/v2\/types\/product"}],"version-history":[{"count":2,"href":"https:\/\/zojopackaging.com\/de\/wp-json\/wp\/v2\/product\/2612\/revisions"}],"predecessor-version":[{"id":8473,"href":"https:\/\/zojopackaging.com\/de\/wp-json\/wp\/v2\/product\/2612\/revisions\/8473"}],"wp:featuredmedia":[{"embeddable":true,"href":"https:\/\/zojopackaging.com\/de\/wp-json\/wp\/v2\/media\/2622"}],"wp:attachment":[{"href":"https:\/\/zojopackaging.com\/de\/wp-json\/wp\/v2\/media?parent=2612"}],"wp:term":[{"taxonomy":"product_brand","embeddable":true,"href":"https:\/\/zojopackaging.com\/de\/wp-json\/wp\/v2\/product_brand?post=2612"},{"taxonomy":"product_cat","embeddable":true,"href":"https:\/\/zojopackaging.com\/de\/wp-json\/wp\/v2\/product_cat?post=2612"},{"taxonomy":"product_tag","embeddable":true,"href":"https:\/\/zojopackaging.com\/de\/wp-json\/wp\/v2\/product_tag?post=2612"}],"curies":[{"name":"wp","href":"https:\/\/api.w.org\/{rel}","templated":true}]}}