{"id":2624,"date":"2024-03-12T14:59:23","date_gmt":"2024-03-12T06:59:23","guid":{"rendered":"https:\/\/zojopackaging.com\/?post_type=product&#038;p=2624"},"modified":"2025-03-28T16:51:07","modified_gmt":"2025-03-28T08:51:07","slug":"custom-printed-e-cigarette-boxes","status":"publish","type":"product","link":"https:\/\/zojopackaging.com\/de\/product\/custom-printed-e-cigarette-boxes\/","title":{"rendered":"Custom Cannabis gedruckt CBD Schokolade Hanf\u00f6l Box Gro\u00dfhandel"},"content":{"rendered":"<h1 class=\"LC20lb MBeuO DKV0Md\">Custom Cannabis gedruckt CBD Schokolade Hanf\u00f6l Box Gro\u00dfhandel<\/h1>\n<p>Sie verwenden eine Batterie, die eine L\u00f6sung aus verschiedenen Chemikalien, Aromen und Nikotin enth\u00e4lt. Obwohl einige Substanzen gef\u00e4hrlich sein k\u00f6nnen, sind sie viel weniger sch\u00e4dlich als eine herk\u00f6mmliche Zigarette. Angesichts der steigenden Nachfrage nach E-Zigaretten und anderen Vaping-Produkten versuchen Unternehmen, kreativere Wege f\u00fcr die Verpackung ihrer Waren zu finden. Zu diesem Zweck schlagen unsere professionellen Grafikdesigner Ideen und Designs f\u00fcr E-Zigarettenschachteln vor. Sie geben Ihren Produkten ein professionelles Erscheinungsbild und tragen dazu bei, ihre Qualit\u00e4t zu bewahren. <em>Die Custom Boxes<\/em>\u00a0bietet Ihnen einzigartige Anpassungsm\u00f6glichkeiten zum Basteln\u00a0<strong>Verpackungsdesign f\u00fcr E-Zigaretten<\/strong>\u00a0die eine vertrauensvolle Beziehung zwischen Ihrer Marke und den Verbrauchern aufbauen. Au\u00dferdem sch\u00fctzt das hochwertige Material Ihre Produkte vor Verunreinigungen und Sch\u00e4den. Der Trend zur Verwendung von E-Zigaretten hat im Laufe der Zeit zugenommen. Neben der unbegrenzten Anpassungsf\u00e4higkeit sind wir auch wegen unserer au\u00dfergew\u00f6hnlichen Dienstleistungen die erste Wahl der Verbraucher.<\/p>\n<h3><strong>Kaufen <\/strong>Custom Cannabis gedruckt CBD Schokolade Hanf\u00f6l Box <strong>Zu Gro\u00dfhandelspreisen<\/strong><\/h3>\n<p>In der Welt der E-Zigaretten gibt es viele Marken auf dem Markt, mit denen man konkurrieren muss. Deshalb ist ein stilvolles Aussehen ein Muss, um im Wettbewerb zu bestehen. Benutzerdefiniert\u00a0<strong>Verpackungsl\u00f6sungen f\u00fcr elektronische Zigaretten<\/strong>\u00a0spielen in dieser Hinsicht eine wichtige Rolle. Diese Schachteln steigern die Sichtbarkeit der Produkte, indem sie Ihre Marke auf dem Markt hervorheben. Individuelle Schachteln f\u00fcr elektronische Zigaretten aus Karton sind der beste Weg, um ihre Qualit\u00e4t zu erhalten. Sie sind so gestaltet, dass sie den Erwartungen der Kunden und den aktuellen Markttrends entsprechen.\u00a0<em>Die Custom Boxes<\/em>\u00a0ist einer der gr\u00f6\u00dften Gro\u00dfhandelshersteller, der Ihnen hochwertige Boxen zu kosteng\u00fcnstigen Preisen anbietet.<\/p>\n<h3><strong>Langlebiges Material f\u00fcr den Schutz von 100%<\/strong><\/h3>\n<p>Wir fertigen e Zigarette Aufbewahrungsboxen aus der besten Qualit\u00e4t\u00a0<a href=\"https:\/\/zojopackaging.com\/de\/produkt-kategorie\/custom-e-cigarette-box\/\">Kartons<\/a>\u00a0oder Kraftkarton. Das Material ist haltbar und robust genug, um einen maximalen Produktschutz zu gew\u00e4hrleisten. Es h\u00e4lt sie sicher w\u00e4hrend des Transports, der Lagerung und der Ausstellung. Sie k\u00f6nnen die Dicke der Box nach der Zartheit Ihrer wertvollen Produkte anpassen. Solch ein \u00fcberschw\u00e4ngliches Aussehen von benutzerdefinierten elektronischen Zigaretten-Boxen Gro\u00dfhandel macht Ihre Produkte in den Regalen des Einzelhandels \u00fcberstrahlen.<\/p>\n<p>Ist es nicht erstaunlich, dass Sie ausgezeichnete Qualit\u00e4t und minimale Preise unter einem Dach bekommen? Ja, Sie haben richtig gedacht, bei uns erhalten Sie eine perfekte Kombination aus Qualit\u00e4t und Preis, die die Erwartungen der Kunden \u00fcbertrifft. Wir bieten gute Qualit\u00e4t<strong>\u00a0<\/strong><strong>individuell bedruckte E-Zigarettenschachteln<\/strong>\u00a0zu kosteng\u00fcnstigen Preisen. Unsere Preise sind im Vergleich zum Markt \u00e4u\u00dferst wettbewerbsf\u00e4hig.<\/p>\n<h3><strong>Druck in Premium-Qualit\u00e4t<\/strong><\/h3>\n<p>Wir sind die erste Wahl bei den Verbrauchern, weil wir unseren gesch\u00e4tzten Kunden Druckdienstleistungen in Spitzenqualit\u00e4t bieten. Wir verf\u00fcgen \u00fcber gro\u00dfe Digital-, Sieb- und Offsetdruckmaschinen, die mit modernster Technik arbeiten. Hervorragende Qualit\u00e4tsfarben und Druckmaschinen machen die bestbewerteten<strong>\u00a0<\/strong>individuell bedruckte E-Zigarettenschachteln aus Papier. Spezielle Laminierung und Veredelung sind am Ende angewendet, um seine Anmut zu verbessern. Wir bieten 100% umweltfreundliche Praktiken f\u00fcr\u00a0<strong>E-Zigarette Design Druck<\/strong>. So wird sichergestellt, dass ein hochwertiges Produkt direkt an die Haust\u00fcr des Kunden geliefert wird. Die Verwendung hochwertiger Drucke und attraktiver Designs verleiht Ihren Produkten ein au\u00dfergew\u00f6hnliches Aussehen.<\/p>\n<p>Au\u00dferdem werden f\u00fcr unsere Produkte keine Stanz- oder Beschichtungsgeb\u00fchren erhoben.<strong>\u00a0<\/strong>Wir bieten eine komplette Anpassungsl\u00f6sung in Bezug auf Layout und Design. Die Kunden k\u00f6nnen die Spezifikationen frei w\u00e4hlen von<strong>\u00a0<\/strong><strong>individuelle E-Zigaretten-Verpackungen\u00a0<\/strong>nach ihren Anforderungen. Unsere oberste Priorit\u00e4t ist es, unseren Kunden ihre Traumverpackungen zu liefern.<\/p>\n<h3><strong>Gestanzte E-Zigarettenschachteln<\/strong><\/h3>\n<p>Sie k\u00f6nnen individuell gestanzte E-Zigarettenschachteln in einer Vielzahl von Formen und Stilen entwerfen, je nach Ihren Anforderungen an das Branding. Eine innovative Verpackungsl\u00f6sung ist erforderlich, um die Sichtbarkeit Ihres Produkts zu erh\u00f6hen. Ma\u00dfgeschneiderte E-Zigaretten-Display-Boxen sind perfekt, um Ihre Marke von der Konkurrenz abzuheben. Bedrucken Sie diese Schachteln mit aufregenden Mustern oder individuellen Grafiken, um sie noch attraktiver zu machen. Sie sind eine gute Option f\u00fcr Unternehmen, die eine eigene Markenidentit\u00e4t schaffen wollen. Unsere am besten bewerteten Schachteln mit Stanzungen erm\u00f6glichen es den Kunden, das eigentliche Produkt vor dem Kauf zu sehen. Dies erh\u00f6ht die Kundenzufriedenheit und erm\u00f6glicht es den Herstellern, ihre Produkte ansprechend zu pr\u00e4sentieren. Spezielle Eins\u00e4tze f\u00fcr die Schachteln sorgen f\u00fcr zus\u00e4tzliche Polsterung, um Bruch beim Versand und Transport zu verhindern.<\/p>\n<h3><strong>Kostenloser Versand und kostenloser Design-Support<\/strong><\/h3>\n<p>Kostenloser Versand und Designunterst\u00fctzung sind einige der wichtigsten Praktiken unseres Unternehmens. Wir haben ein Team von professionellen Designern und technischen Experten, die Sie bei der Erstellung von\u00a0<strong>individuelle elektronische Zigarettenschachteln mit Logos.<\/strong>\u00a0Sie informieren die Kunden \u00fcber Spezifikationen, Merkmale und die dazugeh\u00f6rigen Grafiken. Die Designer erstellen eine Vorlage nach den von Ihnen angegebenen Vorgaben. Der gesamte Prozess wird kostenlos durchgef\u00fchrt. Au\u00dferdem bieten wir kostenlosen Versand in die USA und nach Kanada. F\u00fcr Kunden, die au\u00dferhalb wohnen, sind unsere Versandkosten im Vergleich zu anderen Anbietern jedoch minimal.<\/p>\n<p>Au\u00dferdem haben wir im Vergleich zu anderen Herstellern von kundenspezifischen Verpackungen eine kurze Durchlaufzeit. Unsere Verpackungsexperten sorgen stets daf\u00fcr, dass alle Fristen p\u00fcnktlich eingehalten werden. Dar\u00fcber hinaus k\u00f6nnen Sie sich auch an unseren Kundendienst wenden, der rund um die Uhr erreichbar ist. Wir haben mehrere geschickte Call-Sales-Vertreter. Sie stehen Ihnen rund um die Uhr zur Verf\u00fcgung, um Ihre Fragen zu beantworten und sich um Ihre Anliegen zu k\u00fcmmern\u00a0<strong>personalisierte E-Zigaretten-Boxen\u00a0<\/strong>schnell und effizient.<\/p>\n<p>\u00d6kologische Nachhaltigkeit ist zu einem wichtigen Thema geworden, an dem wir arbeiten. Wir haben begonnen, gr\u00fcne Praktiken zu implementieren, um Kraft e Zigaretten gedruckt Boxen zu entwerfen. Alle Produkte, einschlie\u00dflich der benutzerdefinierten elektronischen Zigarettenschachtel Gro\u00dfhandel, sind aus 100% recyclebarem Material hergestellt. Dies kommt dem Planeten zugute und wirkt sich positiv auf den Ruf Ihrer Marke aus. Also, verpassen Sie nicht diese erstaunliche Gelegenheit und erhalten Sie Ihr kostenloses Angebot jetzt!<\/p>\n<h1><strong>Spezifikation<\/strong><\/h1>\n<table style=\"height: 456px;\" width=\"1153\">\n<tbody>\n<tr>\n<td width=\"373\">Abmessungen<\/td>\n<td width=\"373\">Alle kundenspezifischen Gr\u00f6\u00dfen und Formen<\/td>\n<\/tr>\n<tr>\n<td width=\"373\">Drucken<\/td>\n<td width=\"373\">CMYK, PMS, Kein Druck<\/td>\n<\/tr>\n<tr>\n<td width=\"373\">Papierbestand<\/td>\n<td width=\"373\">10pt bis 28pt (60lb bis 400lb) Umweltfreundliches Kraftpapier, E-Welle Wellpappe, Buxkarton, Karton<\/td>\n<\/tr>\n<tr>\n<td width=\"373\">Mengen<\/td>\n<td width=\"373\">500- 500,000<\/td>\n<\/tr>\n<tr>\n<td width=\"373\">Beschichtung<\/td>\n<td width=\"373\">Gl\u00e4nzend, Matt, Spot UV<\/td>\n<\/tr>\n<tr>\n<td width=\"373\">Standard-Prozess<\/td>\n<td width=\"373\">Stanzen, Kleben, Ritzen, Perforieren<\/td>\n<\/tr>\n<tr>\n<td width=\"373\">Optionen<\/td>\n<td width=\"373\">Individueller Fensterausschnitt, Gold-\/Silberfolierung, Pr\u00e4gung, erhabene Tinte, PVC-Blatt.<\/td>\n<\/tr>\n<tr>\n<td width=\"373\">Proof<\/td>\n<td width=\"373\">Flachansicht, 3D Mock-up, Physische Bemusterung (auf Anfrage)<\/td>\n<\/tr>\n<tr>\n<td width=\"373\">Umschlagzeit<\/td>\n<td width=\"373\">7-14 Arbeitstage, Eilauftrag<\/td>\n<\/tr>\n<tr>\n<td width=\"373\">MOQ<\/td>\n<td width=\"373\">500<\/td>\n<\/tr>\n<tr>\n<td width=\"373\">Probezeit<\/td>\n<td width=\"373\">\u00a05 Tage<\/td>\n<\/tr>\n<tr>\n<td width=\"373\">Zahlungsfrist<\/td>\n<td width=\"373\">T\/T, Western Union, Paypal, 30% Anzahlung und 70% Restbetrag vor Versand.<\/td>\n<\/tr>\n<\/tbody>\n<\/table>\n<div class=\"widget block block-static-block\">\n<div class=\"landing-page-section option-bottom\">\n<div class=\"custom-materials-tabs-content container container-adjustment\">\n<div class=\"custom-materials-tab-content active\">\n<div class=\"widget block block-static-block\">\n<div class=\"options-items\">\n<div class=\"flex-grid-row-option\">\n<div class=\"flex-grid-item-option\">\n<div class=\"material-box\">\n<div class=\"material-des\">\n<p>&nbsp;<\/p>\n<\/div>\n<p>&nbsp;<\/p>\n<\/div>\n<\/div>\n<\/div>\n<\/div>\n<p><!---end of option item--><\/p>\n<\/div>\n<\/div>\n<\/div>\n<\/div>\n<\/div>","protected":false},"excerpt":{"rendered":"<p>1. Die Schublade Papier Box Design und Schiebe\u00f6ffnung machen es einfach f\u00fcr Benutzer zu \u00f6ffnen und zu schlie\u00dfen, die Verbesserung der unboxing Erfahrung<br \/>\n2. Verschiedene Gr\u00f6\u00dfen k\u00f6nnen nach Ihren Produkten angepasst werden, geeignet f\u00fcr die Verpackung von verschiedenen Hanf CBD Pralinen<br \/>\n3. Der Druck auf der Oberfl\u00e4che der Box ist klar und hat keine Farbunterschiede, die Ihre Benutzererfahrung verbessern k\u00f6nnen<\/p>","protected":false},"featured_media":2627,"template":"","meta":[],"product_brand":[],"product_cat":[30,418,31,426],"product_tag":[832,833,834],"class_list":{"0":"post-2624","1":"product","2":"type-product","3":"status-publish","4":"has-post-thumbnail","6":"product_cat-by-industry","7":"product_cat-custom-cbd-boxes","8":"product_cat-paper-box-style","9":"product_cat-paper-drawer-boxes","10":"product_tag-cbd-chocolate-box-wholesale","11":"product_tag-custom-cannabis-box","12":"product_tag-hemp-oil-box-wholesale","14":"first","15":"instock","16":"shipping-taxable","17":"product-type-grouped"},"_links":{"self":[{"href":"https:\/\/zojopackaging.com\/de\/wp-json\/wp\/v2\/product\/2624","targetHints":{"allow":["GET"]}}],"collection":[{"href":"https:\/\/zojopackaging.com\/de\/wp-json\/wp\/v2\/product"}],"about":[{"href":"https:\/\/zojopackaging.com\/de\/wp-json\/wp\/v2\/types\/product"}],"version-history":[{"count":2,"href":"https:\/\/zojopackaging.com\/de\/wp-json\/wp\/v2\/product\/2624\/revisions"}],"predecessor-version":[{"id":8474,"href":"https:\/\/zojopackaging.com\/de\/wp-json\/wp\/v2\/product\/2624\/revisions\/8474"}],"wp:featuredmedia":[{"embeddable":true,"href":"https:\/\/zojopackaging.com\/de\/wp-json\/wp\/v2\/media\/2627"}],"wp:attachment":[{"href":"https:\/\/zojopackaging.com\/de\/wp-json\/wp\/v2\/media?parent=2624"}],"wp:term":[{"taxonomy":"product_brand","embeddable":true,"href":"https:\/\/zojopackaging.com\/de\/wp-json\/wp\/v2\/product_brand?post=2624"},{"taxonomy":"product_cat","embeddable":true,"href":"https:\/\/zojopackaging.com\/de\/wp-json\/wp\/v2\/product_cat?post=2624"},{"taxonomy":"product_tag","embeddable":true,"href":"https:\/\/zojopackaging.com\/de\/wp-json\/wp\/v2\/product_tag?post=2624"}],"curies":[{"name":"wp","href":"https:\/\/api.w.org\/{rel}","templated":true}]}}