{"id":2631,"date":"2024-03-12T15:06:46","date_gmt":"2024-03-12T07:06:46","guid":{"rendered":"https:\/\/zojopackaging.com\/?post_type=product&#038;p=2631"},"modified":"2025-03-28T14:55:37","modified_gmt":"2025-03-28T06:55:37","slug":"e-cigarette-card-boxes","status":"publish","type":"product","link":"https:\/\/zojopackaging.com\/de\/product\/e-cigarette-card-boxes\/","title":{"rendered":"Benutzerdefinierte CBD Hanf\u00f6l E fl\u00fcssig Verpackung Boxen Gro\u00dfhandel"},"content":{"rendered":"<h1>CBD Hanf\u00f6l E fl\u00fcssig Verpackung Boxen Gro\u00dfhandel<\/h1>\n<p>Die benutzerdefinierten cbd Hanf\u00f6l e Fl\u00fcssigkeit Verpackungsboxen Gro\u00dfhandel pr\u00e4sentieren eine bemerkenswerte Verpackungsl\u00f6sung f\u00fcr Hanfprodukte. Diese Boxen sind sorgf\u00e4ltig mit viel Liebe zum Detail gefertigt.<\/p>\n<p>Das Design der Kartenbox ist sowohl funktional als auch \u00e4sthetisch ansprechend. Sie ist genau so bemessen, dass sie den Hanf sicher aufnimmt und Besch\u00e4digungen w\u00e4hrend der Handhabung und des Transports verhindert.<\/p>\n<p>Au\u00dferdem sind diese Boxen sehr praktisch. Sie sind leicht zu stapeln und zu lagern und erm\u00f6glichen eine nahtlose Organisation. Der Aufdruck erm\u00f6glicht eine individuelle Gestaltung, so dass Sie Ihre Marke auf einzigartige und fesselnde Weise pr\u00e4sentieren k\u00f6nnen.<\/p>\n<h1><strong>Spezifikation<\/strong><\/h1>\n<div class=\"widget block block-static-block\">\n<div class=\"landing-page-section option-bottom\">\n<div class=\"custom-materials-tabs-content container container-adjustment\">\n<div class=\"custom-materials-tab-content active\">\n<div class=\"widget block block-static-block\">\n<div class=\"options-items\">\n<div class=\"flex-grid-row-option\">\n<div class=\"flex-grid-item-option\">\n<div class=\"material-box\">\n<div class=\"material-des\">\n<table width=\"1070\">\n<tbody>\n<tr>\n<td width=\"373\">Abmessungen<\/td>\n<td width=\"373\">Alle kundenspezifischen Gr\u00f6\u00dfen und Formen<\/td>\n<\/tr>\n<tr>\n<td width=\"373\">MOQ<\/td>\n<td width=\"373\">500St\u00fcck<\/td>\n<\/tr>\n<tr>\n<td width=\"373\">Probezeit<\/td>\n<td width=\"373\">3-5 Tage<\/td>\n<\/tr>\n<tr>\n<td width=\"373\">Standardverfahren<\/td>\n<td width=\"373\">Stanzen, Kleben, Rillen, Perforieren<\/td>\n<\/tr>\n<tr>\n<td width=\"373\">Drucken<\/td>\n<td width=\"373\">Cmyk, pms, kein Druck<\/td>\n<\/tr>\n<tr>\n<td width=\"373\">Option Material<\/td>\n<td width=\"373\">Wei\u00dfes Kartonpapier, gestrichenes Papier, Kunstdruckpapier, Kraftpapier, Elfenbeinkarton, Duplexkarton, Spezialpapier, usw.<\/td>\n<\/tr>\n<tr>\n<td width=\"373\">Oberfl\u00e4chenveredelung<\/td>\n<td width=\"373\">Matt\/Glanz-Laminierung, Spot-UV-Pr\u00e4gung, Pr\u00e4gung, Folienpr\u00e4gung usw.<\/td>\n<\/tr>\n<tr>\n<td width=\"373\">Industrie Verwendung<\/td>\n<td width=\"373\">Kosmetika, Parf\u00fcm, Bekleidung, Schmuck, Tabak, Lebensmittel, Geschenkartikel und Waren des t\u00e4glichen Bedarfs,<\/td>\n<\/tr>\n<tr>\n<td width=\"373\">Qualit\u00e4tskontrolle<\/td>\n<td width=\"373\">Fortschrittliche Ausr\u00fcstung und ein erfahrenes QC-Team \u00fcberpr\u00fcfen Material, Halbfertig- und Fertigprodukte streng in jedem Schritt, bevor<\/td>\n<\/tr>\n<tr>\n<td width=\"373\">Preis<\/td>\n<td width=\"373\">Der Endpreis wird auf Ihr Produkt und die von Ihnen ben\u00f6tigte Menge zugeschnitten<\/td>\n<\/tr>\n<tr>\n<td width=\"373\">Bearbeitungszeit<\/td>\n<td width=\"373\">7-14 Werktage, Eile<\/td>\n<\/tr>\n<tr>\n<td width=\"373\">Papierbestand<\/td>\n<td width=\"373\">10pt bis 28pt (60lb bis 400lb) umweltfreundliches Kraftpapier, E-Welle, Buxkarton, Cardstock<\/td>\n<\/tr>\n<tr>\n<td width=\"373\">Format der Druckvorlage<\/td>\n<td width=\"373\">JPG, PDF, AI, CDR, EPS, GIF....<\/td>\n<\/tr>\n<tr>\n<td width=\"373\">Zubeh\u00f6r<\/td>\n<td width=\"373\">Magnet, Farbband, EVA-Form, Kunststoffschale, Schwamm, PVC\/PET\/PP-Fenster,...<\/td>\n<\/tr>\n<tr>\n<td width=\"373\">Zahlungsfrist<\/td>\n<td width=\"373\">T\/T, Western Union, Paypal, 30% Anzahlung und 70% Restbetrag vor Versand.<\/td>\n<\/tr>\n<\/tbody>\n<\/table>\n<\/div>\n<\/div>\n<\/div>\n<\/div>\n<\/div>\n<\/div>\n<\/div>\n<\/div>\n<\/div>\n<\/div>\n<div class=\"widget block block-static-block\">\n<div class=\"landing-page-section option-bottom\">\n<div class=\"custom-materials-tabs-content container container-adjustment\">\n<div class=\"custom-materials-tab-content active\">\n<div class=\"widget block block-static-block\">\n<div class=\"options-items\">\n<div class=\"flex-grid-row-option\">\n<div class=\"flex-grid-item-option\">\n<div class=\"material-box\">\n<p>&nbsp;<\/p>\n<\/div>\n<\/div>\n<\/div>\n<\/div>\n<p><!---end of option item--><\/p>\n<\/div>\n<\/div>\n<\/div>\n<\/div>\n<\/div>","protected":false},"excerpt":{"rendered":"<p>1. Verschiedene Gr\u00f6\u00dfen k\u00f6nnen entsprechend Ihrem Produkt angepasst werden, geeignet f\u00fcr alle Arten von Cannabisverpackungen<br \/>\n2. Faltkartonagen k\u00f6nnen f\u00fcr die Lagerung abgeflacht werden, was den Lagerraum reduziert; hohe Stapelf\u00e4higkeit beim Transport, was die Logistikkosten reduziert<br \/>\n3. wei\u00dfes Kartonmaterial, glatte und empfindliche Oberfl\u00e4che, umweltfreundlicher Druck<\/p>","protected":false},"featured_media":2635,"template":"","meta":[],"product_brand":[],"product_cat":[30,418,430,31],"product_tag":[805,806,804],"class_list":{"0":"post-2631","1":"product","2":"type-product","3":"status-publish","4":"has-post-thumbnail","6":"product_cat-by-industry","7":"product_cat-custom-cbd-boxes","8":"product_cat-folding-cartons","9":"product_cat-paper-box-style","10":"product_tag-cbd-e-liquid-packaging-boxes","11":"product_tag-custom-cbd-packaging-boxes","12":"product_tag-hemp-oil-packaging","14":"first","15":"instock","16":"shipping-taxable","17":"product-type-grouped"},"_links":{"self":[{"href":"https:\/\/zojopackaging.com\/de\/wp-json\/wp\/v2\/product\/2631","targetHints":{"allow":["GET"]}}],"collection":[{"href":"https:\/\/zojopackaging.com\/de\/wp-json\/wp\/v2\/product"}],"about":[{"href":"https:\/\/zojopackaging.com\/de\/wp-json\/wp\/v2\/types\/product"}],"version-history":[{"count":2,"href":"https:\/\/zojopackaging.com\/de\/wp-json\/wp\/v2\/product\/2631\/revisions"}],"predecessor-version":[{"id":8463,"href":"https:\/\/zojopackaging.com\/de\/wp-json\/wp\/v2\/product\/2631\/revisions\/8463"}],"wp:featuredmedia":[{"embeddable":true,"href":"https:\/\/zojopackaging.com\/de\/wp-json\/wp\/v2\/media\/2635"}],"wp:attachment":[{"href":"https:\/\/zojopackaging.com\/de\/wp-json\/wp\/v2\/media?parent=2631"}],"wp:term":[{"taxonomy":"product_brand","embeddable":true,"href":"https:\/\/zojopackaging.com\/de\/wp-json\/wp\/v2\/product_brand?post=2631"},{"taxonomy":"product_cat","embeddable":true,"href":"https:\/\/zojopackaging.com\/de\/wp-json\/wp\/v2\/product_cat?post=2631"},{"taxonomy":"product_tag","embeddable":true,"href":"https:\/\/zojopackaging.com\/de\/wp-json\/wp\/v2\/product_tag?post=2631"}],"curies":[{"name":"wp","href":"https:\/\/api.w.org\/{rel}","templated":true}]}}