{"id":2645,"date":"2024-03-12T15:16:34","date_gmt":"2024-03-12T07:16:34","guid":{"rendered":"https:\/\/zojopackaging.com\/?post_type=product&#038;p=2645"},"modified":"2025-03-28T15:15:39","modified_gmt":"2025-03-28T07:15:39","slug":"customization-e-cigarette-packaging-box","status":"publish","type":"product","link":"https:\/\/zojopackaging.com\/de\/product\/customization-e-cigarette-packaging-box\/","title":{"rendered":"Benutzerdefinierte CBD aufl\u00f6sbaren Schlaf Tabletten Boxen Gro\u00dfhandel"},"content":{"rendered":"<h1>Benutzerdefinierte CBD aufl\u00f6sbaren Schlaf Tabletten Boxen Gro\u00dfhandel<\/h1>\n<p>Die benutzerdefinierten cbd aufl\u00f6sbaren Schlaftabletten Boxen Gro\u00dfhandel ist eine vielseitige und personalisierte Verpackungsl\u00f6sung, die es Marken erm\u00f6glicht, eine einzigartige und ma\u00dfgeschneiderte Pr\u00e4sentation f\u00fcr ihre cbd aufl\u00f6sbaren Schlaftabletten zu schaffen. Diese Verpackungsbox bietet eine breite Palette von Anpassungsm\u00f6glichkeiten, einschlie\u00dflich Design, Gr\u00f6\u00dfe, Form, Farbe und Veredelung, um die spezifischen Branding- und Marketingbed\u00fcrfnisse eines jeden Unternehmens zu erf\u00fcllen.<\/p>\n<p>Marken k\u00f6nnen ihr Logo, ihre Markenfarben und ihre Botschaften in die Verpackungsschachtel integrieren, um ein koh\u00e4rentes und markengerechtes Erscheinungsbild zu schaffen, das bei ihrer Zielgruppe Anklang findet. Die Gestaltungsm\u00f6glichkeiten sind endlos und erlauben es Marken, ihre Kreativit\u00e4t und Individualit\u00e4t durch die Verpackungsschachtel zu zeigen.<\/p>\n<p>Zus\u00e4tzlich zur Designanpassung k\u00f6nnen Marken auch die Gr\u00f6\u00dfe und Form der Verpackungsbox ausw\u00e4hlen, die am besten zu ihren cbd aufl\u00f6sbaren Schlaftabletten passt. Egal, ob sie eine kompakte und minimalistische Schachtel oder ein gr\u00f6\u00dferes und aufw\u00e4ndigeres Design bevorzugen, die Anpassungsoptionen erm\u00f6glichen es den Marken, die Verpackung an ihre Produktspezifikationen anzupassen.<\/p>\n<p>Dar\u00fcber hinaus k\u00f6nnen Marken aus einer Vielzahl von Veredelungsoptionen w\u00e4hlen, wie z. B. matte oder gl\u00e4nzende Oberfl\u00e4chen, Pr\u00e4gung, Folierung oder UV-Spotlackierung, um der Verpackung einen hochwertigen und luxuri\u00f6sen Touch zu verleihen. Diese Veredelungen werten das Aussehen und die Haptik der Verpackung insgesamt auf und erh\u00f6hen den wahrgenommenen Wert der cbd-Schlaftabletten.<\/p>\n<h1><strong>Spezifikation<\/strong><\/h1>\n<table style=\"height: 456px;\" width=\"1153\">\n<tbody>\n<tr>\n<td width=\"373\">Abmessungen<\/td>\n<td width=\"373\">Alle kundenspezifischen Gr\u00f6\u00dfen und Formen<\/td>\n<\/tr>\n<tr>\n<td width=\"373\">Drucken<\/td>\n<td width=\"373\">CMYK, PMS, Kein Druck<\/td>\n<\/tr>\n<tr>\n<td width=\"373\">Papierbestand<\/td>\n<td width=\"373\">10pt bis 28pt (60lb bis 400lb) Umweltfreundliches Kraftpapier, E-Welle Wellpappe, Buxkarton, Karton<\/td>\n<\/tr>\n<tr>\n<td width=\"373\">Mengen<\/td>\n<td width=\"373\">500- 500,000<\/td>\n<\/tr>\n<tr>\n<td width=\"373\">Beschichtung<\/td>\n<td width=\"373\">Gl\u00e4nzend, Matt, Spot UV<\/td>\n<\/tr>\n<tr>\n<td width=\"373\">Standard-Prozess<\/td>\n<td width=\"373\">Stanzen, Kleben, Ritzen, Perforieren<\/td>\n<\/tr>\n<tr>\n<td width=\"373\">Optionen<\/td>\n<td width=\"373\">Individueller Fensterausschnitt, Gold-\/Silberfolierung, Pr\u00e4gung, erhabene Tinte, PVC-Blatt.<\/td>\n<\/tr>\n<tr>\n<td width=\"373\">Proof<\/td>\n<td width=\"373\">Flachansicht, 3D Mock-up, Physische Bemusterung (auf Anfrage)<\/td>\n<\/tr>\n<tr>\n<td width=\"373\">Umschlagzeit<\/td>\n<td width=\"373\">7-14 Arbeitstage, Eilauftrag<\/td>\n<\/tr>\n<tr>\n<td width=\"373\">MOQ<\/td>\n<td width=\"373\">500<\/td>\n<\/tr>\n<tr>\n<td width=\"373\">Probezeit<\/td>\n<td width=\"373\">3-5 Tage<\/td>\n<\/tr>\n<tr>\n<td width=\"373\">Zahlungsfrist<\/td>\n<td width=\"373\">T\/T, Western Union, Paypal, 30% Anzahlung und 70% Restbetrag vor Versand.<\/td>\n<\/tr>\n<\/tbody>\n<\/table>\n<div class=\"widget block block-static-block\">\n<div class=\"landing-page-section option-bottom\">\n<div class=\"custom-materials-tabs-content container container-adjustment\">\n<div class=\"custom-materials-tab-content active\">\n<div class=\"widget block block-static-block\">\n<div class=\"options-items\">\n<div class=\"flex-grid-row-option\">\n<div class=\"flex-grid-item-option\">\n<div class=\"material-box\">\n<p>&nbsp;<\/p>\n<\/div>\n<\/div>\n<\/div>\n<\/div>\n<p><!---end of option item--><\/p>\n<\/div>\n<\/div>\n<\/div>\n<\/div>\n<\/div>","protected":false},"excerpt":{"rendered":"<p>1. Verschiedene Gr\u00f6\u00dfen k\u00f6nnen nach Ihrem Produkt angepasst werden, geeignet f\u00fcr alle Arten von CBD l\u00f6sliche Schlaftabletten Verpackung<br \/>\n2. Faltkartonagen k\u00f6nnen f\u00fcr die Lagerung abgeflacht werden, was den Lagerraum reduziert; hohe Stapelf\u00e4higkeit beim Transport, was die Logistikkosten reduziert<br \/>\n3. wei\u00dfes Kartonmaterial, glatte und empfindliche Oberfl\u00e4che, umweltfreundlicher Druck<\/p>","protected":false},"featured_media":6424,"template":"","meta":[],"product_brand":[],"product_cat":[30,418,430,31],"product_tag":[808,807,356],"class_list":{"0":"post-2645","1":"product","2":"type-product","3":"status-publish","4":"has-post-thumbnail","6":"product_cat-by-industry","7":"product_cat-custom-cbd-boxes","8":"product_cat-folding-cartons","9":"product_cat-paper-box-style","10":"product_tag-cbd-boxes-wholesale","11":"product_tag-cbd-dissolvable-sleep-tablets-boxes","12":"product_tag-custom-cbd-boxes","14":"first","15":"instock","16":"shipping-taxable","17":"product-type-grouped"},"_links":{"self":[{"href":"https:\/\/zojopackaging.com\/de\/wp-json\/wp\/v2\/product\/2645","targetHints":{"allow":["GET"]}}],"collection":[{"href":"https:\/\/zojopackaging.com\/de\/wp-json\/wp\/v2\/product"}],"about":[{"href":"https:\/\/zojopackaging.com\/de\/wp-json\/wp\/v2\/types\/product"}],"version-history":[{"count":2,"href":"https:\/\/zojopackaging.com\/de\/wp-json\/wp\/v2\/product\/2645\/revisions"}],"predecessor-version":[{"id":8464,"href":"https:\/\/zojopackaging.com\/de\/wp-json\/wp\/v2\/product\/2645\/revisions\/8464"}],"wp:featuredmedia":[{"embeddable":true,"href":"https:\/\/zojopackaging.com\/de\/wp-json\/wp\/v2\/media\/6424"}],"wp:attachment":[{"href":"https:\/\/zojopackaging.com\/de\/wp-json\/wp\/v2\/media?parent=2645"}],"wp:term":[{"taxonomy":"product_brand","embeddable":true,"href":"https:\/\/zojopackaging.com\/de\/wp-json\/wp\/v2\/product_brand?post=2645"},{"taxonomy":"product_cat","embeddable":true,"href":"https:\/\/zojopackaging.com\/de\/wp-json\/wp\/v2\/product_cat?post=2645"},{"taxonomy":"product_tag","embeddable":true,"href":"https:\/\/zojopackaging.com\/de\/wp-json\/wp\/v2\/product_tag?post=2645"}],"curies":[{"name":"wp","href":"https:\/\/api.w.org\/{rel}","templated":true}]}}