{"id":2659,"date":"2024-03-12T16:01:36","date_gmt":"2024-03-12T08:01:36","guid":{"rendered":"https:\/\/zojopackaging.com\/?post_type=product&#038;p=2659"},"modified":"2025-03-28T17:13:57","modified_gmt":"2025-03-28T09:13:57","slug":"printed-e-cigarette-packaging-boxes","status":"publish","type":"product","link":"https:\/\/zojopackaging.com\/de\/product\/printed-e-cigarette-packaging-boxes\/","title":{"rendered":"Kindersichere, kindersichere Cannabis\u00f6l-Papierschubladen-Boxen"},"content":{"rendered":"<h1 class=\"indIKd q23Yce fA1vYb cS4Vcb-pGL6qe-fwJd0c\">Kindersichere, kindersichere Cannabis\u00f6l-Papierschubladen-Boxen<\/h1>\n<p>Sind Sie auf der Suche nach kindersicheren, kindersicheren Cannabis\u00f6l-Schubladenboxen aus Papier? M\u00f6chten Sie eine benutzerdefinierte Verpackung f\u00fcr Ihre Vape bekommen? Die benutzerdefinierte Verpackung kann die richtige Wahl dann sein; Sie erhalten eine Menge von Optionen hier, um Ihre kindersichere kindersichere Cannabis\u00f6l Papier Schublade Boxen zu decken. Hier erhalten Sie nicht nur Verpackungen, die auf Ihre Bed\u00fcrfnisse zugeschnitten sind, sondern auch einige erstaunliche Angebote und Rabatte.<\/p>\n<p>Die Boxen sind in einer Vielzahl von Gr\u00f6\u00dfen und Stilen erh\u00e4ltlich, um verschiedene Cannabis\u00f6l-Modelle und Zubeh\u00f6rteile unterzubringen. Sie k\u00f6nnen aus einer Reihe von Oberfl\u00e4chen w\u00e4hlen, wie z.B. gl\u00e4nzend, matt oder strukturiert, um Ihrer Verpackung einen zus\u00e4tzlichen Hauch von Raffinesse zu verleihen.<\/p>\n<p>Die individuelle Gestaltung ist das Herzst\u00fcck unseres Angebots. Passen Sie die Box genau an Ihre Vorgaben an - w\u00e4hlen Sie die Farben, die Ihre Marke repr\u00e4sentieren, integrieren Sie spezielle Designelemente und f\u00fcgen Sie wichtige Produktinformationen hinzu. Dieses Ma\u00df an Personalisierung tr\u00e4gt dazu bei, dass Ihr Cannabis in den Regalen hervorsticht und einen bleibenden Eindruck beim Verbraucher hinterl\u00e4sst.<\/p>\n<h1><strong>Spezifikation<\/strong><\/h1>\n<table style=\"height: 456px;\" width=\"1153\">\n<tbody>\n<tr>\n<td width=\"373\">Abmessungen<\/td>\n<td width=\"373\">Alle kundenspezifischen Gr\u00f6\u00dfen und Formen<\/td>\n<\/tr>\n<tr>\n<td width=\"373\">Drucken<\/td>\n<td width=\"373\">CMYK, PMS, Kein Druck<\/td>\n<\/tr>\n<tr>\n<td width=\"373\">Papierbestand<\/td>\n<td width=\"373\">10pt bis 28pt (60lb bis 400lb) Umweltfreundliches Kraftpapier, E-Welle Wellpappe, Buxkarton, Karton<\/td>\n<\/tr>\n<tr>\n<td width=\"373\">Mengen<\/td>\n<td width=\"373\">500- 500,000<\/td>\n<\/tr>\n<tr>\n<td width=\"373\">Beschichtung<\/td>\n<td width=\"373\">Gl\u00e4nzend, Matt, Spot UV<\/td>\n<\/tr>\n<tr>\n<td width=\"373\">Standard-Prozess<\/td>\n<td width=\"373\">Stanzen, Kleben, Ritzen, Perforieren<\/td>\n<\/tr>\n<tr>\n<td width=\"373\">Optionen<\/td>\n<td width=\"373\">Individueller Fensterausschnitt, Gold-\/Silberfolierung, Pr\u00e4gung, erhabene Tinte, PVC-Blatt.<\/td>\n<\/tr>\n<tr>\n<td width=\"373\">Proof<\/td>\n<td width=\"373\">Flachansicht, 3D Mock-up, Physische Bemusterung (auf Anfrage)<\/td>\n<\/tr>\n<tr>\n<td width=\"373\">Umschlagzeit<\/td>\n<td width=\"373\">7-14 Arbeitstage, Eilauftrag<\/td>\n<\/tr>\n<tr>\n<td width=\"373\">MOQ<\/td>\n<td width=\"373\">500<\/td>\n<\/tr>\n<tr>\n<td width=\"373\">Probezeit<\/td>\n<td width=\"373\">3-5 Tage<\/td>\n<\/tr>\n<tr>\n<td width=\"373\">Zahlungsfrist<\/td>\n<td width=\"373\">T\/T, Western Union, Paypal, 30% Anzahlung und 70% Restbetrag vor Versand.<\/td>\n<\/tr>\n<\/tbody>\n<\/table>\n<p>&nbsp;<\/p>\n<div class=\"widget block block-static-block\">\n<div class=\"landing-page-section option-bottom\">\n<div class=\"custom-materials-tabs-content container container-adjustment\">\n<div class=\"custom-materials-tab-content active\">\n<div class=\"widget block block-static-block\">\n<div class=\"options-items\">\n<div class=\"flex-grid-row-option\">\n<div class=\"flex-grid-item-option\">\n<div class=\"material-box\">\n<p>&nbsp;<\/p>\n<\/div>\n<\/div>\n<\/div>\n<\/div>\n<p><!---end of option item--><\/p>\n<\/div>\n<\/div>\n<\/div>\n<\/div>\n<\/div>","protected":false},"excerpt":{"rendered":"<p>1. Schublade Papier Box Design, Schiebe zu \u00f6ffnen macht es einfach f\u00fcr Benutzer zu \u00f6ffnen und zu schlie\u00dfen, die Verbesserung der unboxing Erfahrung<br \/>\n2. Verschiedene Gr\u00f6\u00dfen k\u00f6nnen je nach Ihren Produkten angepasst werden, geeignet f\u00fcr die Verpackung von verschiedenen Cannabis\u00f6len<br \/>\n3. Der Druck auf der Oberfl\u00e4che der Box ist klar und hat keine Farbunterschiede, die Ihre Benutzererfahrung verbessern k\u00f6nnen<br \/>\n4. Die seitliche Kindersicherung verhindert, dass Kinder sie versehentlich verschlucken, aber Erwachsene k\u00f6nnen sie leicht \u00f6ffnen<\/p>","protected":false},"featured_media":6455,"template":"","meta":[],"product_brand":[],"product_cat":[30,431,420,31],"product_tag":[835,836,794],"class_list":{"0":"post-2659","1":"product","2":"type-product","3":"status-publish","4":"has-post-thumbnail","6":"product_cat-by-industry","7":"product_cat-child-resistant-packaging","8":"product_cat-custom-cannabis-boxes","9":"product_cat-paper-box-style","10":"product_tag-cannabis-oil-boxes","11":"product_tag-child-proof-cannabis-boxes","12":"product_tag-child-resistant-cannabis-boxes","14":"first","15":"instock","16":"shipping-taxable","17":"product-type-grouped"},"_links":{"self":[{"href":"https:\/\/zojopackaging.com\/de\/wp-json\/wp\/v2\/product\/2659","targetHints":{"allow":["GET"]}}],"collection":[{"href":"https:\/\/zojopackaging.com\/de\/wp-json\/wp\/v2\/product"}],"about":[{"href":"https:\/\/zojopackaging.com\/de\/wp-json\/wp\/v2\/types\/product"}],"version-history":[{"count":2,"href":"https:\/\/zojopackaging.com\/de\/wp-json\/wp\/v2\/product\/2659\/revisions"}],"predecessor-version":[{"id":8475,"href":"https:\/\/zojopackaging.com\/de\/wp-json\/wp\/v2\/product\/2659\/revisions\/8475"}],"wp:featuredmedia":[{"embeddable":true,"href":"https:\/\/zojopackaging.com\/de\/wp-json\/wp\/v2\/media\/6455"}],"wp:attachment":[{"href":"https:\/\/zojopackaging.com\/de\/wp-json\/wp\/v2\/media?parent=2659"}],"wp:term":[{"taxonomy":"product_brand","embeddable":true,"href":"https:\/\/zojopackaging.com\/de\/wp-json\/wp\/v2\/product_brand?post=2659"},{"taxonomy":"product_cat","embeddable":true,"href":"https:\/\/zojopackaging.com\/de\/wp-json\/wp\/v2\/product_cat?post=2659"},{"taxonomy":"product_tag","embeddable":true,"href":"https:\/\/zojopackaging.com\/de\/wp-json\/wp\/v2\/product_tag?post=2659"}],"curies":[{"name":"wp","href":"https:\/\/api.w.org\/{rel}","templated":true}]}}