{"id":2687,"date":"2024-03-12T17:01:17","date_gmt":"2024-03-12T09:01:17","guid":{"rendered":"https:\/\/zojopackaging.com\/?post_type=product&#038;p=2687"},"modified":"2025-03-28T19:30:44","modified_gmt":"2025-03-28T11:30:44","slug":"custom-vape-pen-packaging-box","status":"publish","type":"product","link":"https:\/\/zojopackaging.com\/de\/product\/custom-vape-pen-packaging-box\/","title":{"rendered":"Benutzerdefinierte Vape Pen Faltschachtel mit Aufh\u00e4nger Box Hersteller"},"content":{"rendered":"<h1>Benutzerdefinierte Vape Pen Faltschachtel mit Aufh\u00e4nger Box Hersteller<\/h1>\n<div class=\"auto-hide-last-sibling-br paragraph-ae1685 br-paragraph-space\">\n<p>Individuelle Vape-Pen-Verpackungsbox - die perfekte L\u00f6sung, um Ihre Vape-Pen-Produkte zu pr\u00e4sentieren und zu sch\u00fctzen!<\/p>\n<p>Unsere ma\u00dfgefertigten Verpackungen sind sowohl stilistisch als auch funktionell auf Ihre spezifischen Bed\u00fcrfnisse und Ihre Markenidentit\u00e4t zugeschnitten.<\/p>\n<p>Was unsere individuelle Vape Pen-Verpackungsbox wirklich auszeichnet, sind die Anpassungsm\u00f6glichkeiten. Sie haben die Freiheit, die Gr\u00f6\u00dfe, Form, Farbe und den Aufdruck zu w\u00e4hlen, die mit der \u00c4sthetik Ihrer Marke \u00fcbereinstimmen. Egal, ob Sie ein k\u00fchnes und modernes Design oder einen klassischeren und raffinierteren Look bevorzugen, wir k\u00f6nnen Ihre Vision zum Leben erwecken.<\/p>\n<p>Die individuelle Verpackung erh\u00f6ht nicht nur die visuelle Attraktivit\u00e4t Ihrer Vape Pens, sondern dient auch als leistungsstarkes Marketinginstrument. Mit Ihrem Markenlogo und Ihrer einzigartigen Botschaft an prominenter Stelle tr\u00e4gt sie dazu bei, den Wiedererkennungswert Ihrer Marke und die Kundentreue zu erh\u00f6hen.<\/p>\n<h1><strong>Spezifikation<\/strong><\/h1>\n<table width=\"1153\">\n<tbody>\n<tr>\n<td width=\"373\">Abmessungen<\/td>\n<td width=\"373\">Alle kundenspezifischen Gr\u00f6\u00dfen und Formen<\/td>\n<\/tr>\n<tr>\n<td width=\"373\">Drucken<\/td>\n<td width=\"373\">CMYK, PMS, Kein Druck<\/td>\n<\/tr>\n<tr>\n<td width=\"373\">Papierbestand<\/td>\n<td width=\"373\">10pt bis 28pt (60lb bis 400lb) Umweltfreundliches Kraftpapier, E-Welle Wellpappe, Buxkarton, Karton<\/td>\n<\/tr>\n<tr>\n<td width=\"373\">Mengen<\/td>\n<td width=\"373\">500- 500,000<\/td>\n<\/tr>\n<tr>\n<td width=\"373\">Beschichtung<\/td>\n<td width=\"373\">Gl\u00e4nzend, Matt, Spot UV<\/td>\n<\/tr>\n<tr>\n<td width=\"373\">Standard-Prozess<\/td>\n<td width=\"373\">Stanzen, Kleben, Ritzen, Perforieren<\/td>\n<\/tr>\n<tr>\n<td width=\"373\">Optionen<\/td>\n<td width=\"373\">Individueller Fensterausschnitt, Gold-\/Silberfolierung, Pr\u00e4gung, erhabene Tinte, PVC-Blatt.<\/td>\n<\/tr>\n<tr>\n<td width=\"373\">Proof<\/td>\n<td width=\"373\">Flachansicht, 3D Mock-up, Physische Bemusterung (auf Anfrage)<\/td>\n<\/tr>\n<tr>\n<td width=\"373\">Umschlagzeit<\/td>\n<td width=\"373\">7-14 Arbeitstage, Eilauftrag<\/td>\n<\/tr>\n<tr>\n<td width=\"373\">MOQ<\/td>\n<td width=\"373\">500<\/td>\n<\/tr>\n<tr>\n<td width=\"373\">Probezeit<\/td>\n<td width=\"373\">3-5 Tage<\/td>\n<\/tr>\n<tr>\n<td width=\"373\">Zahlungsfrist<\/td>\n<td width=\"373\">T\/T, Western Union, Paypal, 30% Anzahlung und 70% Restbetrag vor Versand.<\/td>\n<\/tr>\n<\/tbody>\n<\/table>\n<\/div>\n<h1 class=\"auto-hide-last-sibling-br paragraph-ae1685 br-paragraph-space\">Was wir in Vape Pen Verpackung Gro\u00dfhandel anbieten<\/h1>\n<div class=\"auto-hide-last-sibling-br paragraph-ae1685 br-paragraph-space\">Wir sind ein Team von Fachleuten und haben bereits an zahlreichen individuell bedruckten Produkten auf Gro\u00dfhandelsebene gearbeitet, wie z. B. Kartuschen f\u00fcr Vape-Patronen und Vape-Verpackungen. Wir haben die Entw\u00fcrfe auf unserer Website hochgeladen und bieten Ihnen kostenlose Designunterst\u00fctzung. Alles, was Sie tun m\u00fcssen, ist, uns Ihre Idee zu pr\u00e4sentieren, und wir k\u00fcmmern uns sogar um die Abmessungen und Gr\u00f6\u00dfen, damit Sie ein Endprodukt von h\u00f6chster Qualit\u00e4t erhalten.<\/div>\n<div><\/div>\n<h1 class=\"auto-hide-last-sibling-br paragraph-ae1685 br-paragraph-space\">Worauf achten Sie bei Ihrer Vape-Verpackung?<\/h1>\n<div class=\"auto-hide-last-sibling-br paragraph-ae1685 br-paragraph-space\">Als Gesch\u00e4ftsmann streben Sie zweifellos nach zwei Dingen: Qualit\u00e4t und niedrige Kosten. Es ist jedoch eine Herausforderung, das Unternehmen zu finden, das trotz zahlreicher Behauptungen Qualit\u00e4tskartons zu niedrigen Preisen anbietet. In Wirklichkeit ist jedes Verpackungsunternehmen bestrebt, sein Gesch\u00e4ft zu steigern. Aber wenn es um Qualit\u00e4t und Kosten geht, ist We Custom Boxes \u00e4u\u00dferst ehrlich. Unser Ziel ist es, den Kunden in jeder Hinsicht zu unterst\u00fctzen. Wir entwickeln Vape-Boxen, die alle Ihre Anforderungen erf\u00fcllen.<\/div>\n<div><\/div>\n<div class=\"auto-hide-last-sibling-br paragraph-ae1685 br-paragraph-space\">Auf unserer Website steht eine gro\u00dfe Auswahl an Vape-Boxen zum Verkauf. Sie k\u00f6nnen sich von Preis und Qualit\u00e4t \u00fcberzeugen, indem Sie eine Probe anfordern, die Ihnen innerhalb einer bestimmten Zeit nach Hause geliefert wird. Wenn Sie mit dem Preis und der Qualit\u00e4t zufrieden sind, k\u00f6nnen Sie eine gr\u00f6\u00dfere Bestellung aufgeben.<\/div>\n<h1 class=\"auto-hide-last-sibling-br paragraph-ae1685 br-paragraph-space\">Wie wir Custom Boxes Ihnen mehr Wahlm\u00f6glichkeiten bieten<\/h1>\n<div class=\"auto-hide-last-sibling-br paragraph-ae1685 br-paragraph-space\">Bei unseren Custom Boxes k\u00f6nnen Sie aus einer Reihe von Stilen, Formen, Designs und Farben f\u00fcr die Boxen w\u00e4hlen. Sie haben zwei M\u00f6glichkeiten, wie Sie vorgehen k\u00f6nnen. Entweder Sie bringen all Ihre spezifischen W\u00fcnsche ein, wie z. B. die Untersuchung Ihrer Markenprodukte, und bitten uns, die Boxen mit einer bestimmten Farbe, einem bestimmten Design oder einer bestimmten Form zu entwickeln. Oder Sie k\u00f6nnen sich von unseren Experten beraten lassen, was am besten passt.<\/div>\n<h1 class=\"auto-hide-last-sibling-br paragraph-ae1685 br-paragraph-space\">Angebot anfordern<\/h1>\n<div class=\"auto-hide-last-sibling-br paragraph-ae1685 br-paragraph-space\">Kontaktieren Sie uns jetzt per E-Mail unter <span style=\"color: #ff0000;\"><strong>info@zojoprint.com <\/strong><span style=\"color: #000000;\">oder<\/span><strong> vickio@zojopackaging.com<\/strong><\/span>. Sie k\u00f6nnen uns auch jederzeit unter der angegebenen Rufnummer anrufen. Unser Kundendienst ist 24 Stunden lang erreichbar. Au\u00dferdem k\u00f6nnen Sie \u00fcber unseren Live-Chat eine sofortige Antwort auf Ihre Anfrage erhalten.<\/div>\n<div class=\"widget block block-static-block\">\n<div class=\"landing-page-section option-bottom\">\n<div class=\"custom-materials-tabs-content container container-adjustment\">\n<div class=\"custom-materials-tab-content active\">\n<div class=\"widget block block-static-block\">\n<p><!---end of option item--><\/p>\n<\/div>\n<\/div>\n<\/div>\n<\/div>\n<\/div>","protected":false},"excerpt":{"rendered":"<p>Individuell gestaltete Vape Pen Boxen sind der beste Weg, um Ihre Vape Pens auf stilvolle Weise zu pr\u00e4sentieren. Kaufen Sie Vape Pen Verpackungsboxen zum Gro\u00dfhandelspreis. Kostenlose Design-Unterst\u00fctzung\uff01<\/p>\n<p>Personalisierung: Kann benutzerdefinierte Gr\u00f6\u00dfe \/ Druck \/ Material \/ Verarbeitung \/ Form etc.<br \/>\nMaterialtyp: Umweltfreundlich, mit FSC\/ISO\/BSCI-Zertifizierung<br \/>\nProduktionszeit: Muster 1-3 Tage; Gro\u00dfserie 7-9 Tage<br \/>\nVersandzeit: Express 3-7 Tage; Luft 12-16 Tage; Boot 25-30 Tage\uff08Die verschiedenen L\u00e4nder haben unterschiedliche Zeiten)<\/p>\n<p>Preis:Kontaktieren Sie uns, um eine Anfrage zu senden!<\/p>\n<p>&nbsp;<\/p>","protected":false},"featured_media":2692,"template":"","meta":[],"product_brand":[],"product_cat":[30,418,430,31],"product_tag":[817,849,848],"class_list":{"0":"post-2687","1":"product","2":"type-product","3":"status-publish","4":"has-post-thumbnail","6":"product_cat-by-industry","7":"product_cat-custom-cbd-boxes","8":"product_cat-folding-cartons","9":"product_cat-paper-box-style","10":"product_tag-custom-box","11":"product_tag-hanger-box-manufacturer","12":"product_tag-vape-pen-folding-carton","14":"first","15":"instock","16":"shipping-taxable","17":"product-type-grouped"},"_links":{"self":[{"href":"https:\/\/zojopackaging.com\/de\/wp-json\/wp\/v2\/product\/2687","targetHints":{"allow":["GET"]}}],"collection":[{"href":"https:\/\/zojopackaging.com\/de\/wp-json\/wp\/v2\/product"}],"about":[{"href":"https:\/\/zojopackaging.com\/de\/wp-json\/wp\/v2\/types\/product"}],"version-history":[{"count":2,"href":"https:\/\/zojopackaging.com\/de\/wp-json\/wp\/v2\/product\/2687\/revisions"}],"predecessor-version":[{"id":8504,"href":"https:\/\/zojopackaging.com\/de\/wp-json\/wp\/v2\/product\/2687\/revisions\/8504"}],"wp:featuredmedia":[{"embeddable":true,"href":"https:\/\/zojopackaging.com\/de\/wp-json\/wp\/v2\/media\/2692"}],"wp:attachment":[{"href":"https:\/\/zojopackaging.com\/de\/wp-json\/wp\/v2\/media?parent=2687"}],"wp:term":[{"taxonomy":"product_brand","embeddable":true,"href":"https:\/\/zojopackaging.com\/de\/wp-json\/wp\/v2\/product_brand?post=2687"},{"taxonomy":"product_cat","embeddable":true,"href":"https:\/\/zojopackaging.com\/de\/wp-json\/wp\/v2\/product_cat?post=2687"},{"taxonomy":"product_tag","embeddable":true,"href":"https:\/\/zojopackaging.com\/de\/wp-json\/wp\/v2\/product_tag?post=2687"}],"curies":[{"name":"wp","href":"https:\/\/api.w.org\/{rel}","templated":true}]}}