{"id":2694,"date":"2024-03-12T17:05:03","date_gmt":"2024-03-12T09:05:03","guid":{"rendered":"https:\/\/zojopackaging.com\/?post_type=product&#038;p=2694"},"modified":"2025-03-28T19:44:03","modified_gmt":"2025-03-28T11:44:03","slug":"wholesale-e-cigarette-boxes","status":"publish","type":"product","link":"https:\/\/zojopackaging.com\/de\/product\/wholesale-e-cigarette-boxes\/","title":{"rendered":"Benutzerdefinierte Gro\u00dfhandel Vape Pappkarton Hersteller"},"content":{"rendered":"<h1 class=\"LC20lb MBeuO DKV0Md\">Gro\u00dfhandel E-Zigaretten-Boxen<\/h1>\n<p>Unsere E-Zigarettenschachteln f\u00fcr den Gro\u00dfhandel - die ultimative Verpackungsl\u00f6sung f\u00fcr Ihr E-Zigarettengesch\u00e4ft!<\/p>\n<p>Unsere E-Zigarettenschachteln f\u00fcr den Gro\u00dfhandel sind auf die unterschiedlichen Bed\u00fcrfnisse des E-Zigarettenmarktes abgestimmt. Mit Pr\u00e4zision und unter Verwendung hochwertiger Materialien gefertigt, bieten diese Schachteln hervorragenden Schutz f\u00fcr Ihre wertvollen Produkte.<\/p>\n<h2><strong>Warum sollten Sie sich f\u00fcr unsere Gro\u00dfhandelsoption entscheiden?<\/strong><\/h2>\n<p>Beim Gro\u00dfeinkauf k\u00f6nnen Sie erhebliche Kosteneinsparungen erzielen, ohne Kompromisse bei der Qualit\u00e4t einzugehen. Das macht ihn zur idealen Wahl f\u00fcr Unternehmen jeder Gr\u00f6\u00dfe, egal ob Sie ein Start-up oder ein etabliertes Unternehmen sind.<\/p>\n<p>Wir wissen, wie wichtig Branding ist. Deshalb k\u00f6nnen unsere Gro\u00dfhandels-E-Zigarettenschachteln mit Ihrem Logo, Ihren Markenfarben und einzigartigen Grafiken individuell gestaltet werden. Dies tr\u00e4gt dazu bei, ein konsistentes und wiedererkennbares Markenimage zu schaffen, das die Kundentreue und das Markenbewusstsein st\u00e4rkt.<\/p>\n<p>Unser Engagement f\u00fcr Qualit\u00e4t stellt sicher, dass jede Box langlebig und zuverl\u00e4ssig ist und eine sichere Verpackungsl\u00f6sung bietet, die Ihre E-Zigaretten w\u00e4hrend der Lagerung und des Transports vor Sch\u00e4den sch\u00fctzt.<\/p>\n<h1><strong>Spezifikation<\/strong><\/h1>\n<table style=\"height: 456px;\" width=\"1153\">\n<tbody>\n<tr>\n<td width=\"373\">Abmessungen<\/td>\n<td width=\"373\">Alle kundenspezifischen Gr\u00f6\u00dfen und Formen<\/td>\n<\/tr>\n<tr>\n<td width=\"373\">Drucken<\/td>\n<td width=\"373\">CMYK, PMS, Kein Druck<\/td>\n<\/tr>\n<tr>\n<td width=\"373\">Papierbestand<\/td>\n<td width=\"373\">10pt bis 28pt (60lb bis 400lb) Umweltfreundliches Kraftpapier, E-Welle Wellpappe, Buxkarton, Karton<\/td>\n<\/tr>\n<tr>\n<td width=\"373\">Mengen<\/td>\n<td width=\"373\">500- 500,000<\/td>\n<\/tr>\n<tr>\n<td width=\"373\">Beschichtung<\/td>\n<td width=\"373\">Gl\u00e4nzend, Matt, Spot UV<\/td>\n<\/tr>\n<tr>\n<td width=\"373\">Standard-Prozess<\/td>\n<td width=\"373\">Stanzen, Kleben, Ritzen, Perforieren<\/td>\n<\/tr>\n<tr>\n<td width=\"373\">Optionen<\/td>\n<td width=\"373\">Individueller Fensterausschnitt, Gold-\/Silberfolierung, Pr\u00e4gung, erhabene Tinte, PVC-Blatt.<\/td>\n<\/tr>\n<tr>\n<td width=\"373\">Proof<\/td>\n<td width=\"373\">Flachansicht, 3D Mock-up, Physische Bemusterung (auf Anfrage)<\/td>\n<\/tr>\n<tr>\n<td width=\"373\">Umschlagzeit<\/td>\n<td width=\"373\">7-14 Arbeitstage, Eilauftrag<\/td>\n<\/tr>\n<tr>\n<td width=\"373\">MOQ<\/td>\n<td width=\"373\">500<\/td>\n<\/tr>\n<tr>\n<td width=\"373\">Probezeit<\/td>\n<td width=\"373\">3-5 Tage<\/td>\n<\/tr>\n<tr>\n<td width=\"373\">Zahlungsfrist<\/td>\n<td width=\"373\">T\/T, Western Union, Paypal, 30% Anzahlung und 70% Restbetrag vor Versand.<\/td>\n<\/tr>\n<\/tbody>\n<\/table>\n<div class=\"widget block block-static-block\">\n<div class=\"landing-page-section option-bottom\">\n<div class=\"custom-materials-tabs-content container container-adjustment\">\n<div class=\"custom-materials-tab-content active\">\n<div class=\"widget block block-static-block\">\n<div class=\"options-items\">\n<div class=\"flex-grid-row-option\">\n<div class=\"flex-grid-item-option\">\n<div class=\"material-box\">\n<div class=\"material-des\">\n<p>&nbsp;<\/p>\n<\/div>\n<p>&nbsp;<\/p>\n<\/div>\n<\/div>\n<\/div>\n<\/div>\n<p><!---end of option item--><\/p>\n<\/div>\n<\/div>\n<\/div>\n<\/div>\n<\/div>","protected":false},"excerpt":{"rendered":"<p>Erhalten Sie individuelle Vape-Boxen zu Gro\u00dfhandelspreisen. Entwerfen Sie jetzt Ihre eigenen Vape-Verpackungsboxen von einem zuverl\u00e4ssigen Boxenlieferanten!<\/p>\n<p>Personalisierung: Kann benutzerdefinierte Gr\u00f6\u00dfe \/ Druck \/ Material \/ Verarbeitung \/ Form etc.<br \/>\nMaterialtyp: Umweltfreundlich, mit FSC\/ISO\/BSCI-Zertifizierung<br \/>\nProduktionszeit: Muster 1-3 Tage; Gro\u00dfserie 7-9 Tage<br \/>\nVersandzeit: Express 3-7 Tage; Luft 12-16 Tage; Boot 25-30 Tage\uff08Die verschiedenen L\u00e4nder haben unterschiedliche Zeiten)<\/p>\n<p>Preis:Kontaktieren Sie uns, um eine Anfrage zu senden!<\/p>","protected":false},"featured_media":2700,"template":"","meta":[],"product_brand":[],"product_cat":[30,418,430,31],"product_tag":[852,850,851],"class_list":{"0":"post-2694","1":"product","2":"type-product","3":"status-publish","4":"has-post-thumbnail","6":"product_cat-by-industry","7":"product_cat-custom-cbd-boxes","8":"product_cat-folding-cartons","9":"product_cat-paper-box-style","10":"product_tag-custom-wholesale-box","11":"product_tag-custom-wholesale-vape-cardboard-box","12":"product_tag-vape-cardboard-box","14":"first","15":"instock","16":"shipping-taxable","17":"product-type-grouped"},"_links":{"self":[{"href":"https:\/\/zojopackaging.com\/de\/wp-json\/wp\/v2\/product\/2694","targetHints":{"allow":["GET"]}}],"collection":[{"href":"https:\/\/zojopackaging.com\/de\/wp-json\/wp\/v2\/product"}],"about":[{"href":"https:\/\/zojopackaging.com\/de\/wp-json\/wp\/v2\/types\/product"}],"version-history":[{"count":2,"href":"https:\/\/zojopackaging.com\/de\/wp-json\/wp\/v2\/product\/2694\/revisions"}],"predecessor-version":[{"id":5959,"href":"https:\/\/zojopackaging.com\/de\/wp-json\/wp\/v2\/product\/2694\/revisions\/5959"}],"wp:featuredmedia":[{"embeddable":true,"href":"https:\/\/zojopackaging.com\/de\/wp-json\/wp\/v2\/media\/2700"}],"wp:attachment":[{"href":"https:\/\/zojopackaging.com\/de\/wp-json\/wp\/v2\/media?parent=2694"}],"wp:term":[{"taxonomy":"product_brand","embeddable":true,"href":"https:\/\/zojopackaging.com\/de\/wp-json\/wp\/v2\/product_brand?post=2694"},{"taxonomy":"product_cat","embeddable":true,"href":"https:\/\/zojopackaging.com\/de\/wp-json\/wp\/v2\/product_cat?post=2694"},{"taxonomy":"product_tag","embeddable":true,"href":"https:\/\/zojopackaging.com\/de\/wp-json\/wp\/v2\/product_tag?post=2694"}],"curies":[{"name":"wp","href":"https:\/\/api.w.org\/{rel}","templated":true}]}}