{"id":2710,"date":"2024-03-12T17:11:58","date_gmt":"2024-03-12T09:11:58","guid":{"rendered":"https:\/\/zojopackaging.com\/?post_type=product&#038;p=2710"},"modified":"2025-03-28T20:28:40","modified_gmt":"2025-03-28T12:28:40","slug":"e-cigarette-buckle-bottom-cardboard-box","status":"publish","type":"product","link":"https:\/\/zojopackaging.com\/de\/product\/e-cigarette-buckle-bottom-cardboard-box\/","title":{"rendered":"Bespoke E-Fl\u00fcssigkeit Folding Karton Box Gro\u00dfhandel Lieferant"},"content":{"rendered":"<h1>Bespoke E-Fl\u00fcssigkeit Folding Karton Box Gro\u00dfhandel Lieferant<\/h1>\n<p>Diese ma\u00dfgefertigte Pappschachtel wurde mit Pr\u00e4zision und Liebe zum Detail hergestellt. Das Design des Schnallenbodens sorgt f\u00fcr Stabilit\u00e4t und Festigkeit und bietet einen zuverl\u00e4ssigen Beh\u00e4lter f\u00fcr Ihre wertvollen E-Zigaretten.<\/p>\n<p>Unser individueller E-Zigaretten-Karton mit Schnallenboden bietet ein hohes Ma\u00df an Individualisierung. Sie haben die Freiheit, die Gr\u00f6\u00dfe, Farbe und Druckoptionen zu w\u00e4hlen, die perfekt zu Ihrer Markenidentit\u00e4t passen. Ganz gleich, ob Sie einen k\u00fchnen und lebendigen Look oder einen raffinierten und eleganten Stil bevorzugen, wir k\u00f6nnen eine Schachtel entwerfen, die Ihre E-Zigaretten-Marke im besten Licht erscheinen l\u00e4sst.<\/p>\n<p>Die Verwendung von hochwertigem Kartonmaterial garantiert Haltbarkeit und Schutz. Es sch\u00fctzt Ihre E-Zigaretten vor \u00e4u\u00dferen Sch\u00e4den w\u00e4hrend der Lagerung, des Transports und der Pr\u00e4sentation.<\/p>\n<p>Egal, ob Sie ein Startup oder eine etablierte E-Zigarettenmarke sind, unsere kundenspezifische E-Zigaretten-Schnallenboden-Kartonage ist die ideale Wahl, um Ihr Verpackungsspiel zu verbessern und einen bleibenden Eindruck bei Ihren Kunden zu hinterlassen.<\/p>\n<h1><strong>Spezifikation<\/strong><\/h1>\n<table style=\"height: 456px;\" width=\"1153\">\n<tbody>\n<tr>\n<td width=\"373\">Abmessungen<\/td>\n<td width=\"373\">Alle kundenspezifischen Gr\u00f6\u00dfen und Formen<\/td>\n<\/tr>\n<tr>\n<td width=\"373\">Drucken<\/td>\n<td width=\"373\">CMYK, PMS, Kein Druck<\/td>\n<\/tr>\n<tr>\n<td width=\"373\">Papierbestand<\/td>\n<td width=\"373\">10pt bis 28pt (60lb bis 400lb) Umweltfreundliches Kraftpapier, E-Welle Wellpappe, Buxkarton, Karton<\/td>\n<\/tr>\n<tr>\n<td width=\"373\">Mengen<\/td>\n<td width=\"373\">500- 500,000<\/td>\n<\/tr>\n<tr>\n<td width=\"373\">Beschichtung<\/td>\n<td width=\"373\">Gl\u00e4nzend, Matt, Spot UV<\/td>\n<\/tr>\n<tr>\n<td width=\"373\">Standard-Prozess<\/td>\n<td width=\"373\">Stanzen, Kleben, Ritzen, Perforieren<\/td>\n<\/tr>\n<tr>\n<td width=\"373\">Optionen<\/td>\n<td width=\"373\">Individueller Fensterausschnitt, Gold-\/Silberfolierung, Pr\u00e4gung, erhabene Tinte, PVC-Blatt.<\/td>\n<\/tr>\n<tr>\n<td width=\"373\">Proof<\/td>\n<td width=\"373\">Flachansicht, 3D Mock-up, Physische Bemusterung (auf Anfrage)<\/td>\n<\/tr>\n<tr>\n<td width=\"373\">Umschlagzeit<\/td>\n<td width=\"373\">7-14 Arbeitstage, Eilauftrag<\/td>\n<\/tr>\n<tr>\n<td width=\"373\">MOQ<\/td>\n<td width=\"373\">500<\/td>\n<\/tr>\n<tr>\n<td width=\"373\">Probezeit<\/td>\n<td width=\"373\">3-5 Tage<\/td>\n<\/tr>\n<tr>\n<td width=\"373\">Zahlungsfrist<\/td>\n<td width=\"373\">T\/T, Western Union, Paypal, 30% Anzahlung und 70% Restbetrag vor Versand.<\/td>\n<\/tr>\n<\/tbody>\n<\/table>\n<p>&nbsp;<\/p>\n<div class=\"widget block block-static-block\">\n<div class=\"landing-page-section option-bottom\">\n<div class=\"custom-materials-tabs-content container container-adjustment\">\n<div class=\"custom-materials-tab-content active\">\n<div class=\"widget block block-static-block\">\n<div class=\"options-items\">\n<div class=\"flex-grid-row-option\">\n<div class=\"flex-grid-item-option\">\n<div class=\"material-box\">\n<div class=\"material-des\">\n<p>&nbsp;<\/p>\n<\/div>\n<p>&nbsp;<\/p>\n<\/div>\n<\/div>\n<\/div>\n<\/div>\n<p><!---end of option item--><\/p>\n<\/div>\n<\/div>\n<\/div>\n<\/div>\n<\/div>","protected":false},"excerpt":{"rendered":"<p>Als Hersteller von E-Liquid-Boxen bietet Ideal Custom Boxes hochwertige L\u00f6sungen mit den erforderlichen Merkmalen einer modernen Verpackung.<\/p>\n<p>Materialtyp: Umweltfreundlich, mit FSC\/ISO\/BSCI-Zertifizierung<br \/>\nProduktionszeit: Muster 1-3 Tage; Gro\u00dfserie 7-9 Tage<br \/>\nVersandzeit: Express 3-7 Tage; Luft 12-16 Tage; Boot 25-30 Tage\uff08Die verschiedenen L\u00e4nder haben unterschiedliche Zeiten)<\/p>\n<p>Preis:Kontaktieren Sie uns, um eine Anfrage zu senden!<\/p>","protected":false},"featured_media":2711,"template":"","meta":[],"product_brand":[],"product_cat":[30,418,430,31],"product_tag":[854,855,856],"class_list":{"0":"post-2710","1":"product","2":"type-product","3":"status-publish","4":"has-post-thumbnail","6":"product_cat-by-industry","7":"product_cat-custom-cbd-boxes","8":"product_cat-folding-cartons","9":"product_cat-paper-box-style","10":"product_tag-bespoke-box","11":"product_tag-box-wholesale-supplier","12":"product_tag-e-liquid-folding-cardboard-box","14":"first","15":"instock","16":"shipping-taxable","17":"product-type-grouped"},"_links":{"self":[{"href":"https:\/\/zojopackaging.com\/de\/wp-json\/wp\/v2\/product\/2710","targetHints":{"allow":["GET"]}}],"collection":[{"href":"https:\/\/zojopackaging.com\/de\/wp-json\/wp\/v2\/product"}],"about":[{"href":"https:\/\/zojopackaging.com\/de\/wp-json\/wp\/v2\/types\/product"}],"version-history":[{"count":2,"href":"https:\/\/zojopackaging.com\/de\/wp-json\/wp\/v2\/product\/2710\/revisions"}],"predecessor-version":[{"id":8507,"href":"https:\/\/zojopackaging.com\/de\/wp-json\/wp\/v2\/product\/2710\/revisions\/8507"}],"wp:featuredmedia":[{"embeddable":true,"href":"https:\/\/zojopackaging.com\/de\/wp-json\/wp\/v2\/media\/2711"}],"wp:attachment":[{"href":"https:\/\/zojopackaging.com\/de\/wp-json\/wp\/v2\/media?parent=2710"}],"wp:term":[{"taxonomy":"product_brand","embeddable":true,"href":"https:\/\/zojopackaging.com\/de\/wp-json\/wp\/v2\/product_brand?post=2710"},{"taxonomy":"product_cat","embeddable":true,"href":"https:\/\/zojopackaging.com\/de\/wp-json\/wp\/v2\/product_cat?post=2710"},{"taxonomy":"product_tag","embeddable":true,"href":"https:\/\/zojopackaging.com\/de\/wp-json\/wp\/v2\/product_tag?post=2710"}],"curies":[{"name":"wp","href":"https:\/\/api.w.org\/{rel}","templated":true}]}}