{"id":2717,"date":"2024-03-12T17:14:33","date_gmt":"2024-03-12T09:14:33","guid":{"rendered":"https:\/\/zojopackaging.com\/?post_type=product&#038;p=2717"},"modified":"2025-03-28T14:27:07","modified_gmt":"2025-03-28T06:27:07","slug":"custom-electronic-cigarette-packaging-box","status":"publish","type":"product","link":"https:\/\/zojopackaging.com\/de\/product\/custom-electronic-cigarette-packaging-box\/","title":{"rendered":"Benutzerdefinierte freundliche kindersichere Marihuana-Cannabis-Boxen"},"content":{"rendered":"<h1>Benutzerdefinierte freundliche kindersichere Marihuana-Cannabis-Boxen<\/h1>\n<p>Sind Sie auf der Suche nach einer einzigartigen und auff\u00e4lligen Verpackungsl\u00f6sung f\u00fcr Ihre Cannabis-Marihuana-Produkte? Unsere individuelle Vape-Verpackungsbox ist die perfekte Wahl!<br \/>\nUnsere mit Pr\u00e4zision und Kreativit\u00e4t gestalteten Verpackungsboxen sch\u00fctzen nicht nur Ihre Vapes, sondern steigern auch deren visuelle Attraktivit\u00e4t. Wir wissen, wie wichtig das Branding auf dem wettbewerbsintensiven Markt ist, und unsere ma\u00dfgeschneiderten Boxen erm\u00f6glichen es Ihnen, Ihr Logo, Ihre Markenfarben und einzigartige Designelemente zu pr\u00e4sentieren.<\/p>\n<h1><strong>Spezifikation<\/strong><\/h1>\n<table style=\"height: 456px;\" width=\"1153\">\n<tbody>\n<tr>\n<td width=\"373\">Abmessungen<\/td>\n<td width=\"373\">Alle kundenspezifischen Gr\u00f6\u00dfen und Formen<\/td>\n<\/tr>\n<tr>\n<td width=\"373\">Drucken<\/td>\n<td width=\"373\">CMYK, PMS, Kein Druck<\/td>\n<\/tr>\n<tr>\n<td width=\"373\">Papierbestand<\/td>\n<td width=\"373\">10pt bis 28pt (60lb bis 400lb) Umweltfreundliches Kraftpapier, E-Welle Wellpappe, Buxkarton, Karton<\/td>\n<\/tr>\n<tr>\n<td width=\"373\">Mengen<\/td>\n<td width=\"373\">500- 500,000<\/td>\n<\/tr>\n<tr>\n<td width=\"373\">Beschichtung<\/td>\n<td width=\"373\">Gl\u00e4nzend, Matt, Spot UV<\/td>\n<\/tr>\n<tr>\n<td width=\"373\">Standard-Prozess<\/td>\n<td width=\"373\">Stanzen, Kleben, Ritzen, Perforieren<\/td>\n<\/tr>\n<tr>\n<td width=\"373\">Optionen<\/td>\n<td width=\"373\">Individueller Fensterausschnitt, Gold-\/Silberfolierung, Pr\u00e4gung, erhabene Tinte, PVC-Blatt.<\/td>\n<\/tr>\n<tr>\n<td width=\"373\">Proof<\/td>\n<td width=\"373\">Flachansicht, 3D Mock-up, Physische Bemusterung (auf Anfrage)<\/td>\n<\/tr>\n<tr>\n<td width=\"373\">Umschlagzeit<\/td>\n<td width=\"373\">7-14 Arbeitstage, Eilauftrag<\/td>\n<\/tr>\n<tr>\n<td width=\"373\">MOQ<\/td>\n<td width=\"373\">500<\/td>\n<\/tr>\n<tr>\n<td width=\"373\">Probezeit<\/td>\n<td width=\"373\">\u00a05 Tage<\/td>\n<\/tr>\n<tr>\n<td width=\"373\">Zahlungsfrist<\/td>\n<td width=\"373\">T\/T, Western Union, Paypal, 30% Anzahlung und 70% Restbetrag vor Versand.<\/td>\n<\/tr>\n<\/tbody>\n<\/table>\n<p>Unser Expertenteam arbeitet eng mit Ihnen zusammen, um sicherzustellen, dass jeder Aspekt der Verpackung Ihren spezifischen Anforderungen entspricht. Von der Gr\u00f6\u00dfe und Form bis hin zum Material und der Verarbeitung bieten wir eine breite Palette von Optionen, um eine Verpackung zu schaffen, die in den Regalen auff\u00e4llt.<\/p>\n<p>W\u00e4hlen Sie aus hochwertigen Materialien wie Karton, Pappe oder Kunststoff und w\u00e4hlen Sie zwischen verschiedenen Oberfl\u00e4chen wie matt, gl\u00e4nzend oder gepr\u00e4gt, um einen Hauch von Luxus und Raffinesse zu vermitteln.<br \/>\nDie kundenspezifischen Verpackungen f\u00fcr elektronische Zigaretten bieten au\u00dferdem reichlich Platz f\u00fcr Produktinformationen, Anleitungen und Sicherheitswarnungen, um die Einhaltung der Vorschriften zu gew\u00e4hrleisten und die Verbraucher mit allen notwendigen Informationen zu versorgen.<\/p>\n<p><strong><a href=\"https:\/\/zojopackaging.com\/de\/contact-us\/\">Kontakt<\/a><\/strong> und beginnen Sie noch heute mit der Erstellung Ihrer idealen Verpackungsl\u00f6sung!<\/p>\n<h1>Was wir an kundenspezifischen Vape-Patronen-Verpackungen anbieten:<\/h1>\n<p>Wir haben unsere Dienstleistungen f\u00fcr unsere gesch\u00e4tzten Kunden seit Jahren und wir haben bereits auf viele benutzerdefinierte Verpackung wie Karton-Verpackung f\u00fcr Vape Patronen, benutzerdefinierte gedruckt Vape Patronen Vape \u00d6l Verpackung und Vape Verpackung gearbeitet. Das ist noch nicht alles, denn wir bieten immer noch Dienstleistungen f\u00fcr viele unserer Kunden an. Wir bieten allen unseren Kunden auch kostenlose Designunterst\u00fctzung an. Wir sind sehr erfahren auf unserem Gebiet, stellen Sie uns einfach Ihre Idee vor und wir werden uns auch um die Dimensionen und Gr\u00f6\u00dfenfragen f\u00fcr Sie k\u00fcmmern.<\/p>\n<h1>Benutzerdefinierte vape Verpackung Box<\/h1>\n<p>In der Welt der Vapes gibt es viele Marken auf dem Markt, mit denen man konkurrieren muss. Aus diesem Grund ist ein stilvolles Aussehen unerl\u00e4sslich, um im Wettbewerb zu bestehen. Ma\u00dfgeschneiderte Vape-Verpackungsl\u00f6sungen spielen in dieser Hinsicht eine wichtige Rolle. Diese Schachteln erh\u00f6hen die Sichtbarkeit der Produkte, indem sie Ihre Marke auf dem Markt hervorheben. Individuelle Vape-Verpackungen aus Karton sind der beste Weg, um die Qualit\u00e4t der Produkte zu erhalten. Sie sind so gestaltet, dass sie den Erwartungen der Kunden und den aktuellen Markttrends entsprechen. Custom Boxes ist einer der gr\u00f6\u00dften Gro\u00dfhandelshersteller, der Ihnen hochwertige Boxen zu g\u00fcnstigen Preisen anbietet.<\/p>\n<h1>Langlebiges Material f\u00fcr den Schutz von 100%<\/h1>\n<p>Wir stellen Vape-Lagerungsboxen aus den besten Qualit\u00e4tskartons oder Kraftkartons her. Das Material ist langlebig und robust genug, um maximalen Produktschutz zu bieten. Es h\u00e4lt sie sicher w\u00e4hrend des \u00dcbergangs, der Lagerung und der Ausstellung. Sie k\u00f6nnen die Dicke der Box je nach der Empfindlichkeit Ihrer wertvollen Produkte anpassen. Solch ein \u00fcberschw\u00e4ngliches Aussehen von benutzerdefinierten elektronischen Zigaretten-Boxen Gro\u00dfhandel macht Ihre Produkte in den Regalen des Einzelhandels \u00fcberstrahlen.<\/p>\n<div class=\"widget block block-static-block\">\n<div class=\"landing-page-section option-bottom\">\n<div class=\"custom-materials-tabs-content container container-adjustment\">\n<div class=\"custom-materials-tab-content active\">\n<div class=\"widget block block-static-block\">\n<div class=\"options-items\">\n<div class=\"flex-grid-row-option\">\n<div class=\"flex-grid-item-option\">\n<div class=\"material-box\">\n<p>&nbsp;<\/p>\n<\/div>\n<\/div>\n<\/div>\n<\/div>\n<p><!---end of option item--><\/p>\n<\/div>\n<\/div>\n<\/div>\n<\/div>\n<\/div>","protected":false},"excerpt":{"rendered":"<p>1. Das kindersichere Design an der Seite verhindert, dass Kinder das Produkt versehentlich verschlucken, aber Erwachsene k\u00f6nnen es leicht \u00f6ffnen<br \/>\n2. Die Pr\u00e4getechnik verleiht der Verpackung ein Gef\u00fchl von Luxus und hochwertiger visueller Pr\u00e4sentation<br \/>\n3. Verschiedene Gr\u00f6\u00dfen k\u00f6nnen nach Ihrem Produkt angepasst werden, geeignet f\u00fcr alle Arten von Cannabis vape Verpackung<\/p>","protected":false},"featured_media":2718,"template":"","meta":[],"product_brand":[],"product_cat":[30,431,420,31],"product_tag":[794,795,796],"class_list":{"0":"post-2717","1":"product","2":"type-product","3":"status-publish","4":"has-post-thumbnail","6":"product_cat-by-industry","7":"product_cat-child-resistant-packaging","8":"product_cat-custom-cannabis-boxes","9":"product_cat-paper-box-style","10":"product_tag-child-resistant-cannabis-boxes","11":"product_tag-custom-cannabis-boxes","12":"product_tag-marijuana-cannabis-boxes","14":"first","15":"instock","16":"shipping-taxable","17":"product-type-grouped"},"_links":{"self":[{"href":"https:\/\/zojopackaging.com\/de\/wp-json\/wp\/v2\/product\/2717","targetHints":{"allow":["GET"]}}],"collection":[{"href":"https:\/\/zojopackaging.com\/de\/wp-json\/wp\/v2\/product"}],"about":[{"href":"https:\/\/zojopackaging.com\/de\/wp-json\/wp\/v2\/types\/product"}],"version-history":[{"count":2,"href":"https:\/\/zojopackaging.com\/de\/wp-json\/wp\/v2\/product\/2717\/revisions"}],"predecessor-version":[{"id":8459,"href":"https:\/\/zojopackaging.com\/de\/wp-json\/wp\/v2\/product\/2717\/revisions\/8459"}],"wp:featuredmedia":[{"embeddable":true,"href":"https:\/\/zojopackaging.com\/de\/wp-json\/wp\/v2\/media\/2718"}],"wp:attachment":[{"href":"https:\/\/zojopackaging.com\/de\/wp-json\/wp\/v2\/media?parent=2717"}],"wp:term":[{"taxonomy":"product_brand","embeddable":true,"href":"https:\/\/zojopackaging.com\/de\/wp-json\/wp\/v2\/product_brand?post=2717"},{"taxonomy":"product_cat","embeddable":true,"href":"https:\/\/zojopackaging.com\/de\/wp-json\/wp\/v2\/product_cat?post=2717"},{"taxonomy":"product_tag","embeddable":true,"href":"https:\/\/zojopackaging.com\/de\/wp-json\/wp\/v2\/product_tag?post=2717"}],"curies":[{"name":"wp","href":"https:\/\/api.w.org\/{rel}","templated":true}]}}