{"id":2724,"date":"2024-03-12T17:21:09","date_gmt":"2024-03-12T09:21:09","guid":{"rendered":"https:\/\/zojopackaging.com\/?post_type=product&#038;p=2724"},"modified":"2025-03-29T16:56:57","modified_gmt":"2025-03-29T08:56:57","slug":"wholesale-custom-packaging-box","status":"publish","type":"product","link":"https:\/\/zojopackaging.com\/de\/product\/wholesale-custom-packaging-box\/","title":{"rendered":"Gro\u00dfhandel benutzerdefinierte Vape Pen Verpackung Karton Master Box"},"content":{"rendered":"<h1>Fabrik Gro\u00dfhandel benutzerdefinierte Verpackung Box<\/h1>\n<div class=\"auto-hide-last-sibling-br paragraph-ae1685 br-paragraph-space\">\n<p>Unsere Factory Wholesale Custom Packaging Box - die ultimative L\u00f6sung f\u00fcr alle Ihre Verpackungsanforderungen!<\/p>\n<p>Mit unseren umfangreichen Anpassungsm\u00f6glichkeiten haben Sie die Freiheit, eine Verpackung zu gestalten, die sich von der Masse abhebt. W\u00e4hlen Sie aus einer Vielzahl von Materialien, Farben, Formen und Gr\u00f6\u00dfen, um eine einzigartige und auff\u00e4llige Verpackung zu gestalten, die die Aufmerksamkeit Ihrer Kunden auf sich zieht.<\/p>\n<p>Unsere ma\u00dfgefertigten Verpackungskartons werten nicht nur die \u00c4sthetik Ihrer Produkte auf, sondern bieten auch hervorragenden Schutz beim Versand und bei der Lagerung. Wir wissen, wie wichtig es ist, dass Ihre Waren sicher und unversehrt bleiben, und unsere Kartons sind so konstruiert, dass sie den harten Anforderungen der Lieferkette standhalten.<\/p>\n<p>Ganz gleich, ob Sie im Einzelhandel, in der Lebensmittel- und Getr\u00e4nkeindustrie, in der Kosmetikbranche oder in einer anderen Branche t\u00e4tig sind, unsere kundenspezifischen Verpackungsboxen sind die ideale Wahl f\u00fcr Unternehmen, die einen bleibenden Eindruck hinterlassen und den Wiedererkennungswert ihrer Marke steigern wollen. Wenn Sie mit uns zusammenarbeiten, profitieren Sie von einem reibungslosen Service, wettbewerbsf\u00e4higen Preisen und einer Verpackung, die Ihre Produkte von anderen abhebt.<\/p>\n<h1><strong>Spezifikation<\/strong><\/h1>\n<table width=\"1153\">\n<tbody>\n<tr>\n<td width=\"373\">Abmessungen<\/td>\n<td width=\"373\">Alle kundenspezifischen Gr\u00f6\u00dfen und Formen<\/td>\n<\/tr>\n<tr>\n<td width=\"373\">Drucken<\/td>\n<td width=\"373\">CMYK, PMS, Kein Druck<\/td>\n<\/tr>\n<tr>\n<td width=\"373\">Papierbestand<\/td>\n<td width=\"373\">10pt bis 28pt (60lb bis 400lb) Umweltfreundliches Kraftpapier, E-Welle Wellpappe, Buxkarton, Karton<\/td>\n<\/tr>\n<tr>\n<td width=\"373\">Mengen<\/td>\n<td width=\"373\">500- 500,000<\/td>\n<\/tr>\n<tr>\n<td width=\"373\">Beschichtung<\/td>\n<td width=\"373\">Gl\u00e4nzend, Matt, Spot UV<\/td>\n<\/tr>\n<tr>\n<td width=\"373\">Standard-Prozess<\/td>\n<td width=\"373\">Stanzen, Kleben, Ritzen, Perforieren<\/td>\n<\/tr>\n<tr>\n<td width=\"373\">Optionen<\/td>\n<td width=\"373\">Individueller Fensterausschnitt, Gold-\/Silberfolierung, Pr\u00e4gung, erhabene Tinte, PVC-Blatt.<\/td>\n<\/tr>\n<tr>\n<td width=\"373\">Proof<\/td>\n<td width=\"373\">Flachansicht, 3D Mock-up, Physische Bemusterung (auf Anfrage)<\/td>\n<\/tr>\n<tr>\n<td width=\"373\">Umschlagzeit<\/td>\n<td width=\"373\">7-14 Arbeitstage, Eilauftrag<\/td>\n<\/tr>\n<tr>\n<td width=\"373\">MOQ<\/td>\n<td width=\"373\">500<\/td>\n<\/tr>\n<tr>\n<td width=\"373\">Probezeit<\/td>\n<td width=\"373\">3-5 Tage<\/td>\n<\/tr>\n<tr>\n<td width=\"373\">Zahlungsfrist<\/td>\n<td width=\"373\">T\/T, Western Union, Paypal, 30% Anzahlung und 70% Restbetrag vor Versand.<\/td>\n<\/tr>\n<\/tbody>\n<\/table>\n<\/div>\n<h1 class=\"auto-hide-last-sibling-br paragraph-ae1685 br-paragraph-space\">Warum w\u00e4hlen Sie unsere Fabrik Gro\u00dfhandel benutzerdefinierte Verpackung Boxen?<\/h1>\n<ul>\n<li class=\"auto-hide-last-sibling-br paragraph-ae1685 br-paragraph-space\"><strong>Un\u00fcbertroffene Anpassung<\/strong>: Wir wissen, dass Ihre Marke einmalig ist. Deshalb bieten wir unbegrenzte Anpassungsm\u00f6glichkeiten. Von Gr\u00f6\u00dfe und Form bis hin zu Farbe und Druck haben Sie die volle Kontrolle \u00fcber das Design, um eine Verpackung zu schaffen, die Ihre Markenidentit\u00e4t widerspiegelt und in den Regalen auff\u00e4llt.<\/li>\n<li class=\"auto-hide-last-sibling-br paragraph-ae1685 br-paragraph-space\"><strong>Kosteneffiziente L\u00f6sungen<\/strong>: Wenn Sie sich f\u00fcr unseren Fabrikgro\u00dfhandel entscheiden, k\u00f6nnen Sie erhebliche Kosteneinsparungen erzielen, ohne Kompromisse bei der Qualit\u00e4t einzugehen. Dank unserer effizienten Herstellungsverfahren und unserer gro\u00dfen Einkaufsmacht k\u00f6nnen wir wettbewerbsf\u00e4hige Preise anbieten, die Ihnen helfen, Ihre Gewinne zu maximieren.<\/li>\n<li class=\"auto-hide-last-sibling-br paragraph-ae1685 br-paragraph-space\"><strong>Hervorragende Qualit\u00e4t<\/strong>: Unsere hochmodernen Produktionsanlagen und unser erfahrenes Team sorgen daf\u00fcr, dass jede Verpackung nach den h\u00f6chsten Standards hergestellt wird. Wir f\u00fchren strenge Qualit\u00e4tskontrollen durch, um zu gew\u00e4hrleisten, dass Ihre Verpackung einwandfrei ist und den Wert Ihrer Produkte steigert.<\/li>\n<li class=\"auto-hide-last-sibling-br paragraph-ae1685 br-paragraph-space\"><strong>Schneller Turnaround\u00a0<a href=\"\/\/sendMessage?ext=%7B%22s%24wiki_link%22%3A%22https%3A%2F%2Fm.baike.com%2Fwikiid%2F7246958217627762740%22%7D&amp;msg=Time\" target=\"_blank\" rel=\"noopener\">Zeit<\/a><\/strong>: Wir wissen, dass die Zeit im Gesch\u00e4ftsleben von entscheidender Bedeutung ist. Dank unseres rationellen Produktionsprozesses k\u00f6nnen wir Ihre ma\u00dfgeschneiderten Verpackungen umgehend liefern, damit Sie Ihre Fristen einhalten und Ihren Betrieb reibungslos aufrechterhalten k\u00f6nnen.<\/li>\n<li class=\"auto-hide-last-sibling-br paragraph-ae1685 br-paragraph-space\"><strong>Au\u00dfergew\u00f6hnlicher Kundenservice<\/strong>: Unser engagiertes Team ist bestrebt, Ihnen w\u00e4hrend des gesamten Prozesses einen hervorragenden Kundenservice zu bieten. Von der ersten Beratung bis zum Kundendienst sind wir f\u00fcr Sie da, um Ihre Fragen zu beantworten und Ihre Zufriedenheit zu gew\u00e4hrleisten.<\/li>\n<\/ul>\n<h1 class=\"auto-hide-last-sibling-br paragraph-ae1685 br-paragraph-space\"><strong>Kontakt f\u00fcr mehr Details<\/strong><\/h1>\n<div class=\"auto-hide-last-sibling-br paragraph-ae1685 br-paragraph-space\">F\u00fcr Ihre Zufriedenheit, haben genaue Kontaktdaten, um alle Fragen, die in Ihrem Kopf entstehen, indem Sie direkt eine E-Mail an uns<span style=\"color: #ff0000;\">\u00a0<strong>info@zojoprint.com<\/strong><\/span>\u00a0oder rufen Sie uns an unter +<span style=\"color: #ff0000;\"><strong>86 15017910372<\/strong><\/span>. Sie werden Ihre Bestellung innerhalb der Frist von 8 bis 10 Werktagen erhalten. Jegliche Verz\u00f6gerung oder Besch\u00e4digung liegt in unserer Verantwortung, f\u00fcr die wir entsprechende Richtlinien haben, so dass wir Sie w\u00e4hrend des gesamten Herstellungsprozesses nicht entt\u00e4uschen werden. Unser Kundendienst steht Ihnen 24\/7 zur Verf\u00fcgung, um Verpackungsfragen zu kl\u00e4ren. Mehr sehen.<\/div>\n<div class=\"widget block block-static-block\">\n<div class=\"landing-page-section option-bottom\">\n<div class=\"custom-materials-tabs-content container container-adjustment\">\n<div class=\"custom-materials-tab-content active\">\n<div class=\"widget block block-static-block\">\n<p><!---end of option item--><\/p>\n<\/div>\n<\/div>\n<\/div>\n<\/div>\n<\/div>","protected":false},"excerpt":{"rendered":"<p>Die Master-Box ist so konzipiert, dass sie perfekt zu Deinen Vape-Patronenboxen passt. Dar\u00fcber hinaus kann die Master-Box oben f\u00fcr die Anzeige gefaltet werden, oder Reisezwecke.<\/p>\n<p>Personalisierung: Kann benutzerdefinierte Gr\u00f6\u00dfe \/ Druck \/ Material \/ Verarbeitung \/ Form etc.<br \/>\nMaterialtyp: Umweltfreundlich, mit FSC\/ISO\/BSCI-Zertifizierung<br \/>\nProduktionszeit: Muster 1-3 Tage; Gro\u00dfserie 7-9 Tage<br \/>\nVersandzeit: Express 3-7 Tage; Luft 12-16 Tage; Boot 25-30 Tage\uff08Die verschiedenen L\u00e4nder haben unterschiedliche Zeiten)<\/p>\n<p>Preis:Kontaktieren Sie uns, um eine Anfrage zu senden!<\/p>","protected":false},"featured_media":6417,"template":"","meta":[],"product_brand":[],"product_cat":[30,418,430,31],"product_tag":[909,908,907],"class_list":{"0":"post-2724","1":"product","2":"type-product","3":"status-publish","4":"has-post-thumbnail","6":"product_cat-by-industry","7":"product_cat-custom-cbd-boxes","8":"product_cat-folding-cartons","9":"product_cat-paper-box-style","10":"product_tag-vape-master-box","11":"product_tag-vape-pen-cardboard-box","12":"product_tag-wholesale-custom-box","14":"first","15":"instock","16":"shipping-taxable","17":"product-type-grouped"},"_links":{"self":[{"href":"https:\/\/zojopackaging.com\/de\/wp-json\/wp\/v2\/product\/2724","targetHints":{"allow":["GET"]}}],"collection":[{"href":"https:\/\/zojopackaging.com\/de\/wp-json\/wp\/v2\/product"}],"about":[{"href":"https:\/\/zojopackaging.com\/de\/wp-json\/wp\/v2\/types\/product"}],"version-history":[{"count":2,"href":"https:\/\/zojopackaging.com\/de\/wp-json\/wp\/v2\/product\/2724\/revisions"}],"predecessor-version":[{"id":8633,"href":"https:\/\/zojopackaging.com\/de\/wp-json\/wp\/v2\/product\/2724\/revisions\/8633"}],"wp:featuredmedia":[{"embeddable":true,"href":"https:\/\/zojopackaging.com\/de\/wp-json\/wp\/v2\/media\/6417"}],"wp:attachment":[{"href":"https:\/\/zojopackaging.com\/de\/wp-json\/wp\/v2\/media?parent=2724"}],"wp:term":[{"taxonomy":"product_brand","embeddable":true,"href":"https:\/\/zojopackaging.com\/de\/wp-json\/wp\/v2\/product_brand?post=2724"},{"taxonomy":"product_cat","embeddable":true,"href":"https:\/\/zojopackaging.com\/de\/wp-json\/wp\/v2\/product_cat?post=2724"},{"taxonomy":"product_tag","embeddable":true,"href":"https:\/\/zojopackaging.com\/de\/wp-json\/wp\/v2\/product_tag?post=2724"}],"curies":[{"name":"wp","href":"https:\/\/api.w.org\/{rel}","templated":true}]}}