{"id":2794,"date":"2024-03-13T13:45:24","date_gmt":"2024-03-13T05:45:24","guid":{"rendered":"https:\/\/zojopackaging.com\/?post_type=product&#038;p=2794"},"modified":"2025-03-28T10:49:06","modified_gmt":"2025-03-28T02:49:06","slug":"custom-printed-e-cigarette-packaging-boxes","status":"publish","type":"product","link":"https:\/\/zojopackaging.com\/de\/product\/custom-printed-e-cigarette-packaging-boxes\/","title":{"rendered":"Custom Branded Cannabis-Konzentrat Verpackung Box Gro\u00dfhandel"},"content":{"rendered":"<h1 class=\"LC20lb MBeuO DKV0Md\">Custom Branded Cannabis-Konzentrat Verpackung Box Gro\u00dfhandel<\/h1>\n<p>Die benutzerdefinierte Marken-Cannabis-Konzentrat Verpackung Box Gro\u00dfhandel zu erschwinglichen Preisen. Holen Sie sich Ihre gedruckten E-Zigaretten-Boxen mit kostenlosem Versand in den USA<\/p>\n<p><strong>Ma\u00dfgeschneidert f\u00fcr Perfektion<\/strong><br \/>\nUnsere Verpackungen sind vollst\u00e4ndig anpassbar, um Ihre einzigartigen Markenanforderungen zu erf\u00fcllen. Sie haben die Freiheit, aus einer breiten Palette von Farben, Mustern und Veredelungen zu w\u00e4hlen, um eine Verpackung zu kreieren, die Ihre Markenidentit\u00e4t widerspiegelt und den Blick der Verbraucher auf sich zieht.<br \/>\n<strong>\u00dcberlegener Schutz<\/strong><br \/>\nDie aus hochwertigen Materialien gefertigte Vape Tube-Verpackung gew\u00e4hrleistet die Sicherheit Ihrer E-Zigaretten. Sie sch\u00fctzt vor Besch\u00e4digungen, Feuchtigkeit und \u00e4u\u00dferen Einfl\u00fcssen und bewahrt Ihre Produkte in einem tadellosen Zustand, bis sie in die H\u00e4nde Ihrer Kunden gelangen.<br \/>\n<strong>Kompakt und tragbar<\/strong><br \/>\nDas schlanke und r\u00f6hrenf\u00f6rmige Design der Verpackung macht sie \u00e4u\u00dferst praktisch und tragbar. Es passt leicht in Taschen, Beutel oder Geldb\u00f6rsen, so dass Vaper ihre Lieblings-E-Zigaretten \u00fcberallhin mitnehmen k\u00f6nnen.<br \/>\n<strong>Verbessertes Benutzererlebnis<\/strong><br \/>\nDer leicht zu \u00f6ffnende und zu schlie\u00dfende Mechanismus des R\u00f6hrchens erm\u00f6glicht einen problemlosen Zugang zu Ihrem Vape-Ger\u00e4t. Es geht nicht nur um die Verpackung, sondern auch um den Mehrwert f\u00fcr den Benutzer.<br \/>\n<strong>Vielseitige Optionen<\/strong><br \/>\nGanz gleich, ob Sie eine einzelne E-Zigarette oder ein komplettes Kit verpacken m\u00f6chten, unsere kundenspezifischen Vape-Tube-Verpackungen bieten vielseitige L\u00f6sungen f\u00fcr Ihr vielf\u00e4ltiges Produktsortiment.<\/p>\n<h1><strong>Spezifikation<\/strong><\/h1>\n<div class=\"widget block block-static-block\">\n<div class=\"landing-page-section option-bottom\">\n<div class=\"custom-materials-tabs-content container container-adjustment\">\n<div class=\"custom-materials-tab-content active\">\n<div class=\"widget block block-static-block\">\n<div class=\"options-items\">\n<div class=\"flex-grid-row-option\">\n<div class=\"flex-grid-item-option\">\n<div class=\"material-box\">\n<div class=\"material-des\">\n<table class=\"table table-striped\" width=\"1140\">\n<tbody>\n<tr class=\"firstRow\">\n<td>Abmessungen<\/td>\n<td>Alle kundenspezifischen Gr\u00f6\u00dfen und Formen<\/td>\n<\/tr>\n<tr>\n<td>Drucken<\/td>\n<td>CMYK, PMS, Kein Druck<\/td>\n<\/tr>\n<tr>\n<td>Papierbestand<\/td>\n<td>10pt bis 28pt (60lb bis 400lb) Umweltfreundliches Kraftpapier, E-Welle Wellpappe, Buxkarton, Karton<\/td>\n<\/tr>\n<tr>\n<td>Mengen<\/td>\n<td>500 - 500,000<\/td>\n<\/tr>\n<tr>\n<td>Beschichtung<\/td>\n<td>Gl\u00e4nzend, Matt, Spot UV<\/td>\n<\/tr>\n<tr>\n<td>Standard-Prozess<\/td>\n<td>Stanzen, Kleben, Ritzen, Perforieren<\/td>\n<\/tr>\n<tr>\n<td>Optionen<\/td>\n<td>Individueller Fensterausschnitt, Gold-\/Silberfolierung, Pr\u00e4gung, erhabene Tinte, PVC-Blatt.<\/td>\n<\/tr>\n<tr>\n<td>Proof<\/td>\n<td>Flachansicht, 3D Mock-up, Physische Bemusterung (auf Anfrage)<\/td>\n<\/tr>\n<tr>\n<td>Umschlagzeit<\/td>\n<td>7-14 Arbeitstage, Eilauftrag<\/td>\n<\/tr>\n<tr>\n<td>MOQ<\/td>\n<td>500<\/td>\n<\/tr>\n<\/tbody>\n<\/table>\n<\/div>\n<p>&nbsp;<\/p>\n<\/div>\n<\/div>\n<\/div>\n<\/div>\n<\/div>\n<\/div>\n<\/div>\n<\/div>\n<\/div>","protected":false},"excerpt":{"rendered":"<p>1. Magnetverschluss-Box, Magnet eingebettet Design, um externe Abnutzung zu vermeiden, visuell einfacher, k\u00f6nnen die Eigenschaften des Produkts in einem gr\u00f6\u00dferen Ausma\u00df hervorheben<br \/>\n2. Verschiedene Gr\u00f6\u00dfen k\u00f6nnen entsprechend Ihrem Produkt angepasst werden, geeignet f\u00fcr die Verpackung von verschiedenen Cannabis-Konzentraten<br \/>\n3. Gold-Hei\u00dfpr\u00e4gefolientechnik, die der Verpackung einen Hauch von Luxus und eine hochwertige optische Pr\u00e4sentation verleiht<\/p>","protected":false},"featured_media":6397,"template":"","meta":[],"product_brand":[],"product_cat":[30,420,424,31],"product_tag":[750,751,752],"class_list":{"0":"post-2794","1":"product","2":"type-product","3":"status-publish","4":"has-post-thumbnail","6":"product_cat-by-industry","7":"product_cat-custom-cannabis-boxes","8":"product_cat-magnetic-closure-boxes","9":"product_cat-paper-box-style","10":"product_tag-concentrate-packaging","11":"product_tag-concentrate-packaging-box","12":"product_tag-concentrate-packaging-box-wholesale","14":"first","15":"instock","16":"shipping-taxable","17":"product-type-grouped"},"_links":{"self":[{"href":"https:\/\/zojopackaging.com\/de\/wp-json\/wp\/v2\/product\/2794","targetHints":{"allow":["GET"]}}],"collection":[{"href":"https:\/\/zojopackaging.com\/de\/wp-json\/wp\/v2\/product"}],"about":[{"href":"https:\/\/zojopackaging.com\/de\/wp-json\/wp\/v2\/types\/product"}],"version-history":[{"count":2,"href":"https:\/\/zojopackaging.com\/de\/wp-json\/wp\/v2\/product\/2794\/revisions"}],"predecessor-version":[{"id":8438,"href":"https:\/\/zojopackaging.com\/de\/wp-json\/wp\/v2\/product\/2794\/revisions\/8438"}],"wp:featuredmedia":[{"embeddable":true,"href":"https:\/\/zojopackaging.com\/de\/wp-json\/wp\/v2\/media\/6397"}],"wp:attachment":[{"href":"https:\/\/zojopackaging.com\/de\/wp-json\/wp\/v2\/media?parent=2794"}],"wp:term":[{"taxonomy":"product_brand","embeddable":true,"href":"https:\/\/zojopackaging.com\/de\/wp-json\/wp\/v2\/product_brand?post=2794"},{"taxonomy":"product_cat","embeddable":true,"href":"https:\/\/zojopackaging.com\/de\/wp-json\/wp\/v2\/product_cat?post=2794"},{"taxonomy":"product_tag","embeddable":true,"href":"https:\/\/zojopackaging.com\/de\/wp-json\/wp\/v2\/product_tag?post=2794"}],"curies":[{"name":"wp","href":"https:\/\/api.w.org\/{rel}","templated":true}]}}