{"id":2804,"date":"2024-03-13T13:50:29","date_gmt":"2024-03-13T05:50:29","guid":{"rendered":"https:\/\/zojopackaging.com\/?post_type=product&#038;p=2804"},"modified":"2025-03-24T19:11:58","modified_gmt":"2025-03-24T11:11:58","slug":"custom-vape-cartridge-packaging","status":"publish","type":"product","link":"https:\/\/zojopackaging.com\/de\/product\/custom-vape-cartridge-packaging\/","title":{"rendered":"Premium benutzerdefinierte Vape Vaporizer Cartridge Verpackung Gro\u00dfhandel"},"content":{"rendered":"<h1>Kundenspezifische Vape-Patronen-Verpackungen<\/h1>\n<p>Mit dem wachsenden Bedarf der Weltbev\u00f6lkerung werden viele Unternehmen gegr\u00fcndet, um die Nachfrage zu befriedigen, unter ihnen ist die Vape-Herstellung ein gro\u00dfer Name. Mit so vielen Unternehmen, die das gleiche Produkt herstellen, wird es schwer, die Aufmerksamkeit zu bekommen und mit den Konkurrenten zu konkurrieren. Seien Sie versichert, dass Sie sich mit uns an Ihrer Seite um dieses Problem nicht mehr sorgen m\u00fcssen. Wir sind ein Unternehmen, das sich aus qualifizierten Mitarbeitern zusammensetzt und sich auf die kundenspezifische Herstellung von Verpackungen spezialisiert hat. Alles, was Sie tun m\u00fcssen, ist, uns Ihre Idee zu pr\u00e4sentieren, und wir werden uns um den Rest k\u00fcmmern.<\/p>\n<h1>Was wir an kundenspezifischen Vape-Patronen-Verpackungen anbieten:<\/h1>\n<p>Wir haben unsere Dienstleistungen f\u00fcr unsere gesch\u00e4tzten Kunden seit Jahren und wir haben bereits auf viele benutzerdefinierte Verpackung wie Karton-Verpackung f\u00fcr Vape Patronen, benutzerdefinierte gedruckt Vape Patronen Vape \u00d6l Verpackung und Vape Verpackung gearbeitet. Das ist noch nicht alles, denn wir bieten immer noch Dienstleistungen f\u00fcr viele unserer Kunden an. Wir bieten allen unseren Kunden auch kostenlose Designunterst\u00fctzung an. Wir sind sehr erfahren auf unserem Gebiet, stellen Sie uns einfach Ihre Idee vor und wir werden uns auch um die Dimensionen und Gr\u00f6\u00dfenfragen f\u00fcr Sie k\u00fcmmern.<\/p>\n<h1>Individuelle E-Zigaretten-Verpackungsbox<\/h1>\n<p>In der Welt der E-Zigaretten gibt es viele Marken auf dem Markt, mit denen man konkurrieren muss. Deshalb ist ein stilvolles Erscheinungsbild unerl\u00e4sslich, um im Wettbewerb zu bestehen. Ma\u00dfgeschneiderte Verpackungsl\u00f6sungen f\u00fcr elektronische Zigaretten spielen in dieser Hinsicht eine wichtige Rolle. Diese Schachteln erh\u00f6hen die Sichtbarkeit der Produkte, indem sie Ihre Marke auf dem Markt hervorheben. Ma\u00dfgeschneiderte Schachteln f\u00fcr elektronische Zigaretten aus Karton sind der beste Weg, um ihre Qualit\u00e4t zu erhalten. Sie sind so gestaltet, dass sie den Erwartungen der Kunden und den aktuellen Markttrends entsprechen. Custom Boxes ist einer der gr\u00f6\u00dften Gro\u00dfhandelshersteller, der Ihnen hochwertige Schachteln zu kosteng\u00fcnstigen Preisen anbietet.<\/p>\n<h1>Langlebiges Material f\u00fcr den Schutz von 100%<\/h1>\n<p>Wir stellen Aufbewahrungsboxen f\u00fcr E-Zigaretten aus den hochwertigsten Kartons oder Kraftkartons her. Das Material ist langlebig und robust genug, um maximalen Produktschutz zu bieten. Es h\u00e4lt sie sicher w\u00e4hrend des \u00dcbergangs, Lagerung und Anzeige. Sie k\u00f6nnen die Dicke der Box je nach der Empfindlichkeit Ihrer wertvollen Produkte anpassen. Solch ein \u00fcberschw\u00e4ngliches Aussehen von benutzerdefinierten elektronischen Zigaretten-Boxen Gro\u00dfhandel macht Ihre Produkte in den Regalen des Einzelhandels \u00fcberstrahlen.<\/p>\n<h1>Das Material, das wir f\u00fcr Verpackungen verwenden<\/h1>\n<p>Die Wahl des Materials, das wir f\u00fcr unsere ma\u00dfgefertigten Verpackungen verwenden, bleibt ganz Ihnen \u00fcberlassen, ob Sie schweres Papiermaterial oder einfachen Karton verwenden m\u00f6chten. Unser Ziel ist es, Ihnen ein Endprodukt von bester Qualit\u00e4t zu pr\u00e4sentieren.<\/p>\n<h1><strong>Spezifikation<\/strong><\/h1>\n<table style=\"height: 456px;\" width=\"1153\">\n<tbody>\n<tr>\n<td width=\"373\">Abmessungen<\/td>\n<td width=\"373\">Alle kundenspezifischen Gr\u00f6\u00dfen und Formen<\/td>\n<\/tr>\n<tr>\n<td width=\"373\">Drucken<\/td>\n<td width=\"373\">CMYK, PMS, Kein Druck<\/td>\n<\/tr>\n<tr>\n<td width=\"373\">Papierbestand<\/td>\n<td width=\"373\">10pt bis 28pt (60lb bis 400lb) Umweltfreundliches Kraftpapier, E-Welle Wellpappe, Buxkarton, Karton<\/td>\n<\/tr>\n<tr>\n<td width=\"373\">Mengen<\/td>\n<td width=\"373\">500- 500,000<\/td>\n<\/tr>\n<tr>\n<td width=\"373\">Beschichtung<\/td>\n<td width=\"373\">Gl\u00e4nzend, Matt, Spot UV<\/td>\n<\/tr>\n<tr>\n<td width=\"373\">Standard-Prozess<\/td>\n<td width=\"373\">Stanzen, Kleben, Ritzen, Perforieren<\/td>\n<\/tr>\n<tr>\n<td width=\"373\">Optionen<\/td>\n<td width=\"373\">Individueller Fensterausschnitt, Gold-\/Silberfolierung, Pr\u00e4gung, erhabene Tinte, PVC-Blatt.<\/td>\n<\/tr>\n<tr>\n<td width=\"373\">Proof<\/td>\n<td width=\"373\">Flachansicht, 3D Mock-up, Physische Bemusterung (auf Anfrage)<\/td>\n<\/tr>\n<tr>\n<td width=\"373\">Umschlagzeit<\/td>\n<td width=\"373\">7-14 Arbeitstage, Eilauftrag<\/td>\n<\/tr>\n<tr>\n<td width=\"373\">MOQ<\/td>\n<td width=\"373\">500<\/td>\n<\/tr>\n<tr>\n<td width=\"373\">Probezeit<\/td>\n<td width=\"373\">\u00a05 Tage<\/td>\n<\/tr>\n<tr>\n<td width=\"373\">Zahlungsfrist<\/td>\n<td width=\"373\">T\/T, Western Union, Paypal, 30% Anzahlung und 70% Restbetrag vor Versand.<\/td>\n<\/tr>\n<\/tbody>\n<\/table>\n<div class=\"widget block block-static-block\">\n<div class=\"landing-page-section option-bottom\">\n<div class=\"custom-materials-tabs-content container container-adjustment\">\n<div class=\"custom-materials-tab-content active\">\n<div class=\"widget block block-static-block\">\n<p><!---end of option item--><\/p>\n<\/div>\n<\/div>\n<\/div>\n<\/div>\n<\/div>","protected":false},"excerpt":{"rendered":"<ul>\n<li>MOQ: 500 St\u00fcck<\/li>\n<li>Lieferzeit:7-14 Arbeitstage, Eilauftrag<\/li>\n<li>Ma\u00dfgeschneidert in den Abmessungen (Durchmesser x H\u00f6he)<\/li>\n<li>Kundenspezifischer Druck<\/li>\n<li>Umweltfreundlich, recycelbar und plastikfrei<\/li>\n<li>Preis\uff1aDer Endpreis wird auf Ihr Produkt und die von Ihnen ben\u00f6tigte Menge zugeschnitten<\/li>\n<\/ul>","protected":false},"featured_media":2814,"template":"","meta":[],"product_brand":[],"product_cat":[30,431,420,31],"product_tag":[594,593,595],"class_list":{"0":"post-2804","1":"product","2":"type-product","3":"status-publish","4":"has-post-thumbnail","6":"product_cat-by-industry","7":"product_cat-child-resistant-packaging","8":"product_cat-custom-cannabis-boxes","9":"product_cat-paper-box-style","10":"product_tag-custom-vape-packaging","11":"product_tag-vape-cartridge-packaging","12":"product_tag-vape-packaging-wholesale","14":"first","15":"instock","16":"shipping-taxable","17":"product-type-grouped"},"_links":{"self":[{"href":"https:\/\/zojopackaging.com\/de\/wp-json\/wp\/v2\/product\/2804","targetHints":{"allow":["GET"]}}],"collection":[{"href":"https:\/\/zojopackaging.com\/de\/wp-json\/wp\/v2\/product"}],"about":[{"href":"https:\/\/zojopackaging.com\/de\/wp-json\/wp\/v2\/types\/product"}],"version-history":[{"count":2,"href":"https:\/\/zojopackaging.com\/de\/wp-json\/wp\/v2\/product\/2804\/revisions"}],"predecessor-version":[{"id":8119,"href":"https:\/\/zojopackaging.com\/de\/wp-json\/wp\/v2\/product\/2804\/revisions\/8119"}],"wp:featuredmedia":[{"embeddable":true,"href":"https:\/\/zojopackaging.com\/de\/wp-json\/wp\/v2\/media\/2814"}],"wp:attachment":[{"href":"https:\/\/zojopackaging.com\/de\/wp-json\/wp\/v2\/media?parent=2804"}],"wp:term":[{"taxonomy":"product_brand","embeddable":true,"href":"https:\/\/zojopackaging.com\/de\/wp-json\/wp\/v2\/product_brand?post=2804"},{"taxonomy":"product_cat","embeddable":true,"href":"https:\/\/zojopackaging.com\/de\/wp-json\/wp\/v2\/product_cat?post=2804"},{"taxonomy":"product_tag","embeddable":true,"href":"https:\/\/zojopackaging.com\/de\/wp-json\/wp\/v2\/product_tag?post=2804"}],"curies":[{"name":"wp","href":"https:\/\/api.w.org\/{rel}","templated":true}]}}