{"id":2978,"date":"2024-03-14T11:11:44","date_gmt":"2024-03-14T03:11:44","guid":{"rendered":"https:\/\/zojopackaging.com\/?post_type=product&#038;p=2978"},"modified":"2025-04-03T17:07:53","modified_gmt":"2025-04-03T09:07:53","slug":"customized-perfume-card-box","status":"publish","type":"product","link":"https:\/\/zojopackaging.com\/de\/product\/customized-perfume-card-box\/","title":{"rendered":"Kundenspezifischer Parfumkarton Hersteller in China"},"content":{"rendered":"<h1>Kundenspezifischer Parfumkarton Hersteller in China<\/h1>\n<p>Wir stellen Ihnen unsere luxuri\u00f6se Parf\u00fcmkartenbox vor, eine einzigartige und elegante Art, Ihre Lieblingsd\u00fcfte aufzubewahren und zu pr\u00e4sentieren. Diese exquisite Box bietet Platz f\u00fcr bis zu 6 Parf\u00fcmkarten und erm\u00f6glicht es Ihnen, Ihre Lieblingsd\u00fcfte bequem \u00fcberallhin mitzunehmen.<\/p>\n<p>Unsere aus hochwertigen Materialien gefertigte Parf\u00fcmkartenbox besticht durch ihr elegantes und anspruchsvolles Design, das Luxus ausstrahlt. Das Innere ist mit weichem Samt ausgekleidet, um Ihre Parfumkarten vor Kratzern und Besch\u00e4digungen zu sch\u00fctzen, w\u00e4hrend das \u00c4u\u00dfere mit einem sch\u00f6nen Muster verziert ist, das Ihrer Sammlung einen Hauch von Glamour verleiht.<\/p>\n<p>Ob Sie auf Reisen sind oder einfach nur Ihre Parfums zu Hause aufbewahren m\u00f6chten, unsere Parfumkartenbox ist das perfekte Accessoire f\u00fcr jeden Duftliebhaber. Verw\u00f6hnen Sie sich selbst oder \u00fcberraschen Sie einen lieben Menschen mit dieser stilvollen und praktischen Box, die Funktionalit\u00e4t und Eleganz vereint.<\/p>\n<p>Erleben Sie den ultimativen Luxus der Parf\u00fcmaufbewahrung mit unserer Parf\u00fcmkartenbox - denn Ihre Lieblingsd\u00fcfte verdienen es, stilvoll pr\u00e4sentiert zu werden.<\/p>\n<h1><strong>Spezifikation<\/strong><\/h1>\n<div class=\"widget block block-static-block\">\n<div class=\"landing-page-section option-bottom\">\n<div class=\"custom-materials-tabs-content container container-adjustment\">\n<div class=\"custom-materials-tab-content active\">\n<div class=\"widget block block-static-block\">\n<div class=\"options-items\">\n<div class=\"flex-grid-row-option\">\n<div class=\"flex-grid-item-option\">\n<div class=\"material-box\">\n<div class=\"material-des\">\n<table width=\"1070\">\n<tbody>\n<tr>\n<td width=\"373\">Abmessungen<\/td>\n<td width=\"373\">Alle kundenspezifischen Gr\u00f6\u00dfen und Formen<\/td>\n<\/tr>\n<tr>\n<td width=\"373\">MOQ<\/td>\n<td width=\"373\">500St\u00fcck<\/td>\n<\/tr>\n<tr>\n<td width=\"373\">Probezeit<\/td>\n<td width=\"373\">3-5 Tage<\/td>\n<\/tr>\n<tr>\n<td width=\"373\">Standardverfahren<\/td>\n<td width=\"373\">Stanzen, Kleben, Rillen, Perforieren<\/td>\n<\/tr>\n<tr>\n<td width=\"373\">Drucken<\/td>\n<td width=\"373\">Cmyk, pms, kein Druck<\/td>\n<\/tr>\n<tr>\n<td width=\"373\">Option Material<\/td>\n<td width=\"373\">Wei\u00dfes Kartonpapier, gestrichenes Papier, Kunstdruckpapier, Kraftpapier, Elfenbeinkarton, Duplexkarton, Spezialpapier, usw.<\/td>\n<\/tr>\n<tr>\n<td width=\"373\">Oberfl\u00e4chenveredelung<\/td>\n<td width=\"373\">Matt\/Glanz-Laminierung, Spot-UV-Pr\u00e4gung, Pr\u00e4gung, Folienpr\u00e4gung usw.<\/td>\n<\/tr>\n<tr>\n<td width=\"373\">Industrie Verwendung<\/td>\n<td width=\"373\">Kosmetika, Parf\u00fcm, Bekleidung, Schmuck, Tabak, Lebensmittel, Geschenkartikel und Waren des t\u00e4glichen Bedarfs,<\/td>\n<\/tr>\n<tr>\n<td width=\"373\">Qualit\u00e4tskontrolle<\/td>\n<td width=\"373\">Fortschrittliche Ausr\u00fcstung und ein erfahrenes QC-Team \u00fcberpr\u00fcfen Material, Halbfertig- und Fertigprodukte streng in jedem Schritt, bevor<\/td>\n<\/tr>\n<tr>\n<td width=\"373\">Preis<\/td>\n<td width=\"373\">Der Endpreis wird auf Ihr Produkt und die von Ihnen ben\u00f6tigte Menge zugeschnitten<\/td>\n<\/tr>\n<tr>\n<td width=\"373\">Bearbeitungszeit<\/td>\n<td width=\"373\">7-14 Werktage, Eile<\/td>\n<\/tr>\n<tr>\n<td width=\"373\">Papierbestand<\/td>\n<td width=\"373\">10pt bis 28pt (60lb bis 400lb) umweltfreundliches Kraftpapier, E-Welle, Buxkarton, Cardstock<\/td>\n<\/tr>\n<tr>\n<td width=\"373\">Format der Druckvorlage<\/td>\n<td width=\"373\">JPG, PDF, AI, CDR, EPS, GIF....<\/td>\n<\/tr>\n<tr>\n<td width=\"373\">Zubeh\u00f6r<\/td>\n<td width=\"373\">Magnet, Farbband, EVA-Form, Kunststoffschale, Schwamm, PVC\/PET\/PP-Fenster,...<\/td>\n<\/tr>\n<tr>\n<td width=\"373\">Zahlungsfrist<\/td>\n<td width=\"373\">T\/T, Western Union, Paypal, 30% Anzahlung und 70% Restbetrag vor Versand.<\/td>\n<\/tr>\n<\/tbody>\n<\/table>\n<\/div>\n<\/div>\n<\/div>\n<\/div>\n<\/div>\n<\/div>\n<\/div>\n<\/div>\n<\/div>\n<\/div>\n<div class=\"widget block block-static-block\">\n<div class=\"landing-page-section option-bottom\">\n<div class=\"custom-materials-tabs-content container container-adjustment\">\n<div class=\"custom-materials-tab-content active\">\n<div class=\"widget block block-static-block\">\n<div class=\"options-items\">\n<div class=\"flex-grid-row-option\">\n<div class=\"flex-grid-item-option\">\n<div class=\"material-box\">\n<p>&nbsp;<\/p>\n<\/div>\n<\/div>\n<\/div>\n<\/div>\n<p><!---end of option item--><\/p>\n<\/div>\n<\/div>\n<\/div>\n<\/div>\n<\/div>","protected":false},"excerpt":{"rendered":"<p>ZOJO Print ist ein Hersteller kundenspezifischer Parf\u00fcmverpackungen in China, der in der Branche f\u00fchrend ist und erstklassige Parf\u00fcmverpackungen zu erschwinglichen Preisen anbietet.<\/p>\n<p>Materialtyp: Umweltfreundlich, mit FSC\/ISO\/BSCI-Zertifizierung<br \/>\nProduktionszeit: Muster 1-3 Tage; Gro\u00dfserie 7-9 Tage<br \/>\nVersandzeit: Express 3-7 Tage; Luft 12-16 Tage; Boot 25-30 Tage\uff08Die verschiedenen L\u00e4nder haben unterschiedliche Zeiten)<\/p>\n<p>Preis:Kontaktieren Sie uns, um eine Anfrage zu senden!<\/p>","protected":false},"featured_media":2983,"template":"","meta":[],"product_brand":[],"product_cat":[30,417,430,31],"product_tag":[243,330,230],"class_list":{"0":"post-2978","1":"product","2":"type-product","3":"status-publish","4":"has-post-thumbnail","6":"product_cat-by-industry","7":"product_cat-custom-perfume-boxes-by-industry","8":"product_cat-folding-cartons","9":"product_cat-paper-box-style","10":"product_tag-paper-box-manufacturer","11":"product_tag-perfume-card-box","12":"product_tag-wholesale-packaging-box","14":"first","15":"instock","16":"shipping-taxable","17":"product-type-grouped"},"_links":{"self":[{"href":"https:\/\/zojopackaging.com\/de\/wp-json\/wp\/v2\/product\/2978","targetHints":{"allow":["GET"]}}],"collection":[{"href":"https:\/\/zojopackaging.com\/de\/wp-json\/wp\/v2\/product"}],"about":[{"href":"https:\/\/zojopackaging.com\/de\/wp-json\/wp\/v2\/types\/product"}],"version-history":[{"count":2,"href":"https:\/\/zojopackaging.com\/de\/wp-json\/wp\/v2\/product\/2978\/revisions"}],"predecessor-version":[{"id":8635,"href":"https:\/\/zojopackaging.com\/de\/wp-json\/wp\/v2\/product\/2978\/revisions\/8635"}],"wp:featuredmedia":[{"embeddable":true,"href":"https:\/\/zojopackaging.com\/de\/wp-json\/wp\/v2\/media\/2983"}],"wp:attachment":[{"href":"https:\/\/zojopackaging.com\/de\/wp-json\/wp\/v2\/media?parent=2978"}],"wp:term":[{"taxonomy":"product_brand","embeddable":true,"href":"https:\/\/zojopackaging.com\/de\/wp-json\/wp\/v2\/product_brand?post=2978"},{"taxonomy":"product_cat","embeddable":true,"href":"https:\/\/zojopackaging.com\/de\/wp-json\/wp\/v2\/product_cat?post=2978"},{"taxonomy":"product_tag","embeddable":true,"href":"https:\/\/zojopackaging.com\/de\/wp-json\/wp\/v2\/product_tag?post=2978"}],"curies":[{"name":"wp","href":"https:\/\/api.w.org\/{rel}","templated":true}]}}