{"id":2998,"date":"2024-03-14T11:21:56","date_gmt":"2024-03-14T03:21:56","guid":{"rendered":"https:\/\/zojopackaging.com\/?post_type=product&#038;p=2998"},"modified":"2025-03-29T18:02:58","modified_gmt":"2025-03-29T10:02:58","slug":"folding-card-paper-perfume-boxes","status":"publish","type":"product","link":"https:\/\/zojopackaging.com\/de\/product\/folding-card-paper-perfume-boxes\/","title":{"rendered":"Benutzerdefinierte Faltkarton Boxen Parf\u00fcm Boxen Gro\u00dfhandel"},"content":{"rendered":"<h1>Benutzerdefinierte Faltkarton Boxen Parf\u00fcm Boxen Gro\u00dfhandel<\/h1>\n<ul>\n<li>Zojoprint Packagings ist in der Lage, ALLES f\u00fcr Ihre Verpackung herzustellen! Kostenloses Blanko-Muster!<\/li>\n<li>100% recyceltes Papier Material f\u00fcr Luxus Papier Geschenkbox<\/li>\n<li>Zojoprint Packaging verf\u00fcgt \u00fcber eine 7000 Quadratmeter gro\u00dfe Fabrik mit einer Produktionskapazit\u00e4t von 25000 St\u00fcck pro Woche.<\/li>\n<li>Schnelle Lieferung.<\/li>\n<li>Kostenloses Design, kostenloses Muster.<\/li>\n<li>Gro\u00dfes und starkes Verpackungsdesign, um Kosten f\u00fcr Sie zu sparen.<\/li>\n<\/ul>\n<h1><strong>Beschreibung der Produkte:<\/strong><\/h1>\n<table border=\"1\" cellspacing=\"1\" cellpadding=\"1\">\n<tbody>\n<tr>\n<td>Material-Optionen<\/td>\n<td>1,5-3mm grauer Karton, 128gsm-157gsm Kunstdruckpapier, 210gsm-400gsm wei\u00dfes Kartonpapier oder kundenspezifisch nach Ihren W\u00fcnschen<\/td>\n<\/tr>\n<tr>\n<td>Muster<\/td>\n<td>Ja<\/td>\n<\/tr>\n<tr>\n<td>Zubeh\u00f6r-Optionen<\/td>\n<td>PVC\/PET-Fenster, Farbband, Magnet oder nach Ihrer Bestellung<\/td>\n<\/tr>\n<tr>\n<td>Farbe<\/td>\n<td>Golden\/Rot\/Schwarz\/Rosa....\/Angepasst<\/td>\n<\/tr>\n<tr>\n<td>OEM &amp; ODM<\/td>\n<td>Verf\u00fcgbar<\/td>\n<\/tr>\n<tr>\n<td>Logo&amp;Oberfl\u00e4chenveredelung<\/td>\n<td>Siebdruck, Hei\u00dfpr\u00e4gung, Farbmalerei, Pinselmalerei, Matt\/Glanz-Laminierung usw.<\/td>\n<\/tr>\n<tr>\n<td>Verwendung<\/td>\n<td>Parf\u00fcm, Hautpflege, pers\u00f6nliche Gesundheitspflege, Geschenkverpackungen usw.<\/td>\n<\/tr>\n<tr>\n<td>Drucken<\/td>\n<td>CMYK-Vollfarb-Offsetdruck, jede PMS-Farbe<\/td>\n<\/tr>\n<tr>\n<td>Preis ca.<\/td>\n<td>Verhandlung<\/td>\n<\/tr>\n<tr>\n<td><strong>MOQ<\/strong><\/td>\n<td>1000St\u00fcck<\/td>\n<\/tr>\n<tr>\n<td>Zahlungsfrist<\/td>\n<td>30%deposit by T\/T Before Production,70% Balance Before Shipment<\/td>\n<\/tr>\n<tr>\n<td>Versand<\/td>\n<td>per See- oder Luftexpress wie DHL, UPS, Aramex, TNT, FedEx...<\/td>\n<\/tr>\n<tr>\n<td>Probezeit<\/td>\n<td>7 Arbeitstage, wenn Sie Ihr Logo anpassen m\u00f6chten, 3 Arbeitstage f\u00fcr unsere vorhandenen Muster als Referenz<\/td>\n<\/tr>\n<tr>\n<td>Produktionszeit<\/td>\n<td>20 Arbeitstage<\/td>\n<\/tr>\n<tr>\n<td>\u00a0Verpacken<\/td>\n<td>Standard-Exportkarton oder nach Kundenwunsch<\/td>\n<\/tr>\n<\/tbody>\n<\/table>\n<h2>Personalisierung Parf\u00fcmverpackung Boxen Schritte<\/h2>\n<p>Wir von Zojoprint haben uns auf individuelle Parf\u00fcmverpackungen spezialisiert. Wir helfen bei der Gestaltung, der Auswahl von Schachtelformen, der Materialauswahl, der Herstellung und der Erstellung von Mustern. Au\u00dferdem helfen wir bei der Verwaltung des Herstellungsprozesses bis hin zum Versand.<\/p>\n<h3><\/h3>\n<h3>Schritt 1: W\u00e4hlen Sie den richtigen Boxenstil f\u00fcr Ihre Bed\u00fcrfnisse<\/h3>\n<p>Die Wahl des richtigen Schachteldesigns ist entscheidend, um sicherzustellen, dass Ihre Verpackung Ihren spezifischen Anforderungen entspricht und Ihre Produkte wirkungsvoll in Szene setzt. Bei Zojoprint bieten wir eine breite Palette von Schachtelformen an, von schlanken und modernen Designs bis hin zu klassischen und eleganten Optionen. Ganz gleich, ob Sie einen schlichten und minimalistischen Look oder einen aufw\u00e4ndigeren und dekorativen Stil bevorzugen, wir haben den perfekten Verpackungsstil, der Ihre Marke erg\u00e4nzt und Ihre Produktpr\u00e4sentation aufwertet. Unser Team hilft Ihnen, den idealen Schachtelstil zu finden, der nicht nur die Identit\u00e4t Ihrer Marke widerspiegelt, sondern auch praktische Funktionalit\u00e4t f\u00fcr Ihre Verpackungsanforderungen bietet.<\/p>\n<p><img fetchpriority=\"high\" decoding=\"async\" class=\"alignnone wp-image-3830 lazyloaded\" src=\"https:\/\/packsolo.com\/wp-content\/uploads\/2024\/04\/boxes-styles.jpg\" alt=\"benutzerdefinierte Boxen Stile\" width=\"1000\" height=\"1527\" data-src=\"https:\/\/packsolo.com\/wp-content\/uploads\/2024\/04\/boxes-styles.jpg\" data- title=\"\"><\/p>\n<h3><\/h3>\n<h3>Schritt 2: W\u00e4hlen Sie Ihre bevorzugten Handwerke f\u00fcr die Anpassung Ihrer Verpackung<\/h3>\n<p>Die Auswahl des von Ihnen bevorzugten Handwerks ist ein wichtiger Schritt bei der Anpassung Ihrer Verpackung an die Identit\u00e4t Ihrer Marke und die Ansprache Ihres Zielpublikums. Bei Zojoprint bieten wir eine Vielzahl von Veredelungsm\u00f6glichkeiten an, um Ihrer Verpackung einzigartige und auff\u00e4llige Elemente hinzuzuf\u00fcgen. Ganz gleich, ob Sie sich f\u00fcr Pr\u00e4gung, Folierung, Spot-UV oder andere Spezialtechniken interessieren, wir verf\u00fcgen \u00fcber das Fachwissen und die F\u00e4higkeiten, um Ihre Vision zum Leben zu erwecken. Unser Team arbeitet eng mit Ihnen zusammen, um Ihre Anforderungen zu verstehen und die besten Verarbeitungsoptionen zu empfehlen, um das gew\u00fcnschte Aussehen und die gew\u00fcnschte Haptik f\u00fcr Ihre Verpackung zu erreichen. Ob Sie Ihrer Verpackung mit einer Folienpr\u00e4gung einen Hauch von Luxus verleihen oder mit einer Pr\u00e4gung Textur und Tiefe erzeugen, unsere Veredelungen verbessern die Gesamt\u00e4sthetik und Attraktivit\u00e4t Ihrer individuellen Verpackung.<\/p>\n<p><img decoding=\"async\" class=\"alignnone wp-image-3827 lazyloaded\" src=\"https:\/\/packsolo.com\/wp-content\/uploads\/2024\/04\/logo-effect.jpg\" alt=\"benutzerdefinierte Boxen Handwerk\" width=\"1000\" height=\"529\" data-src=\"https:\/\/packsolo.com\/wp-content\/uploads\/2024\/04\/logo-effect.jpg\" data- title=\"\"><\/p>\n<h3><\/h3>\n<h3>Schritt 3: W\u00e4hlen Sie das richtige Papiermaterial f\u00fcr Ihre individuelle Verpackung<\/h3>\n<p>Die Wahl des richtigen Papiermaterials ist entscheidend f\u00fcr die Gestaltung individueller Verpackungen, die nicht nur gut aussehen, sondern auch langlebig und funktional sind. Bei Zojoprint bieten wir eine breite Palette von Papiermaterialien an, die Ihren speziellen Bed\u00fcrfnissen und Vorlieben entsprechen. Ganz gleich, ob Sie nach umweltfreundlichen Optionen wie Recycling-Papier oder nach luxuri\u00f6sen Veredelungen mit Spezialpapieren suchen, bei uns werden Sie f\u00fcndig. Unsere Experten beraten Sie bei der Auswahl des idealen Papiermaterials, das zum Image Ihrer Marke passt, Ihre Produktpr\u00e4sentation aufwertet und Ihren Budgetvorstellungen entspricht. Mit unserem Engagement f\u00fcr Qualit\u00e4t und Nachhaltigkeit k\u00f6nnen Sie darauf vertrauen, dass wir Verpackungsl\u00f6sungen liefern, die einen bleibenden Eindruck hinterlassen und gleichzeitig die Umweltbelastung minimieren.<\/p>\n<p><img decoding=\"async\" class=\"alignnone wp-image-3828 lazyloaded\" src=\"https:\/\/packsolo.com\/wp-content\/uploads\/2024\/04\/paper-material.jpg\" alt=\"benutzerdefinierte Boxen Material\" width=\"1000\" height=\"654\" data-src=\"https:\/\/packsolo.com\/wp-content\/uploads\/2024\/04\/paper-material.jpg\" data- title=\"\"><\/p>\n<h3><\/h3>\n<h3>Schritt 4: Design und Produktion Ihrer individuellen Verpackung<\/h3>\n<p>In der Design- und Produktionsphase Ihrer individuellen Verpackung mit Zojoprint arbeitet unser Team eng mit Ihnen zusammen, um Ihre Visionen zu verwirklichen. Wir beginnen damit, Ihre Ideen und Anforderungen in innovative Designs zu \u00fcbersetzen, die das Wesen Ihrer Marke und Ihres Produkts einfangen. Unsere Designer setzen ihr Fachwissen ein, um visuell ansprechende und funktionale Verpackungsl\u00f6sungen zu entwerfen, die auf Ihre Spezifikationen zugeschnitten sind.<\/p>\n<p>Sobald das Design fertiggestellt ist, tritt unser Produktionsteam in Aktion und nutzt modernste Technologie und hochwertige Materialien, um Ihre individuelle Verpackung mit Pr\u00e4zision und Liebe zum Detail herzustellen. Ganz gleich, ob Sie einen aufw\u00e4ndigen Druck, eine Pr\u00e4gung oder eine spezielle Veredelung ben\u00f6tigen, wir sorgen daf\u00fcr, dass jeder Aspekt Ihrer Verpackung die Qualit\u00e4t und Professionalit\u00e4t Ihrer Marke widerspiegelt.<\/p>\n<p>W\u00e4hrend des gesamten Design- und Produktionsprozesses ist es unser Ziel, Ihre Erwartungen zu \u00fcbertreffen und Verpackungen zu liefern, die nicht nur Ihre Produkte sch\u00f6n pr\u00e4sentieren, sondern auch das Image Ihrer Marke und das Kundenerlebnis verbessern.<\/p>\n<p><img loading=\"lazy\" decoding=\"async\" class=\"alignnone wp-image-3829 lazyloaded\" src=\"https:\/\/packsolo.com\/wp-content\/uploads\/2024\/04\/design-production.jpg\" alt=\"Prozess der kundenspezifischen Boxen\" width=\"1000\" height=\"659\" data-src=\"https:\/\/packsolo.com\/wp-content\/uploads\/2024\/04\/design-production.jpg\" data- title=\"\"><\/p>\n<p>&nbsp;<\/p>\n<h2>Warum Zojoprint w\u00e4hlen<\/h2>\n<p>Die Wahl von Zojoprint f\u00fcr Ihren individuellen Verpackungsbedarf bietet zahlreiche Vorteile.<\/p>\n<p><img loading=\"lazy\" decoding=\"async\" class=\"alignnone wp-image-3837 lazyloaded\" src=\"https:\/\/packsolo.com\/wp-content\/uploads\/2024\/04\/packsolo-factory-1500x800-2.jpg\" alt=\"PackSolo Fabrik\" width=\"1000\" height=\"533\" data-src=\"https:\/\/packsolo.com\/wp-content\/uploads\/2024\/04\/packsolo-factory-1500x800-2.jpg\" data- title=\"\"><\/p>\n<p><img loading=\"lazy\" decoding=\"async\" class=\"alignnone wp-image-3854 lazyloaded\" src=\"https:\/\/packsolo.com\/wp-content\/uploads\/2024\/04\/why-packsolo01.jpg\" alt=\"Warum PackSolo w\u00e4hlen\" width=\"1000\" height=\"333\" data-src=\"https:\/\/packsolo.com\/wp-content\/uploads\/2024\/04\/why-packsolo01.jpg\" data- title=\"\"><\/p>\n<h3><\/h3>\n<h3>Fabrik Produktionsf\u00e4higkeit<\/h3>\n<p>Unser Werk verf\u00fcgt \u00fcber au\u00dfergew\u00f6hnliche Produktionskapazit\u00e4ten, die mit modernster Technologie und qualifiziertem Personal ausgestattet sind, um auf effiziente Weise hochwertige kundenspezifische Verpackungsl\u00f6sungen herzustellen, die Ihren Spezifikationen entsprechen und die Branchenstandards \u00fcbertreffen.<\/p>\n<p><img loading=\"lazy\" decoding=\"async\" class=\"alignnone wp-image-3844 lazyloaded\" src=\"https:\/\/packsolo.com\/wp-content\/uploads\/2024\/04\/factory-product-ability.jpg\" alt=\"Produktionskapazit\u00e4t der Fabrik\" width=\"1000\" height=\"763\" data-src=\"https:\/\/packsolo.com\/wp-content\/uploads\/2024\/04\/factory-product-ability.jpg\" data- title=\"\"><\/p>\n<h3>Unsere Zertifizierungen<\/h3>\n<p>Zojoprint ist stolz auf seine Zertifizierungen, die sicherstellen, dass unsere Verpackungsl\u00f6sungen die h\u00f6chsten Standards in Bezug auf Qualit\u00e4t, Nachhaltigkeit und Sicherheit erf\u00fcllen. Wir sind unter anderem nach ISO 9001 f\u00fcr Qualit\u00e4tsmanagement und FSC f\u00fcr nachhaltige Beschaffung zertifiziert. Diese Zertifizierungen spiegeln unser Engagement f\u00fcr hervorragende Leistungen wider und geben unseren Kunden die Gewissheit, dass sie erstklassige Verpackungsl\u00f6sungen erhalten, die umweltvertr\u00e4glich sind und den besten Praktiken der Branche entsprechen.<\/p>\n<p><img loading=\"lazy\" decoding=\"async\" class=\"alignnone wp-image-7289\" src=\"https:\/\/zojopackaging.com\/wp-content\/uploads\/2024\/07\/Zojoprint-Packaging-Box.jpg\" alt=\"Zojoprint Verpackungsbox\" width=\"1057\" height=\"408\" title=\"\" srcset=\"https:\/\/zojopackaging.com\/wp-content\/uploads\/2024\/07\/Zojoprint-Packaging-Box.jpg 1500w, https:\/\/zojopackaging.com\/wp-content\/uploads\/2024\/07\/Zojoprint-Packaging-Box-300x116.jpg 300w, https:\/\/zojopackaging.com\/wp-content\/uploads\/2024\/07\/Zojoprint-Packaging-Box-1030x398.jpg 1030w, https:\/\/zojopackaging.com\/wp-content\/uploads\/2024\/07\/Zojoprint-Packaging-Box-768x296.jpg 768w, https:\/\/zojopackaging.com\/wp-content\/uploads\/2024\/07\/Zojoprint-Packaging-Box-600x232.jpg 600w\" sizes=\"(max-width: 1057px) 100vw, 1057px\" \/><\/p>\n<p>&nbsp;<\/p>\n<h3>Unser Partner<\/h3>\n<p>Zojoprint ist stolz auf die Zusammenarbeit mit f\u00fchrenden Marken wie Lidl, Walmart und Disneyland. Diese Partnerschaften zeigen, dass wir in der Lage sind, erstklassige Verpackungsl\u00f6sungen zu liefern, denen renommierte Unternehmen aus dem Einzelhandel und der Unterhaltungsbranche vertrauen. Die Zusammenarbeit mit diesen gesch\u00e4tzten Partnern spiegelt unser Engagement wider, qualitativ hochwertige, innovative und ma\u00dfgeschneiderte Verpackungen zu liefern, die den unterschiedlichen Anforderungen von Unternehmen aus verschiedenen Branchen gerecht werden.<\/p>\n<p><img loading=\"lazy\" decoding=\"async\" class=\"alignnone wp-image-3846 lazyloaded\" src=\"https:\/\/packsolo.com\/wp-content\/uploads\/2024\/04\/cooperate-brand.jpg\" alt=\"Partner\" width=\"1000\" height=\"333\" data-src=\"https:\/\/packsolo.com\/wp-content\/uploads\/2024\/04\/cooperate-brand.jpg\" data- title=\"\"><\/p>\n<h3><\/h3>\n<h3>Versand nach weltweit<\/h3>\n<p>Zojoprint versendet weltweit und garantiert eine schnelle und zuverl\u00e4ssige Lieferung Ihrer individuellen Verpackungsauftr\u00e4ge an jeden beliebigen Ort.<\/p>\n<p><img loading=\"lazy\" decoding=\"async\" class=\"alignnone wp-image-3838 lazyloaded\" src=\"https:\/\/packsolo.com\/wp-content\/uploads\/2024\/04\/ship-to-world.jpg\" alt=\"Schiff nach Welt\" width=\"1000\" height=\"740\" data-src=\"https:\/\/packsolo.com\/wp-content\/uploads\/2024\/04\/ship-to-world.jpg\" data- title=\"\"><\/p>\n<h3>Bestellvorgang<\/h3>\n<p>Fragen Sie uns nach Verpackungsdetails, erhalten Sie innerhalb von 24 Stunden ein Angebot, best\u00e4tigen Sie es mit einer Anzahlung, geben Sie das Muster frei und gehen Sie zur Produktion und Lieferung \u00fcber.<\/p>\n<p><img loading=\"lazy\" decoding=\"async\" class=\"alignnone wp-image-3847 lazyloaded\" src=\"https:\/\/packsolo.com\/wp-content\/uploads\/2024\/04\/order-process.jpg\" alt=\"Bestellvorgang\" width=\"1000\" height=\"512\" data-src=\"https:\/\/packsolo.com\/wp-content\/uploads\/2024\/04\/order-process.jpg\" data- title=\"\"><\/p>\n<p><a href=\"https:\/\/packsolo.com\/contact-us\/\" target=\"_blank\" rel=\"noopener\"><img loading=\"lazy\" decoding=\"async\" class=\"aligncenter wp-image-3836 size-full ls-is-cached lazyloaded\" src=\"https:\/\/packsolo.com\/wp-content\/uploads\/2024\/04\/click.jpg\" alt=\"\" width=\"750\" height=\"100\" data-src=\"https:\/\/packsolo.com\/wp-content\/uploads\/2024\/04\/click.jpg\" data- title=\"\"><\/a><\/p>\n<p>&nbsp;<\/p>\n<p>FAQ:<\/p>\n<p>1. F: Sind Sie eine Manufaktur oder ein Handelsunternehmen?<br \/>\nA: Wir sind eine 10+ Jahre alte Druckverpackungsmanufaktur in Shenzhen, China.<\/p>\n<p>2. F: Wie kann ich die Proben erhalten?<br \/>\nA: Wenn Sie einige Proben zu testen, sollten Sie f\u00fcr den Transport Fracht von Proben und unsere Probe Kosten zahlen, w\u00e4hrend die Probe Kosten erstattungsf\u00e4hig sein kann, nachdem Sie die Bestellung aufgeben. Auch kann es kostenlos sein, wenn es einfach zu produzieren ist.<\/p>\n<p>3. F: Wie lange kann ich erwarten, die Kosmetik-Verpackung Box Probe zu bekommen?<br \/>\nA: Die Muster sind in 3-7 Tagen versandfertig. Die Proben werden per Express verschickt und kommen in 3-5 Tagen an.<\/p>\n<p>4. F: K\u00f6nnen wir unser Logo oder unseren Firmennamen auf Ihre Produkte oder Verpackungen drucken lassen?<br \/>\nA: Sicher. Ihr Logo kann auf Ihren Produkten durch Hei\u00dfpr\u00e4gung, Druck, Pr\u00e4gung, UV-Beschichtung, Siebdruck oder Aufkleber angebracht werden.<\/p>\n<p>5. F: Wie kann ich bestellen?<\/p>\n<p>A: Bitte senden Sie uns Ihre Bestellung per E-Mail, oder Sie k\u00f6nnen uns bitten, Ihnen eine Performa-Rechnung f\u00fcr Ihre Bestellung zu schicken. Wir ben\u00f6tigen die folgenden Informationen f\u00fcr Ihre Bestellung.<\/p>\n<p>1) Produktinformation, Spezifikation (Gr\u00f6\u00dfe, Material, technologische und Verpackungsanforderungen usw.)<br \/>\n2) Erforderliche Lieferfrist<br \/>\n3) Versandinformationen - Name des Unternehmens, Anschrift, Telefon- und Faxnummer, Bestimmungshafen.<br \/>\n4) Kontaktangaben des Spediteurs, falls es in China welche gibt.<\/p>\n<div class=\"widget block block-static-block\">\n<div class=\"landing-page-section option-bottom\">\n<div class=\"custom-materials-tabs-content container container-adjustment\">\n<div class=\"custom-materials-tab-content active\">\n<div class=\"widget block block-static-block\">\n<p><!---end of option item--><\/p>\n<\/div>\n<\/div>\n<\/div>\n<\/div>\n<\/div>","protected":false},"excerpt":{"rendered":"<p>Wir sind spezialisiert auf ma\u00dfgeschneiderte Parf\u00fcmverpackungen. Wir helfen bei der Gestaltung, der Auswahl von Schachtelformen, der Materialauswahl, der Herstellung und der Erstellung von Mustern.<\/p>\n<p>Personalisierung: Kann benutzerdefinierte Gr\u00f6\u00dfe \/ Druck \/ Material \/ Verarbeitung \/ Form etc.<br \/>\nMaterialtyp: Umweltfreundlich, mit FSC\/ISO\/BSCI-Zertifizierung<br \/>\nProduktionszeit: Muster 1-3 Tage; Gro\u00dfserie 7-9 Tage<br \/>\nVersandzeit: Express 3-7 Tage; Luft 12-16 Tage; Boot 25-30 Tage\uff08Die verschiedenen L\u00e4nder haben unterschiedliche Zeiten)<\/p>\n<p>Preis:Kontaktieren Sie uns, um eine Anfrage zu senden!<\/p>","protected":false},"featured_media":3004,"template":"","meta":[],"product_brand":[],"product_cat":[30,417,430,31],"product_tag":[817,915,916],"class_list":{"0":"post-2998","1":"product","2":"type-product","3":"status-publish","4":"has-post-thumbnail","6":"product_cat-by-industry","7":"product_cat-custom-perfume-boxes-by-industry","8":"product_cat-folding-cartons","9":"product_cat-paper-box-style","10":"product_tag-custom-box","11":"product_tag-folding-carton-wholesale","12":"product_tag-perfume-box-whosale","14":"first","15":"instock","16":"shipping-taxable","17":"product-type-grouped"},"_links":{"self":[{"href":"https:\/\/zojopackaging.com\/de\/wp-json\/wp\/v2\/product\/2998","targetHints":{"allow":["GET"]}}],"collection":[{"href":"https:\/\/zojopackaging.com\/de\/wp-json\/wp\/v2\/product"}],"about":[{"href":"https:\/\/zojopackaging.com\/de\/wp-json\/wp\/v2\/types\/product"}],"version-history":[{"count":2,"href":"https:\/\/zojopackaging.com\/de\/wp-json\/wp\/v2\/product\/2998\/revisions"}],"predecessor-version":[{"id":8645,"href":"https:\/\/zojopackaging.com\/de\/wp-json\/wp\/v2\/product\/2998\/revisions\/8645"}],"wp:featuredmedia":[{"embeddable":true,"href":"https:\/\/zojopackaging.com\/de\/wp-json\/wp\/v2\/media\/3004"}],"wp:attachment":[{"href":"https:\/\/zojopackaging.com\/de\/wp-json\/wp\/v2\/media?parent=2998"}],"wp:term":[{"taxonomy":"product_brand","embeddable":true,"href":"https:\/\/zojopackaging.com\/de\/wp-json\/wp\/v2\/product_brand?post=2998"},{"taxonomy":"product_cat","embeddable":true,"href":"https:\/\/zojopackaging.com\/de\/wp-json\/wp\/v2\/product_cat?post=2998"},{"taxonomy":"product_tag","embeddable":true,"href":"https:\/\/zojopackaging.com\/de\/wp-json\/wp\/v2\/product_tag?post=2998"}],"curies":[{"name":"wp","href":"https:\/\/api.w.org\/{rel}","templated":true}]}}