{"id":3012,"date":"2024-03-14T11:39:21","date_gmt":"2024-03-14T03:39:21","guid":{"rendered":"https:\/\/zojopackaging.com\/?post_type=product&#038;p=3012"},"modified":"2025-03-29T18:24:28","modified_gmt":"2025-03-29T10:24:28","slug":"custom-printing-logo-perfume-paper-boxes","status":"publish","type":"product","link":"https:\/\/zojopackaging.com\/de\/product\/custom-printing-logo-perfume-paper-boxes\/","title":{"rendered":"Kundenspezifische Luxus-Parf\u00fcm-Faltschachteln aus Silberkarton"},"content":{"rendered":"<h1>Kundenspezifische Luxus-Parf\u00fcm-Faltschachteln aus Silberkarton<\/h1>\n<p>Wir \u00fcbernehmen das Design, den Druck und die Produktion von Luxus-Parf\u00fcmschachteln f\u00fcr alle OEM- und ODM-Projekte.<\/p>\n<h1>Liefern Sie Ihr Produkt in hochwertigen, individuell gebrandeten Boxen<\/h1>\n<p>Die Verpackung von Parf\u00fcms in Hartkartonagen ist eine ideale Option, um das Aussehen Ihres Produkts aufzuwerten. Wir bem\u00fchen uns, qualitativ hochwertige und luxuri\u00f6se Schachteln zu produzieren, um Ihrer Marke ein dauerhaftes Image zu verleihen.<\/p>\n<p>Neben der Herstellung von Schachteln f\u00fcr unsere Kunden helfen wir ihnen mit passenden Etiketten, um Ihrem Produkt ein professionelles Aussehen zu verleihen. Unabh\u00e4ngig von der Form der Parf\u00fcmflaschen, die Sie herstellen, k\u00f6nnen wir ma\u00dfgeschneiderte Schachteln f\u00fcr sie alle erstellen.<\/p>\n<h2>Ma\u00dfgeschneiderte Verpackungsboxen f\u00fcr mehr Marken, um eine starke Wirkung im Regal zu erzielen<\/h2>\n<p>Mit unserer langj\u00e4hrigen Erfahrung in der Branche stellen wir hochwertige kundenspezifische Schachteln f\u00fcr eine Vielzahl von Produkten her. Wir bieten kundenspezifische Designdienstleistungen an und lassen Ihnen alle Freiheiten, so kreativ wie m\u00f6glich zu sein. Ihre Marke und Ihre Kunden verdienen nur das Beste, und deshalb engagieren wir uns daf\u00fcr, Verpackungen f\u00fcr unsere Kunden zum Leben zu erwecken. Unsere stabilen Schachteln tragen dazu bei, die Gro\u00dfartigkeit eines Parf\u00fcms oder eines anderen Produkts zu pr\u00e4sentieren, und bieten ein trendiges und luxuri\u00f6ses Gef\u00fchl sowie einen hervorragenden Schutz.<\/p>\n<ul>\n<li>f\u00fcr Schmuckverpackungen<\/li>\n<li>f\u00fcr Kosmetikverpackungen<\/li>\n<li>f\u00fcr Geschenkverpackungen<\/li>\n<li>f\u00fcr Luxusmodeverpackungen<\/li>\n<\/ul>\n<h1><strong>Spezifikation<\/strong><\/h1>\n<div class=\"widget block block-static-block\">\n<div class=\"landing-page-section option-bottom\">\n<div class=\"custom-materials-tabs-content container container-adjustment\">\n<div class=\"custom-materials-tab-content active\">\n<div class=\"widget block block-static-block\">\n<div class=\"options-items\">\n<div class=\"flex-grid-row-option\">\n<div class=\"flex-grid-item-option\">\n<div class=\"material-box\">\n<div class=\"material-des\">\n<table width=\"1070\">\n<tbody>\n<tr>\n<td width=\"373\">Abmessungen<\/td>\n<td width=\"373\">Alle kundenspezifischen Gr\u00f6\u00dfen und Formen<\/td>\n<\/tr>\n<tr>\n<td width=\"373\">MOQ<\/td>\n<td width=\"373\">500St\u00fcck<\/td>\n<\/tr>\n<tr>\n<td width=\"373\">Probezeit<\/td>\n<td width=\"373\">3-5 Tage<\/td>\n<\/tr>\n<tr>\n<td width=\"373\">Standardverfahren<\/td>\n<td width=\"373\">Stanzen, Kleben, Rillen, Perforieren<\/td>\n<\/tr>\n<tr>\n<td width=\"373\">Drucken<\/td>\n<td width=\"373\">Cmyk, pms, kein Druck<\/td>\n<\/tr>\n<tr>\n<td width=\"373\">Option Material<\/td>\n<td width=\"373\">Wei\u00dfes Kartonpapier, gestrichenes Papier, Kunstdruckpapier, Kraftpapier, Elfenbeinkarton, Duplexkarton, Spezialpapier, usw.<\/td>\n<\/tr>\n<tr>\n<td width=\"373\">Oberfl\u00e4chenveredelung<\/td>\n<td width=\"373\">Matt\/Glanz-Laminierung, Spot-UV-Pr\u00e4gung, Pr\u00e4gung, Folienpr\u00e4gung usw.<\/td>\n<\/tr>\n<tr>\n<td width=\"373\">Industrie Verwendung<\/td>\n<td width=\"373\">Kosmetika, Parf\u00fcm, Bekleidung, Schmuck, Tabak, Lebensmittel, Geschenkartikel und Waren des t\u00e4glichen Bedarfs,<\/td>\n<\/tr>\n<tr>\n<td width=\"373\">Qualit\u00e4tskontrolle<\/td>\n<td width=\"373\">Fortschrittliche Ausr\u00fcstung und ein erfahrenes QC-Team \u00fcberpr\u00fcfen Material, Halbfertig- und Fertigprodukte streng in jedem Schritt, bevor<\/td>\n<\/tr>\n<tr>\n<td width=\"373\">Preis<\/td>\n<td width=\"373\">Der Endpreis wird auf Ihr Produkt und die von Ihnen ben\u00f6tigte Menge zugeschnitten<\/td>\n<\/tr>\n<tr>\n<td width=\"373\">Bearbeitungszeit<\/td>\n<td width=\"373\">7-14 Werktage, Eile<\/td>\n<\/tr>\n<tr>\n<td width=\"373\">Papierbestand<\/td>\n<td width=\"373\">10pt bis 28pt (60lb bis 400lb) umweltfreundliches Kraftpapier, E-Welle, Buxkarton, Cardstock<\/td>\n<\/tr>\n<tr>\n<td width=\"373\">Format der Druckvorlage<\/td>\n<td width=\"373\">JPG, PDF, AI, CDR, EPS, GIF....<\/td>\n<\/tr>\n<tr>\n<td width=\"373\">Zubeh\u00f6r<\/td>\n<td width=\"373\">Magnet, Farbband, EVA-Form, Kunststoffschale, Schwamm, PVC\/PET\/PP-Fenster,...<\/td>\n<\/tr>\n<tr>\n<td width=\"373\">Zahlungsfrist<\/td>\n<td width=\"373\">T\/T, Western Union, Paypal, 30% Anzahlung und 70% Restbetrag vor Versand.<\/td>\n<\/tr>\n<\/tbody>\n<\/table>\n<\/div>\n<\/div>\n<\/div>\n<\/div>\n<\/div>\n<\/div>\n<\/div>\n<\/div>\n<\/div>\n<\/div>\n<div class=\"widget block block-static-block\">\n<div class=\"landing-page-section option-bottom\">\n<div class=\"custom-materials-tabs-content container container-adjustment\">\n<div class=\"custom-materials-tab-content active\">\n<div class=\"widget block block-static-block\">\n<div class=\"options-items\">\n<div class=\"flex-grid-row-option\">\n<div class=\"flex-grid-item-option\">\n<div class=\"material-box\">\n<p>&nbsp;<\/p>\n<\/div>\n<\/div>\n<\/div>\n<\/div>\n<p><!---end of option item--><\/p>\n<\/div>\n<\/div>\n<\/div>\n<\/div>\n<\/div>","protected":false},"excerpt":{"rendered":"<p>Die silbernen Parf\u00fcmschachteln aus Pappe k\u00f6nnen Ihr Markendesign gl\u00e4nzend und gl\u00e4nzend darstellen. Fangen Sie die Augen der Kunden auf einen Blick!<\/p>\n<p>Personalisierung: Kann benutzerdefinierte Gr\u00f6\u00dfe \/ Druck \/ Material \/ Verarbeitung \/ Form etc.<br \/>\nMaterialtyp: Umweltfreundlich, mit FSC\/ISO\/BSCI-Zertifizierung<br \/>\nProduktionszeit: Muster 1-3 Tage; Gro\u00dfserie 7-9 Tage<br \/>\nVersandzeit: Express 3-7 Tage; Luft 12-16 Tage; Boot 25-30 Tage\uff08Die verschiedenen L\u00e4nder haben unterschiedliche Zeiten)<\/p>\n<p>Preis:Kontaktieren Sie uns, um eine Anfrage zu senden!<\/p>","protected":false},"featured_media":3016,"template":"","meta":[],"product_brand":[],"product_cat":[30,417,430,31],"product_tag":[757,919,920],"class_list":{"0":"post-3012","1":"product","2":"type-product","3":"status-publish","4":"has-post-thumbnail","6":"product_cat-by-industry","7":"product_cat-custom-perfume-boxes-by-industry","8":"product_cat-folding-cartons","9":"product_cat-paper-box-style","10":"product_tag-custom-boxes","11":"product_tag-luxury-parfum-boxes","12":"product_tag-silver-cardboard-paper-boxes","14":"first","15":"instock","16":"shipping-taxable","17":"product-type-grouped"},"_links":{"self":[{"href":"https:\/\/zojopackaging.com\/de\/wp-json\/wp\/v2\/product\/3012","targetHints":{"allow":["GET"]}}],"collection":[{"href":"https:\/\/zojopackaging.com\/de\/wp-json\/wp\/v2\/product"}],"about":[{"href":"https:\/\/zojopackaging.com\/de\/wp-json\/wp\/v2\/types\/product"}],"version-history":[{"count":2,"href":"https:\/\/zojopackaging.com\/de\/wp-json\/wp\/v2\/product\/3012\/revisions"}],"predecessor-version":[{"id":8648,"href":"https:\/\/zojopackaging.com\/de\/wp-json\/wp\/v2\/product\/3012\/revisions\/8648"}],"wp:featuredmedia":[{"embeddable":true,"href":"https:\/\/zojopackaging.com\/de\/wp-json\/wp\/v2\/media\/3016"}],"wp:attachment":[{"href":"https:\/\/zojopackaging.com\/de\/wp-json\/wp\/v2\/media?parent=3012"}],"wp:term":[{"taxonomy":"product_brand","embeddable":true,"href":"https:\/\/zojopackaging.com\/de\/wp-json\/wp\/v2\/product_brand?post=3012"},{"taxonomy":"product_cat","embeddable":true,"href":"https:\/\/zojopackaging.com\/de\/wp-json\/wp\/v2\/product_cat?post=3012"},{"taxonomy":"product_tag","embeddable":true,"href":"https:\/\/zojopackaging.com\/de\/wp-json\/wp\/v2\/product_tag?post=3012"}],"curies":[{"name":"wp","href":"https:\/\/api.w.org\/{rel}","templated":true}]}}