{"id":3019,"date":"2024-03-14T11:43:07","date_gmt":"2024-03-14T03:43:07","guid":{"rendered":"https:\/\/zojopackaging.com\/?post_type=product&#038;p=3019"},"modified":"2025-03-29T19:08:43","modified_gmt":"2025-03-29T11:08:43","slug":"perfume-cosmetic-packaging-box","status":"publish","type":"product","link":"https:\/\/zojopackaging.com\/de\/product\/perfume-cosmetic-packaging-box\/","title":{"rendered":"Kundenspezifische Parf\u00fcm Silber Pappschachtel Hersteller"},"content":{"rendered":"<h1>Parf\u00fcm Kosmetische Verpackung Box<\/h1>\n<p>Die Parf\u00fcm-Kosmetik-Verpackungsschachtel ist eine luxuri\u00f6se und elegante Verpackungsl\u00f6sung, die die Pr\u00e4sentation von Parf\u00fcms und Kosmetika verbessert. Die Box zeichnet sich durch ein schlankes und robustes Design aus und ist mit einem Band zum einfachen \u00d6ffnen und Schlie\u00dfen versehen. Sie eignet sich perfekt zum Verschenken oder Pr\u00e4sentieren von hochwertigen Parf\u00fcm- und Kosmetikprodukten. Die hochwertigen Materialien der Verpackungsbox bieten Schutz und sorgen daf\u00fcr, dass die Produkte im Inneren sicher und gesch\u00fctzt sind. Werten Sie die Pr\u00e4sentation Ihrer Produkte mit der Parf\u00fcm-Kosmetik-Verpackungsbox mit Schleife auf.<\/p>\n<h1><strong>Spezifikation<\/strong><\/h1>\n<div class=\"widget block block-static-block\">\n<div class=\"landing-page-section option-bottom\">\n<div class=\"custom-materials-tabs-content container container-adjustment\">\n<div class=\"custom-materials-tab-content active\">\n<div class=\"widget block block-static-block\">\n<div class=\"options-items\">\n<div class=\"flex-grid-row-option\">\n<div class=\"flex-grid-item-option\">\n<div class=\"material-box\">\n<div class=\"material-des\">\n<table width=\"1070\">\n<tbody>\n<tr>\n<td width=\"373\">Abmessungen<\/td>\n<td width=\"373\">Alle kundenspezifischen Gr\u00f6\u00dfen und Formen<\/td>\n<\/tr>\n<tr>\n<td width=\"373\">MOQ<\/td>\n<td width=\"373\">500St\u00fcck<\/td>\n<\/tr>\n<tr>\n<td width=\"373\">Probezeit<\/td>\n<td width=\"373\">3-5 Tage<\/td>\n<\/tr>\n<tr>\n<td width=\"373\">Standardverfahren<\/td>\n<td width=\"373\">Stanzen, Kleben, Rillen, Perforieren<\/td>\n<\/tr>\n<tr>\n<td width=\"373\">Drucken<\/td>\n<td width=\"373\">Cmyk, pms, kein Druck<\/td>\n<\/tr>\n<tr>\n<td width=\"373\">Option Material<\/td>\n<td width=\"373\">Wei\u00dfes Kartonpapier, gestrichenes Papier, Kunstdruckpapier, Kraftpapier, Elfenbeinkarton, Duplexkarton, Spezialpapier, usw.<\/td>\n<\/tr>\n<tr>\n<td width=\"373\">Oberfl\u00e4chenveredelung<\/td>\n<td width=\"373\">Matt\/Glanz-Laminierung, Spot-UV-Pr\u00e4gung, Pr\u00e4gung, Folienpr\u00e4gung usw.<\/td>\n<\/tr>\n<tr>\n<td width=\"373\">Industrie Verwendung<\/td>\n<td width=\"373\">Kosmetika, Parf\u00fcm, Bekleidung, Schmuck, Tabak, Lebensmittel, Geschenkartikel und Waren des t\u00e4glichen Bedarfs,<\/td>\n<\/tr>\n<tr>\n<td width=\"373\">Qualit\u00e4tskontrolle<\/td>\n<td width=\"373\">Fortschrittliche Ausr\u00fcstung und ein erfahrenes QC-Team \u00fcberpr\u00fcfen Material, Halbfertig- und Fertigprodukte streng in jedem Schritt, bevor<\/td>\n<\/tr>\n<tr>\n<td width=\"373\">Preis<\/td>\n<td width=\"373\">Der Endpreis wird auf Ihr Produkt und die von Ihnen ben\u00f6tigte Menge zugeschnitten<\/td>\n<\/tr>\n<tr>\n<td width=\"373\">Bearbeitungszeit<\/td>\n<td width=\"373\">7-14 Werktage, Eile<\/td>\n<\/tr>\n<tr>\n<td width=\"373\">Papierbestand<\/td>\n<td width=\"373\">10pt bis 28pt (60lb bis 400lb) umweltfreundliches Kraftpapier, E-Welle, Buxkarton, Cardstock<\/td>\n<\/tr>\n<tr>\n<td width=\"373\">Format der Druckvorlage<\/td>\n<td width=\"373\">JPG, PDF, AI, CDR, EPS, GIF....<\/td>\n<\/tr>\n<tr>\n<td width=\"373\">Zubeh\u00f6r<\/td>\n<td width=\"373\">Magnet, Farbband, EVA-Form, Kunststoffschale, Schwamm, PVC\/PET\/PP-Fenster,...<\/td>\n<\/tr>\n<tr>\n<td width=\"373\">Zahlungsfrist<\/td>\n<td width=\"373\">T\/T, Western Union, Paypal, 30% Anzahlung und 70% Restbetrag vor Versand.<\/td>\n<\/tr>\n<\/tbody>\n<\/table>\n<\/div>\n<\/div>\n<\/div>\n<\/div>\n<\/div>\n<\/div>\n<\/div>\n<\/div>\n<\/div>\n<\/div>\n<div class=\"widget block block-static-block\">\n<div class=\"landing-page-section option-bottom\">\n<div class=\"custom-materials-tabs-content container container-adjustment\">\n<div class=\"custom-materials-tab-content active\">\n<div class=\"widget block block-static-block\">\n<div class=\"options-items\">\n<div class=\"flex-grid-row-option\">\n<div class=\"flex-grid-item-option\">\n<div class=\"material-box\">\n<p>&nbsp;<\/p>\n<\/div>\n<\/div>\n<\/div>\n<\/div>\n<p><!---end of option item--><\/p>\n<\/div>\n<\/div>\n<\/div>\n<\/div>\n<\/div>","protected":false},"excerpt":{"rendered":"<p>Wir sind der f\u00fchrende Hersteller von speziellen Parf\u00fcmdosen. Diese sind von kundenspezifischen Gr\u00f6\u00dfen. Wir liefern diese Boxen an unsere Kunden in der EU, US AE etc.<\/p>\n<p>Personalisierung: Kann benutzerdefinierte Gr\u00f6\u00dfe \/ Druck \/ Material \/ Verarbeitung \/ Form etc.<br \/>\nMaterialtyp: Umweltfreundlich, mit FSC\/ISO\/BSCI-Zertifizierung<br \/>\nProduktionszeit: Muster 1-3 Tage; Gro\u00dfserie 7-9 Tage<br \/>\nVersandzeit: Express 3-7 Tage; Luft 12-16 Tage; Boot 25-30 Tage\uff08Die verschiedenen L\u00e4nder haben unterschiedliche Zeiten)<\/p>\n<p>Preis:Kontaktieren Sie uns, um eine Anfrage zu senden!<\/p>","protected":false},"featured_media":3026,"template":"","meta":[],"product_brand":[],"product_cat":[30,417,430,31],"product_tag":[934,337,942],"class_list":{"0":"post-3019","1":"product","2":"type-product","3":"status-publish","4":"has-post-thumbnail","6":"product_cat-by-industry","7":"product_cat-custom-perfume-boxes-by-industry","8":"product_cat-folding-cartons","9":"product_cat-paper-box-style","10":"product_tag-box-manufacturer","11":"product_tag-perfume-box","12":"product_tag-silver-cardboard-box-manufacturer","14":"first","15":"instock","16":"shipping-taxable","17":"product-type-grouped"},"_links":{"self":[{"href":"https:\/\/zojopackaging.com\/de\/wp-json\/wp\/v2\/product\/3019","targetHints":{"allow":["GET"]}}],"collection":[{"href":"https:\/\/zojopackaging.com\/de\/wp-json\/wp\/v2\/product"}],"about":[{"href":"https:\/\/zojopackaging.com\/de\/wp-json\/wp\/v2\/types\/product"}],"version-history":[{"count":2,"href":"https:\/\/zojopackaging.com\/de\/wp-json\/wp\/v2\/product\/3019\/revisions"}],"predecessor-version":[{"id":8674,"href":"https:\/\/zojopackaging.com\/de\/wp-json\/wp\/v2\/product\/3019\/revisions\/8674"}],"wp:featuredmedia":[{"embeddable":true,"href":"https:\/\/zojopackaging.com\/de\/wp-json\/wp\/v2\/media\/3026"}],"wp:attachment":[{"href":"https:\/\/zojopackaging.com\/de\/wp-json\/wp\/v2\/media?parent=3019"}],"wp:term":[{"taxonomy":"product_brand","embeddable":true,"href":"https:\/\/zojopackaging.com\/de\/wp-json\/wp\/v2\/product_brand?post=3019"},{"taxonomy":"product_cat","embeddable":true,"href":"https:\/\/zojopackaging.com\/de\/wp-json\/wp\/v2\/product_cat?post=3019"},{"taxonomy":"product_tag","embeddable":true,"href":"https:\/\/zojopackaging.com\/de\/wp-json\/wp\/v2\/product_tag?post=3019"}],"curies":[{"name":"wp","href":"https:\/\/api.w.org\/{rel}","templated":true}]}}