{"id":3045,"date":"2024-03-14T13:37:02","date_gmt":"2024-03-14T05:37:02","guid":{"rendered":"https:\/\/zojopackaging.com\/?post_type=product&#038;p=3045"},"modified":"2025-03-29T18:57:50","modified_gmt":"2025-03-29T10:57:50","slug":"custom-eco-friendly-cosmetics-box","status":"publish","type":"product","link":"https:\/\/zojopackaging.com\/de\/product\/custom-eco-friendly-cosmetics-box\/","title":{"rendered":"Benutzerdefinierte Spot UV Box gl\u00e4nzend Logo Faltschachtel Lieferant"},"content":{"rendered":"<h1>Benutzerdefinierte Spot UV Box gl\u00e4nzend Logo Faltschachtel Lieferant<\/h1>\n<p>Einer der aufstrebenden Sektoren ist heutzutage die Kosmetik, da Tausende von Marken in diese Branche einsteigen. Da es viele \u00e4hnliche Produktangebote gibt, ist eine individuelle Kosmetikverpackung der richtige Weg, um Ihre Produkte zu differenzieren. Attraktive und hochwertige Verpackungen heben Ihre Marke auf dem Markt hervor und verleihen Ihren Produkten eine einzigartige Identit\u00e4t. Bei Instant Custom Boxes sind wir ein Top-Lieferant von Kosmetikboxen mit attraktiven Designs, die die Aufmerksamkeit Ihrer Kunden auf sich ziehen. Suchen Sie nach aufregenden Anpassungen f\u00fcr Ihre Kosmetikverpackungen? Kontaktieren Sie uns jetzt f\u00fcr ansprechende Verpackungen in allen Gr\u00f6\u00dfen, Formen und Farben!<\/p>\n<h1>Eine atemberaubende Vielfalt an individuellen Kosmetikboxen mit kreativer Personalisierung<\/h1>\n<p>In unserem Sortiment finden Sie eine gro\u00dfe Auswahl an Kosmetikverpackungen!<\/p>\n<ul>\n<li>Bart\u00f6l-Boxen<\/li>\n<li><strong>Lidschattenboxen<\/strong><\/li>\n<li>Eyeliner-Verpackung<\/li>\n<li><strong>Lipgloss-Dosen<\/strong><\/li>\n<li>Liplinerboxen<\/li>\n<li><strong>Nagellack-Verpackung<\/strong><\/li>\n<li>Haarspraydosen<\/li>\n<li><strong>Wimpernk\u00e4stchen<\/strong><\/li>\n<li>Mascaradosen<\/li>\n<li><strong>Lotion-Boxen<\/strong><\/li>\n<li>Fundamentboxen<\/li>\n<li><strong>Reinigungsmittel-Boxen<\/strong><\/li>\n<\/ul>\n<p>Wenn es um Individualisierung geht, lassen wir Sie Ihre eigene Kosmetikverpackung entwerfen. Wir k\u00f6nnen Ihre Vorstellungen perfekt umsetzen und Ihre Bed\u00fcrfnisse erf\u00fcllen. Wir fertigen\u00a0<strong>individuell bedruckte Kosmetikboxen<\/strong>\u00a0nach Ihren Produktspezifikationen. Au\u00dferdem liefern wir Ihnen die richtigen Verpackungsideen. Da wir erfahrene Profis sind, wissen wir, was am besten zu Ihren Produkten passt! M\u00f6chten Sie mit uns in Kontakt treten? Rufen Sie uns an oder schicken Sie uns eine E-Mail, um mit unseren Experten zu sprechen!<\/p>\n<h2>Individuell bedruckte Kosmetikboxen - verleihen Ihren Kosmetika Attraktivit\u00e4t und steigern den Umsatz<\/h2>\n<p>Bei Instant Custom Boxes neigen wir dazu, Kosmetikschachteln von au\u00dfergew\u00f6hnlicher Qualit\u00e4t zu verwenden, die Ihre Produkte ansprechend pr\u00e4sentieren. Die Idee ist, Ihre Markenidentit\u00e4t hervorzuheben und Ihre Angebote f\u00fcr Ihre Zielkunden unvergesslich zu machen. Wir verwenden spezielle Veredelungseffekte und High-Tech-Druck, um Ihre\u00a0<strong>Kosmetikboxen in loser Sch\u00fcttung<\/strong>. Wir verwenden Debossing, Embossing, Spot-UV und Folienpr\u00e4gung, um die Sch\u00f6nheit und Attraktivit\u00e4t der Verpackung weiter zu verbessern. Also, kontaktieren Sie uns jetzt f\u00fcr faszinierende Make-up-Boxen, Kosmetik-Boxen, Beauty-Boxen, und\u00a0<a href=\"https:\/\/zojopackaging.com\/de\/produkt-kategorie\/custom-jewelry-boxes\/\" rel=\"noopener\"><strong>Individuelle Schmuckk\u00e4stchen<\/strong><\/a>!<\/p>\n<p>Ein wesentliches Ziel unserer ma\u00dfgeschneiderten Kosmetikverpackungen ist es, Ihre Markenbekanntheit zu steigern und letztendlich den Umsatz zu erh\u00f6hen. Unsere einzigartigen, innovativen und auff\u00e4lligen Verpackungen ziehen die Aufmerksamkeit Ihrer Zielkunden auf sich und f\u00fchren zu einer massiven Steigerung des Umsatzes. Wir bieten kostenloses Grafikdesign und sorgen f\u00fcr einen Hightech-Druck auf den bedruckten Verpackungen. Als Ergebnis werden Sie einen massiven Anstieg Ihrer Markenbekanntheit und Ihres Umsatzes erleben!<\/p>\n<h2>Abmessungen von Kosmetikboxen nach Ma\u00df<\/h2>\n<table>\n<tbody>\n<tr>\n<td><b>Box Typ<\/b><\/td>\n<td><b>L\u00e4nge (Zoll)<\/b><\/td>\n<td><b>Breite (Zoll)<\/b><\/td>\n<td><b>H\u00f6he (Zoll)<\/b><\/td>\n<\/tr>\n<tr>\n<td>Pinselset Box<\/td>\n<td>8.0<\/td>\n<td>3.0<\/td>\n<td>2.0<\/td>\n<\/tr>\n<tr>\n<td>Cremetiegel-Box<\/td>\n<td>3.5<\/td>\n<td>3.5<\/td>\n<td>2.5<\/td>\n<\/tr>\n<tr>\n<td>Kompakt-Box<\/td>\n<td>3.0<\/td>\n<td>3.0<\/td>\n<td>1.0<\/td>\n<\/tr>\n<tr>\n<td>Eyeliner-Box<\/td>\n<td>6.0<\/td>\n<td>1.0<\/td>\n<td>1.0<\/td>\n<\/tr>\n<tr>\n<td>Stiftung Box<\/td>\n<td>4.5<\/td>\n<td>1.5<\/td>\n<td>1.5<\/td>\n<\/tr>\n<tr>\n<td>Lippenstift-Box<\/td>\n<td>3.5<\/td>\n<td>0.8<\/td>\n<td>0.8<\/td>\n<\/tr>\n<tr>\n<td>Wimperntusche-Box<\/td>\n<td>5.5<\/td>\n<td>1.0<\/td>\n<td>1.0<\/td>\n<\/tr>\n<tr>\n<td>Palette Box<\/td>\n<td>6.5<\/td>\n<td>4.0<\/td>\n<td>0.5<\/td>\n<\/tr>\n<tr>\n<td>Parf\u00fcm-Box<\/td>\n<td>5.0<\/td>\n<td>2.0<\/td>\n<td>2.0<\/td>\n<\/tr>\n<\/tbody>\n<\/table>\n<p>Diese Tabelle mit den Abmessungen verschiedener kosmetischer Produkte gibt einen \u00dcberblick \u00fcber die Standardabmessungen der Schachteln, um optimale Verpackungsl\u00f6sungen zu gew\u00e4hrleisten. Dar\u00fcber hinaus k\u00f6nnen Sie sich mit uns in Verbindung setzen, um die Formen und Gr\u00f6\u00dfen von Kosmetikschachteln individuell anzupassen.<\/p>\n<h2><b>Verwendung von hochwertigen Materialien f\u00fcr Kosmetikboxen<\/b><\/h2>\n<p>Bei Instant Custom Boxes entwickeln wir stets wirksame Strategien, um verschiedene Unternehmen zu unterst\u00fctzen. Unser professionelles Team bevorzugt hochwertige und langlebige Materialien wie Karton, Wellpappe und starres Material, um\u00a0<strong>nachhaltige Kosmetikverpackungen<\/strong>. Dieses Material gew\u00e4hrleistet eine lange Lebensdauer der Produkte in den Einzelhandelsregalen und sch\u00fctzt sie vor Besch\u00e4digungen. Das professionelle Verpackungsteam verwendet auch umweltfreundliche und recycelbare Materialien wie Kraftpapier und SBS-Karton zur Herstellung dieser Kartons.<\/p>\n<h2>Sch\u00fctzen Sie Ihr Produkt vor Besch\u00e4digung mit unseren hochwertigen Kosmetikboxen nach Ma\u00df<\/h2>\n<p>Unser Ziel bei Instant Custom Boxes ist es, Ihnen die beste Verpackungserfahrung zu bieten. Wir sind bestrebt, Ihre Verpackungsw\u00fcnsche zu erf\u00fcllen, und deshalb ist unsere M\u00f6glichkeit der individuellen Gestaltung erw\u00e4hnenswert. Sie k\u00f6nnen Ihre eigene ma\u00dfgeschneiderte Kosmetikverpackung bestimmen und sie von uns in die Tat umsetzen lassen! Wir fertigen pr\u00e4zise\u00a0<strong>Kosmetikboxen mit Logo<\/strong>\u00a0Ihres Unternehmens und alle Informationen, die Sie auf Ihre Visitenkarte drucken lassen m\u00f6chten\u00a0<a href=\"https:\/\/zojopackaging.com\/de\/custom-packaging-boxes\/\"><strong>individuell bedruckte Schachteln<\/strong><\/a>! Die Sicherheit Ihrer Kosmetika ist das Wichtigste, worauf Sie achten m\u00fcssen. Deshalb stellen wir Ihre individuelle Kosmetikverpackung aus hochwertigen Materialien zusammen, die die ultimative Sicherheit Ihrer Kosmetika gew\u00e4hrleisten.<\/p>\n<p>Ein weiteres Hauptziel von Instant Custom Boxes ist es, Ihre Produkte vor Besch\u00e4digungen zu bewahren. Kosmetische Produkte sind oft zu empfindlich, und kleine Sch\u00e4den k\u00f6nnen den Ruf Ihrer Marke ruinieren. Wir stellen hochwertige, umweltfreundliche Kosmetikboxen her, um den Eindruck Ihrer Marke auf dem Markt zu verbessern. Unsere Kartonagen und ma\u00dfgeschneiderten Kraftkartons bieten eine enorme Haltbarkeit und sch\u00fctzen Ihre Kosmetika vor m\u00f6glichen Sch\u00e4den. Das Innere und \u00c4u\u00dfere ist aus hochwertigen Materialien gefertigt. Warum Instant Custom Boxes? Nun, das sind die Gr\u00fcnde, und vergessen Sie nicht die Erschwinglichkeit unserer Boxen!<\/p>\n<h2>Gro\u00dfhandel benutzerdefinierte Kosmetik-Boxen bei 50% Rabatt<\/h2>\n<p>Suchen Sie nach Kosmetikboxen in gro\u00dfen Mengen? Geben Sie Ihre Bestellung jetzt auf und erhalten Sie die g\u00fcnstigsten Kosmetikboxen im Gro\u00dfhandel. Wir sind der g\u00fcnstigste Anbieter von kundenspezifischen Kosmetikboxen,\u00a0<a href=\"https:\/\/zojopackaging.com\/de\/produkt-kategorie\/custom-perfume-boxes\/\" target=\"_blank\" rel=\"noopener\"><strong>individuelle Parf\u00fcmschachteln<\/strong><\/a>Gesundheitsboxen, und\u00a0<a href=\"https:\/\/zojopackaging.com\/de\/produkt-kategorie\/custom-e-cigarette-box\/\" target=\"_blank\" rel=\"noopener\"><strong>Individuelle E-Zigaretten-Box <\/strong><\/a>. Besuchen Sie jetzt unsere Auswahl an Verpackungskartons und finden Sie Ihre gew\u00fcnschte Verpackungsart. Geben Sie Ihre Bestellung auf, und lassen Sie sie sich von uns nach Hause liefern! Trotz der Verf\u00fcgbarkeit von preisg\u00fcnstigen Verpackungen, werden Sie die beste Qualit\u00e4t in den Boxen sehen. Auf diese Weise unterst\u00fctzen wir unsere Kunden mit unserem erstklassigen und kosteng\u00fcnstigen Verpackungsangebot.<\/p>\n<h2>Eine Verpackungsl\u00f6sung f\u00fcr alle Kosmetika<\/h2>\n<p>So werden unsere ma\u00dfgeschneiderten Kosmetikboxen zu einer einzigen Verpackungsl\u00f6sung f\u00fcr alle Ihre Kosmetika. Wie Sie oben gesehen haben, haben wir mehrere Angebote f\u00fcr Sie, aber das ist nicht die endg\u00fcltige Liste. Vielmehr k\u00f6nnen Sie sich an uns wenden, um qualitativ hochwertige Schachteln anzufertigen, die perfekt auf die Bed\u00fcrfnisse Ihrer Markenartikel abgestimmt sind. Wir k\u00f6nnen Ihr Logo, Ihre Beschreibung und viele weitere Angaben aufdrucken, die Ihnen helfen, Ihre Kunden zu gewinnen. Diese Strategie steigert letztendlich Ihren Umsatz und verbessert die Konversionsrate, ohne dass Sie Geld f\u00fcr Werbung ausgeben m\u00fcssen.<\/p>\n<h2>Wie gestaltet man Verpackungen f\u00fcr Kosmetika?<b><\/b><\/h2>\n<ul>\n<li><b>Farbpalette ausw\u00e4hlen<\/b><\/li>\n<\/ul>\n<p>Sie m\u00fcssen eine Farbpalette w\u00e4hlen, die mit den Gef\u00fchlen der potenziellen Verbraucher \u00fcbereinstimmt.<b><\/b><\/p>\n<ul>\n<li><b>Schriftgr\u00f6\u00dfe w\u00e4hlen<\/b><\/li>\n<\/ul>\n<p>Es ist wichtig, die ideale Schriftgr\u00f6\u00dfe f\u00fcr die Typografie auf der Verpackungsoberfl\u00e4che zu w\u00e4hlen.<b><\/b><\/p>\n<ul>\n<li><b>Verwendung von Mustern<\/b><\/li>\n<\/ul>\n<p>Sie m\u00fcssen Muster ausw\u00e4hlen, die das optische Erscheinungsbild Ihrer Verpackung aufwerten.<b><\/b><\/p>\n<ul>\n<li><b>Metallisch verwenden<\/b><\/li>\n<\/ul>\n<p>F\u00fcr ein luxuri\u00f6ses Erscheinungsbild empfiehlt sich die Verwendung von Silber- oder Goldfolien.<b><\/b><\/p>\n<ul>\n<li><b>Textur spielen<\/b><\/li>\n<\/ul>\n<p>Sie k\u00f6nnen gl\u00e4nzende, matte oder gepr\u00e4gte Oberfl\u00e4chen verwenden, um Ihrem Verpackungsdesign mehr Tiefe zu verleihen.<\/p>\n<h2><b>Warum ist die Funktionalit\u00e4t von Make-up-Verpackungen wichtig?<\/b><\/h2>\n<p>Die Funktionalit\u00e4t von Make-up-Verpackungen ist aus mehreren Gr\u00fcnden wichtig:<\/p>\n<ul>\n<li>Schutz<\/li>\n<\/ul>\n<ul>\n<li>Einfache Nutzung<\/li>\n<\/ul>\n<ul>\n<li>Tragbarkeit<\/li>\n<\/ul>\n<ul>\n<li>Personalisierung<\/li>\n<\/ul>\n<ul>\n<li>Nachhaltigkeit<\/li>\n<\/ul>\n<h2>Warum Instant Custom Boxes f\u00fcr individuelle Kosmetikboxen w\u00e4hlen?<\/h2>\n<ul>\n<li>Fachwissen und Erfahrung im Bereich Kosmetikverpackungen<\/li>\n<\/ul>\n<ul>\n<li>Eine breite Palette von Kosmetikboxen<\/li>\n<\/ul>\n<ul>\n<li>Individuelle Druckoptionen<\/li>\n<\/ul>\n<ul>\n<li>Hochwertige Veredelungsoptionen<\/li>\n<\/ul>\n<ul>\n<li>Dauerhafte Verpackungsoptionen f\u00fcr Kosmetikmarken<\/li>\n<\/ul>\n<h2>Kostenloser Versand im Eiltempo<\/h2>\n<p>Bei Instant Custom Boxes bieten wir unseren Kunden weltweit kostenlosen Versand an. Wenn Sie Ihre Bestellung jetzt aufgeben, werden wir Ihre Bestellung sofort und ohne Verz\u00f6gerung versenden. Worauf warten Sie noch? Geben Sie Ihre Bestellung jetzt auf und erhalten Sie Ihre\u00a0<strong>benutzerdefinierte Kosmetikboxen Gro\u00dfhandel<\/strong>\u00a0kostenlos zu Ihnen nach Hause geliefert. Rufen Sie uns an oder schicken Sie uns eine E-Mail, um mit unseren professionellen Verpackungsexperten Kontakt aufzunehmen!<\/p>\n<p>Wenn Sie auf der Suche nach diesen hochwertigen Boxen sind, gibt es keinen Grund, die Bestellung zu verz\u00f6gern! Rufen Sie uns an und lassen Sie sich von unseren Fachleuten kostenlos bei der Gestaltung unterst\u00fctzen und beraten. Sprechen Sie mit unseren Fachleuten, rufen Sie uns an unter +86 <a href=\"tel:+86%200755%2027398291\"><span class=\"elementor-icon-list-text\">15017910372<\/span><\/a>oder senden Sie uns eine E-Mail an <a href=\"mailto:info@zojoprint.com\"><span class=\"elementor-icon-list-text\">info@zojoprint.com<\/span><\/a><\/p>\n<p>&nbsp;<\/p>\n<div class=\"widget block block-static-block\">\n<div class=\"landing-page-section option-bottom\">\n<div class=\"custom-materials-tabs-content container container-adjustment\">\n<div class=\"custom-materials-tab-content active\">\n<div class=\"widget block block-static-block\">\n<div class=\"options-items\">\n<div class=\"flex-grid-row-option\">\n<div class=\"flex-grid-item-option\">\n<div class=\"material-box\">\n<p>&nbsp;<\/p>\n<\/div>\n<\/div>\n<\/div>\n<\/div>\n<p><!---end of option item--><\/p>\n<\/div>\n<\/div>\n<\/div>\n<\/div>\n<\/div>","protected":false},"excerpt":{"rendered":"<p>Erstellen Sie atemberaubende Spot UV-Verpackungen mit gl\u00e4nzender Oberfl\u00e4che, die Logos und Design hervorhebt und Ihrer Marke ein anspruchsvolles, hochwertiges Erscheinungsbild verleiht.<\/p>\n<p>Personalisierung: Kann benutzerdefinierte Gr\u00f6\u00dfe \/ Druck \/ Material \/ Verarbeitung \/ Form etc.<br \/>\nMaterialtyp: Umweltfreundlich, mit FSC\/ISO\/BSCI-Zertifizierung<br \/>\nProduktionszeit: Muster 1-3 Tage; Gro\u00dfserie 7-9 Tage<br \/>\nVersandzeit: Express 3-7 Tage; Luft 12-16 Tage; Boot 25-30 Tage\uff08Die verschiedenen L\u00e4nder haben unterschiedliche Zeiten)<\/p>\n<p>Preis:Kontaktieren Sie uns, um eine Anfrage zu senden!<\/p>","protected":false},"featured_media":3050,"template":"","meta":[],"product_brand":[],"product_cat":[30,417,430,31],"product_tag":[935,937,936],"class_list":{"0":"post-3045","1":"product","2":"type-product","3":"status-publish","4":"has-post-thumbnail","6":"product_cat-by-industry","7":"product_cat-custom-perfume-boxes-by-industry","8":"product_cat-folding-cartons","9":"product_cat-paper-box-style","10":"product_tag-custom-logo-box","11":"product_tag-folding-carton-supplier","12":"product_tag-glossy-logo-box","14":"first","15":"instock","16":"shipping-taxable","17":"product-type-grouped"},"_links":{"self":[{"href":"https:\/\/zojopackaging.com\/de\/wp-json\/wp\/v2\/product\/3045","targetHints":{"allow":["GET"]}}],"collection":[{"href":"https:\/\/zojopackaging.com\/de\/wp-json\/wp\/v2\/product"}],"about":[{"href":"https:\/\/zojopackaging.com\/de\/wp-json\/wp\/v2\/types\/product"}],"version-history":[{"count":2,"href":"https:\/\/zojopackaging.com\/de\/wp-json\/wp\/v2\/product\/3045\/revisions"}],"predecessor-version":[{"id":8670,"href":"https:\/\/zojopackaging.com\/de\/wp-json\/wp\/v2\/product\/3045\/revisions\/8670"}],"wp:featuredmedia":[{"embeddable":true,"href":"https:\/\/zojopackaging.com\/de\/wp-json\/wp\/v2\/media\/3050"}],"wp:attachment":[{"href":"https:\/\/zojopackaging.com\/de\/wp-json\/wp\/v2\/media?parent=3045"}],"wp:term":[{"taxonomy":"product_brand","embeddable":true,"href":"https:\/\/zojopackaging.com\/de\/wp-json\/wp\/v2\/product_brand?post=3045"},{"taxonomy":"product_cat","embeddable":true,"href":"https:\/\/zojopackaging.com\/de\/wp-json\/wp\/v2\/product_cat?post=3045"},{"taxonomy":"product_tag","embeddable":true,"href":"https:\/\/zojopackaging.com\/de\/wp-json\/wp\/v2\/product_tag?post=3045"}],"curies":[{"name":"wp","href":"https:\/\/api.w.org\/{rel}","templated":true}]}}