{"id":3068,"date":"2024-03-14T13:48:49","date_gmt":"2024-03-14T05:48:49","guid":{"rendered":"https:\/\/zojopackaging.com\/?post_type=product&#038;p=3068"},"modified":"2025-03-29T18:45:50","modified_gmt":"2025-03-29T10:45:50","slug":"perfume-obsidian-card-box","status":"publish","type":"product","link":"https:\/\/zojopackaging.com\/de\/product\/perfume-obsidian-card-box\/","title":{"rendered":"Benutzerdefinierte glatte Papier Parf\u00fcm M\u00e4nner Karton Box Maker"},"content":{"rendered":"<h1>Benutzerdefinierte glatte Papier Parf\u00fcm M\u00e4nner Karton Box Maker<\/h1>\n<p>Wir stellen Ihnen unsere Parf\u00fcm-Obsidian-Kartenbox vor, eine luxuri\u00f6se und raffinierte Verpackungsm\u00f6glichkeit f\u00fcr Ihre wertvollsten D\u00fcfte. Diese mit Pr\u00e4zision und Eleganz gefertigte Box wurde entwickelt, um die Pr\u00e4sentation Ihrer Parfums zu verbessern und ein Statement zu setzen.<\/p>\n<p>Die wichtigsten Merkmale der Parf\u00fcm-Obsidian-Kartenbox sind:<\/p>\n<ul>\n<li>Hergestellt aus hochwertigem Kartenmaterial mit einer eleganten schwarzen Oberfl\u00e4che, die Luxus und Raffinesse ausstrahlt.<\/li>\n<li>Das aufwendige Design mit einem von Obsidian inspirierten Muster verleiht Ihrer Parf\u00fcmverpackung einen Hauch von Mystik und Eleganz.<\/li>\n<li>Anpassbare Optionen f\u00fcr Branding, Logoplatzierung und zus\u00e4tzliche Verzierungen, um die Box an Ihren individuellen Stil anzupassen.<\/li>\n<li>Robuste Konstruktion zum Schutz Ihrer Parf\u00fcmflaschen und zur Erhaltung ihrer Qualit\u00e4t bei Lagerung und Transport.<\/li>\n<\/ul>\n<p>Egal, ob Sie ein Parf\u00fcmliebhaber sind, der seine Kollektion pr\u00e4sentieren m\u00f6chte, oder eine Marke, die die Verpackung ihrer unverwechselbaren D\u00fcfte aufwerten m\u00f6chte - die Parf\u00fcm-Obsidian-Kartenbox ist die perfekte Wahl. Hinterlassen Sie einen bleibenden Eindruck mit dieser exquisiten und stilvollen Verpackungsoption, die die Eleganz und den Reiz Ihrer D\u00fcfte widerspiegelt.<\/p>\n<h1><strong>Spezifikation<\/strong><\/h1>\n<div class=\"widget block block-static-block\">\n<div class=\"landing-page-section option-bottom\">\n<div class=\"custom-materials-tabs-content container container-adjustment\">\n<div class=\"custom-materials-tab-content active\">\n<div class=\"widget block block-static-block\">\n<div class=\"options-items\">\n<div class=\"flex-grid-row-option\">\n<div class=\"flex-grid-item-option\">\n<div class=\"material-box\">\n<div class=\"material-des\">\n<table width=\"1070\">\n<tbody>\n<tr>\n<td width=\"373\">Abmessungen<\/td>\n<td width=\"373\">Alle kundenspezifischen Gr\u00f6\u00dfen und Formen<\/td>\n<\/tr>\n<tr>\n<td width=\"373\">MOQ<\/td>\n<td width=\"373\">500St\u00fcck<\/td>\n<\/tr>\n<tr>\n<td width=\"373\">Probezeit<\/td>\n<td width=\"373\">3-5 Tage<\/td>\n<\/tr>\n<tr>\n<td width=\"373\">Standardverfahren<\/td>\n<td width=\"373\">Stanzen, Kleben, Rillen, Perforieren<\/td>\n<\/tr>\n<tr>\n<td width=\"373\">Drucken<\/td>\n<td width=\"373\">Cmyk, pms, kein Druck<\/td>\n<\/tr>\n<tr>\n<td width=\"373\">Option Material<\/td>\n<td width=\"373\">Wei\u00dfes Kartonpapier, gestrichenes Papier, Kunstdruckpapier, Kraftpapier, Elfenbeinkarton, Duplexkarton, Spezialpapier, usw.<\/td>\n<\/tr>\n<tr>\n<td width=\"373\">Oberfl\u00e4chenveredelung<\/td>\n<td width=\"373\">Matt\/Glanz-Laminierung, Spot-UV-Pr\u00e4gung, Pr\u00e4gung, Folienpr\u00e4gung usw.<\/td>\n<\/tr>\n<tr>\n<td width=\"373\">Industrie Verwendung<\/td>\n<td width=\"373\">Kosmetika, Parf\u00fcm, Bekleidung, Schmuck, Tabak, Lebensmittel, Geschenkartikel und Waren des t\u00e4glichen Bedarfs,<\/td>\n<\/tr>\n<tr>\n<td width=\"373\">Qualit\u00e4tskontrolle<\/td>\n<td width=\"373\">Fortschrittliche Ausr\u00fcstung und ein erfahrenes QC-Team \u00fcberpr\u00fcfen Material, Halbfertig- und Fertigprodukte streng in jedem Schritt, bevor<\/td>\n<\/tr>\n<tr>\n<td width=\"373\">Preis<\/td>\n<td width=\"373\">Der Endpreis wird auf Ihr Produkt und die von Ihnen ben\u00f6tigte Menge zugeschnitten<\/td>\n<\/tr>\n<tr>\n<td width=\"373\">Bearbeitungszeit<\/td>\n<td width=\"373\">7-14 Werktage, Eile<\/td>\n<\/tr>\n<tr>\n<td width=\"373\">Papierbestand<\/td>\n<td width=\"373\">10pt bis 28pt (60lb bis 400lb) umweltfreundliches Kraftpapier, E-Welle, Buxkarton, Cardstock<\/td>\n<\/tr>\n<tr>\n<td width=\"373\">Format der Druckvorlage<\/td>\n<td width=\"373\">JPG, PDF, AI, CDR, EPS, GIF....<\/td>\n<\/tr>\n<tr>\n<td width=\"373\">Zubeh\u00f6r<\/td>\n<td width=\"373\">Magnet, Farbband, EVA-Form, Kunststoffschale, Schwamm, PVC\/PET\/PP-Fenster,...<\/td>\n<\/tr>\n<tr>\n<td width=\"373\">Zahlungsfrist<\/td>\n<td width=\"373\">T\/T, Western Union, Paypal, 30% Anzahlung und 70% Restbetrag vor Versand.<\/td>\n<\/tr>\n<\/tbody>\n<\/table>\n<\/div>\n<\/div>\n<\/div>\n<\/div>\n<\/div>\n<\/div>\n<\/div>\n<\/div>\n<\/div>\n<\/div>\n<div class=\"widget block block-static-block\">\n<div class=\"landing-page-section option-bottom\">\n<div class=\"custom-materials-tabs-content container container-adjustment\">\n<div class=\"custom-materials-tab-content active\">\n<div class=\"widget block block-static-block\">\n<div class=\"options-items\">\n<div class=\"flex-grid-row-option\">\n<div class=\"flex-grid-item-option\">\n<div class=\"material-box\">\n<p>&nbsp;<\/p>\n<\/div>\n<\/div>\n<\/div>\n<\/div>\n<p><!---end of option item--><\/p>\n<\/div>\n<\/div>\n<\/div>\n<\/div>\n<\/div>","protected":false},"excerpt":{"rendered":"<p>Diese Boxen verf\u00fcgen \u00fcber au\u00dfergew\u00f6hnliche Sto\u00dfd\u00e4mpfungseigenschaften. Sie sind leicht anpassbar, um jede Form, Gr\u00f6\u00dfe, Farbe und jeden Stil zu erhalten.<\/p>\n<p>Personalisierung: Kann benutzerdefinierte Gr\u00f6\u00dfe \/ Druck \/ Material \/ Verarbeitung \/ Form etc.<br \/>\nMaterialtyp: Umweltfreundlich, mit FSC\/ISO\/BSCI-Zertifizierung<br \/>\nProduktionszeit: Muster 1-3 Tage; Gro\u00dfserie 7-9 Tage<br \/>\nVersandzeit: Express 3-7 Tage; Luft 12-16 Tage; Boot 25-30 Tage\uff08Die verschiedenen L\u00e4nder haben unterschiedliche Zeiten)<\/p>\n<p>Preis:Kontaktieren Sie uns, um eine Anfrage zu senden!<\/p>","protected":false},"featured_media":3073,"template":"","meta":[],"product_brand":[],"product_cat":[30,417,430,31],"product_tag":[829,925,924],"class_list":{"0":"post-3068","1":"product","2":"type-product","3":"status-publish","4":"has-post-thumbnail","6":"product_cat-by-industry","7":"product_cat-custom-perfume-boxes-by-industry","8":"product_cat-folding-cartons","9":"product_cat-paper-box-style","10":"product_tag-box-maker","11":"product_tag-perfume-men-box","12":"product_tag-smooth-box","14":"first","15":"instock","16":"shipping-taxable","17":"product-type-grouped"},"_links":{"self":[{"href":"https:\/\/zojopackaging.com\/de\/wp-json\/wp\/v2\/product\/3068","targetHints":{"allow":["GET"]}}],"collection":[{"href":"https:\/\/zojopackaging.com\/de\/wp-json\/wp\/v2\/product"}],"about":[{"href":"https:\/\/zojopackaging.com\/de\/wp-json\/wp\/v2\/types\/product"}],"version-history":[{"count":2,"href":"https:\/\/zojopackaging.com\/de\/wp-json\/wp\/v2\/product\/3068\/revisions"}],"predecessor-version":[{"id":8658,"href":"https:\/\/zojopackaging.com\/de\/wp-json\/wp\/v2\/product\/3068\/revisions\/8658"}],"wp:featuredmedia":[{"embeddable":true,"href":"https:\/\/zojopackaging.com\/de\/wp-json\/wp\/v2\/media\/3073"}],"wp:attachment":[{"href":"https:\/\/zojopackaging.com\/de\/wp-json\/wp\/v2\/media?parent=3068"}],"wp:term":[{"taxonomy":"product_brand","embeddable":true,"href":"https:\/\/zojopackaging.com\/de\/wp-json\/wp\/v2\/product_brand?post=3068"},{"taxonomy":"product_cat","embeddable":true,"href":"https:\/\/zojopackaging.com\/de\/wp-json\/wp\/v2\/product_cat?post=3068"},{"taxonomy":"product_tag","embeddable":true,"href":"https:\/\/zojopackaging.com\/de\/wp-json\/wp\/v2\/product_tag?post=3068"}],"curies":[{"name":"wp","href":"https:\/\/api.w.org\/{rel}","templated":true}]}}