{"id":3091,"date":"2024-03-14T14:05:05","date_gmt":"2024-03-14T06:05:05","guid":{"rendered":"https:\/\/zojopackaging.com\/?post_type=product&#038;p=3091"},"modified":"2025-03-29T00:06:38","modified_gmt":"2025-03-28T16:06:38","slug":"custom-silver-perfume-boxes","status":"publish","type":"product","link":"https:\/\/zojopackaging.com\/de\/product\/custom-silver-perfume-boxes\/","title":{"rendered":"Benutzerdefinierte Luxus Silber Parf\u00fcm Papier Geschenk Boxen Fabriken"},"content":{"rendered":"<h1>Benutzerdefinierte Luxus Silber Parf\u00fcm Papier Geschenk Boxen Fabriken<\/h1>\n<p>Individuelle Gold-\/Silberfolien-Parf\u00fcmschachteln pr\u00e4sentieren Ihr Parf\u00fcm oder Eau de Cologne. Diese Schachteln lassen Ihr Parf\u00fcm noch eleganter und luxuri\u00f6ser aussehen. Die Folie wird auch Ihr Parf\u00fcm vor Sch\u00e4den w\u00e4hrend des Versands zu sch\u00fctzen.<\/p>\n<p>Wir bereiten diese Schachteln mit schwerem Papier mit einer satinierten Oberfl\u00e4che vor. Sie haben ein Fenster auf der Vorderseite der Schachtel. So k\u00f6nnen Sie sehen, was drin ist, ohne sie zu \u00f6ffnen. Au\u00dferdem befindet sich an der Oberseite des Kartons eine Magnetklappe. Wenn du sie \u00f6ffnest, bleibt sie geschlossen, wenn sie nicht gebraucht wird.<\/p>\n<h1><strong>Spezifikation<\/strong><\/h1>\n<div class=\"widget block block-static-block\">\n<div class=\"landing-page-section option-bottom\">\n<div class=\"custom-materials-tabs-content container container-adjustment\">\n<div class=\"custom-materials-tab-content active\">\n<div class=\"widget block block-static-block\">\n<div class=\"options-items\">\n<div class=\"flex-grid-row-option\">\n<div class=\"flex-grid-item-option\">\n<div class=\"material-box\">\n<div class=\"material-des\">\n<table width=\"1070\">\n<tbody>\n<tr>\n<td width=\"373\">Abmessungen<\/td>\n<td width=\"373\">Alle kundenspezifischen Gr\u00f6\u00dfen und Formen<\/td>\n<\/tr>\n<tr>\n<td width=\"373\">MOQ<\/td>\n<td width=\"373\">500St\u00fcck<\/td>\n<\/tr>\n<tr>\n<td width=\"373\">Probezeit<\/td>\n<td width=\"373\">3-5 Tage<\/td>\n<\/tr>\n<tr>\n<td width=\"373\">Standardverfahren<\/td>\n<td width=\"373\">Stanzen, Kleben, Rillen, Perforieren<\/td>\n<\/tr>\n<tr>\n<td width=\"373\">Drucken<\/td>\n<td width=\"373\">Cmyk, pms, kein Druck<\/td>\n<\/tr>\n<tr>\n<td width=\"373\">Option Material<\/td>\n<td width=\"373\">Wei\u00dfes Kartonpapier, gestrichenes Papier, Kunstdruckpapier, Kraftpapier, Elfenbeinkarton, Duplexkarton, Spezialpapier, usw.<\/td>\n<\/tr>\n<tr>\n<td width=\"373\">Oberfl\u00e4chenveredelung<\/td>\n<td width=\"373\">Matt\/Glanz-Laminierung, Spot-UV-Pr\u00e4gung, Pr\u00e4gung, Folienpr\u00e4gung usw.<\/td>\n<\/tr>\n<tr>\n<td width=\"373\">Industrie Verwendung<\/td>\n<td width=\"373\">Kosmetika, Parf\u00fcm, Bekleidung, Schmuck, Tabak, Lebensmittel, Geschenkartikel und Waren des t\u00e4glichen Bedarfs,<\/td>\n<\/tr>\n<tr>\n<td width=\"373\">Qualit\u00e4tskontrolle<\/td>\n<td width=\"373\">Fortschrittliche Ausr\u00fcstung und ein erfahrenes QC-Team \u00fcberpr\u00fcfen Material, Halbfertig- und Fertigprodukte streng in jedem Schritt, bevor<\/td>\n<\/tr>\n<tr>\n<td width=\"373\">Preis<\/td>\n<td width=\"373\">Der Endpreis wird auf Ihr Produkt und die von Ihnen ben\u00f6tigte Menge zugeschnitten<\/td>\n<\/tr>\n<tr>\n<td width=\"373\">Bearbeitungszeit<\/td>\n<td width=\"373\">7-14 Werktage, Eile<\/td>\n<\/tr>\n<tr>\n<td width=\"373\">Papierbestand<\/td>\n<td width=\"373\">10pt bis 28pt (60lb bis 400lb) umweltfreundliches Kraftpapier, E-Welle, Buxkarton, Cardstock<\/td>\n<\/tr>\n<tr>\n<td width=\"373\">Format der Druckvorlage<\/td>\n<td width=\"373\">JPG, PDF, AI, CDR, EPS, GIF....<\/td>\n<\/tr>\n<tr>\n<td width=\"373\">Zubeh\u00f6r<\/td>\n<td width=\"373\">Magnet, Farbband, EVA-Form, Kunststoffschale, Schwamm, PVC\/PET\/PP-Fenster,...<\/td>\n<\/tr>\n<tr>\n<td width=\"373\">Zahlungsfrist<\/td>\n<td width=\"373\">T\/T, Western Union, Paypal, 30% Anzahlung und 70% Restbetrag vor Versand.<\/td>\n<\/tr>\n<\/tbody>\n<\/table>\n<\/div>\n<\/div>\n<\/div>\n<\/div>\n<\/div>\n<\/div>\n<\/div>\n<\/div>\n<\/div>\n<\/div>\n<h1><span style=\"font-size: 16px;\">Personalisierte Gold- und Silberfolien-Parf\u00fcmschachteln<\/span><\/h1>\n<p>Wir wissen, wie wichtig es f\u00fcr Ihr Parf\u00fcmunternehmen ist, sich von der Konkurrenz abzuheben. Deshalb bieten wir personalisierte Parf\u00fcmschachteln aus Gold- oder Silberfolie mit Ihrem Logo, Namen oder anderen gew\u00fcnschten Designelementen an. Wir arbeiten mit Ihnen zusammen, um etwas Einzigartiges zu schaffen, damit Ihre Marke in einer Branche voller \u00e4hnlicher Produkte gl\u00e4nzen kann!<\/p>\n<p>Unsere individuellen Parf\u00fcmschachteln aus Gold- und Silberfolie pr\u00e4sentieren Ihre Marke elegant und luxuri\u00f6s.<\/p>\n<p>Wir konturieren die Intimit\u00e4t der Box mit weichem Stoff. So sind die Parfums, die Sie darin aufbewahren, vor Besch\u00e4digungen gesch\u00fctzt. Diese Schachteln sch\u00fctzen nicht nur Ihre Parfums, sondern machen es dem Verbraucher auch leicht, sie als Luxusprodukte zu erkennen.<\/p>\n<p>Die Gold- und Silberfolie auf diesen Parf\u00fcmschachteln l\u00e4sst sie so aussehen, als w\u00e4ren sie mehr wert. Das sind sie auch! Mit diesen sch\u00f6nen Verpackungen k\u00f6nnen Sie Verbraucher beeindrucken, die beim Kauf ihrer Lieblingsd\u00fcfte etwas mehr wollen als nur eine einfache Plastikflasche.<\/p>\n<h1>Verwendung von Folie in Parf\u00fcmverpackungsschachteln<\/h1>\n<p>Die Verwendung von Folien in der Druckindustrie ist kein neues Konzept. Der Hauptzweck der Verwendung von Gold- und Silberfolie besteht darin, die visuelle Attraktivit\u00e4t des Produkts zu erh\u00f6hen und es attraktiver aussehen zu lassen. Dies gilt insbesondere, wenn Sie Parf\u00fcmschachteln f\u00fcr Ihr Produktverpackungsdesign verwenden.<\/p>\n<p>Bei der Gestaltung individueller Parf\u00fcmschachteln sollten Sie daran denken, dass die Verpackung die Kunden ansprechen und ihnen ein gutes Gef\u00fchl beim Kauf Ihres Produkts vermitteln soll. Folie ist eine M\u00f6glichkeit, dieses Ziel zu erreichen.<\/p>\n<p>Diese individuellen Gold- und Silberfolien-Parf\u00fcmschachteln k\u00f6nnen f\u00fcr verschiedene Zwecke verwendet werden, z. B. zum Verschenken, zur Aufbewahrung Ihrer Produkte oder sogar als Geschenkbox.<\/p>\n<p>Beim Kauf von Parf\u00fcmschachteln im Gro\u00dfhandel gibt es viele M\u00f6glichkeiten, wie z. B. die Wahl verschiedener Gr\u00f6\u00dfen, Formen, St\u00e4rken usw.<\/p>\n<h1>Holen Sie sich benutzerdefinierte gesch\u00e4umten Parf\u00fcm-Boxen im Gro\u00dfhandel Rate<\/h1>\n<p>Wir bieten Ihnen kostenlosen Versand, Designunterst\u00fctzung, schnelle Bearbeitung, einen 50%-Rabatt und keine Stanzformgeb\u00fchren. Mit unserem Service erhalten Sie die hochwertigen gold- und silberfolierten Parf\u00fcmschachteln, die Sie ben\u00f6tigen, zu einem g\u00fcnstigen Preis. Deshalb haben wir Parf\u00fcmschachteln, die Sie selbst gestalten k\u00f6nnen, mit kostenloser Designunterst\u00fctzung und schneller Bearbeitung.<\/p>\n<div class=\"widget block block-static-block\">\n<div class=\"landing-page-section option-bottom\">\n<div class=\"custom-materials-tabs-content container container-adjustment\">\n<div class=\"custom-materials-tab-content active\">\n<div class=\"widget block block-static-block\">\n<div class=\"options-items\">\n<div class=\"flex-grid-row-option\">\n<div class=\"flex-grid-item-option\">\n<div class=\"material-box\">\n<p>&nbsp;<\/p>\n<\/div>\n<\/div>\n<\/div>\n<\/div>\n<p><!---end of option item--><\/p>\n<\/div>\n<\/div>\n<\/div>\n<\/div>\n<\/div>","protected":false},"excerpt":{"rendered":"<p>Hochwertige kundenspezifische Luxus-Parf\u00fcm-Versand-Papierschachteln. Eine preisg\u00fcnstige Parf\u00fcmschachtel-Fabrik, die vom Entwurf bis zur Produktion ma\u00dfgeschneiderte Dienstleistungen aus einer Hand anbietet.<\/p>\n<ul>\n<li>MOQ: 500 St\u00fcck<\/li>\n<li>Lieferzeit:7-14 Arbeitstage, Eilauftrag<\/li>\n<li>Ma\u00dfgeschneidert in den Abmessungen (Durchmesser x H\u00f6he)<\/li>\n<li>Kundenspezifischer Druck<\/li>\n<li>Umweltfreundlich, recycelbar und plastikfrei<\/li>\n<li>Preis\uff1aDer Endpreis wird auf Ihr Produkt und die von Ihnen ben\u00f6tigte Menge zugeschnitten<\/li>\n<\/ul>","protected":false},"featured_media":3096,"template":"","meta":[],"product_brand":[],"product_cat":[30,417,430,31],"product_tag":[869,870,868],"class_list":{"0":"post-3091","1":"product","2":"type-product","3":"status-publish","4":"has-post-thumbnail","6":"product_cat-by-industry","7":"product_cat-custom-perfume-boxes-by-industry","8":"product_cat-folding-cartons","9":"product_cat-paper-box-style","10":"product_tag-luxury-gift-boxes","11":"product_tag-paper-gift-boxes-factories","12":"product_tag-perfume-paper-gift-boxes","14":"first","15":"instock","16":"shipping-taxable","17":"product-type-grouped"},"_links":{"self":[{"href":"https:\/\/zojopackaging.com\/de\/wp-json\/wp\/v2\/product\/3091","targetHints":{"allow":["GET"]}}],"collection":[{"href":"https:\/\/zojopackaging.com\/de\/wp-json\/wp\/v2\/product"}],"about":[{"href":"https:\/\/zojopackaging.com\/de\/wp-json\/wp\/v2\/types\/product"}],"version-history":[{"count":2,"href":"https:\/\/zojopackaging.com\/de\/wp-json\/wp\/v2\/product\/3091\/revisions"}],"predecessor-version":[{"id":8522,"href":"https:\/\/zojopackaging.com\/de\/wp-json\/wp\/v2\/product\/3091\/revisions\/8522"}],"wp:featuredmedia":[{"embeddable":true,"href":"https:\/\/zojopackaging.com\/de\/wp-json\/wp\/v2\/media\/3096"}],"wp:attachment":[{"href":"https:\/\/zojopackaging.com\/de\/wp-json\/wp\/v2\/media?parent=3091"}],"wp:term":[{"taxonomy":"product_brand","embeddable":true,"href":"https:\/\/zojopackaging.com\/de\/wp-json\/wp\/v2\/product_brand?post=3091"},{"taxonomy":"product_cat","embeddable":true,"href":"https:\/\/zojopackaging.com\/de\/wp-json\/wp\/v2\/product_cat?post=3091"},{"taxonomy":"product_tag","embeddable":true,"href":"https:\/\/zojopackaging.com\/de\/wp-json\/wp\/v2\/product_tag?post=3091"}],"curies":[{"name":"wp","href":"https:\/\/api.w.org\/{rel}","templated":true}]}}